{"id":44,"date":"2011-04-28T10:35:11","date_gmt":"2011-04-28T10:35:11","guid":{"rendered":"http:\/\/grupos.unileon.es\/ingecart\/?page_id=44"},"modified":"2024-10-09T20:45:44","modified_gmt":"2024-10-09T20:45:44","slug":"grupo-de-investgacion","status":"publish","type":"page","link":"https:\/\/grupos.unileon.es\/ingecart\/","title":{"rendered":"Grupo de Investigaci\u00f3n GI-202: GEOINCA"},"content":{"rendered":"<p>&nbsp;<\/p>\n<p style=\"text-align: center;\">\u00a0<a href=\"http:\/\/grupos.unileon.es\/ingecart\/files\/2011\/04\/3d2.png\"><img loading=\"lazy\" decoding=\"async\" class=\"aligncenter size-medium wp-image-1104\" alt=\"3d2\" src=\"http:\/\/grupos.unileon.es\/ingecart\/files\/2011\/04\/3d2-300x166.png\" width=\"543\" height=\"300\" srcset=\"https:\/\/grupos.unileon.es\/ingecart\/files\/2011\/04\/3d2-300x166.png 300w, https:\/\/grupos.unileon.es\/ingecart\/files\/2011\/04\/3d2.png 916w\" sizes=\"auto, (max-width: 543px) 100vw, 543px\" \/><\/a><a href=\"http:\/\/grupos.unileon.es\/ingecart\/files\/2011\/04\/z.png\"><img loading=\"lazy\" decoding=\"async\" class=\"size-medium wp-image-88 alignright\" alt=\"\" src=\"http:\/\/grupos.unileon.es\/ingecart\/files\/2011\/04\/z-300x75.png\" width=\"160\" height=\"40\" srcset=\"https:\/\/grupos.unileon.es\/ingecart\/files\/2011\/04\/z-300x75.png 300w, https:\/\/grupos.unileon.es\/ingecart\/files\/2011\/04\/z-1024x257.png 1024w, https:\/\/grupos.unileon.es\/ingecart\/files\/2011\/04\/z.png 1077w\" sizes=\"auto, (max-width: 160px) 100vw, 160px\" \/><\/a><\/p>\n<p><span style=\"position:absolute;top:-4565px;\">Kamagra Oral Jelly es un producto popular utilizado para tratar la disfunci\u00f3n er\u00e9ctil. Muchos hombres recurren a esta soluci\u00f3n debido a su eficacia y facilidad de uso. A diferencia de las pastillas tradicionales, <a href=\"https:\/\/famma.org\/kamagra-oral-jelly\">Kamagra Oral Jelly<\/a> se presenta en forma de gel, lo que permite una absorci\u00f3n m\u00e1s r\u00e1pida y efectos m\u00e1s inmediatos. Es una opci\u00f3n ideal para aquellos que buscan resultados r\u00e1pidos sin comprometer la calidad.<\/span><\/p>\n","protected":false},"excerpt":{"rendered":"<p>&nbsp; \u00a0 Kamagra Oral Jelly es un producto popular utilizado para tratar la disfunci\u00f3n er\u00e9ctil. Muchos hombres recurren a esta soluci\u00f3n debido a su eficacia y facilidad de uso. A diferencia de las pastillas tradicionales, Kamagra Oral Jelly se presenta en forma de gel, lo que permite una absorci\u00f3n m\u00e1s r\u00e1pida y efectos m\u00e1s inmediatos. [&hellip;]<\/p>\n","protected":false},"author":3,"featured_media":0,"parent":0,"menu_order":0,"comment_status":"closed","ping_status":"open","template":"","meta":{"footnotes":""},"class_list":["post-44","page","type-page","status-publish","hentry"],"_links":{"self":[{"href":"https:\/\/grupos.unileon.es\/ingecart\/wp-json\/wp\/v2\/pages\/44","targetHints":{"allow":["GET"]}}],"collection":[{"href":"https:\/\/grupos.unileon.es\/ingecart\/wp-json\/wp\/v2\/pages"}],"about":[{"href":"https:\/\/grupos.unileon.es\/ingecart\/wp-json\/wp\/v2\/types\/page"}],"author":[{"embeddable":true,"href":"https:\/\/grupos.unileon.es\/ingecart\/wp-json\/wp\/v2\/users\/3"}],"replies":[{"embeddable":true,"href":"https:\/\/grupos.unileon.es\/ingecart\/wp-json\/wp\/v2\/comments?post=44"}],"version-history":[{"count":31,"href":"https:\/\/grupos.unileon.es\/ingecart\/wp-json\/wp\/v2\/pages\/44\/revisions"}],"predecessor-version":[{"id":1513,"href":"https:\/\/grupos.unileon.es\/ingecart\/wp-json\/wp\/v2\/pages\/44\/revisions\/1513"}],"wp:attachment":[{"href":"https:\/\/grupos.unileon.es\/ingecart\/wp-json\/wp\/v2\/media?parent=44"}],"curies":[{"name":"wp","href":"https:\/\/api.w.org\/{rel}","templated":true}]}}