{"id":54,"date":"2011-04-28T11:03:36","date_gmt":"2011-04-28T11:03:36","guid":{"rendered":"http:\/\/grupos.unileon.es\/ingecart\/?page_id=54"},"modified":"2014-05-21T09:39:32","modified_gmt":"2014-05-21T09:39:32","slug":"jose-ramon-rodriguez-perez","status":"publish","type":"page","link":"https:\/\/grupos.unileon.es\/ingecart\/personal\/jose-ramon-rodriguez-perez\/","title":{"rendered":"Jos\u00e9 Ram\u00f3n Rodriguez P\u00e9rez"},"content":{"rendered":"<p><img loading=\"lazy\" decoding=\"async\" class=\"alignnone  wp-image-1314\" src=\"http:\/\/grupos.unileon.es\/ingecart\/files\/2014\/05\/barra-300x3.jpg\" alt=\"barra\" width=\"640\" height=\"5\" \/><br \/>\n<a href=\"http:\/\/grupos.unileon.es\/ingecart\/personal\/jose-ramon-rodriguez-perez\/\">Inicio<\/a> \u00a0 \u00a0 \u00a0 \u00a0 \u00a0 \u00a0 \u00a0 \u00a0 \u00a0 \u00a0 <a href=\"http:\/\/grupos.unileon.es\/ingecart\/jose-ramon-docencia\/\">Docencia<\/a>\u00a0\u00a0 \u00a0 \u00a0 \u00a0 \u00a0 \u00a0 \u00a0 \u00a0 \u00a0 \u00a0\u00a0<a href=\"http:\/\/grupos.unileon.es\/ingecart\/jose-ramon-publicaciones\/\">Publicaciones<\/a>\u00a0\u00a0 \u00a0 \u00a0 \u00a0 \u00a0 \u00a0 \u00a0 \u00a0 \u00a0 \u00a0\u00a0<a href=\"http:\/\/grupos.unileon.es\/ingecart\/jose-ramon-proyectos\/\">Proyectos<\/a><br \/>\n<img loading=\"lazy\" decoding=\"async\" class=\"alignnone  wp-image-1314\" src=\"http:\/\/grupos.unileon.es\/ingecart\/files\/2014\/05\/barra-300x3.jpg\" alt=\"barra\" width=\"640\" height=\"5\" \/><\/p>\n<p><a href=\"http:\/\/grupos.unileon.es\/ingecart\/files\/2011\/04\/JoseRamon.jpg\"><img loading=\"lazy\" decoding=\"async\" class=\"aligncenter size-medium wp-image-92\" src=\"http:\/\/grupos.unileon.es\/ingecart\/files\/2011\/04\/JoseRamon-300x225.jpg\" alt=\"\" width=\"300\" height=\"225\" srcset=\"https:\/\/grupos.unileon.es\/ingecart\/files\/2011\/04\/JoseRamon-300x225.jpg 300w, https:\/\/grupos.unileon.es\/ingecart\/files\/2011\/04\/JoseRamon-1024x768.jpg 1024w, https:\/\/grupos.unileon.es\/ingecart\/files\/2011\/04\/JoseRamon.jpg 1600w\" sizes=\"auto, (max-width: 300px) 100vw, 300px\" \/><\/a><\/p>\n<p>Categor\u00eda Profesional:<\/p>\n<p><strong>Profesor Titular de Universidad<\/strong><\/p>\n<p>Formaci\u00f3n Acad\u00e9mica:<\/p>\n<p><strong>Doctor Ingeniero Agr\u00f3nomo<\/strong>, Universidad de Santiago de Compostela (Espa\u00f1a), 2003<\/p>\n<p><strong>Master en Planificaci\u00f3n Rural en funci\u00f3n del Medio Ambiente<\/strong>, Centro Internacional de Altos Estudios Agron\u00f3micos Mediterr\u00e1neos (CIHEAM), Instituto Agron\u00f3mico Mediterr\u00e1neo de Zaragoza (Espa\u00f1a)<\/p>\n<p><strong>Ingeniero Agr\u00f3nomo<\/strong>, (EPS-Lugo, Espa\u00f1a), 1995<\/p>\n<p>(Ph.D. in Agricultural Engineering, Universidad de Santiago de Compostela (Spain), 2003<\/p>\n<p>Master of Science in Rural Planning, International Centre for Advanced Mediterranean Agronomic Studies (CIHEAM), Mediterranean Agronomic Institute of Zaragoza (Spain), 1998.<\/p>\n<p>B.S. Agricultural Engineering, EPS-Lugo (Spain), 1995)<\/p>\n<p>Contacto:<\/p>\n<p><strong>jr.rodriguez@unileon.es<\/strong><\/p>\n","protected":false},"excerpt":{"rendered":"<p>Inicio \u00a0 \u00a0 \u00a0 \u00a0 \u00a0 \u00a0 \u00a0 \u00a0 \u00a0 \u00a0 Docencia\u00a0\u00a0 \u00a0 \u00a0 \u00a0 \u00a0 \u00a0 \u00a0 \u00a0 \u00a0 \u00a0\u00a0Publicaciones\u00a0\u00a0 \u00a0 \u00a0 \u00a0 \u00a0 \u00a0 \u00a0 \u00a0 \u00a0 \u00a0\u00a0Proyectos Categor\u00eda Profesional: Profesor Titular de Universidad Formaci\u00f3n Acad\u00e9mica: Doctor Ingeniero Agr\u00f3nomo, Universidad de Santiago de Compostela (Espa\u00f1a), 2003 Master en Planificaci\u00f3n Rural en funci\u00f3n del [&hellip;]<\/p>\n","protected":false},"author":3,"featured_media":0,"parent":22,"menu_order":0,"comment_status":"closed","ping_status":"open","template":"","meta":{"footnotes":""},"class_list":["post-54","page","type-page","status-publish","hentry"],"_links":{"self":[{"href":"https:\/\/grupos.unileon.es\/ingecart\/wp-json\/wp\/v2\/pages\/54","targetHints":{"allow":["GET"]}}],"collection":[{"href":"https:\/\/grupos.unileon.es\/ingecart\/wp-json\/wp\/v2\/pages"}],"about":[{"href":"https:\/\/grupos.unileon.es\/ingecart\/wp-json\/wp\/v2\/types\/page"}],"author":[{"embeddable":true,"href":"https:\/\/grupos.unileon.es\/ingecart\/wp-json\/wp\/v2\/users\/3"}],"replies":[{"embeddable":true,"href":"https:\/\/grupos.unileon.es\/ingecart\/wp-json\/wp\/v2\/comments?post=54"}],"version-history":[{"count":24,"href":"https:\/\/grupos.unileon.es\/ingecart\/wp-json\/wp\/v2\/pages\/54\/revisions"}],"predecessor-version":[{"id":1331,"href":"https:\/\/grupos.unileon.es\/ingecart\/wp-json\/wp\/v2\/pages\/54\/revisions\/1331"}],"up":[{"embeddable":true,"href":"https:\/\/grupos.unileon.es\/ingecart\/wp-json\/wp\/v2\/pages\/22"}],"wp:attachment":[{"href":"https:\/\/grupos.unileon.es\/ingecart\/wp-json\/wp\/v2\/media?parent=54"}],"curies":[{"name":"wp","href":"https:\/\/api.w.org\/{rel}","templated":true}]}}