{"id":625,"date":"2012-12-27T15:51:41","date_gmt":"2012-12-27T15:51:41","guid":{"rendered":"http:\/\/grupos.unileon.es\/ingecart\/?page_id=625"},"modified":"2012-12-28T10:35:35","modified_gmt":"2012-12-28T10:35:35","slug":"analisis-del-funcionamiento-de-receptores-de-posicionamiento-por-satelite-en-entornos-forestales-evaluacion-de-los-errores-de-posicionamiento-gnss-bajo-cubierta-arbolada-le241a11-2","status":"publish","type":"page","link":"https:\/\/grupos.unileon.es\/ingecart\/proyectos\/analisis-del-funcionamiento-de-receptores-de-posicionamiento-por-satelite-en-entornos-forestales-evaluacion-de-los-errores-de-posicionamiento-gnss-bajo-cubierta-arbolada-le241a11-2\/","title":{"rendered":"An\u00e1lisis del funcionamiento de receptores de posicionamiento por sat\u00e9lite en entornos forestales: evaluaci\u00f3n de los errores de posicionamiento GNSS bajo cubierta arbolada (LE241A11-2)"},"content":{"rendered":"<h2><\/h2>\n<p><strong>Agradecimientos:<\/strong><\/p>\n<p><strong>Este proyecto titulado\u00a0<strong>\u201cAn\u00e1lisis del funcionamiento de receptores de posicionamiento por sat\u00e9lite en entornos forestales: evaluaci\u00f3n de los errores de posicionamiento GNSS bajo cubierta arbolada (LE241A11-2)\u201d.<\/strong> ha sido realizado gracias a la financiaci\u00f3n de la Junta de Castilla y Le\u00f3n (Consejer\u00eda de Educaci\u00f3n) .<\/strong><\/p>\n<h2>Publicaciones<\/h2>\n<p><a href=\"http:\/\/grupos.unileon.es\/ingecart\/proyectos\/analisis-del-funcionamiento-de-receptores-de-posicionamiento-por-satelite-en-entornos-forestales-evaluacion-de-los-errores-de-posicionamiento-gnss-bajo-cubierta-arbolada-le241a11-2\/ordoniezetal-2011\/\" rel=\"attachment wp-att-648\">ORD\u00d3\u00d1EZ-GAL\u00c1N. C.; RODR\u00cdGUEZ-P\u00c9REZ, J.R; GARC\u00cdA-CORT\u00c9S, S.; COVI\u00c1N-REGALES, E., 2011. \u201c<em>Analysis of the influence of forestry environments on the accuracy of GPS measurements by means of recurrent neural networks<\/em>\u201d en Actas del congreso internacional Mathematical Modelling in Engineering &amp; Human Behaviour, Valencia, 2011.<\/a><\/p>\n<p><a href=\"http:\/\/grupos.unileon.es\/ingecart\/proyectos\/analisis-del-funcionamiento-de-receptores-de-posicionamiento-por-satelite-en-entornos-forestales-evaluacion-de-los-errores-de-posicionamiento-gnss-bajo-cubierta-arbolada-le241a11-2\/blanco_et_al_7jgvsig\/\" rel=\"attachment wp-att-644\">BLANCO-V\u00c1ZQUEZ, M.A.; FABA-FERN\u00c1NDEZ, M.; DE CASO-CARRERA, E.; RODR\u00cdGUEZ-P\u00c9REZ, J.R., 2011. \u201c<em>Integraci\u00f3n de campos de calibraci\u00f3n para receptores GNSS bajo cubiertas forestales mediante Sistemas de Informaci\u00f3n Geogr\u00e1fica<\/em>\u201d en Actas de las 7as Jornadas Internacionales gvSIG, Valencia, 2011.<\/a><\/p>\n<p><a href=\"http:\/\/grupos.unileon.es\/ingecart\/proyectos\/analisis-del-funcionamiento-de-receptores-de-posicionamiento-por-satelite-en-entornos-forestales-evaluacion-de-los-errores-de-posicionamiento-gnss-bajo-cubierta-arbolada-le241a11-2\/trabajo_blanco-vazquez_marco\/\" rel=\"attachment wp-att-642\">BLANCO-V\u00c1ZQUEZ, M.A.; \u00c1LVAREZ-TABOADA, M.F; SANZ-ABLANEDO, E.; FABA-FERN\u00c1NDEZ, M.; RODR\u00cdGUEZ-P\u00c9REZ, J.R., 2012. \u201c<em>An\u00e1lisis comparativo del funcionamiento de cuatro receptores GNSS trabajando bajo cubierta arbolada en diferentes masas forestales<\/em>\u201d en Actas del IX Jornadas de Ingenier\u00eda Agroforestal, Le\u00f3n, 2012.<\/a><\/p>\n<p><a href=\"http:\/\/grupos.unileon.es\/ingecart\/proyectos\/analisis-del-funcionamiento-de-receptores-de-posicionamiento-por-satelite-en-entornos-forestales-evaluacion-de-los-errores-de-posicionamiento-gnss-bajo-cubierta-arbolada-le241a11-2\/blanco-vazquez_topcart12\/\" rel=\"attachment wp-att-638\">BLANCO-V\u00c1ZQUEZ, M.A.; RODR\u00cdGUEZ-P\u00c9REZ, J.R.; GONZ\u00c1LEZ-FERN\u00c1NDEZ, A.B.;\u00a0 GONZALO-CALDER\u00d3N, A.B.,\u00a0 2012. \u201c<em>Estimaci\u00f3n de la exactitud y precisi\u00f3n de receptores gnss bajo cobertura arbolada de pino radiata<\/em>\u201d en Actas del X Congreso TOPCART 2012 &#8211; I Congreso Iberoamericano De Geom\u00e1tica y C.C. de la Tierra, Madrid, 2012).<\/a><\/p>\n<p>BLANCO-V\u00c1ZQUEZ, M.A.; FABA-FERN\u00c1NDEZ, M.; RODR\u00cdGUEZ-P\u00c9REZ, J.R.; CASTEDO-DORADO, F., 2012.<em> \u201cEvaluaci\u00f3n de las exactitudes obtenidas con receptores de posicionamiento por sat\u00e9lite en parcelas arboladas\u201d. VI Congreso Forestal Espa\u00f1ol<\/em>, Vitoria-Gasteiz, 2013. (Comunicaci\u00f3n aceptada pendiente de publicaci\u00f3n).<\/p>\n","protected":false},"excerpt":{"rendered":"<p>Agradecimientos: Este proyecto titulado\u00a0\u201cAn\u00e1lisis del funcionamiento de receptores de posicionamiento por sat\u00e9lite en entornos forestales: evaluaci\u00f3n de los errores de posicionamiento GNSS bajo cubierta arbolada (LE241A11-2)\u201d. ha sido realizado gracias a la financiaci\u00f3n de la Junta de Castilla y Le\u00f3n (Consejer\u00eda de Educaci\u00f3n) . Publicaciones ORD\u00d3\u00d1EZ-GAL\u00c1N. C.; RODR\u00cdGUEZ-P\u00c9REZ, J.R; GARC\u00cdA-CORT\u00c9S, S.; COVI\u00c1N-REGALES, E., 2011. \u201cAnalysis [&hellip;]<\/p>\n","protected":false},"author":3,"featured_media":0,"parent":24,"menu_order":0,"comment_status":"closed","ping_status":"open","template":"","meta":{"footnotes":""},"class_list":["post-625","page","type-page","status-publish","hentry"],"_links":{"self":[{"href":"https:\/\/grupos.unileon.es\/ingecart\/wp-json\/wp\/v2\/pages\/625","targetHints":{"allow":["GET"]}}],"collection":[{"href":"https:\/\/grupos.unileon.es\/ingecart\/wp-json\/wp\/v2\/pages"}],"about":[{"href":"https:\/\/grupos.unileon.es\/ingecart\/wp-json\/wp\/v2\/types\/page"}],"author":[{"embeddable":true,"href":"https:\/\/grupos.unileon.es\/ingecart\/wp-json\/wp\/v2\/users\/3"}],"replies":[{"embeddable":true,"href":"https:\/\/grupos.unileon.es\/ingecart\/wp-json\/wp\/v2\/comments?post=625"}],"version-history":[{"count":23,"href":"https:\/\/grupos.unileon.es\/ingecart\/wp-json\/wp\/v2\/pages\/625\/revisions"}],"predecessor-version":[{"id":630,"href":"https:\/\/grupos.unileon.es\/ingecart\/wp-json\/wp\/v2\/pages\/625\/revisions\/630"}],"up":[{"embeddable":true,"href":"https:\/\/grupos.unileon.es\/ingecart\/wp-json\/wp\/v2\/pages\/24"}],"wp:attachment":[{"href":"https:\/\/grupos.unileon.es\/ingecart\/wp-json\/wp\/v2\/media?parent=625"}],"curies":[{"name":"wp","href":"https:\/\/api.w.org\/{rel}","templated":true}]}}