{"id":693,"date":"2013-05-06T09:39:20","date_gmt":"2013-05-06T09:39:20","guid":{"rendered":"http:\/\/grupos.unileon.es\/ingecart\/?page_id=693"},"modified":"2014-05-06T11:47:21","modified_gmt":"2014-05-06T11:47:21","slug":"2011-2","status":"publish","type":"page","link":"https:\/\/grupos.unileon.es\/ingecart\/2011-2\/","title":{"rendered":"2011"},"content":{"rendered":"<h1><strong>Revistas cient\u00edficas (English)<\/strong><\/h1>\n<p>&nbsp;<\/p>\n<ul>\n<li>Ord\u00f3\u00f1ez Gal\u00e1n, C., J.R. Rodr\u00edguez-P\u00e9rez, J. Mart\u00ednez Torres, and P.J. Garc\u00eda Nieto. <strong><a href=\"http:\/\/www.sciencedirect.com\/science?_ob=ArticleURL&amp;_udi=B6V0V-51N7RR4-1&amp;_user=863757&amp;_coverDate=12%2F08%2F2010&amp;_rdoc=1&amp;_fmt=high&amp;_orig=gateway&amp;_origin=gateway&amp;_sort=d&amp;_docanchor=&amp;view=c&amp;_searchStrId=1741531538&amp;_rerunOrigin=google&amp;_acct=C000046519&amp;_version=1&amp;_urlVersion=0&amp;_userid=863757&amp;md5=6591ee8a3ff32305526516497a71df25&amp;searchtype=a\" target=\"_blank\">Analysis of the influence of forest environments on the accuracy of GPS measurements by using genetic algorithms<\/a><\/strong>.\u00a0<em>Mathematical and Computer Modelling, (In press)<\/em><\/li>\n<\/ul>\n<p>&nbsp;<\/p>\n<ul>\n<li>B. Riveiro, J.C. Caama\u00f1o, P. Arias, E. Sanz-Ablanedo (2011). <strong><a href=\"http:\/\/grupos.unileon.es\/ingecart\/files\/2013\/05\/AiC_2011.pdf\">Photogrammetric 3D Modelling, FEM and Mechanical Analysis of Masonry Arches Behaviour: An Approach Based on a Discontinuous Model of Voussoirs. <\/a><\/strong><em>Automation in Construction<\/em> (JCR). Elsevier, 20, pp. 380-388.<\/li>\n<\/ul>\n<p>&nbsp;<\/p>\n<ul>\n<li>Castedo-Dorado, F., J. R. Rodr\u00edguez-P\u00e9rez, J. L. Marcos-Men\u00e9ndez, and M. F. \u00c1lvarez-Taboada, 2011.\u00a0<strong><a href=\"http:\/\/recyt.fecyt.es\/index.php\/IA\/article\/view\/9409\/7993\" target=\"_blank\">Modelling the probability of lightning-induced forest fire occurrence in the province of Le\u00f3n (NW Spain)<\/a><\/strong>.\u00a0<em>Forest Systems<\/em>, 20(1), pp 95-107.<\/li>\n<\/ul>\n<p>&nbsp;<\/p>\n<ul>\n<li>Rodr\u00edguez-P\u00e9rez, J.R., R.E. Plant, J.-. Lambert, and D.R. Smart (2011).\u00a0<strong><a href=\"http:\/\/www.springerlink.com\/content\/vt71q6g658n01519\/\" target=\"_blank\">Using apparent soil electrical conductivity (ECa) to characterize vineyard soils of high clay content<\/a><\/strong>.\u00a0<em>Precision Agriculture<\/em>, pp. 1-20.<\/li>\n<\/ul>\n<p>&nbsp;<\/p>\n<ul>\n<li>Ord\u00f3\u00f1ez, C.; Rodr\u00edguez-P\u00e9rez, J.R.; Moreira, J.; Mat\u00edas, J.; Sanz-Ablanedo, E. (2011).<strong><a href=\"http:\/\/grupos.unileon.es\/ingecart\/files\/2013\/05\/JSE_2011a.pdf\"> Machine Learning Techniques Applied to the Assessment of GPS Accuracy under the Forest Canopy<\/a><\/strong>. <i>Journal of Surveying Engineering, 137(4)<\/i>: 140\u2013149.<\/li>\n<\/ul>\n<p>&nbsp;<\/p>\n<ul>\n<li>Ordo\u00f1ez, C.; Rodr\u00edguez-P\u00e9rez, J.R.; Reyes, A.N. (2011).\u00a0<b><a href=\"http:\/\/grupos.unileon.es\/ingecart\/files\/2013\/05\/JSE_2011b.pdf\">Detection of outliers in GPS measurements using functional data analysis.<\/a> <\/b><i>Journal of Surveying Engineering, 137(4)<\/i>: 150-155.<\/li>\n<\/ul>\n<p>&nbsp;<\/p>\n<ul>\n<li>\n<div class=\"bold refAuthorTitle\" style=\"color: #2e2e2e;\"><em><span class=\"previewTxt\" style=\"color: #2e2e2e !important;\">Bravo, F.<\/span><span style=\"color: #c0c0c0;\">,\u00a0<\/span><span class=\"previewTxt\" style=\"color: #2e2e2e !important;\">Alvarez-Gonzalez, J.G.<\/span><span style=\"color: #c0c0c0;\">,\u00a0<\/span><span class=\"previewTxt\" style=\"color: #2e2e2e !important;\">del Rio, M.<\/span><span style=\"color: #c0c0c0;\">,\u00a0<\/span><span class=\"previewTxt\" style=\"color: #2e2e2e !important;\">Barrio, M.<\/span><span style=\"color: #c0c0c0;\">,\u00a0<\/span><span class=\"previewTxt\" style=\"color: #2e2e2e !important;\">Bonet, J.A.<\/span><span style=\"color: #c0c0c0;\">,\u00a0<\/span><span class=\"previewTxt\" style=\"color: #2e2e2e !important;\">Bravo-Oviedo, A.<\/span><span style=\"color: #c0c0c0;\">,\u00a0<\/span><span class=\"previewTxt\" style=\"color: #2e2e2e !important;\">Calama, R.<\/span><span style=\"color: #c0c0c0;\">,\u00a0<\/span><span style=\"color: #c0c0c0;\">(&#8230;),\u00a0<\/span><span class=\"previewTxt\" style=\"color: #2e2e2e !important;\">Vazquez-Pique, J. (2011)\u00a0\u00a0<\/span><\/em><strong><a href=\"http:\/\/www.scopus.com\/record\/display.url?view=basic&amp;eid=2-s2.0-84860208689&amp;origin=resultslists_2011_Forest-Systems.htm\" target=\"_blank\">Growth and yield models in Spain: Historical overview, contemporary examples and perspectives | Modelos de crecimiento y producci\u00f3n en Espa\u00f1a: Historia, ejemplos contempor\u00e1neos y perspectivas<\/a><\/strong>\u00a0<em><span class=\"txtSmaller\" style=\"color: #2e2e2e;\">Forest Systems<\/span><span style=\"color: #2e2e2e;\">\u00a0\u00a0<\/span><span style=\"color: #2e2e2e;\">20<\/span><span style=\"color: #2e2e2e;\">\u00a0\u00a0<\/span><span style=\"color: #2e2e2e;\">(2)<\/span><span style=\"color: #2e2e2e;\">\u00a0\u00a0<\/span><span style=\"color: #2e2e2e;\">PP. 315 &#8211; 328<\/span><\/em><\/div>\n<\/li>\n<\/ul>\n<p>&nbsp;<\/p>\n<ul>\n<li>\n<div class=\"bold refAuthorTitle\" style=\"color: #2e2e2e;\"><em><span class=\"previewTxt\" style=\"color: #2e2e2e !important;\">Bravo, F.<\/span><span style=\"color: #c0c0c0;\">,\u00a0<\/span><span class=\"previewTxt\" style=\"color: #2e2e2e !important;\">Alvarez-Gonzalez, J.G.<\/span><span style=\"color: #c0c0c0;\">,\u00a0<\/span><span class=\"previewTxt\" style=\"color: #2e2e2e !important;\">del Rio, M.<\/span><span style=\"color: #c0c0c0;\">,\u00a0<\/span><span class=\"previewTxt\" style=\"color: #2e2e2e !important;\">Barrio, M.<\/span><span style=\"color: #c0c0c0;\">,\u00a0<\/span><span class=\"previewTxt\" style=\"color: #2e2e2e !important;\">Bonet, J.A.<\/span><span style=\"color: #c0c0c0;\">,\u00a0<\/span><span class=\"previewTxt\" style=\"color: #2e2e2e !important;\">Bravo-Oviedo, A.<\/span><span style=\"color: #c0c0c0;\">,\u00a0<\/span><span class=\"previewTxt\" style=\"color: #2e2e2e !important;\">Calama, R.<\/span><span style=\"color: #c0c0c0;\">,\u00a0<\/span><span style=\"color: #c0c0c0;\">(&#8230;),\u00a0<\/span><\/em><span class=\"previewTxt\" style=\"color: #2e2e2e !important;\"><em>Vazquez-Pique, J.(2011)<\/em>\u00a0<\/span><strong><a href=\"http:\/\/www.scopus.com\/record\/display.url?view=basic&amp;eid=2-s2.0-79960445112&amp;origin=resultslist\" target=\"_blank\">Growth and yield models in spain: Historical overview, contemporary examples and perspectives | Modelos de crecimiento y producci\u00f3n en espa\u00f1a: Historia, ejemplos contempor\u00e1neos y perspectivas<\/a>\u00a0<\/strong><span class=\"txtSmaller\" style=\"color: #2e2e2e;\"><em>Investigacion Agraria Sistemas y Recursos Forestales<\/em><\/span><span style=\"color: #2e2e2e;\">\u00a0\u00a0<\/span><span style=\"color: #2e2e2e;\">20<\/span><span style=\"color: #2e2e2e;\">\u00a0\u00a0<\/span><span style=\"color: #2e2e2e;\">(2)<\/span><span style=\"color: #2e2e2e;\">\u00a0\u00a0<\/span><span style=\"color: #2e2e2e;\">PP. 315 &#8211; 328<\/span><\/div>\n<\/li>\n<\/ul>\n<p>&nbsp;<\/p>\n<ul>\n<li>\n<div class=\"bold refAuthorTitle\" style=\"color: #2e2e2e;\"><em><span class=\"previewTxt\" style=\"color: #2e2e2e !important;\">\u00c1lvarez-\u00c1lvarez, P.<\/span><span style=\"color: #c0c0c0;\">,\u00a0<\/span><span class=\"previewTxt\" style=\"color: #2e2e2e !important;\">Khouri, E.A.<\/span><span style=\"color: #c0c0c0;\">,\u00a0<\/span><span class=\"previewTxt\" style=\"color: #2e2e2e !important;\">C\u00e1mara-Obreg\u00f3n, A.<\/span><span style=\"color: #c0c0c0;\">,\u00a0<\/span><span class=\"previewTxt\" style=\"color: #2e2e2e !important;\">Castedo-Dorado, F.<\/span><span style=\"color: #c0c0c0;\">,\u00a0<\/span><span class=\"previewTxt\" style=\"color: #2e2e2e !important;\">Barrio-Anta, M.(2011) \u00a0<\/span><\/em><a href=\"http:\/\/grupos.unileon.es\/ingecart\/files\/2014\/05\/Effects-of-foliar-nutrients-and-environmental-factors-on-site-productivity-in-Pinus-pinaster-Ait.-stands-in-Asturias-NW-Spain_2011_Annals-of-Forest-Science.pdf\" target=\"_blank\"><strong>Effects of foliar nutrients and environmental factors on site productivity in Pinus pinaster Ait. stands in Asturias (NW Spain) <\/strong><\/a><span class=\"txtSmaller\" style=\"color: #2e2e2e;\">\u00a0<\/span><span class=\"txtSmaller\" style=\"color: #2e2e2e;\"><em>Annals of Forest Science<\/em><\/span><span style=\"color: #2e2e2e;\">\u00a0\u00a0<\/span><span style=\"color: #2e2e2e;\">68<\/span><span style=\"color: #2e2e2e;\">\u00a0\u00a0<\/span><span style=\"color: #2e2e2e;\">(3)<\/span><span style=\"color: #2e2e2e;\">\u00a0\u00a0<\/span><span style=\"color: #2e2e2e;\">PP. 497 &#8211; 509<\/span><\/div>\n<\/li>\n<li><\/li>\n<\/ul>\n<p>&nbsp;<\/p>\n<p>&nbsp;<\/p>\n<p>&nbsp;<\/p>\n<p align=\"center\"><a href=\"http:\/\/grupos.unileon.es\/ingecart\/2010-2\/\">A\u00f1o anterior <i>(2010)<\/i><\/a> &#8212; <a href=\"http:\/\/grupos.unileon.es\/ingecart\/2012-2\/\">A\u00f1o siguiente <i>(2012)<\/i><\/a><\/p>\n<p align=\"center\"><a title=\"Publicaciones\" href=\"http:\/\/grupos.unileon.es\/ingecart\/links-prueba\/\">Ver todos<\/a><\/p>\n","protected":false},"excerpt":{"rendered":"<p>Revistas cient\u00edficas (English) &nbsp; Ord\u00f3\u00f1ez Gal\u00e1n, C., J.R. Rodr\u00edguez-P\u00e9rez, J. Mart\u00ednez Torres, and P.J. Garc\u00eda Nieto. Analysis of the influence of forest environments on the accuracy of GPS measurements by using genetic algorithms.\u00a0Mathematical and Computer Modelling, (In press) &nbsp; B. Riveiro, J.C. Caama\u00f1o, P. Arias, E. Sanz-Ablanedo (2011). Photogrammetric 3D Modelling, FEM and Mechanical Analysis [&hellip;]<\/p>\n","protected":false},"author":14,"featured_media":0,"parent":0,"menu_order":0,"comment_status":"closed","ping_status":"open","template":"","meta":{"footnotes":""},"class_list":["post-693","page","type-page","status-publish","hentry"],"_links":{"self":[{"href":"https:\/\/grupos.unileon.es\/ingecart\/wp-json\/wp\/v2\/pages\/693","targetHints":{"allow":["GET"]}}],"collection":[{"href":"https:\/\/grupos.unileon.es\/ingecart\/wp-json\/wp\/v2\/pages"}],"about":[{"href":"https:\/\/grupos.unileon.es\/ingecart\/wp-json\/wp\/v2\/types\/page"}],"author":[{"embeddable":true,"href":"https:\/\/grupos.unileon.es\/ingecart\/wp-json\/wp\/v2\/users\/14"}],"replies":[{"embeddable":true,"href":"https:\/\/grupos.unileon.es\/ingecart\/wp-json\/wp\/v2\/comments?post=693"}],"version-history":[{"count":16,"href":"https:\/\/grupos.unileon.es\/ingecart\/wp-json\/wp\/v2\/pages\/693\/revisions"}],"predecessor-version":[{"id":1253,"href":"https:\/\/grupos.unileon.es\/ingecart\/wp-json\/wp\/v2\/pages\/693\/revisions\/1253"}],"wp:attachment":[{"href":"https:\/\/grupos.unileon.es\/ingecart\/wp-json\/wp\/v2\/media?parent=693"}],"curies":[{"name":"wp","href":"https:\/\/api.w.org\/{rel}","templated":true}]}}