{"id":706,"date":"2013-05-06T09:43:00","date_gmt":"2013-05-06T09:43:00","guid":{"rendered":"http:\/\/grupos.unileon.es\/ingecart\/?page_id=706"},"modified":"2014-05-27T11:33:45","modified_gmt":"2014-05-27T11:33:45","slug":"2010-2","status":"publish","type":"page","link":"https:\/\/grupos.unileon.es\/ingecart\/2010-2\/","title":{"rendered":"2010"},"content":{"rendered":"<h1><strong>Revistas cient\u00edficas (English)<\/strong><\/h1>\n<p>&nbsp;<\/p>\n<ul>\n<li>Ord\u00f3\u00f1ez, C., J. Mart\u00ednez, J.M. Mat\u00edas, A.N. Reyes, and J.R. Rodr\u00edguez-P\u00e9rez (2010). <strong><a href=\"http:\/\/www.sciencedirect.com\/science?_ob=ArticleURL&amp;_udi=B6V0V-4YMPX6J-4&amp;_user=863757&amp;_coverDate=10%2F31%2F2010&amp;_rdoc=1&amp;_fmt=high&amp;_orig=gateway&amp;_origin=gateway&amp;_sort=d&amp;_docanchor=&amp;view=c&amp;_searchStrId=1741531821&amp;_rerunOrigin=google&amp;_acct=C000046519&amp;_version=1&amp;_urlVersion=0&amp;_userid=863757&amp;md5=93f45c1c9137f3db1d0d3fa698929d77&amp;searchtype=a\" target=\"_blank\">Functional statistical techniques applied to vine leaf water content determination<\/a><\/strong>.\u00a0<em>Mathematical and Computer Modelling,<\/em>52, pp. 1116-1122.<\/li>\n<\/ul>\n<p>&nbsp;<\/p>\n<ul>\n<li>Sanz-Ablanedo, E., J.R. Rodr\u00edguez-P\u00e9rez, J. Armesto, and M.F. Taboada (2010). <strong><a href=\"http:\/\/www.mdpi.com\/1424-8220\/10\/3\/1553\/pdf\" target=\"_blank\">Geometric Stability and Lens Decentering in Compact Digital Cameras<\/a><\/strong>.\u00a0<em>Sensors,<\/em>10, pp. 1553-1572.<\/li>\n<\/ul>\n<p>&nbsp;<\/p>\n<ul>\n<li>\n<div class=\"bold refAuthorTitle\" style=\"color: #2e2e2e;\"><em><span class=\"previewTxt\" style=\"color: #2e2e2e !important;\">Sanz-Ablanedo, E.<\/span><span style=\"color: #c0c0c0;\">,\u00a0<\/span><span class=\"previewTxt\" style=\"color: #2e2e2e !important;\">Lamela, M.J.<\/span><span style=\"color: #c0c0c0;\">,\u00a0<\/span><span class=\"previewTxt\" style=\"color: #2e2e2e !important;\">Rodr\u00edguez-P\u00e9rez, J.R.<\/span><span style=\"color: #c0c0c0;\">,\u00a0<\/span><span class=\"previewTxt\" style=\"color: #2e2e2e !important;\">Arias, P.(2010)\u00a0<\/span><\/em><strong><a href=\"http:\/\/www.scopus.com\/record\/display.url?view=basic&amp;eid=2-s2.0-78650625857&amp;origin=resultslist\" target=\"_blank\">Modelling and experimental contrast of the mechanical behaviour of structural laminated glass | Modelizaci\u00f3n y contraste experimental del comportamiento mec\u00e1nico del vidrio laminado estructural<\/a>\u00a0 \u00a0<\/strong><span class=\"txtSmaller\" style=\"color: #2e2e2e;\"><em>Materiales de Construccion<\/em><\/span><span style=\"color: #2e2e2e;\">\u00a0\u00a0<\/span><span style=\"color: #2e2e2e;\">60<\/span><span style=\"color: #2e2e2e;\">\u00a0\u00a0<\/span><span style=\"color: #2e2e2e;\">(300)<\/span><span style=\"color: #2e2e2e;\">\u00a0\u00a0<\/span><span style=\"color: #2e2e2e;\">PP. 131 &#8211; 141<\/span><\/div>\n<\/li>\n<\/ul>\n<p>&nbsp;<\/p>\n<p>&nbsp;<\/p>\n<h1><strong>Revistas cient\u00edficas (Espa\u00f1ol)<\/strong><\/h1>\n<p>&nbsp;<\/p>\n<ul>\n<li>Gonz\u00e1lez-Fern\u00e1ndez, A.B., Catanzarite Torres, T., Rodr\u00edguez-P\u00e9rez, J.R (2010).\u00a0<strong><a href=\"http:\/\/geofocus.rediris.es\/2010\/Articulo8_2010.pdf\" target=\"_blank\">Una metodolog\u00eda apoyada en SIG para el seguimiento vit\u00edcola y la delimitaci\u00f3n de zonas homog\u00e9neas de vendimia en la D.O. Bierzo (Le\u00f3n-Espa\u00f1a)<\/a><\/strong>.\u00a0<em>Geofocus. Revista internacional de Ciencia y Tecnolog\u00eda de la informaci\u00f3n Geogr\u00e1fica, 10<\/em>, pp. 185-207.<\/li>\n<\/ul>\n<p>&nbsp;<\/p>\n<ul>\n<li>E. Sanz-Ablanedo, M.J. Lamela, J.R. Rodr\u00edguez-P\u00e9rez, P. Arias (2010). <strong>Modelling and experimental contrast of the mechanical behaviour of laminated glass structural- Modelizaci\u00f3n Y Contraste Experimental del Comportamiento Mec\u00e1nico del Vidrio Laminado Estructural<\/strong>. <em>Materiales de Construcci\u00f3n (JCR)<\/em>, 60 (300), 131-141.<\/li>\n<\/ul>\n<p>&nbsp;<\/p>\n<h1><strong>Proceedings y actas de congresos<\/strong><\/h1>\n<p>&nbsp;<\/p>\n<ul>\n<li>Fern\u00e1ndez L\u00f3pez, M., Rodr\u00edguez-P\u00e9rez, J.R., Castedo Dorado, F. y Sanz Ablanedo, E. (2010).\u00a0<strong><a href=\"https:\/\/buleria.unileon.es\/handle\/10612\/2745\" target=\"_blank\">Evaluaci\u00f3n de errores en el posicionamiento con receptores GPS de doble frecuencia bajo cubierta arbolada de\u00a0Pinus RadiataD.Don<\/a><\/strong>. En: Ojeda, J., Pita, M.F. y Vallejo, I. (Eds.),\u00a0<em>Tecnolog\u00edas de la Informaci\u00f3n Geogr\u00e1fica: La Informaci\u00f3n Geogr\u00e1fica al servicio de los ciudadanos<\/em>. Secretariado de Publicaciones de la Universidad de Sevilla. Sevilla. Pp. 72-85. ISBN: <a href=\"http:\/\/www.mcu.es\/webISBN\/tituloDetalle.do?sidTitul=1812100&amp;action=busquedaInicial&amp;noValidating=true&amp;POS=0&amp;MAX=50&amp;TOTAL=0&amp;prev_layout=busquedaisbn&amp;layout=busquedaisbn&amp;language=es\" target=\"_blank\">978-84-472-1294-1<\/a>.<\/li>\n<\/ul>\n<p>&nbsp;<\/p>\n<ul>\n<li>Rodr\u00edguez-P\u00e9rez, J. R., \u00c1lvarez, M. F., Gonz\u00e1lez-Fern\u00e1ndez, A.B., Sanz-Ablanedo, E. (2010). <a href=\"https:\/\/buleria.unileon.es\/handle\/10612\/2743\" target=\"_blank\"><strong>Utilizaci\u00f3n de im\u00e1genes fotogram\u00e9tricas multiespectrales en viticultura. Utilizaci\u00f3n de las im\u00e1genes del Plan Nacional de Ortofotograf\u00eda A\u00e9rea (PNOA) en la D. O. Bierzo<\/strong><\/a>.<em>Actas del VII Foro Mundial del vino<\/em>, 10 pp., 13-15 mayo 2010, Logro\u00f1o, Espa\u00f1a.<\/li>\n<\/ul>\n<p>&nbsp;<\/p>\n<ul>\n<li>Garc\u00eda-Ortiz de Landaluce, E., Rodr\u00edguez-P\u00e9rez, J. R. (2010). <strong>Design of a Geographical Information System for the dinosaur footprint sites of Asturias (Spain)<\/strong>.\u00a0<em>Actas de V Jornadas Internacionales sobre Paleontolog\u00eda de Dinosaurios y su Entorno (Salas de los Infantes: 16-18 de septiembre 2010),<\/em>3 pp.<\/li>\n<\/ul>\n<p>&nbsp;<\/p>\n<ul>\n<li>Gonz\u00e1lez-Fern\u00e1ndez, A.B., Rodr\u00edguez-P\u00e9rez, J.R., Sanz Ablanedo, E., \u00c1lvarez Taboada, M.F. y Catanzarite Torres, T. (2010).\u00a0<strong><a href=\"https:\/\/buleria.unileon.es\/handle\/10612\/2746\" target=\"_blank\">Determinaci\u00f3n de la variabilidad espacial de par\u00e1metros de calidad y rendimiento en vi\u00f1edo a partir de \u00edndices de vegetaci\u00f3n obtenidos con un espectro-radi\u00f3metro de campo.<\/a><\/strong> En: Ojeda, J., Pita, M.F. y Vallejo, I. (Eds.), Tecnolog\u00edas de la Informaci\u00f3n Geogr\u00e1fica: La Informaci\u00f3n Geogr\u00e1fica al servicio de los ciudadanos. Secretariado de Publicaciones de la Universidad de Sevilla. Sevilla. Pp. 148-161.<br \/>\nISBN: <a href=\"http:\/\/www.mcu.es\/webISBN\/tituloDetalle.do?sidTitul=1812100&amp;action=busquedaInicial&amp;noValidating=true&amp;POS=0&amp;MAX=50&amp;TOTAL=0&amp;prev_layout=busquedaisbn&amp;layout=busquedaisbn&amp;language=es\" target=\"_blank\">978-84-472-1294-1<\/a>.<\/li>\n<\/ul>\n<p>&nbsp;<\/p>\n<ul>\n<li>Gonz\u00e1lez-Fern\u00e1ndez, A.B., Valenciano, J. B., Marcelo, V., Rodr\u00edguez-P\u00e9rez, J. R.(2010). <a href=\"https:\/\/buleria.unileon.es\/handle\/10612\/2742\" target=\"_blank\"><strong>An\u00e1lisis de la variaci\u00f3n temporal de par\u00e1metros de calidad de la uva y madera de poda de cuatro variedades de vi\u00f1edo en la D. O. Bierzo<\/strong><\/a>. Actas del VII Foro Mundial del vino, 9 pp., 13-15 mayo 2010, Logro\u00f1o.<\/li>\n<\/ul>\n<p>&nbsp;<\/p>\n<ul>\n<li>\u00c1lvarez-Taboada, M.F., Rodr\u00edguez-P\u00e9rez, J. R., Del-Blanco-Medina, V (2010).<a href=\"https:\/\/buleria.unileon.es\/handle\/10612\/2744\" target=\"_blank\"><strong>Radiometric calibration of images from digital photogrammetric cameras to estimate biomass.<\/strong><\/a><em>Foresat 2010: Operational tools in forestry using remote sensing techniques.<\/em> Lugo y Santiago de Compostela, Espa\u00f1a.<\/li>\n<\/ul>\n<p>&nbsp;<\/p>\n<ul>\n<li>Gonz\u00e1lez-Fern\u00e1ndez, A.B., Rodr\u00edguez-P\u00e9rez, J. R. (2010).\u00a0<a href=\"https:\/\/buleria.unileon.es\/handle\/10612\/2747\" target=\"_blank\"><strong>Estudio de la variabilidad espacial y temporal de variables vit\u00edcolas: caso de estudio en la D.O.Bierzo (Le\u00f3n &#8211; Espa\u00f1a)<\/strong>.<\/a><em>6as Jornadas internacionales gvSIG.<\/em><em>1, 2 y 3 de diciembre de 2010.<\/em> Valencia, Espa\u00f1a.<\/li>\n<\/ul>\n<p>&nbsp;<\/p>\n<ul>\n<li>\u00c1lvarez-Taboada, M.F., Catanzarite-Torres T.,\u00a0 Rodr\u00edguez-P\u00e9rez, J. R., Nafr\u00eda D. (2010).\u00a0<strong><a href=\"https:\/\/buleria.unileon.es\/handle\/10612\/2741\" target=\"_blank\">Radiometric calibration and evaluation of ULTRACAM X and Xp using portable reflectance targets and spectrometer data. Application to extract thematic data from imagery gathered by the national plan of aerial orthophotography (PNOA).<\/a> <\/strong><em>Proceedings EuroCOW 2010 (2010) 6 pp. EuroCOW 2010.<\/em> Castelldefels (Barcelona), Espa\u00f1a.<\/li>\n<\/ul>\n<p>&nbsp;<\/p>\n<p>&nbsp;<\/p>\n<p>&nbsp;<\/p>\n<p align=\"center\"><a href=\"http:\/\/grupos.unileon.es\/ingecart\/2009-2\/\">A\u00f1o anterior <i>(2009)<\/i><\/a> &#8212; <a href=\"http:\/\/grupos.unileon.es\/ingecart\/2011-2\/\">A\u00f1o siguiente <i>(2011)<\/i><\/a><\/p>\n<p align=\"center\"><a title=\"Publicaciones\" href=\"http:\/\/grupos.unileon.es\/ingecart\/links-prueba\/\">Ver todos<\/a><\/p>\n","protected":false},"excerpt":{"rendered":"<p>Revistas cient\u00edficas (English) &nbsp; Ord\u00f3\u00f1ez, C., J. Mart\u00ednez, J.M. Mat\u00edas, A.N. Reyes, and J.R. Rodr\u00edguez-P\u00e9rez (2010). Functional statistical techniques applied to vine leaf water content determination.\u00a0Mathematical and Computer Modelling,52, pp. 1116-1122. &nbsp; Sanz-Ablanedo, E., J.R. Rodr\u00edguez-P\u00e9rez, J. Armesto, and M.F. Taboada (2010). Geometric Stability and Lens Decentering in Compact Digital Cameras.\u00a0Sensors,10, pp. 1553-1572. &nbsp; Sanz-Ablanedo, [&hellip;]<\/p>\n","protected":false},"author":14,"featured_media":0,"parent":0,"menu_order":0,"comment_status":"closed","ping_status":"open","template":"","meta":{"footnotes":""},"class_list":["post-706","page","type-page","status-publish","hentry"],"_links":{"self":[{"href":"https:\/\/grupos.unileon.es\/ingecart\/wp-json\/wp\/v2\/pages\/706","targetHints":{"allow":["GET"]}}],"collection":[{"href":"https:\/\/grupos.unileon.es\/ingecart\/wp-json\/wp\/v2\/pages"}],"about":[{"href":"https:\/\/grupos.unileon.es\/ingecart\/wp-json\/wp\/v2\/types\/page"}],"author":[{"embeddable":true,"href":"https:\/\/grupos.unileon.es\/ingecart\/wp-json\/wp\/v2\/users\/14"}],"replies":[{"embeddable":true,"href":"https:\/\/grupos.unileon.es\/ingecart\/wp-json\/wp\/v2\/comments?post=706"}],"version-history":[{"count":11,"href":"https:\/\/grupos.unileon.es\/ingecart\/wp-json\/wp\/v2\/pages\/706\/revisions"}],"predecessor-version":[{"id":1391,"href":"https:\/\/grupos.unileon.es\/ingecart\/wp-json\/wp\/v2\/pages\/706\/revisions\/1391"}],"wp:attachment":[{"href":"https:\/\/grupos.unileon.es\/ingecart\/wp-json\/wp\/v2\/media?parent=706"}],"curies":[{"name":"wp","href":"https:\/\/api.w.org\/{rel}","templated":true}]}}