{"id":720,"date":"2013-05-06T10:37:33","date_gmt":"2013-05-06T10:37:33","guid":{"rendered":"http:\/\/grupos.unileon.es\/ingecart\/?page_id=720"},"modified":"2014-05-27T11:17:07","modified_gmt":"2014-05-27T11:17:07","slug":"2008-2","status":"publish","type":"page","link":"https:\/\/grupos.unileon.es\/ingecart\/2008-2\/","title":{"rendered":"2008"},"content":{"rendered":"<h1><strong>Revistas cient\u00edficas (English)<\/strong><\/h1>\n<p>&nbsp;<\/p>\n<ul>\n<li>Barrio-Anta, M., Sixto-Blanco, H., Ca\u00f1ellas, I., Castedo-Dorado, F. (2008). <strong>Dynamic growth model for I-214 poplar plantations in the northern and central plateaux in Spain<\/strong>. En: <em>Elsevier<\/em> (eds.). Forest Ecology and Management, 255, pp. 1167-1178.<\/li>\n<\/ul>\n<p>&nbsp;<\/p>\n<ul>\n<li>Rodr\u00edguez-P\u00e9rez, J.R., C.J. Alvarez-Lopez, D. Miranda, and M.F. Alvarez (2008).\u00a0<strong><a href=\"http:\/\/www.inia.es\/gcontrec\/pub\/441-452_Vineyard_1225879455140.pdf\" target=\"_blank\">Vineyard area estimation using medium spatial resolution satellite imagery<\/a><\/strong>.\u00a0<em>Spanish Journal of Agricultural Research,<\/em>6, pp. 441-452.<\/li>\n<\/ul>\n<p>&nbsp;<\/p>\n<ul>\n<li>Rodr\u00edguez-P\u00e9rez, J.R., M.F. Alvarez, E. Sanz (2008). <a href=\"https:\/\/buleria.unileon.es\/handle\/10612\/3043\" target=\"_blank\"><strong>Assessment of low-cost<br \/>\n<\/strong><\/a><a href=\"https:\/\/buleria.unileon.es\/handle\/10612\/3043\" target=\"_blank\"><strong>\u00a0GPS Receiver Accuracy and Precision in Forest Environments<\/strong><\/a>. <em>International Journal of Surveying<\/em>, 133 (4): 159-167.<\/li>\n<\/ul>\n<p><strong><br \/>\n<\/strong><\/p>\n<h1><strong>Revistas cient\u00edficas (Espa\u00f1ol)<\/strong><\/h1>\n<p>&nbsp;<\/p>\n<ul>\n<li>L. B. P., Rodr\u00edguez-P\u00e9rez, J. R.,\u00a0 L\u00f3pez L\u00f3pez, L. J., Sanz-Ablanedo, E. (2008). <a href=\"https:\/\/buleria.unileon.es\/handle\/10612\/2734\" target=\"_blank\"><strong>Sistema de Informaci\u00f3n Geogr\u00e1fica para los frutales de calidad del Bierzo (FRUBIGIS)<\/strong><\/a>.\u00a0<em>Tecnolog\u00edas de la Informaci\u00f3n Geogr\u00e1fica para el Desarrollo Territorial<\/em>, 1\/1, pp. 290-300.<\/li>\n<\/ul>\n<p>&nbsp;<\/p>\n<ul>\n<li>Rodr\u00edguez-P\u00e9rez, J. R., \u00c1lvarez, M. F., Stefan P. (2008).<a href=\"https:\/\/buleria.unileon.es\/handle\/10612\/2735\" target=\"_blank\"><strong> Aplicaci\u00f3n de los SIG para determinar la variabilidad espacial de par\u00e1metros de calidad del mosto de uva. Experiencia en la D.O. Bierzo<\/strong><\/a>.\u00a0<em>Tecnolog\u00edas de la Informaci\u00f3n Geogr\u00e1fica para el Desarrollo Territorial<\/em>, 1\/1, pp. 412-423.<\/li>\n<\/ul>\n<p>&nbsp;<\/p>\n<ul>\n<li>Rodr\u00edguez P\u00e9rez, J.R., Acedo Casado, C., Marabel Garc\u00eda, M., and \u00c1lvarez Taboada, M.F.\u00a0(2008).\u00a0<strong><a href=\"https:\/\/buleria.unileon.es\/handle\/10612\/2750\" target=\"_blank\">Localizaci\u00f3n mediante SIG de zonas potencialmente truferas en la provincia de Le\u00f3n<\/a><\/strong>.\u00a0<em>Espacio, Tiempo y Forma. Geograf\u00eda,<\/em><em><strong>1<\/strong><\/em>, pp. 83-91.<\/li>\n<\/ul>\n<p>&nbsp;<\/p>\n<ul>\n<li>\u00c1lvarez, F., J.R. Rodr\u00edguez-P\u00e9rez, E. Sanz-Ablanedo, and\u00a0 M. Fern\u00e1ndez-Mart\u00ednez (2008).\u00a0<a href=\"https:\/\/buleria.unileon.es\/handle\/10612\/3038\" target=\"_blank\"><strong>Aprender Ense\u00f1ando: Elaboraci\u00f3n de Materiales Did\u00e1cticos que facilitan el Aprendizaje Aut\u00f3nomo<\/strong>.<\/a>\u00a0<em>Formaci\u00f3n universitaria,<\/em>1, pp. 19-28.<\/li>\n<\/ul>\n<p>&nbsp;<\/p>\n<h1><strong>Proceedings y actas de congresos<\/strong><\/h1>\n<p>&nbsp;<\/p>\n<ul>\n<li>\u00c1lvarez Taboada, M.F., Rodr\u00edguez P\u00e9rez J.R, Sanz Ablanedo E., Fern\u00e1ndez Martinez, M., Alvarez A. (2008). <strong>New learning-teaching paradigm in the European Higher Education Area: results of using e-PBL in Geomatics (Nuevos paradigmas de ense\u00f1anza-aprendizaje en el Espacio Europeo de Educaci\u00f3n Superior: resultados de la aplicaci\u00f3n del m\u00e9todo e-ABP en la docencia en Geom\u00e1tica)<\/strong>. <em>Proceedings of the FIG International Congress on Geomatics and IX Congreso Nacional Top-Cart<\/em>. Valencia (Spain), February 2008.<\/li>\n<\/ul>\n<p>&nbsp;<\/p>\n<ul>\n<li>\u00c1lvarez Taboada, M.F., Rodr\u00edguez P\u00e9rez J.R, Castedo Dorado, F. (2008). S<strong>emi-automated monitoring using satellite imagery in an object oriented environment. Mapping, quantification and classification of burns in Galicia (2006) (Semi-automatizaci\u00f3n del los procesos de monitorizaci\u00f3n empleando im\u00e1genes de sat\u00e9lite en un entorno orientado a objetos. Cartograf\u00eda, cuantificaci\u00f3n y clasificaci\u00f3n de \u00e1reas quemadas en Galicia (2006))<\/strong>. <em>Proceedings of the FIG International Congress on Geomatics and IX Congreso Nacional Top-Cart<\/em>. Valencia (Spain), February 2008.<\/li>\n<\/ul>\n<p>&nbsp;<\/p>\n<p>&nbsp;<\/p>\n<p>&nbsp;<\/p>\n<p align=\"center\"><a href=\"http:\/\/grupos.unileon.es\/ingecart\/2007-2\/\">A\u00f1o anterior <i>(2007)<\/i><\/a> &#8212; <a href=\"http:\/\/grupos.unileon.es\/ingecart\/2009-2\/\">A\u00f1o siguiente <i>(2009)<\/i><\/a><\/p>\n<p align=\"center\"><a title=\"Publicaciones\" href=\"http:\/\/grupos.unileon.es\/ingecart\/links-prueba\/\">Ver todos<\/a><\/p>\n","protected":false},"excerpt":{"rendered":"<p>Revistas cient\u00edficas (English) &nbsp; Barrio-Anta, M., Sixto-Blanco, H., Ca\u00f1ellas, I., Castedo-Dorado, F. (2008). Dynamic growth model for I-214 poplar plantations in the northern and central plateaux in Spain. En: Elsevier (eds.). Forest Ecology and Management, 255, pp. 1167-1178. &nbsp; Rodr\u00edguez-P\u00e9rez, J.R., C.J. Alvarez-Lopez, D. Miranda, and M.F. Alvarez (2008).\u00a0Vineyard area estimation using medium spatial resolution [&hellip;]<\/p>\n","protected":false},"author":14,"featured_media":0,"parent":0,"menu_order":0,"comment_status":"closed","ping_status":"open","template":"","meta":{"footnotes":""},"class_list":["post-720","page","type-page","status-publish","hentry"],"_links":{"self":[{"href":"https:\/\/grupos.unileon.es\/ingecart\/wp-json\/wp\/v2\/pages\/720","targetHints":{"allow":["GET"]}}],"collection":[{"href":"https:\/\/grupos.unileon.es\/ingecart\/wp-json\/wp\/v2\/pages"}],"about":[{"href":"https:\/\/grupos.unileon.es\/ingecart\/wp-json\/wp\/v2\/types\/page"}],"author":[{"embeddable":true,"href":"https:\/\/grupos.unileon.es\/ingecart\/wp-json\/wp\/v2\/users\/14"}],"replies":[{"embeddable":true,"href":"https:\/\/grupos.unileon.es\/ingecart\/wp-json\/wp\/v2\/comments?post=720"}],"version-history":[{"count":14,"href":"https:\/\/grupos.unileon.es\/ingecart\/wp-json\/wp\/v2\/pages\/720\/revisions"}],"predecessor-version":[{"id":1390,"href":"https:\/\/grupos.unileon.es\/ingecart\/wp-json\/wp\/v2\/pages\/720\/revisions\/1390"}],"wp:attachment":[{"href":"https:\/\/grupos.unileon.es\/ingecart\/wp-json\/wp\/v2\/media?parent=720"}],"curies":[{"name":"wp","href":"https:\/\/api.w.org\/{rel}","templated":true}]}}