{"id":730,"date":"2013-05-06T11:01:31","date_gmt":"2013-05-06T11:01:31","guid":{"rendered":"http:\/\/grupos.unileon.es\/ingecart\/?page_id=730"},"modified":"2014-05-27T09:29:23","modified_gmt":"2014-05-27T09:29:23","slug":"2006-2","status":"publish","type":"page","link":"https:\/\/grupos.unileon.es\/ingecart\/2006-2\/","title":{"rendered":"2006"},"content":{"rendered":"<h1><strong>Revistas cient\u00edficas (English)<\/strong><\/h1>\n<p>&nbsp;<\/p>\n<ul>\n<li>Wulder, M. A., White, J.C., Bentz, B., Alvarez, M. F. and Coops, N. C. (2006) <strong>Estimating the probability of mountain pine beetle red-attack damage<\/strong>. <em>Remote Sensing of Environment<\/em> 101, 150-166.<\/li>\n<\/ul>\n<p>&nbsp;<\/p>\n<ul>\n<li>Miranda, D., Crecente, R., \u00c1lvarez, M.F. (2006) Land consolidation in inland rural Galicia, N.W. Spain, since 1950: <strong>An example of the formulation and use of questions, criteria and indicators for evaluation of rural development policies<\/strong>. <em>Land Use Policy<\/em>, 23 (4) 511-520.<\/li>\n<\/ul>\n<p>&nbsp;<\/p>\n<ul>\n<li>Di\u00e9guez-Aranda, U., Castedo-Dorado, F., \u00c1lvarez-Gonz\u00e1lez, J.G., Rojo, A. (2006). C<strong>ompatible taper function for Scots pine (Pinus sylvestris L.) plantations in northwestern Spain<\/strong>. En: NRC Research Press (eds.). <em>Canadian Journal of Forest Research<\/em>, 36, pp. 1190-1205.<\/li>\n<\/ul>\n<p>&nbsp;<\/p>\n<ul>\n<li>Barrio-Anta, M., Balboa-Murias, M.A., Castedo-Dorado, F., Di\u00e9guez-Aranda, U., \u00c1lvarez-Gonz\u00e1lez, J.G. (2006). A<strong>n ecoregional model for estimating volume, biomass and carbon pools in maritime pine stands in northwestern Spain<\/strong>. En: <em>Elsevier<\/em> (eds.). Forest Ecology and Management, 223, pp. 24-34.<\/li>\n<\/ul>\n<p>&nbsp;<\/p>\n<ul>\n<li>Castedo Dorado, F., Barrio-Anta, M., Parresol, B.R., \u00c1lvarez Gonz\u00e1lez, J.G. (2006). <strong>A stochastic height-diameter model for maritime pine ecoregions in Galicia (northwestern Spain)<\/strong>. En: INRA (Institut Nacional de la Recherche Agronomique), EDP Sciences (eds.). <em>Annals of Forest Science<\/em>, 62, pp. 455-465.<\/li>\n<\/ul>\n<p>&nbsp;<\/p>\n<ul>\n<li>Rodr\u00edguez-P\u00e9rez, J.R, D. Miranda, and C.J. Alvarez (2006). <a href=\"https:\/\/buleria.unileon.es\/handle\/10612\/3012\" target=\"_blank\"><strong>Application of satellite images to locate and inventory vineyards in the designation of origin \u00abBierzo\u00bb in Spain<\/strong><\/a>.\u00a0<em>Transactions of the Asabe,<\/em>49, pp. 277-290.<\/li>\n<\/ul>\n<p>&nbsp;<\/p>\n<ul>\n<li>Barrio-Anta, M., Di\u00e9guez-Aranda, U., Castedo-Dorado, F., \u00c1lvarez-Gonz\u00e1lez, J.G., Rojo-Alboreca, A. (2006). <strong>Mimicking natural variability in tree height of pine species using a stochastic height-diameter relationship<\/strong>. En: Scion (eds.). <em>New Zealand Journal of Forestry Science<\/em>, 36, pp. 21-34.<\/li>\n<\/ul>\n<p>&nbsp;<\/p>\n<ul>\n<li>Barrio Anta, M., Castedo Dorado, F., Di\u00e9guez-Aranda, U., \u00c1lvarez Gonz\u00e1lez, J.G., Parresol, B.R., Rodr\u00edguez Soalleiro, R. (2006). <strong>Development of a basal area growth system for maritime pine in northwestern Spain using the generalized algebraic difference approach.<\/strong> En: NRC Research Press (eds.). <em>Canadian Journal of Forest Research<\/em>, 36, pp. 1461-1474.<\/li>\n<\/ul>\n<p>&nbsp;<\/p>\n<h1><strong>Revistas cient\u00edficas (Espa\u00f1ol)<\/strong><\/h1>\n<p>&nbsp;<\/p>\n<ul>\n<li>Rodr\u00edguez-P\u00e9rez, J. R., Acedo-Casado, C., Marabel-Garc\u00eda, M., \u00c1lvarez-Taboada, M. F. (2006). <strong><a href=\"https:\/\/buleria.unileon.es\/handle\/10612\/2750\" target=\"_blank\">Localizaci\u00f3n mediante SIG de zonas potencialmente truferas en la provincia de Le\u00f3n<\/a><\/strong>. En: Camacho, M.T., Ca\u00f1ete, J.A. y Lara Valle, J.J (eds.) <em>El acceso a la informaci\u00f3n espacial y las nuevas tecnolog\u00edas geogr\u00e1ficas<\/em>, Editorial Universidad de Granada, pp. 1751-1763, Granada. ISBN: <a href=\"http:\/\/www.mcu.es\/webISBN\/tituloDetalle.do?sidTitul=1436877&amp;action=busquedaInicial&amp;noValidating=true&amp;POS=0&amp;MAX=50&amp;TOTAL=0&amp;prev_layout=busquedaisbn&amp;layout=busquedaisbn&amp;language=es\" target=\"_blank\">84-338-3944-6<\/a>.<\/li>\n<\/ul>\n<p>&nbsp;<\/p>\n<ul>\n<li>Rodr\u00edguez-P\u00e9rez, J. R., Fern\u00e1ndez-Trabanco, P., Sanz-Ablanedo, E., \u00c1lvarez-Taboada, M. F. (2006). <strong><a href=\"https:\/\/buleria.unileon.es\/handle\/10612\/2708\" target=\"_blank\">An\u00e1lisis espacial de la evoluci\u00f3n del cultivo de la vid en el municipio de Bembibre (Le\u00f3n)<\/a><\/strong>. En: Camacho, M.T., Ca\u00f1ete, J.A. y Lara Valle, J.J (eds.) <em>El acceso a la informaci\u00f3n espacial y las nuevas tecnolog\u00edas geogr\u00e1ficas<\/em>, Editorial Universidad de Granada, pp. 455-464, Granada. ISBN: <a href=\"http:\/\/www.mcu.es\/webISBN\/tituloDetalle.do?sidTitul=1436877&amp;action=busquedaInicial&amp;noValidating=true&amp;POS=0&amp;MAX=50&amp;TOTAL=0&amp;prev_layout=busquedaisbn&amp;layout=busquedaisbn&amp;language=es\" target=\"_blank\">84-338-3944-6<\/a>.<\/li>\n<\/ul>\n<p>&nbsp;<\/p>\n<h1><strong>Proceedings y actas de congresos<\/strong><\/h1>\n<p>&nbsp;<\/p>\n<ul>\n<li>\u00c1lvarez Taboada, M.F., Rodr\u00edguez P\u00e9rez J.R, Sanz Ablanedo E., Fern\u00e1ndez Martinez, M. (2006). <strong>Problem Based Learning (PBL) and e-learning in Geodetic Engineering, Cartography and Surveying education in the European Higher Education Area (EHEA) frame. A case study in the University of Le\u00f3n (Spain): experiences and results<\/strong>. <em>XXIII International FIG Congress.<\/em><\/li>\n<\/ul>\n<p>&nbsp;<\/p>\n<ul>\n<li>\u00c1LVAREZ TABOADA, M.F., LORENZO CIMADEVILA, H., WULDER, M. A. (2006). <strong>Monitorizaci\u00f3n del estado sanitario de las masas de Eucalyptus globulus en Galicia empleando modelos de proceso, SIG y teledetecci\u00f3n<\/strong>. <em>Proceedings of the 2\u00ba Simposio Iberoamericano de Eucalyptus globulus<\/em>. Pontevedra (Spain).<\/li>\n<\/ul>\n<p>&nbsp;<\/p>\n<ul>\n<li>\u00c1lvarez Taboada, M.F., Lorenzo Cimadevila, H., Picos Mart\u00edn, J., Wulder, M. A. (2006) <strong>IKONOS imagery segmentation trials for Eucalyptus stands mapping in a fragmented ladscape in NW Spain<\/strong>. <em>Proceedings of Workshop on 3D Remote Sensing in Forestry<\/em>, 14th-15th Feb 2006, Vienna (Austria).<\/li>\n<\/ul>\n<p>&nbsp;<\/p>\n<ul>\n<li>Rodr\u00edguez-P\u00e9rez, J. R., Fern\u00e1ndez-Trabanco, P, ENOC Sanz-Ablanedo. E., \u00c1lvarez, M. F. (2006). <strong><a href=\"https:\/\/buleria.unileon.es\/handle\/10612\/2708\" target=\"_blank\">An\u00e1lisis espacial de la evoluci\u00f3n del cultivo de la vid en el municipio de Bembibre (Le\u00f3n)<\/a>.<\/strong> Actas del XII Congreso Nacional de Tecnolog\u00edas de la Informaci\u00f3n Geogr\u00e1fica, 1\/1, pp., 455 \u2013 464.<\/li>\n<\/ul>\n<p>&nbsp;<\/p>\n<p><strong><br \/>\n<\/strong><\/p>\n<h1><strong>Otras publicaciones<\/strong><\/h1>\n<p>&nbsp;<\/p>\n<ul>\n<li>WULDER, M.A.; WHITE, J.C.; COOPS, N.C.; HAN, T.; ALVAREZ, M.F.; BUTSON, C.; YUAN, X. (2006). <strong>A Procedure for Mapping and Monitoring Mountain Pine Beetle Red Attack Forest Damage using Landsat Imagery<\/strong>. Natural Resources Canada, Canadian Forest Service. Victoria, BC (Canad\u00e1). 30 p.ISBN-0-662-43290-8).<\/li>\n<\/ul>\n<p>&nbsp;<\/p>\n<ul>\n<li>Castedo-Dorado, F. (2006). <strong>Tree height estimation using a stochastic height-diameter relationship<\/strong>. En: Barrio, M., Di\u00e9guez-Aranda, U., Castedo-Dorado, F., Alvarez-Gonz\u00e1lez, J.G., Rojo, A. (eds.). USDA Forest Service Pacific Northwest Research Station. Sustainable forestry in theory and practice: recent advances in inventory and monitoring, statistics and modeling, information and knowledge management, and policy science. Portland, Oregon. ISBN: 978-0-9789478-0-4.<\/li>\n<\/ul>\n<p>&nbsp;<\/p>\n<ul>\n<li>Castedo-Dorado, F. (2006). <strong>A merchantable volume system for major pine species in El Salto, Durango (M\u00e9xico)<\/strong>. En: Corral-Rivas, J.J., Di\u00e9guez-Aranda, U., Castedo-Dorado, F., Corral, S. (eds.). Cuvillier Verlag. Models of tree growth and spatial structure for multi-species, uneven-aged forests in Durango (M\u00e9xico). G\u00f6ttingen (Alemania). \u00a0ISBN: 3-86537-954-0.<\/li>\n<\/ul>\n<p>&nbsp;<\/p>\n<p>&nbsp;<\/p>\n<p>&nbsp;<\/p>\n<p align=\"center\"><a href=\"http:\/\/grupos.unileon.es\/ingecart\/2005-2\/\">A\u00f1o anterior <i>(2005)<\/i><\/a> &#8212; <a href=\"http:\/\/grupos.unileon.es\/ingecart\/2007-2\/\">A\u00f1o siguiente <i>(2007)<\/i><\/a><\/p>\n<p align=\"center\"><a title=\"Publicaciones\" href=\"http:\/\/grupos.unileon.es\/ingecart\/links-prueba\/\">Ver todos<\/a><\/p>\n","protected":false},"excerpt":{"rendered":"<p>Revistas cient\u00edficas (English) &nbsp; Wulder, M. A., White, J.C., Bentz, B., Alvarez, M. F. and Coops, N. C. (2006) Estimating the probability of mountain pine beetle red-attack damage. Remote Sensing of Environment 101, 150-166. &nbsp; Miranda, D., Crecente, R., \u00c1lvarez, M.F. (2006) Land consolidation in inland rural Galicia, N.W. Spain, since 1950: An example of [&hellip;]<\/p>\n","protected":false},"author":14,"featured_media":0,"parent":0,"menu_order":0,"comment_status":"closed","ping_status":"open","template":"","meta":{"footnotes":""},"class_list":["post-730","page","type-page","status-publish","hentry"],"_links":{"self":[{"href":"https:\/\/grupos.unileon.es\/ingecart\/wp-json\/wp\/v2\/pages\/730","targetHints":{"allow":["GET"]}}],"collection":[{"href":"https:\/\/grupos.unileon.es\/ingecart\/wp-json\/wp\/v2\/pages"}],"about":[{"href":"https:\/\/grupos.unileon.es\/ingecart\/wp-json\/wp\/v2\/types\/page"}],"author":[{"embeddable":true,"href":"https:\/\/grupos.unileon.es\/ingecart\/wp-json\/wp\/v2\/users\/14"}],"replies":[{"embeddable":true,"href":"https:\/\/grupos.unileon.es\/ingecart\/wp-json\/wp\/v2\/comments?post=730"}],"version-history":[{"count":7,"href":"https:\/\/grupos.unileon.es\/ingecart\/wp-json\/wp\/v2\/pages\/730\/revisions"}],"predecessor-version":[{"id":1385,"href":"https:\/\/grupos.unileon.es\/ingecart\/wp-json\/wp\/v2\/pages\/730\/revisions\/1385"}],"wp:attachment":[{"href":"https:\/\/grupos.unileon.es\/ingecart\/wp-json\/wp\/v2\/media?parent=730"}],"curies":[{"name":"wp","href":"https:\/\/api.w.org\/{rel}","templated":true}]}}