{"id":734,"date":"2013-05-06T11:06:17","date_gmt":"2013-05-06T11:06:17","guid":{"rendered":"http:\/\/grupos.unileon.es\/ingecart\/?page_id=734"},"modified":"2013-05-08T11:00:20","modified_gmt":"2013-05-08T11:00:20","slug":"2005-2","status":"publish","type":"page","link":"https:\/\/grupos.unileon.es\/ingecart\/2005-2\/","title":{"rendered":"2005"},"content":{"rendered":"<h1><strong>Revistas cient\u00edficas (English)<\/strong><\/h1>\n<p>&nbsp;<\/p>\n<ul>\n<li>Di\u00e9guez-Aranda, U., Castedo Dorado, F., \u00c1lvarez Gonz\u00e1lez, J.G., Rojo Alboreca, A. (2005). <strong>Dynamic growth model for Scots pine (Pinus sylvestris L.) plantations in Galicia (north-western Spain)<\/strong>. En: Elsevier (eds.). E<em>cological Modelling<\/em>, 191, pp. 225-242.<\/li>\n<\/ul>\n<p>&nbsp;<\/p>\n<h1><strong>Revistas cient\u00edficas (Espa\u00f1ol)<\/strong><\/h1>\n<p>&nbsp;<\/p>\n<ul>\n<li>Di\u00e9guez-Aranda, U., Barrio Anta, M., Castedo Dorado, F., \u00c1lvarez Gonz\u00e1lez, J.G. (2005). <strong>Relaci\u00f3n altura-di\u00e1metro generalizada para masas de Pinus sylvestris L. procedentes de repoblaci\u00f3n en el noroeste de Espa\u00f1a<\/strong>. En: Instituto Nacional de Investigaci\u00f3n y Tecnolog\u00eda Agraria (eds.). :<em> Investigaci\u00f3n Agraria: Sistemas y Recursos Forestales<\/em>, 14 (2), pp. 229-241.<\/li>\n<\/ul>\n<p>&nbsp;<\/p>\n<ul>\n<li>Di\u00e9guez-Aranda, U., Castedo Dorado, F., \u00c1lvarez Gonz\u00e1lez, J.G. (2005). <strong>Funciones de crecimiento en \u00e1rea basim\u00e9trica para masas de Pinus sylvestris L. procedentes de repoblaci\u00f3n en Galicia<\/strong>. En: Instituto Nacional de Investigaci\u00f3n y Tecnolog\u00eda Agraria (eds.). <em>Investigaci\u00f3n Agraria: Sistemas y Recursos Forestales<\/em>, 14 (2), pp. 253-266.<\/li>\n<\/ul>\n<p>&nbsp;<\/p>\n<ul>\n<li>Rodr\u00edguez-P\u00e9rez, J. R., Alvarez-Taboada, M. F., Asenjo-G\u00f3mez, A., Fern\u00e1ndez-Manso, A., Quintano-Pastor, C. (2005). <a href=\"http:\/\/dialnet.unirioja.es\/servlet\/articulo?codigo=2982467\" target=\"_blank\"><strong>Inventariaci\u00f3n de las masas de Pinus radiata D. Don en el Bierzo (Le\u00f3n) empleando teledetecci\u00f3n con im\u00e1genes multiespectrales de resoluci\u00f3n media<\/strong>.<\/a><em>Cuadernos de la Sociedad Espa\u00f1ola de Ciencias Forestales, Actas de la I Reuni\u00f3n Inventario y Teledetecci\u00f3n<\/em>, N\u00ba. 19, pp. 175-180. ISSN 1575-2410.<\/li>\n<\/ul>\n<p>&nbsp;<\/p>\n<ul>\n<li>Alvarez-Taboada, M. F., Lorenzo-Cimadevila, H., Rodr\u00edguez-P\u00e9rez, J. R., Picos-Mart\u00edn, J., Valero-Guti\u00e9rrez del Olmo, E. (2005). <strong><a href=\"http:\/\/dialnet.unirioja.es\/servlet\/articulo?codigo=2981916\" target=\"_blank\">Detecci\u00f3n de \u00e1reas forestales afectadas por el ataque de insectos empleando teledetecci\u00f3n y sistemas de informaci\u00f3n geogr\u00e1fica, aplicaci\u00f3n a las masas de eucalipto afectadas por \u00abGonipterus scutellatus\u00bb en Galicia<\/a><\/strong>. <em>Cuadernos de la Sociedad Espa\u00f1ola de Ciencias Forestales, Actas de la I Reuni\u00f3n Inventario y Teledetecci\u00f3n<\/em>, N\u00ba. 19, pp. 27-33. ISSN 1575-2410.<\/li>\n<\/ul>\n<p>&nbsp;<\/p>\n<ul>\n<li>Quintano-Pastor, C., Fern\u00e1ndez-Manso, A., Rodr\u00edguez-P\u00e9rez, J. R., Alvarez-Taboada, M. F., Ram\u00edrez-Cisneros, J. (2005). <strong><a href=\"http:\/\/dialnet.unirioja.es\/servlet\/articulo?codigo=2982455\" target=\"_blank\">Estimaci\u00f3n de existencias a partir de im\u00e1genes Landsat derivadas de la aplicaci\u00f3n de modelos de mezclas espectrales<\/a><\/strong>. <em>Cuadernos de la Sociedad Espa\u00f1ola de Ciencias Forestales, Actas de la I Reuni\u00f3n Inventario y Teledetecci\u00f3n<\/em>, N\u00ba. 19, pp. 163-168. ISSN 1575-2410.<\/li>\n<\/ul>\n<p>&nbsp;<\/p>\n<h1><strong>Proceedings y actas de congresos<\/strong><\/h1>\n<p>&nbsp;<\/p>\n<ul>\n<li>Asenjo G\u00f3mez A., \u00c1lvarez Taboada M. F., Rodr\u00edguez P\u00e9rez J. R., Fern\u00e1ndez Manso, A. A. (2005) <strong>Estimaci\u00f3n de la superficie de Pinus radiata D. Don, en la comarca de El Bierzo (Le\u00f3n) mediante im\u00e1genes de sat\u00e9lite de resoluci\u00f3n espacial media<\/strong>. <em>Proceedings of XI Congreso Nacional de Teledetecci\u00f3n<\/em>, Puerto de la Cruz, Tenerife, Spain, September 2005 (In Spanish)<\/li>\n<\/ul>\n<p>&nbsp;<\/p>\n<ul>\n<li>\u00c1lvarez Taboada, M.F., Rodr\u00edguez P\u00e9rez, J.R., Asenjo G\u00f3mez A. (2005) I<strong>ntegration of DEM data with satellite imagery for forest change detection<\/strong>. <em>Proceedings of Forestsat 2005<\/em>. Bor\u00e5s (Sweden), 8C, 12-17 pp. May, 2005. ISSN: 1100-0295.<\/li>\n<\/ul>\n<p>&nbsp;<\/p>\n<ul>\n<li>\u00c1lvarez Taboada, M.F., Lorenzo Cimadevila, H., Picos Mart\u00edn, J., Valero E. (2005) <strong>A Forest Monitoring System based on remote sensing &amp; GIS for Eucalyptus plantations affected by Weevil outbreaks in Galicia, Spain. <\/strong><em>Proceedings of Forestsat 2005. Bor\u00e5s (Sweden)<\/em>, 8C, 57-62 pp. May, 2005. ISSN: 1100-0295.<\/li>\n<\/ul>\n<p>&nbsp;<\/p>\n<ul>\n<li>Fern\u00e1ndez-Manso, O., Fern\u00e1ndez-Manso, A., Quintano Pastor, C., \u00c1lvarez Taboada, M.F. (2005) <strong>Mapping forest cover changes caused by mining activities using spectral mixture analysis and object oriented classification<\/strong>. <em>Proceedings of Forestsat 2005<\/em>. <em>Bor\u00e5s (Sweden)<\/em>, 8C, 78-82 pp. May, 2005. ISSN: 1100-0295.<\/li>\n<\/ul>\n<p><strong><br \/>\n<\/strong><\/p>\n<h1><strong>Otras publicaciones<\/strong><\/h1>\n<p>&nbsp;<\/p>\n<ul>\n<li>Castedo, F., Rodr\u00edguez, J.R., Cadenas, R.M., \u00c1lvarez Taboada, M.F. (2005). <strong>Planes de defensa contra incendios forestales y desarrollo rural. Un caso de estudio<\/strong>. En: Fern\u00e1ndez-Manso, A., San Rom\u00e1n, J.M. y Valbuena, M.L. (Eds.). Universidad de Le\u00f3n. Nuevos retos de la ordenaci\u00f3n del medio natural.. O Barco (Ourense). \u00a0ISBN: 84 608-0287-6.<\/li>\n<\/ul>\n<p>&nbsp;<\/p>\n<p>&nbsp;<\/p>\n<p>&nbsp;<\/p>\n<p align=\"center\"><a href=\"http:\/\/grupos.unileon.es\/ingecart\/2004-2\/\">A\u00f1o anterior <i>(2004)<\/i><\/a> &#8212; <a href=\"http:\/\/grupos.unileon.es\/ingecart\/2006-2\/\">A\u00f1o siguiente <i>(2006)<\/i><\/a><\/p>\n<p align=\"center\"><a title=\"Publicaciones\" href=\"http:\/\/grupos.unileon.es\/ingecart\/links-prueba\/\">Ver todos<\/a><\/p>\n","protected":false},"excerpt":{"rendered":"<p>Revistas cient\u00edficas (English) &nbsp; Di\u00e9guez-Aranda, U., Castedo Dorado, F., \u00c1lvarez Gonz\u00e1lez, J.G., Rojo Alboreca, A. (2005). Dynamic growth model for Scots pine (Pinus sylvestris L.) plantations in Galicia (north-western Spain). En: Elsevier (eds.). Ecological Modelling, 191, pp. 225-242. &nbsp; Revistas cient\u00edficas (Espa\u00f1ol) &nbsp; Di\u00e9guez-Aranda, U., Barrio Anta, M., Castedo Dorado, F., \u00c1lvarez Gonz\u00e1lez, J.G. (2005). [&hellip;]<\/p>\n","protected":false},"author":14,"featured_media":0,"parent":0,"menu_order":0,"comment_status":"closed","ping_status":"open","template":"","meta":{"footnotes":""},"class_list":["post-734","page","type-page","status-publish","hentry"],"_links":{"self":[{"href":"https:\/\/grupos.unileon.es\/ingecart\/wp-json\/wp\/v2\/pages\/734","targetHints":{"allow":["GET"]}}],"collection":[{"href":"https:\/\/grupos.unileon.es\/ingecart\/wp-json\/wp\/v2\/pages"}],"about":[{"href":"https:\/\/grupos.unileon.es\/ingecart\/wp-json\/wp\/v2\/types\/page"}],"author":[{"embeddable":true,"href":"https:\/\/grupos.unileon.es\/ingecart\/wp-json\/wp\/v2\/users\/14"}],"replies":[{"embeddable":true,"href":"https:\/\/grupos.unileon.es\/ingecart\/wp-json\/wp\/v2\/comments?post=734"}],"version-history":[{"count":6,"href":"https:\/\/grupos.unileon.es\/ingecart\/wp-json\/wp\/v2\/pages\/734\/revisions"}],"predecessor-version":[{"id":771,"href":"https:\/\/grupos.unileon.es\/ingecart\/wp-json\/wp\/v2\/pages\/734\/revisions\/771"}],"wp:attachment":[{"href":"https:\/\/grupos.unileon.es\/ingecart\/wp-json\/wp\/v2\/media?parent=734"}],"curies":[{"name":"wp","href":"https:\/\/api.w.org\/{rel}","templated":true}]}}