{"id":738,"date":"2013-05-06T11:09:54","date_gmt":"2013-05-06T11:09:54","guid":{"rendered":"http:\/\/grupos.unileon.es\/ingecart\/?page_id=738"},"modified":"2014-05-27T11:12:31","modified_gmt":"2014-05-27T11:12:31","slug":"2004-2","status":"publish","type":"page","link":"https:\/\/grupos.unileon.es\/ingecart\/2004-2\/","title":{"rendered":"2004"},"content":{"rendered":"<h1><strong>Revistas cient\u00edficas (English)<\/strong><\/h1>\n<p>&nbsp;<\/p>\n<ul>\n<li>Rodr\u00edguez-P\u00e9rez, J. R. (2004). <strong><a href=\"https:\/\/buleria.unileon.es\/handle\/10612\/2672\" target=\"_blank\">Workflow to improve the forest management of Eucalyptus globulus stands affected by Gonipterus scutellatus in Galicia, Spain using remote sensing and GIS<\/a><\/strong>.\u00a0<em>International Society for Optical Engineering Proceedings Series<\/em>, SPIE 2004, pp. 372-383.<\/li>\n<\/ul>\n<p>&nbsp;<\/p>\n<ul>\n<li>\u00c1lvarez, J.G., Castedo, F., Ruiz, A.D., L\u00f3pez, C., Gadow, K.v.\u00a0 (2004).<strong> A two-step mortality model for even-aged stands of Pinus radiata D. Don in Galicia (Northwestern Spain)<\/strong>. En: INRA (Institut Nacional de la Recherche Agronomique), EDP Sciences (eds.). <em>Annals of Forest Science<\/em>, 61, pp. 439-448.<\/li>\n<\/ul>\n<p>&nbsp;<\/p>\n<h1><strong>Revistas cient\u00edficas (Espa\u00f1ol)<\/strong><\/h1>\n<p>&nbsp;<\/p>\n<ul>\n<li>Rodr\u00edguez-P\u00e9rez, J. R., \u00c1lvarez-Taboada, M. F., Ram\u00edrez-Cisneros, J., San Rom\u00e1n-Rodr\u00edguez, J. M., Mor\u00e1n \u00c1lvarez, E. (2004). <strong><a href=\"http:\/\/dialnet.unirioja.es\/servlet\/articulo?codigo=2980936\" target=\"_blank\">El sistema de informaci\u00f3n forestal para seguimiento y gesti\u00f3n de las masas \u00abPinus radiata\u00bb D.Don en la comarca de El Bierzo (Le\u00f3n)<\/a><\/strong>. <em>Cuadernos de la Sociedad Espa\u00f1ola de Ciencias Forestales<\/em>, Actas de la I Reuni\u00f3n Inventario y Teledetecci\u00f3n, N\u00ba. 18, pp. 249-253. ISSN 1575-2410.<\/li>\n<\/ul>\n<p>&nbsp;<\/p>\n<h1><strong>Proceedings y actas de congresos<\/strong><\/h1>\n<p>&nbsp;<\/p>\n<ul>\n<li>\u00c1lvarez, M. F., Marqu\u00e9s, R., Castedo, F., Fern\u00e1ndez, A. (2004) <strong>Influencia de la competencia en el crecimiento en secci\u00f3n en Pinus radiata D. Don en el Bierzo (Le\u00f3n)<\/strong>. <em>Actas de la I Reuni\u00f3n de Palencia de Modelizaci\u00f3n Forestal<\/em> N\u00ba 18, Sociedad Espa\u00f1ola de las Ciencias Forestales, Palencia, Spain. ISSN 1575-2410 (In Spanish)<\/li>\n<\/ul>\n<p>&nbsp;<\/p>\n<ul>\n<li>Rodr\u00edguez, J., \u00c1lvarez, M. F., Mor\u00e1n, E. and Fern\u00e1ndez, A. (2004) <strong>Elaboraci\u00f3n de un Sistema de Informaci\u00f3n Forestal (FIS) para las masas de Pinus radiata de El Bierzo (Le\u00f3n)<\/strong>. <em>Actas de la I Reuni\u00f3n de Palencia de Modelizaci\u00f3n Forestal<\/em> N\u00ba 18, Sociedad Espa\u00f1ola de las Ciencias Forestales, Palencia, Spain. ISSN 1575-2410 (In Spanish).<\/li>\n<\/ul>\n<p>&nbsp;<\/p>\n<h1><strong>Otras publicaciones<\/strong><\/h1>\n<p>&nbsp;<\/p>\n<ul>\n<li>\u00c1lvarez Taboada, M.F. (2004) <strong>Migraci\u00f3n de la informaci\u00f3n de ArcView a ArcGIS. In Procedimientos y an\u00e1lisis con SIG. Arcview, Geomedia e Idrisi<\/strong> (Eds. D. Miranda, R. Crecente, U. Fra) (pp. 113-125). Unicopia, Lugo, Spain. 280 pp. ISBN: 84 96351 00 9 (In Spanish)<\/li>\n<\/ul>\n<p>&nbsp;<\/p>\n<ul>\n<li>Rodr\u00edguez-P\u00e9rez, J. R. (2004). <strong>Teledetecci\u00f3n mediante im\u00e1genes de sat\u00e9lite: aplicaci\u00f3n para la localizaci\u00f3n de vi\u00f1edos en la DO Bierzo<\/strong>. En:Servicio de Publicaciones e Intercambio Cient\u00edfico. Universidad de Santiago de Compostela. (ed.). Santiago de Compostela.ISSN\/ISBN: <a href=\"http:\/\/www.mcu.es\/webISBN\/tituloDetalle.do?sidTitul=1250217&amp;action=busquedaInicial&amp;noValidating=true&amp;POS=0&amp;MAX=50&amp;TOTAL=0&amp;prev_layout=busquedaisbn&amp;layout=busquedaisbn&amp;language=es\" target=\"_blank\">84-9750-319-8<\/a>.<\/li>\n<\/ul>\n<p>&nbsp;<\/p>\n<ul>\n<li>Quintano C., Rodr\u00edguez J.R, Fern\u00e1ndez A., Ram\u00edrez J., \u00c1lvarez M.F. (2004) <strong>Remote sensing applied to Forest Engineering (Aplicaciones de la Teledetecci\u00f3n a la Ingenier\u00eda Agroforestal<\/strong>. Ed. Carrera Marqu\u00e9s, Le\u00f3n, Spain. 193 pp. ISBN: 84 609 0274 9 (In Spanish)<\/li>\n<\/ul>\n<p>&nbsp;<\/p>\n<ul>\n<li>Fern\u00e1ndez A., Castedo F., \u00c1lvarez M. F., Rodr\u00edguez J.R, , Ram\u00edrez J., San Rom\u00e1n, J. M., Sarmiento, L. A., Cuevas, Y. (2004) <strong>Radiata pine. Sustainable forest management (El Pino radiata. Manual de Gesti\u00f3n sostenible)<\/strong>. Ed. Junta de Castilla y Le\u00f3n, Leon, Spain. 62 pp. ISBN: BU &#8211; 132 \u2013 2004 (In Spanish)<\/li>\n<\/ul>\n<p>&nbsp;<\/p>\n<ul>\n<li>Rodr\u00edguez-P\u00e9rez, J. R. (2004). <strong>Aplicaciones de los sistemas de informaci\u00f3n geogr\u00e1fica para la ingenier\u00eda agroforestal<\/strong>. En: Carrera Marques,C.B.. (ed.). Ponferrada.ISSN\/ISBN: <a href=\"http:\/\/www.mcu.es\/webISBN\/tituloDetalle.do?sidTitul=1237341&amp;action=busquedaInicial&amp;noValidating=true&amp;POS=0&amp;MAX=50&amp;TOTAL=0&amp;prev_layout=busquedaisbn&amp;layout=busquedaisbn&amp;language=es\" target=\"_blank\">84-609-0274-9<\/a>.<\/li>\n<\/ul>\n<p>&nbsp;<\/p>\n<ul>\n<li>Fern\u00e1ndez Manso, A., Castedo, F., \u00c1lvarez, M.F., Rodr\u00edguez, J.R., Ram\u00edrez, J., San Rom\u00e1n, J.M., Sarmiento, L.A., Cuevas, Y. (2004). <strong>El pino radiata (Pinus radiata). Manual de gesti\u00f3n forestal sostenible<\/strong>. En: Junta de Castilla y Le\u00f3n, Fondo Social Europeo (F.S.E.) y Fundaci\u00f3n Biodiversidad. Burgos.<\/li>\n<\/ul>\n<p>&nbsp;<\/p>\n<ul>\n<li>Castedo-Dorado, F. (2004). El pino radiata (Pinus radiata). <strong>Modelo din\u00e1mico de crecimiento para las masas de Pinus radiata D. Don en Galicia. Simulaci\u00f3n de alternativas selv\u00edcolas con inclusi\u00f3n del riesgo de incendio<\/strong>. En: Universidad de Santiago de Compostela. Santiago de Compostela.<\/li>\n<\/ul>\n<p>&nbsp;<\/p>\n<p>&nbsp;<\/p>\n<p>&nbsp;<\/p>\n<p align=\"center\"><a href=\"http:\/\/grupos.unileon.es\/ingecart\/2003-2\/\">A\u00f1o anterior <i>(2003)<\/i><\/a> &#8212; <a href=\"http:\/\/grupos.unileon.es\/ingecart\/2005-2\/\">A\u00f1o siguiente <i>(2005)<\/i><\/a><\/p>\n<p align=\"center\"><a title=\"Publicaciones\" href=\"http:\/\/grupos.unileon.es\/ingecart\/links-prueba\/\">Ver todos<\/a><\/p>\n","protected":false},"excerpt":{"rendered":"<p>Revistas cient\u00edficas (English) &nbsp; Rodr\u00edguez-P\u00e9rez, J. R. (2004). Workflow to improve the forest management of Eucalyptus globulus stands affected by Gonipterus scutellatus in Galicia, Spain using remote sensing and GIS.\u00a0International Society for Optical Engineering Proceedings Series, SPIE 2004, pp. 372-383. &nbsp; \u00c1lvarez, J.G., Castedo, F., Ruiz, A.D., L\u00f3pez, C., Gadow, K.v.\u00a0 (2004). A two-step mortality [&hellip;]<\/p>\n","protected":false},"author":14,"featured_media":0,"parent":0,"menu_order":0,"comment_status":"closed","ping_status":"open","template":"","meta":{"footnotes":""},"class_list":["post-738","page","type-page","status-publish","hentry"],"_links":{"self":[{"href":"https:\/\/grupos.unileon.es\/ingecart\/wp-json\/wp\/v2\/pages\/738","targetHints":{"allow":["GET"]}}],"collection":[{"href":"https:\/\/grupos.unileon.es\/ingecart\/wp-json\/wp\/v2\/pages"}],"about":[{"href":"https:\/\/grupos.unileon.es\/ingecart\/wp-json\/wp\/v2\/types\/page"}],"author":[{"embeddable":true,"href":"https:\/\/grupos.unileon.es\/ingecart\/wp-json\/wp\/v2\/users\/14"}],"replies":[{"embeddable":true,"href":"https:\/\/grupos.unileon.es\/ingecart\/wp-json\/wp\/v2\/comments?post=738"}],"version-history":[{"count":7,"href":"https:\/\/grupos.unileon.es\/ingecart\/wp-json\/wp\/v2\/pages\/738\/revisions"}],"predecessor-version":[{"id":1387,"href":"https:\/\/grupos.unileon.es\/ingecart\/wp-json\/wp\/v2\/pages\/738\/revisions\/1387"}],"wp:attachment":[{"href":"https:\/\/grupos.unileon.es\/ingecart\/wp-json\/wp\/v2\/media?parent=738"}],"curies":[{"name":"wp","href":"https:\/\/api.w.org\/{rel}","templated":true}]}}