{"id":741,"date":"2013-05-06T11:13:05","date_gmt":"2013-05-06T11:13:05","guid":{"rendered":"http:\/\/grupos.unileon.es\/ingecart\/?page_id=741"},"modified":"2013-05-08T11:00:09","modified_gmt":"2013-05-08T11:00:09","slug":"2003-2","status":"publish","type":"page","link":"https:\/\/grupos.unileon.es\/ingecart\/2003-2\/","title":{"rendered":"2003"},"content":{"rendered":"<h1><strong>Revistas cient\u00edficas (English)<\/strong><\/h1>\n<p>&nbsp;<\/p>\n<ul>\n<li>L\u00f3pez, C.A., Gorgoso, J., Castedo, F., Rojo, A., Rodr\u00edguez, R., \u00c1lvarez, J.G., S\u00e1nchez, F. (2003). <strong>A height-diameter model for Pinus radiata D. Don in Galicia (Northwest Spain)<\/strong>. En: INRA (Institut Nacional de la Recherche Agronomique), EDP Sciences (eds.). <em>Annals of Forest Science<\/em>, 60, pp. 237-245.<\/li>\n<\/ul>\n<p><strong><br \/>\n<\/strong><\/p>\n<h1><strong>Revistas cient\u00edficas (Espa\u00f1ol)<\/strong><\/h1>\n<p>&nbsp;<\/p>\n<ul>\n<li>\u00c1lvarez Taboada, M.F., Barrio, M., Gorgoso, J., \u00c1lvarez Gonz\u00e1lez, J.G. (2003)<strong> Influence of the competence in the basal area growth in Pinus radiata D. Don. (Influencia de la competencia en el crecimiento en secci\u00f3n en Pinus radiata D. Don.)<\/strong> <em>Revista Invest. Agrar.: Sist. Recur. For<\/em>. 12 (2), 25-35.<\/li>\n<\/ul>\n<p>&nbsp;<\/p>\n<ul>\n<li>Di\u00e9guez-Aranda, U, Barrio Anta, M., Castedo Dorado, F., Balboa Murias, M. (2003). E<strong>stimaci\u00f3n del di\u00e1metro normal y del volumen del tronco a partir de las dimensiones del toc\u00f3n para seis especies forestales comerciales de Galicia<\/strong>.\u00a0En: Instituto Nacional de Investigaci\u00f3n y Tecnolog\u00eda Agraria (eds.). <em>Investigaci\u00f3n Agraria: Sistemas y Recursos Forestales<\/em>, 12 (2), pp. 131-139.<\/li>\n<\/ul>\n<p>&nbsp;<\/p>\n<ul>\n<li>S\u00e1nchez, F., Rodr\u00edguez, R., Rojo, A., \u00c1lvarez, J.G., L\u00f3pez, C., Gorgoso, J., Castedo, F. (2003). : <strong>Crecimiento y tablas de producci\u00f3n de Pinus radiata D. Don en Galicia<\/strong>. En: Instituto Nacional de Investigaci\u00f3n y Tecnolog\u00eda Agraria y Alimentaria (eds.). <em>Investigaci\u00f3n Agraria: Sistemas y Recursos Forestales<\/em>, 12 (2), pp. 65-83.<\/li>\n<\/ul>\n<p>&nbsp;<\/p>\n<h1><strong>Proceedings y actas de congresos<\/strong><\/h1>\n<p>&nbsp;<\/p>\n<ul>\n<li>Rodr\u00edguez P\u00e9rez, J.R., \u00c1lvarez Taboada, M.F. (2003) <strong>GIS capabilities for vine-producing management. Experiences in the Denominaci\u00f3n de Origen Bierzo (Le\u00f3n. Espa\u00f1a)<\/strong>. <em>Proceedings of 10th International Conference<\/em>. Ostrava, Rep\u00fablica Checa. ISSN: 1213 2454 (CD-ROM).<\/li>\n<\/ul>\n<p>&nbsp;<\/p>\n<ul>\n<li>\u00c1lvarez Taboada, M.F, Scheugenpflug S. (2003) <strong>GIS migration: a change of mindset. How to make it a less painful experience<\/strong>. <em>Proceedings of ACSM 2003 American Congress on Surveying and Mapping<\/em>. Phoenix, Arizona. http:\/\/www.acsm.net\/GISImplementation41.pdf<\/li>\n<\/ul>\n<p>&nbsp;<\/p>\n<ul>\n<li>\u00c1lvarez Taboada, M.F., Rodr\u00edguez P\u00e9rez, J.R., Caz\u00f3n Seco, A.R. (2003) <strong>Aplicaci\u00f3n de los Sistemas de Informaci\u00f3n Geogr\u00e1fica para la gesti\u00f3n vit\u00edcola: aplicaci\u00f3n en la Denominaci\u00f3n de Origen Bierzo (Espa\u00f1a).<\/strong> <em>Proceedings of the XIII ADM \u2013 XV INGEGRAF Congress<\/em>. Department of Engineering. University of N\u00e1poles, Italy. June 2003. (In Spanish)<\/li>\n<\/ul>\n<p>&nbsp;<\/p>\n<ul>\n<li>\u00c1lvarez Taboada, M.F., Crecente Maseda R., Miranda Barr\u00f3s, D. (2003) <strong>Revisi\u00f3n y propuesta de metodolog\u00eda para la diferenciaci\u00f3n espacial en el marco de la perspectiva para el desarrollo del espacio europeo<\/strong>. <em>Proceedings of the IV Congreso Internacional de Ordenaci\u00f3n del Territorio<\/em>, Zaragoza, Spain. April 2003. (In Spanish)<\/li>\n<\/ul>\n<p>&nbsp;<\/p>\n<ul>\n<li>Rodr\u00edguez P\u00e9rez, J.R., \u00c1lvarez Taboada, M.F. (2003) <strong>Estimaci\u00f3n de ocupaci\u00f3n de vi\u00f1edo en la DO Bierzo (Le\u00f3n) mediante combinaci\u00f3n de dos im\u00e1genes Landsat<\/strong>. <em>Proceedings of X Congreso Nacional de Teledetecci\u00f3n<\/em>. C\u00e1ceres, Spain. September 2003. (In Spanish)<\/li>\n<\/ul>\n<p><strong><br \/>\n<\/strong><\/p>\n<h1><strong>Otras publicaciones<\/strong><\/h1>\n<p>&nbsp;<\/p>\n<ul>\n<li>Di\u00e9guez-Aranda, U., Barrio Anta, M., Castedo Dorado, F., Ruiz Gonz\u00e1lez, A.D., \u00c1lvarez Taboada, M.F., \u00c1lvarez Gonz\u00e1lez, J.G., Rojo Alboreca, A. (2003). <strong>Dendrometr\u00eda<\/strong>. En: Fundaci\u00f3n Conde del Valle de Salazar, Mundi-Prensa. Madrid. ISBN: 84-86793-93-9<\/li>\n<\/ul>\n<p>&nbsp;<\/p>\n<ul>\n<li>\u00c1lvarez Taboada, M.F., Rodr\u00edguez P\u00e9rez, J.R. (2003) <strong>GIS applied to Forest Engineering (Aplicaciones de los Sistemas de Informaci\u00f3n Geogr\u00e1fica para la Ingenier\u00eda Agroforestal)<\/strong>. Ed. Carrera Marqu\u00e9s, Le\u00f3n, Spain. 204 pp. ISBN: 84 607 6840 6 (In Spanish)<\/li>\n<\/ul>\n<p>&nbsp;<\/p>\n<ul>\n<li>Rodr\u00edguez-P\u00e9rez, J. R. (2003). A<strong>plicaciones de los sistemas de informaci\u00f3n geogr\u00e1fica para la ingenier\u00eda agroforestal<\/strong>. En: Carrera Marques,C.B.. (ed.). Lugo. ISSN\/ISBN: <a href=\"http:\/\/www.mcu.es\/webISBN\/tituloDetalle.do?sidTitul=1166531&amp;action=busquedaInicial&amp;noValidating=true&amp;POS=0&amp;MAX=50&amp;TOTAL=0&amp;prev_layout=busquedaisbn&amp;layout=busquedaisbn&amp;language=es\" target=\"_blank\">84-607-6840-6<\/a>.<\/li>\n<\/ul>\n<p>&nbsp;<\/p>\n<p>&nbsp;<\/p>\n<p>&nbsp;<\/p>\n<p align=\"center\"><a href=\"http:\/\/grupos.unileon.es\/ingecart\/2002-2\/\">A\u00f1o anterior <i>(2002)<\/i><\/a> &#8212; <a href=\"http:\/\/grupos.unileon.es\/ingecart\/2004-2\/\">A\u00f1o siguiente <i>(2004)<\/i><\/a><\/p>\n<p align=\"center\"><a title=\"Publicaciones\" href=\"http:\/\/grupos.unileon.es\/ingecart\/links-prueba\/\">Ver todos<\/a><\/p>\n","protected":false},"excerpt":{"rendered":"<p>Revistas cient\u00edficas (English) &nbsp; L\u00f3pez, C.A., Gorgoso, J., Castedo, F., Rojo, A., Rodr\u00edguez, R., \u00c1lvarez, J.G., S\u00e1nchez, F. (2003). A height-diameter model for Pinus radiata D. Don in Galicia (Northwest Spain). En: INRA (Institut Nacional de la Recherche Agronomique), EDP Sciences (eds.). Annals of Forest Science, 60, pp. 237-245. Revistas cient\u00edficas (Espa\u00f1ol) &nbsp; \u00c1lvarez Taboada, [&hellip;]<\/p>\n","protected":false},"author":14,"featured_media":0,"parent":0,"menu_order":0,"comment_status":"closed","ping_status":"open","template":"","meta":{"footnotes":""},"class_list":["post-741","page","type-page","status-publish","hentry"],"_links":{"self":[{"href":"https:\/\/grupos.unileon.es\/ingecart\/wp-json\/wp\/v2\/pages\/741","targetHints":{"allow":["GET"]}}],"collection":[{"href":"https:\/\/grupos.unileon.es\/ingecart\/wp-json\/wp\/v2\/pages"}],"about":[{"href":"https:\/\/grupos.unileon.es\/ingecart\/wp-json\/wp\/v2\/types\/page"}],"author":[{"embeddable":true,"href":"https:\/\/grupos.unileon.es\/ingecart\/wp-json\/wp\/v2\/users\/14"}],"replies":[{"embeddable":true,"href":"https:\/\/grupos.unileon.es\/ingecart\/wp-json\/wp\/v2\/comments?post=741"}],"version-history":[{"count":5,"href":"https:\/\/grupos.unileon.es\/ingecart\/wp-json\/wp\/v2\/pages\/741\/revisions"}],"predecessor-version":[{"id":767,"href":"https:\/\/grupos.unileon.es\/ingecart\/wp-json\/wp\/v2\/pages\/741\/revisions\/767"}],"wp:attachment":[{"href":"https:\/\/grupos.unileon.es\/ingecart\/wp-json\/wp\/v2\/media?parent=741"}],"curies":[{"name":"wp","href":"https:\/\/api.w.org\/{rel}","templated":true}]}}