{"id":744,"date":"2013-05-06T11:16:32","date_gmt":"2013-05-06T11:16:32","guid":{"rendered":"http:\/\/grupos.unileon.es\/ingecart\/?page_id=744"},"modified":"2014-05-27T11:19:36","modified_gmt":"2014-05-27T11:19:36","slug":"2002-2","status":"publish","type":"page","link":"https:\/\/grupos.unileon.es\/ingecart\/2002-2\/","title":{"rendered":"2002"},"content":{"rendered":"<h1><strong>Revistas cient\u00edficas (English)<\/strong><\/h1>\n<p>&nbsp;<\/p>\n<ul>\n<li>Rodr\u00edguez, R., S\u00e1nchez, F., Gorgoso, J., Castedo, F., L\u00f3pez, C., Gadow, K.v. (2002). <strong>Evaluating standard treatment options for Pinus radiata plantations in Galicia (north-western Spain)<\/strong>. En: Oxford University Press (eds.). <em>Forestry<\/em>, 75, pp. 273-284.<\/li>\n<\/ul>\n<p>&nbsp;<\/p>\n<ul>\n<li>\u00c1lvarez, M. F., Rodr\u00edguez-P\u00e9rez, J. R. (2002). <a href=\"http:\/\/geofocus.rediris.es\/docPDF\/Informe1_2002.pdf\" target=\"_blank\"><strong>Advantages and shortcominngs of migration cartography from ArcView to ArcGIS. Conclusion and practical recommendations<\/strong>.<\/a><em>GEOFOCUS<\/em>, 2, pp. 1-11.<\/li>\n<\/ul>\n<p><strong><br \/>\n<\/strong><\/p>\n<h1><strong><strong>Proceedings y actas de congresos<\/strong><\/strong><\/h1>\n<p>&nbsp;<\/p>\n<ul>\n<li>\u00c1lvarez Taboada, M.F., Rodr\u00edguez P\u00e9rez, J.R. (2002) <a href=\"https:\/\/buleria.unileon.es\/handle\/10612\/1845\" target=\"_blank\"><strong>Advantages and shortcomings of migrating cartography from ArcViewTM to ArcGisTM<\/strong><\/a>. <em>Conclusions and practical recommendations<\/em>. GeoFocus (Informes y comentarios), n\u00ba 2, 1-11, ISSN: 1578-5157.<\/li>\n<\/ul>\n<p>&nbsp;<\/p>\n<ul>\n<li>Barrio M., \u00c1lvarez Taboada, M.F., Castedo F., Di\u00e9guez U. (2002) <strong>New measuring instruments for forest inventory. Nuevos aparatos para las mediciones forestales.<\/strong> <em>Revista Montes<\/em>. N\u00ba 70 pp 46-56.<\/li>\n<\/ul>\n<p>&nbsp;<\/p>\n<ul>\n<li>Miranda, D., Di\u00e9guez U., \u00c1lvarez M. F., Crecente, R. (2002) <strong>Application of digital photogrammetry for estimating timber volume in Eucalyptus globulus Labill stands in Galicia<\/strong>. <em>Proceedings of ForestSAT 2002 Symposium<\/em>, Edinburgh, UK. August 2002.<\/li>\n<\/ul>\n<p>&nbsp;<\/p>\n<p>&nbsp;<\/p>\n<p>&nbsp;<\/p>\n<p>&nbsp;<\/p>\n<p align=\"center\"><a href=\"http:\/\/grupos.unileon.es\/ingecart\/2001-2\/\">A\u00f1o anterior <i>(2001)<\/i><\/a> &#8212; <a href=\"http:\/\/grupos.unileon.es\/ingecart\/2001-2\/\">A\u00f1o siguiente <i>(2003)<\/i><\/a><\/p>\n<p align=\"center\"><a title=\"Publicaciones\" href=\"http:\/\/grupos.unileon.es\/ingecart\/links-prueba\/\">Ver todos<\/a><\/p>\n","protected":false},"excerpt":{"rendered":"<p>Revistas cient\u00edficas (English) &nbsp; Rodr\u00edguez, R., S\u00e1nchez, F., Gorgoso, J., Castedo, F., L\u00f3pez, C., Gadow, K.v. (2002). Evaluating standard treatment options for Pinus radiata plantations in Galicia (north-western Spain). En: Oxford University Press (eds.). Forestry, 75, pp. 273-284. &nbsp; \u00c1lvarez, M. F., Rodr\u00edguez-P\u00e9rez, J. R. (2002). Advantages and shortcominngs of migration cartography from ArcView to [&hellip;]<\/p>\n","protected":false},"author":14,"featured_media":0,"parent":0,"menu_order":0,"comment_status":"closed","ping_status":"open","template":"","meta":{"footnotes":""},"class_list":["post-744","page","type-page","status-publish","hentry"],"_links":{"self":[{"href":"https:\/\/grupos.unileon.es\/ingecart\/wp-json\/wp\/v2\/pages\/744","targetHints":{"allow":["GET"]}}],"collection":[{"href":"https:\/\/grupos.unileon.es\/ingecart\/wp-json\/wp\/v2\/pages"}],"about":[{"href":"https:\/\/grupos.unileon.es\/ingecart\/wp-json\/wp\/v2\/types\/page"}],"author":[{"embeddable":true,"href":"https:\/\/grupos.unileon.es\/ingecart\/wp-json\/wp\/v2\/users\/14"}],"replies":[{"embeddable":true,"href":"https:\/\/grupos.unileon.es\/ingecart\/wp-json\/wp\/v2\/comments?post=744"}],"version-history":[{"count":8,"href":"https:\/\/grupos.unileon.es\/ingecart\/wp-json\/wp\/v2\/pages\/744\/revisions"}],"predecessor-version":[{"id":1389,"href":"https:\/\/grupos.unileon.es\/ingecart\/wp-json\/wp\/v2\/pages\/744\/revisions\/1389"}],"wp:attachment":[{"href":"https:\/\/grupos.unileon.es\/ingecart\/wp-json\/wp\/v2\/media?parent=744"}],"curies":[{"name":"wp","href":"https:\/\/api.w.org\/{rel}","templated":true}]}}