{"id":748,"date":"2013-05-06T11:20:41","date_gmt":"2013-05-06T11:20:41","guid":{"rendered":"http:\/\/grupos.unileon.es\/ingecart\/?page_id=748"},"modified":"2013-05-08T10:59:35","modified_gmt":"2013-05-08T10:59:35","slug":"2001-2","status":"publish","type":"page","link":"https:\/\/grupos.unileon.es\/ingecart\/2001-2\/","title":{"rendered":"2001"},"content":{"rendered":"<h1><strong>Revistas cient\u00edficas (Espa\u00f1ol)<\/strong><\/h1>\n<p>&nbsp;<\/p>\n<ul>\n<li>Montero, G., Rojo, A., \u00c1lvarez, M.F., Del R\u00edo, M. (2001) <strong>Silvicultural and economic aspects of the stands of Pinus sylvestris L. in the Sistema Central (Spain) (Aspectos selv\u00edcolas y econ\u00f3micos de los pinares de Pinus sylvestris L. en el Sistema Central)<\/strong>. <em>Revista Espa\u00f1ola de Estudios Agrosociales y Pesqueros, <\/em>193, pp 27-56.<\/li>\n<\/ul>\n<p>&nbsp;<\/p>\n<ul>\n<li>Castedo, F., Ruiz, A.D., \u00c1lvarez, J.G. (2001). <strong>Modelizaci\u00f3n de la relaci\u00f3n altura-di\u00e1metro para Pinus pinaster Ait. en Galicia mediante la funci\u00f3n de densidad bivariante SBB<\/strong>. En: Instituto Nacional de Investigaci\u00f3n y Tecnolog\u00eda Agraria y Alimentaria. <em>Investigaci\u00f3n Agraria: Sistemas y Recursos Forestales<\/em>, 10 (1), pp. 111-125.<\/li>\n<\/ul>\n<p>&nbsp;<\/p>\n<h1><strong>Proceedings y actas de congresos<\/strong><\/h1>\n<p>&nbsp;<\/p>\n<ul>\n<li>\u00c1lvarez Taboada, M.F.; L\u00f3pez C.A. (2001) C<strong>aracterizaci\u00f3n de las distribuciones diam\u00e9tricas de Quercus robur L. en Lugo (Galicia) mediante la funci\u00f3n de densidad Beta<\/strong>. <em>Proceedings of III Congreso Forestal Espa\u00f1ol<\/em>, Mesa 5, pp. 814-820. Granada, September 2001. (In Spanish)<\/li>\n<\/ul>\n<p>&nbsp;<\/p>\n<p><strong><br \/>\n<\/strong><\/p>\n<h1><strong>Otras publicaciones<\/strong><\/h1>\n<p>&nbsp;<\/p>\n<ul>\n<li>Rodr\u00edguez-P\u00e9rez, J. R. (2001). A<strong>n\u00e1lisis de redes aplicado a rutas tur\u00edsticas<\/strong>. En: Unicopia. V\u00e1zquez Fern\u00e1ndez, C.B. (ed.). Lugo. ISSN\/ISBN: <a href=\"http:\/\/www.mcu.es\/webISBN\/tituloDetalle.do?sidTitul=1057602&amp;action=busquedaInicial&amp;noValidating=true&amp;POS=0&amp;MAX=50&amp;TOTAL=0&amp;prev_layout=busquedaisbn&amp;layout=busquedaisbn&amp;language=es\" target=\"_blank\">84-89189-59-5<\/a>.<\/li>\n<\/ul>\n<p>&nbsp;<\/p>\n<ul>\n<li>Rodr\u00edguez-P\u00e9rez, J. R. (2001). <strong>Fases na elaboraci\u00f3n de cartograf\u00eda dixital mediante GPS e estaci\u00f3n total<\/strong>. En: Unicopia. V\u00e1zquez Fern\u00e1ndez, C.B. (ed.). Lugo. ISSN\/ISBN: <a href=\"http:\/\/www.mcu.es\/webISBN\/tituloDetalle.do?sidTitul=1092124&amp;action=busquedaInicial&amp;noValidating=true&amp;POS=0&amp;MAX=50&amp;TOTAL=0&amp;prev_layout=busquedaisbn&amp;layout=busquedaisbn&amp;language=es\" target=\"_blank\">84-89189-61-7<\/a>.<\/li>\n<\/ul>\n<p>&nbsp;<\/p>\n<ul>\n<li>Rodr\u00edguez-P\u00e9rez, J. R. (2001). <strong>Utilizaci\u00f3n de la fotograf\u00eda a\u00e9rea en la ingenier\u00eda agroforestal.<\/strong> En: Unicopia. V\u00e1zquez Fern\u00e1ndez, C.B. (ed.). Lugo. ISSN\/ISBN:<a href=\"http:\/\/www.mcu.es\/webISBN\/tituloDetalle.do?sidTitul=1057600&amp;action=busquedaInicial&amp;noValidating=true&amp;POS=0&amp;MAX=50&amp;TOTAL=0&amp;prev_layout=busquedaisbn&amp;layout=busquedaisbn&amp;language=es\" target=\"_blank\"> 84-89189-63-3<\/a>.<\/li>\n<\/ul>\n<p>&nbsp;<\/p>\n<p>&nbsp;<\/p>\n<p>&nbsp;<\/p>\n<p align=\"center\"><a href=\"http:\/\/grupos.unileon.es\/ingecart\/2000-2\/\">A\u00f1o anterior <i>(2000)<\/i><\/a> &#8212; <a href=\"http:\/\/grupos.unileon.es\/ingecart\/2002-2\/\">A\u00f1o siguiente <i>(2002)<\/i><\/a><\/p>\n<p align=\"center\"><a title=\"Publicaciones\" href=\"http:\/\/grupos.unileon.es\/ingecart\/links-prueba\/\">Ver todos<\/a><\/p>\n","protected":false},"excerpt":{"rendered":"<p>Revistas cient\u00edficas (Espa\u00f1ol) &nbsp; Montero, G., Rojo, A., \u00c1lvarez, M.F., Del R\u00edo, M. (2001) Silvicultural and economic aspects of the stands of Pinus sylvestris L. in the Sistema Central (Spain) (Aspectos selv\u00edcolas y econ\u00f3micos de los pinares de Pinus sylvestris L. en el Sistema Central). Revista Espa\u00f1ola de Estudios Agrosociales y Pesqueros, 193, pp 27-56. [&hellip;]<\/p>\n","protected":false},"author":14,"featured_media":0,"parent":0,"menu_order":0,"comment_status":"closed","ping_status":"open","template":"","meta":{"footnotes":""},"class_list":["post-748","page","type-page","status-publish","hentry"],"_links":{"self":[{"href":"https:\/\/grupos.unileon.es\/ingecart\/wp-json\/wp\/v2\/pages\/748","targetHints":{"allow":["GET"]}}],"collection":[{"href":"https:\/\/grupos.unileon.es\/ingecart\/wp-json\/wp\/v2\/pages"}],"about":[{"href":"https:\/\/grupos.unileon.es\/ingecart\/wp-json\/wp\/v2\/types\/page"}],"author":[{"embeddable":true,"href":"https:\/\/grupos.unileon.es\/ingecart\/wp-json\/wp\/v2\/users\/14"}],"replies":[{"embeddable":true,"href":"https:\/\/grupos.unileon.es\/ingecart\/wp-json\/wp\/v2\/comments?post=748"}],"version-history":[{"count":6,"href":"https:\/\/grupos.unileon.es\/ingecart\/wp-json\/wp\/v2\/pages\/748\/revisions"}],"predecessor-version":[{"id":760,"href":"https:\/\/grupos.unileon.es\/ingecart\/wp-json\/wp\/v2\/pages\/748\/revisions\/760"}],"wp:attachment":[{"href":"https:\/\/grupos.unileon.es\/ingecart\/wp-json\/wp\/v2\/media?parent=748"}],"curies":[{"name":"wp","href":"https:\/\/api.w.org\/{rel}","templated":true}]}}