{"id":749,"date":"2013-05-06T11:22:43","date_gmt":"2013-05-06T11:22:43","guid":{"rendered":"http:\/\/grupos.unileon.es\/ingecart\/?page_id=749"},"modified":"2013-05-08T10:59:10","modified_gmt":"2013-05-08T10:59:10","slug":"2000-2","status":"publish","type":"page","link":"https:\/\/grupos.unileon.es\/ingecart\/2000-2\/","title":{"rendered":"2000"},"content":{"rendered":"<h1><strong>Revistas cient\u00edficas (Espa\u00f1ol)<\/strong><\/h1>\n<p>&nbsp;<\/p>\n<ul>\n<li>Castedo, F., \u00c1lvarez, J.G. (2000). <strong>Construcci\u00f3n de una tarifa de cubicaci\u00f3n con clasificaci\u00f3n de productos para Pinus radiata D. Don en Galicia basada en una funci\u00f3n de perfil del tronco<\/strong>. En: Instituto Nacional de Investigaci\u00f3n y Tecnolog\u00eda Agraria y Alimentaria. <em>Investigaci\u00f3n Agraria: Sistemas y Recursos Forestales<\/em>, 9 (2), pp. 253-268.<\/li>\n<\/ul>\n<p>&nbsp;<\/p>\n<h1><strong>Otras publicaciones<\/strong><\/h1>\n<p>&nbsp;<\/p>\n<ul>\n<li>\u00c1lvarez, P., Barrio, M., Castedo, F., D\u00edaz, R.A., Fern\u00e1ndez, J.L, Mansilla, P., P\u00e9rez, R., Pintos, C., Riesco, G., Rodr\u00edguez, R., Salinero, M. (2000). <strong>Manual de selvicultura del casta\u00f1o en Galicia<\/strong>. En: Escuela Polit\u00e9cnica Superior (Universidad de Santiago de Compostela). Santiago de Compostela. ISBN: 84-923583-5-1<\/li>\n<\/ul>\n<p>&nbsp;<\/p>\n<p>&nbsp;<\/p>\n<p>&nbsp;<\/p>\n<p align=\"center\"><a href=\"http:\/\/grupos.unileon.es\/ingecart\/anos-anteriores\/\">A\u00f1os anteriores<\/a> &#8212; <a href=\"http:\/\/grupos.unileon.es\/ingecart\/2001-2\/\">A\u00f1o siguiente <i>(2001)<\/i><\/a><\/p>\n<p align=\"center\"><a title=\"Publicaciones\" href=\"http:\/\/grupos.unileon.es\/ingecart\/links-prueba\/\">Ver todos<\/a><\/p>\n","protected":false},"excerpt":{"rendered":"<p>Revistas cient\u00edficas (Espa\u00f1ol) &nbsp; Castedo, F., \u00c1lvarez, J.G. (2000). Construcci\u00f3n de una tarifa de cubicaci\u00f3n con clasificaci\u00f3n de productos para Pinus radiata D. Don en Galicia basada en una funci\u00f3n de perfil del tronco. En: Instituto Nacional de Investigaci\u00f3n y Tecnolog\u00eda Agraria y Alimentaria. Investigaci\u00f3n Agraria: Sistemas y Recursos Forestales, 9 (2), pp. 253-268. &nbsp; [&hellip;]<\/p>\n","protected":false},"author":14,"featured_media":0,"parent":0,"menu_order":0,"comment_status":"closed","ping_status":"open","template":"","meta":{"footnotes":""},"class_list":["post-749","page","type-page","status-publish","hentry"],"_links":{"self":[{"href":"https:\/\/grupos.unileon.es\/ingecart\/wp-json\/wp\/v2\/pages\/749","targetHints":{"allow":["GET"]}}],"collection":[{"href":"https:\/\/grupos.unileon.es\/ingecart\/wp-json\/wp\/v2\/pages"}],"about":[{"href":"https:\/\/grupos.unileon.es\/ingecart\/wp-json\/wp\/v2\/types\/page"}],"author":[{"embeddable":true,"href":"https:\/\/grupos.unileon.es\/ingecart\/wp-json\/wp\/v2\/users\/14"}],"replies":[{"embeddable":true,"href":"https:\/\/grupos.unileon.es\/ingecart\/wp-json\/wp\/v2\/comments?post=749"}],"version-history":[{"count":7,"href":"https:\/\/grupos.unileon.es\/ingecart\/wp-json\/wp\/v2\/pages\/749\/revisions"}],"predecessor-version":[{"id":1433,"href":"https:\/\/grupos.unileon.es\/ingecart\/wp-json\/wp\/v2\/pages\/749\/revisions\/1433"}],"wp:attachment":[{"href":"https:\/\/grupos.unileon.es\/ingecart\/wp-json\/wp\/v2\/media?parent=749"}],"curies":[{"name":"wp","href":"https:\/\/api.w.org\/{rel}","templated":true}]}}