{"id":754,"date":"2013-05-06T11:25:38","date_gmt":"2013-05-06T11:25:38","guid":{"rendered":"http:\/\/grupos.unileon.es\/ingecart\/?page_id=754"},"modified":"2013-05-08T10:58:46","modified_gmt":"2013-05-08T10:58:46","slug":"anos-anteriores","status":"publish","type":"page","link":"https:\/\/grupos.unileon.es\/ingecart\/anos-anteriores\/","title":{"rendered":"A\u00f1os anteriores"},"content":{"rendered":"<p><strong><br \/>\n<\/strong><\/p>\n<h1><strong>Revistas cient\u00edficas (Espa\u00f1ol)<\/strong><\/h1>\n<p>&nbsp;<\/p>\n<ul>\n<li>Rodr\u00edguez-P\u00e9rez, J.R., R. Crecente, and\u00a0 C.J. Alvarez (1999).<strong> <a href=\"\/\/books.google.es\/books?id=vfPVEOrgbRAC&amp;lpg=PA181&amp;dq=Metodolog%C3%ADa%20para%20%20estudio%20territorial%20mediante%20Sistemas%20de%20Informaci%C3%B3n%20Geogr%C3%A1fica%20(SIG)&amp;pg=PA181&amp;output=embed&quot; width=500 height=500&gt;&lt;\/iframe&gt;\" target=\"_blank\">Metodolog\u00eda para\u00a0 estudio territorial mediante Sistemas de Informaci\u00f3n Geogr\u00e1fica (SIG)<\/a><\/strong>.\u00a0<em>Informaci\u00f3n Tecnol\u00f3gica,<\/em><em> <\/em>10 (5), pp. 19-28.<\/li>\n<\/ul>\n<p>&nbsp;<\/p>\n<ul>\n<li>Rodr\u00edguez-P\u00e9rez, J. R. (1999). <strong>Daroca: propuestas para el desarrollo sostenible e integrado<\/strong>.\u00a0<em>Informaci\u00f3n Tecnol\u00f3gica<\/em>, 10 (5), pp. 181-188.<\/li>\n<\/ul>\n<p>&nbsp;<\/p>\n<ul>\n<li>Rodr\u00edguez-P\u00e9rez, J. R. (1999). <strong><a href=\"http:\/\/www.mappinginteractivo.com\/plantilla-ante.asp?id_articulo=309\" target=\"_blank\">Utilizaci\u00f3n de GPS RTK en entornos costeros: aplicaci\u00f3n a la playa de Samil (Vigo-Pontevedra)<\/a><\/strong>.\u00a0<em>Mapping-la revista tematica interactiva de ciencias de la tierra<\/em>, 56, pp. 36-39.<\/li>\n<\/ul>\n<p>&nbsp;<\/p>\n<ul>\n<li>Rodr\u00edguez-P\u00e9rez, J. R. (1998). <strong>Ordenaci\u00f3n del territorio: una necesidad en el medio rural<\/strong>.\u00a0<em>Cooperaci\u00f3n Agraria<\/em>, 17, pp. 20-21.<\/li>\n<\/ul>\n<p>&nbsp;<\/p>\n<ul>\n<li>Rodr\u00edguez-P\u00e9rez, J. R. (1998). <strong>An\u00e1lisis de proyectos de concentraci\u00f3n parcelaria en el noreste de Galicia<\/strong>.\u00a0<em>Agr\u00f3nomos<\/em>, 19, pp. 10-15.<\/li>\n<\/ul>\n<p>&nbsp;<\/p>\n<ul>\n<li>Rodr\u00edguez-P\u00e9rez, J. R. (1998). <strong>Un proyecto de ordenaci\u00f3n del territorio: aplicaci\u00f3n del modelo sist\u00e9mico a la Comarca de Daroca<\/strong>.\u00a0<em>Agr\u00f3nomos<\/em>, 16, pp. 28-31.<\/li>\n<\/ul>\n<p>&nbsp;<\/p>\n<ul>\n<li>Rodr\u00edguez-P\u00e9rez, J. R. (1998). <strong>Daroca: propuestas para el desarrollo sostenible e integrado<\/strong>.\u00a0<em>Agr\u00f3nomos<\/em>, 3, pp. 27-32.<\/li>\n<\/ul>\n<p>&nbsp;<\/p>\n<h1><strong>Otras publicaciones<\/strong><\/h1>\n<p>&nbsp;<\/p>\n<ul>\n<li>Rodr\u00edguez-P\u00e9rez, J. R. (1998). <strong>Curso pr\u00e1ctico de dibujo t\u00e9cnico y sistemas de representaci\u00f3n. En: Instituto de Autom\u00e1tica y Fabricaci\u00f3n<\/strong>. Unidad de Imagen (ed.). Le\u00f3n. ISSN\/ISBN: 84-8416-589-2.<\/li>\n<\/ul>\n<p>&nbsp;<\/p>\n<ul>\n<li>Rodr\u00edguez-P\u00e9rez, J. R. (1998). <strong>Estudio mediante t\u00e9cnicas SIG de la concentraci\u00f3n parcelaria como instrumento de ordenaci\u00f3n del medio rural<\/strong>. En: CIHEAM.IAMZ (ed.). Ponferrada. ISSN\/ISBN: Signatura IAMZ: TM-3.<\/li>\n<\/ul>\n<p>&nbsp;<\/p>\n<ul>\n<li>Rodr\u00edguez-P\u00e9rez, J. R. (1997). <strong>Daroca: propuestas para el desarrollo sostenible e integrado<\/strong>. En: CIHEAM.IAMZ. (Ed.) Zaragoza.<\/li>\n<\/ul>\n<p>&nbsp;<\/p>\n<p>&nbsp;<\/p>\n<p>&nbsp;<\/p>\n<p align=\"center\"><a href=\"http:\/\/grupos.unileon.es\/ingecart\/2000-2\/\">A\u00f1os siguientes <i>(2000) <\/i><\/a>&#8211; <a title=\"Publicaciones\" href=\"http:\/\/grupos.unileon.es\/ingecart\/links-prueba\/\">Ver todos<\/a><\/p>\n","protected":false},"excerpt":{"rendered":"<p>Revistas cient\u00edficas (Espa\u00f1ol) &nbsp; Rodr\u00edguez-P\u00e9rez, J.R., R. Crecente, and\u00a0 C.J. Alvarez (1999). Metodolog\u00eda para\u00a0 estudio territorial mediante Sistemas de Informaci\u00f3n Geogr\u00e1fica (SIG).\u00a0Informaci\u00f3n Tecnol\u00f3gica, 10 (5), pp. 19-28. &nbsp; Rodr\u00edguez-P\u00e9rez, J. R. (1999). Daroca: propuestas para el desarrollo sostenible e integrado.\u00a0Informaci\u00f3n Tecnol\u00f3gica, 10 (5), pp. 181-188. &nbsp; Rodr\u00edguez-P\u00e9rez, J. R. (1999). Utilizaci\u00f3n de GPS RTK en [&hellip;]<\/p>\n","protected":false},"author":14,"featured_media":0,"parent":0,"menu_order":0,"comment_status":"closed","ping_status":"open","template":"","meta":{"footnotes":""},"class_list":["post-754","page","type-page","status-publish","hentry"],"_links":{"self":[{"href":"https:\/\/grupos.unileon.es\/ingecart\/wp-json\/wp\/v2\/pages\/754","targetHints":{"allow":["GET"]}}],"collection":[{"href":"https:\/\/grupos.unileon.es\/ingecart\/wp-json\/wp\/v2\/pages"}],"about":[{"href":"https:\/\/grupos.unileon.es\/ingecart\/wp-json\/wp\/v2\/types\/page"}],"author":[{"embeddable":true,"href":"https:\/\/grupos.unileon.es\/ingecart\/wp-json\/wp\/v2\/users\/14"}],"replies":[{"embeddable":true,"href":"https:\/\/grupos.unileon.es\/ingecart\/wp-json\/wp\/v2\/comments?post=754"}],"version-history":[{"count":6,"href":"https:\/\/grupos.unileon.es\/ingecart\/wp-json\/wp\/v2\/pages\/754\/revisions"}],"predecessor-version":[{"id":909,"href":"https:\/\/grupos.unileon.es\/ingecart\/wp-json\/wp\/v2\/pages\/754\/revisions\/909"}],"wp:attachment":[{"href":"https:\/\/grupos.unileon.es\/ingecart\/wp-json\/wp\/v2\/media?parent=754"}],"curies":[{"name":"wp","href":"https:\/\/api.w.org\/{rel}","templated":true}]}}