{"id":820,"date":"2013-05-07T10:13:44","date_gmt":"2013-05-07T10:13:44","guid":{"rendered":"http:\/\/grupos.unileon.es\/ingecart\/?page_id=820"},"modified":"2017-07-24T22:42:54","modified_gmt":"2017-07-24T22:42:54","slug":"archivos","status":"publish","type":"page","link":"https:\/\/grupos.unileon.es\/ingecart\/archivos\/","title":{"rendered":"Investigaci\u00f3n"},"content":{"rendered":"<p>En esta secci\u00f3n puedes encontrar informaci\u00f3n sobre la investigaci\u00f3n del grupo GEOINCA.<\/p>\n<ul style=\"list-style-type: square;\">\n<li><span style=\"text-decoration: underline;\">L\u00edneas de investigaci\u00f3n<\/span>: las investigaciones del grupo se encuadran en tres l\u00edneas de investigaci\u00f3n:<\/li>\n<\/ul>\n<blockquote>\n<ul style=\"list-style-type: disc;\">\n<li><strong>Fotogrametr\u00eda de Objeto Cercano con C\u00e1maras Est\u00e1ndar: <\/strong>Modelizaci\u00f3n de la Geometr\u00eda Interna, Estabilidad geom\u00e9trica, Aberraciones Crom\u00e1ticas, Aplicaciones Geomorfol\u00f3gicas, Fotogrametr\u00eda A\u00e9rea de Baja Altura con UAVs.<\/li>\n<\/ul>\n<ul style=\"list-style-type: disc;\">\n<li><strong>GNSS: <\/strong>Evaluaci\u00f3n de receptores y redes GNSS.<\/li>\n<\/ul>\n<ul style=\"list-style-type: disc;\">\n<li><strong>SIG y Teledetecci\u00f3n: <\/strong>Sistemas de Informaci\u00f3n Geogr\u00e1fica y Teledetecci\u00f3n aplicados al seguimiento de recursos naturales y productivos.<\/li>\n<\/ul>\n<\/blockquote>\n<ul style=\"list-style-type: square;\">\n<li><a title=\"Tesis doctorales\" href=\"http:\/\/grupos.unileon.es\/ingecart\/tesis-doctorales\/\">Tesis doctorales<\/a>:\u00a0 las tesis doctorales, tesis m\u00e1ster y trabajos fin de grado dirigidas por los investigadores del grupo GEOINCA se resumen en este enlace.<\/li>\n<\/ul>\n<ul style=\"list-style-type: square;\">\n<li><a title=\"Publicaciones\" href=\"http:\/\/grupos.unileon.es\/ingecart\/links-prueba\/\">Publicaciones<\/a>: para acceder a las publicaciones cient\u00edficas y t\u00e9cnicas de GEOINCA entra en este enlace.<\/li>\n<\/ul>\n<ul style=\"list-style-type: square;\">\n<li><a title=\"Proyectos\" href=\"http:\/\/grupos.unileon.es\/ingecart\/proyectos\/\">Proyectos de investigaci\u00f3n<\/a>: en este enlace se describen los proyectos y contratos de investigaci\u00f3n desarrollados en el grupo<\/li>\n<\/ul>\n<ul>\n<li><a title=\"Proyectos\" href=\"http:\/\/grupos.unileon.es\/ingecart\/data\/\">Data GEOINCA<\/a>: en este enlace se puede acceder a datso de algunos proyectos de GEOINCA<\/li>\n<\/ul>\n<p>&nbsp;<\/p>\n","protected":false},"excerpt":{"rendered":"<p>En esta secci\u00f3n puedes encontrar informaci\u00f3n sobre la investigaci\u00f3n del grupo GEOINCA. L\u00edneas de investigaci\u00f3n: las investigaciones del grupo se encuadran en tres l\u00edneas de investigaci\u00f3n: Fotogrametr\u00eda de Objeto Cercano con C\u00e1maras Est\u00e1ndar: Modelizaci\u00f3n de la Geometr\u00eda Interna, Estabilidad geom\u00e9trica, Aberraciones Crom\u00e1ticas, Aplicaciones Geomorfol\u00f3gicas, Fotogrametr\u00eda A\u00e9rea de Baja Altura con UAVs. GNSS: Evaluaci\u00f3n de receptores [&hellip;]<\/p>\n","protected":false},"author":14,"featured_media":0,"parent":0,"menu_order":0,"comment_status":"closed","ping_status":"open","template":"","meta":{"footnotes":""},"class_list":["post-820","page","type-page","status-publish","hentry"],"_links":{"self":[{"href":"https:\/\/grupos.unileon.es\/ingecart\/wp-json\/wp\/v2\/pages\/820","targetHints":{"allow":["GET"]}}],"collection":[{"href":"https:\/\/grupos.unileon.es\/ingecart\/wp-json\/wp\/v2\/pages"}],"about":[{"href":"https:\/\/grupos.unileon.es\/ingecart\/wp-json\/wp\/v2\/types\/page"}],"author":[{"embeddable":true,"href":"https:\/\/grupos.unileon.es\/ingecart\/wp-json\/wp\/v2\/users\/14"}],"replies":[{"embeddable":true,"href":"https:\/\/grupos.unileon.es\/ingecart\/wp-json\/wp\/v2\/comments?post=820"}],"version-history":[{"count":13,"href":"https:\/\/grupos.unileon.es\/ingecart\/wp-json\/wp\/v2\/pages\/820\/revisions"}],"predecessor-version":[{"id":1440,"href":"https:\/\/grupos.unileon.es\/ingecart\/wp-json\/wp\/v2\/pages\/820\/revisions\/1440"}],"wp:attachment":[{"href":"https:\/\/grupos.unileon.es\/ingecart\/wp-json\/wp\/v2\/media?parent=820"}],"curies":[{"name":"wp","href":"https:\/\/api.w.org\/{rel}","templated":true}]}}