{"id":1366,"date":"2021-02-12T10:58:27","date_gmt":"2021-02-12T10:58:27","guid":{"rendered":"https:\/\/grupos.unileon.es\/ingenieria-y-agricultura-sostenible\/?page_id=1366"},"modified":"2021-02-12T12:15:24","modified_gmt":"2021-02-12T12:15:24","slug":"premios","status":"publish","type":"page","link":"https:\/\/grupos.unileon.es\/ingenieria-y-agricultura-sostenible\/premios\/","title":{"rendered":"Premios"},"content":{"rendered":"<p><\/p>\n<h1 style=\"text-align: center;\">2020<\/h1>\n<h2>Pruebas de concepto 2020:<\/h2>\n<h3>\u201c<a href=\"http:\/\/fgulem.unileon.es\/prototiposule\/\" target=\"_blank\" rel=\"noopener\">Galilei, un divertido juego de mesa para estudiantes de ciencias y tecnolog\u00eda<\/a>\u201d<\/h3>\n<div style=\"width: 640px;\" class=\"wp-video\"><!--[if lt IE 9]><script>document.createElement('video');<\/script><![endif]-->\n<video class=\"wp-video-shortcode\" id=\"video-1366-1\" width=\"640\" height=\"360\" preload=\"metadata\" controls=\"controls\"><source type=\"video\/mp4\" src=\"https:\/\/grupos.unileon.es\/ingenieria-y-agricultura-sostenible\/files\/2021\/02\/Prueba-concepto-Galilei.mp4?_=1\" \/><a href=\"https:\/\/grupos.unileon.es\/ingenieria-y-agricultura-sostenible\/files\/2021\/02\/Prueba-concepto-Galilei.mp4\">https:\/\/grupos.unileon.es\/ingenieria-y-agricultura-sostenible\/files\/2021\/02\/Prueba-concepto-Galilei.mp4<\/a><\/video><\/div>\n<h3>\u201c<a href=\"http:\/\/fgulem.unileon.es\/prototiposule\/#single-project\" target=\"_blank\" rel=\"noopener\">Dispositivo para el control y seguimiento de insectos plaga en especies le\u00f1osas\u00bb<\/a><\/h3>\n<div style=\"width: 640px;\" class=\"wp-video\"><video class=\"wp-video-shortcode\" id=\"video-1366-2\" width=\"640\" height=\"360\" preload=\"metadata\" controls=\"controls\"><source type=\"video\/mp4\" src=\"https:\/\/grupos.unileon.es\/ingenieria-y-agricultura-sostenible\/files\/2021\/02\/Prueba-Concepto-Dispositivo-captura.mp4?_=2\" \/><a href=\"https:\/\/grupos.unileon.es\/ingenieria-y-agricultura-sostenible\/files\/2021\/02\/Prueba-Concepto-Dispositivo-captura.mp4\">https:\/\/grupos.unileon.es\/ingenieria-y-agricultura-sostenible\/files\/2021\/02\/Prueba-Concepto-Dispositivo-captura.mp4<\/a><\/video><\/div>\n<h3 style=\"text-align: center;\">2019<\/h3>\n<h3><a href=\"https:\/\/www.redtcue.es\/desafio\/desafio-2019\/ganadores\" target=\"_blank\" rel=\"noopener noreferrer\">Premio \u201cDesaf\u00edo Universidad Empresa\u201d Edici\u00f3n 2019<\/a><\/h3>\n<p><img loading=\"lazy\" decoding=\"async\" class=\"aligncenter size-full wp-image-1381\" src=\"https:\/\/grupos.unileon.es\/ingenieria-y-agricultura-sostenible\/files\/2021\/02\/Desafio-Universidad.jpg\" alt=\"\" width=\"605\" height=\"345\" \/><\/p>\n<h3><a href=\"http:\/\/www.ptvino.com\/es\/la-plataforma-tecnologica-del-vino-entrega-sus-premios-innovacion-2019\/\" target=\"_blank\" rel=\"noopener noreferrer\">Premios Innovaci\u00f3n 2019 categor\u00eda \u201cJoven Investigador\u201d<\/a><\/h3>\n<p><img loading=\"lazy\" decoding=\"async\" class=\"aligncenter size-full wp-image-1382\" src=\"https:\/\/grupos.unileon.es\/ingenieria-y-agricultura-sostenible\/files\/2021\/02\/Premio-joven.jpg\" alt=\"\" width=\"605\" height=\"345\" \/><\/p>\n<h1 style=\"text-align: center;\">2018<\/h1>\n<h3><a href=\"http:\/\/fgulem.unileon.es\/fgulem\/pdf\/acta_resolucion_prototipos2018.pdf\" target=\"_blank\" rel=\"noopener noreferrer\">Primer premio del Concurso de Prototipos de la Universidad de Le\u00f3n 2018<\/a><\/h3>\n<h3>Pruebas de concepto 2018:<\/h3>\n<h3>\u201c<b>Evaluaci\u00f3n del potencial cient\u00edfico y comercial del prototipo \u00abC\u00e1mara de cultivo para ensayos microbiol\u00f3gicos de competencia mediante compuestos vol\u00e1tiles\u201d<\/b><\/h3>\n<div style=\"width: 640px;\" class=\"wp-video\"><video class=\"wp-video-shortcode\" id=\"video-1366-3\" width=\"640\" height=\"360\" preload=\"metadata\" controls=\"controls\"><source type=\"video\/mp4\" src=\"https:\/\/grupos.unileon.es\/ingenieria-y-agricultura-sostenible\/files\/2021\/02\/Prueba-concepto-Camara-Reducido.mp4?_=3\" \/><a href=\"https:\/\/grupos.unileon.es\/ingenieria-y-agricultura-sostenible\/files\/2021\/02\/Prueba-concepto-Camara-Reducido.mp4\">https:\/\/grupos.unileon.es\/ingenieria-y-agricultura-sostenible\/files\/2021\/02\/Prueba-concepto-Camara-Reducido.mp4<\/a><\/video><\/div>\n<h3>\u201cOptimizaci\u00f3n de trampas con atrayentes vol\u00e1tiles para la captura en campo de <em>Xylotrechus arvicola<\/em>, insecto plaga en el cultivo de la vid\u201d<\/h3>\n<div style=\"width: 640px;\" class=\"wp-video\"><video class=\"wp-video-shortcode\" id=\"video-1366-4\" width=\"640\" height=\"360\" preload=\"metadata\" controls=\"controls\"><source type=\"video\/mp4\" src=\"https:\/\/grupos.unileon.es\/ingenieria-y-agricultura-sostenible\/files\/2021\/02\/Prueba-concepto-Trampa-Reducido.mp4?_=4\" \/><a href=\"https:\/\/grupos.unileon.es\/ingenieria-y-agricultura-sostenible\/files\/2021\/02\/Prueba-concepto-Trampa-Reducido.mp4\">https:\/\/grupos.unileon.es\/ingenieria-y-agricultura-sostenible\/files\/2021\/02\/Prueba-concepto-Trampa-Reducido.mp4<\/a><\/video><\/div>\n<h3><b>\u201cFabricaci\u00f3n de carbonizados con propiedades adsorbentes a partir de biomasa residual\u201d<\/b><\/h3>\n<div style=\"width: 640px;\" class=\"wp-video\"><video class=\"wp-video-shortcode\" id=\"video-1366-5\" width=\"640\" height=\"360\" preload=\"metadata\" controls=\"controls\"><source type=\"video\/mp4\" src=\"https:\/\/grupos.unileon.es\/ingenieria-y-agricultura-sostenible\/files\/2021\/02\/Prueba-concepto-Carbonizados-Reducido.mp4?_=5\" \/><a href=\"https:\/\/grupos.unileon.es\/ingenieria-y-agricultura-sostenible\/files\/2021\/02\/Prueba-concepto-Carbonizados-Reducido.mp4\">https:\/\/grupos.unileon.es\/ingenieria-y-agricultura-sostenible\/files\/2021\/02\/Prueba-concepto-Carbonizados-Reducido.mp4<\/a><\/video><\/div>\n<h3><a href=\"https:\/\/www.redtcue.es\/campus\/campus-2018\/ganadores\" target=\"_blank\" rel=\"noopener noreferrer\">Premio \u201cIniciativa Campus Emprendedor\u201d Edici\u00f3n 2018<\/a><\/h3>\n<p><img loading=\"lazy\" decoding=\"async\" class=\"aligncenter size-medium wp-image-1161\" src=\"https:\/\/grupos.unileon.es\/ingenieria-y-agricultura-sostenible\/files\/2019\/02\/51721758_1943086192456311_7745270153016770560_n-300x200.jpg\" alt=\"\" width=\"300\" height=\"200\" srcset=\"https:\/\/grupos.unileon.es\/ingenieria-y-agricultura-sostenible\/files\/2019\/02\/51721758_1943086192456311_7745270153016770560_n-300x200.jpg 300w, https:\/\/grupos.unileon.es\/ingenieria-y-agricultura-sostenible\/files\/2019\/02\/51721758_1943086192456311_7745270153016770560_n-768x512.jpg 768w, https:\/\/grupos.unileon.es\/ingenieria-y-agricultura-sostenible\/files\/2019\/02\/51721758_1943086192456311_7745270153016770560_n.jpg 960w\" sizes=\"auto, (max-width: 300px) 100vw, 300px\" \/><\/p>\n<h3><a href=\"http:\/\/www.estia.unileon.es\/premios-a-la-innovacion-en-la-ensenanza-del-consejo-social-de-la-ule\/\" target=\"_blank\" rel=\"noopener noreferrer\">Premios a la Innovaci\u00f3n en la Ense\u00f1anza del Consejo Social de la ULE<\/a><\/h3>\n<p><img loading=\"lazy\" decoding=\"async\" class=\"aligncenter size-full wp-image-1372\" src=\"https:\/\/grupos.unileon.es\/ingenieria-y-agricultura-sostenible\/files\/2021\/02\/Premio-Innovacion-Ensenanza-2018.jpg\" alt=\"\" width=\"438\" height=\"345\" \/><\/p>\n<h1 style=\"text-align: center;\">2017<\/h1>\n<h3><a href=\"http:\/\/www.diariodeleon.es\/noticias\/leon\/encontrar-hongo-bueno_1166294.html\" target=\"_blank\" rel=\"noopener noreferrer\">Premios INNOVA del Diario de Le\u00f3n<\/a><\/h3>\n<p><img loading=\"lazy\" decoding=\"async\" class=\"aligncenter size-full wp-image-1375\" src=\"https:\/\/grupos.unileon.es\/ingenieria-y-agricultura-sostenible\/files\/2021\/02\/INNOVA.jpg\" alt=\"\" width=\"478\" height=\"661\" \/><\/p>\n<h1 style=\"text-align: center;\">2016<\/h1>\n<h3 class=\"title\"><a href=\"http:\/\/www.unileon.es\/noticias\/premiada-una-investigacion-de-la-ule-sobre-control-biologico-de-enfermedades-de-la-vid\" target=\"_blank\" rel=\"noopener noreferrer\">Premiado por Consejo Econ\u00f3mico y Social de Castilla y Le\u00f3n:\u00a0 Premio de Investigaci\u00f3n 2016 del CES y de las universidades p\u00fablicas de Le\u00f3n, Burgos y Valladolid, que integran el Campus de Excelencia Triangular E3 por una investigaci\u00f3n sobre control biol\u00f3gico de enfermedades de la vid<\/a><\/h3>\n<p><img loading=\"lazy\" decoding=\"async\" class=\"aligncenter wp-image-789 size-medium\" src=\"https:\/\/grupos.unileon.es\/ingenieria-y-agricultura-sostenible\/files\/2017\/02\/260117ad003-300x200.jpg\" alt=\"\" width=\"300\" height=\"200\" srcset=\"https:\/\/grupos.unileon.es\/ingenieria-y-agricultura-sostenible\/files\/2017\/02\/260117ad003-300x200.jpg 300w, https:\/\/grupos.unileon.es\/ingenieria-y-agricultura-sostenible\/files\/2017\/02\/260117ad003-768x512.jpg 768w, https:\/\/grupos.unileon.es\/ingenieria-y-agricultura-sostenible\/files\/2017\/02\/260117ad003-1024x683.jpg 1024w\" sizes=\"auto, (max-width: 300px) 100vw, 300px\" \/><\/p>\n<p><\/p>\n","protected":false},"excerpt":{"rendered":"<p>2020 Pruebas de concepto 2020: \u201cGalilei, un divertido juego de mesa para estudiantes de ciencias y tecnolog\u00eda\u201d \u201cDispositivo para el control y seguimiento de insectos plaga en especies le\u00f1osas\u00bb 2019 Premio \u201cDesaf\u00edo Universidad Empresa\u201d Edici\u00f3n 2019 Premios Innovaci\u00f3n 2019 categor\u00eda \u201cJoven Investigador\u201d 2018 Primer premio del Concurso de Prototipos de la Universidad de Le\u00f3n 2018 [&hellip;]<\/p>\n","protected":false},"author":56,"featured_media":0,"parent":0,"menu_order":0,"comment_status":"closed","ping_status":"closed","template":"","meta":{"footnotes":""},"class_list":["post-1366","page","type-page","status-publish","hentry"],"_links":{"self":[{"href":"https:\/\/grupos.unileon.es\/ingenieria-y-agricultura-sostenible\/wp-json\/wp\/v2\/pages\/1366","targetHints":{"allow":["GET"]}}],"collection":[{"href":"https:\/\/grupos.unileon.es\/ingenieria-y-agricultura-sostenible\/wp-json\/wp\/v2\/pages"}],"about":[{"href":"https:\/\/grupos.unileon.es\/ingenieria-y-agricultura-sostenible\/wp-json\/wp\/v2\/types\/page"}],"author":[{"embeddable":true,"href":"https:\/\/grupos.unileon.es\/ingenieria-y-agricultura-sostenible\/wp-json\/wp\/v2\/users\/56"}],"replies":[{"embeddable":true,"href":"https:\/\/grupos.unileon.es\/ingenieria-y-agricultura-sostenible\/wp-json\/wp\/v2\/comments?post=1366"}],"version-history":[{"count":12,"href":"https:\/\/grupos.unileon.es\/ingenieria-y-agricultura-sostenible\/wp-json\/wp\/v2\/pages\/1366\/revisions"}],"predecessor-version":[{"id":1393,"href":"https:\/\/grupos.unileon.es\/ingenieria-y-agricultura-sostenible\/wp-json\/wp\/v2\/pages\/1366\/revisions\/1393"}],"wp:attachment":[{"href":"https:\/\/grupos.unileon.es\/ingenieria-y-agricultura-sostenible\/wp-json\/wp\/v2\/media?parent=1366"}],"curies":[{"name":"wp","href":"https:\/\/api.w.org\/{rel}","templated":true}]}}