{"id":313,"date":"2016-06-09T14:56:40","date_gmt":"2016-06-09T14:56:40","guid":{"rendered":"http:\/\/grupos.unileon.es\/ingenieria-y-agricultura-sostenible\/?page_id=313"},"modified":"2018-06-29T14:48:46","modified_gmt":"2018-06-29T14:48:46","slug":"ubicacion","status":"publish","type":"page","link":"https:\/\/grupos.unileon.es\/ingenieria-y-agricultura-sostenible\/ubicacion\/","title":{"rendered":"Ubicaci\u00f3n y contacto"},"content":{"rendered":"<h4 style=\"text-align: left;\"><strong>Direcci\u00f3n postal<\/strong><\/h4>\n<p style=\"text-align: left;\">Grupo de Investigaci\u00f3n de Ingenier\u00eda y Agricultura Sostenible<\/p>\n<p style=\"text-align: left;\">UNIVERSIDAD DE LE\u00d3N<\/p>\n<p style=\"text-align: left;\">Escuela de Ingenier\u00eda Agraria y Forestal<\/p>\n<p style=\"text-align: left;\">Avenida de Portugal, 41\u00a0 24071 LE\u00d3N<\/p>\n<p><img loading=\"lazy\" decoding=\"async\" class=\"size-medium wp-image-1065 aligncenter\" src=\"http:\/\/grupos.unileon.es\/ingenieria-y-agricultura-sostenible\/files\/2018\/05\/IMG_20180518_130734-e1526644094282-175x300.jpg\" alt=\"\" width=\"175\" height=\"300\" srcset=\"https:\/\/grupos.unileon.es\/ingenieria-y-agricultura-sostenible\/files\/2018\/05\/IMG_20180518_130734-e1526644094282-175x300.jpg 175w, https:\/\/grupos.unileon.es\/ingenieria-y-agricultura-sostenible\/files\/2018\/05\/IMG_20180518_130734-e1526644094282-768x1319.jpg 768w, https:\/\/grupos.unileon.es\/ingenieria-y-agricultura-sostenible\/files\/2018\/05\/IMG_20180518_130734-e1526644094282-596x1024.jpg 596w\" sizes=\"auto, (max-width: 175px) 100vw, 175px\" \/><\/p>\n<h4 style=\"text-align: center;\"><strong>Facebook\u00a0 <a href=\"https:\/\/www.facebook.com\/Grupo-de-Investigaci%C3%B3n-de-Ingenier%C3%ADa-y-Agricultura-Sostenible-IAS-195811807472889\/?fref=ts\" target=\"_blank\" rel=\"noopener\"><img loading=\"lazy\" decoding=\"async\" class=\"wp-image-241 alignright\" src=\"http:\/\/grupos.unileon.es\/ingenieria-y-agricultura-sostenible\/files\/2016\/05\/facebook-like-logo-24-300x227.png\" alt=\"facebook-like-logo-24\" width=\"80\" height=\"60\" \/><\/a><\/strong><\/h4>\n<p>&nbsp;<\/p>\n<h2 style=\"text-align: center;\">Campus de Le\u00f3n<\/h2>\n<p><iframe loading=\"lazy\" style=\"border: 0;\" src=\"https:\/\/www.google.com\/maps\/embed?pb=!1m14!1m8!1m3!1d11750.5672071357!2d-5.589398!3d42.5841248!3m2!1i1024!2i768!4f13.1!3m3!1m2!1s0x0%3A0xe53f393abf70ab9d!2sEscuela+Superior+y+T%C3%A9cnica+de+Ingenier%C3%ADa+Agraria+-+Universidad+de+Le%C3%B3n!5e0!3m2!1ses!2ses!4v1465485894912\" width=\"600\" height=\"450\" frameborder=\"0\" allowfullscreen=\"allowfullscreen\"><\/iframe><\/p>\n<h2 style=\"text-align: center;\">Campus de Ponferrada<\/h2>\n<p><iframe loading=\"lazy\" style=\"border: 0;\" src=\"https:\/\/www.google.com\/maps\/embed?pb=!1m14!1m8!1m3!1d11756.824194210327!2d-6.5811229!3d42.5509175!3m2!1i1024!2i768!4f13.1!3m3!1m2!1s0x0%3A0x2e68df93f26c4c2!2sCampus+Universitario+de+Ponferrada!5e0!3m2!1ses!2ses!4v1465485823558\" width=\"600\" height=\"450\" frameborder=\"0\" allowfullscreen=\"allowfullscreen\"><\/iframe><\/p>\n","protected":false},"excerpt":{"rendered":"<p>Direcci\u00f3n postal Grupo de Investigaci\u00f3n de Ingenier\u00eda y Agricultura Sostenible UNIVERSIDAD DE LE\u00d3N Escuela de Ingenier\u00eda Agraria y Forestal Avenida de Portugal, 41\u00a0 24071 LE\u00d3N Facebook\u00a0 &nbsp; Campus de Le\u00f3n Campus de Ponferrada<\/p>\n","protected":false},"author":56,"featured_media":0,"parent":0,"menu_order":0,"comment_status":"closed","ping_status":"closed","template":"","meta":{"footnotes":""},"class_list":["post-313","page","type-page","status-publish","hentry"],"_links":{"self":[{"href":"https:\/\/grupos.unileon.es\/ingenieria-y-agricultura-sostenible\/wp-json\/wp\/v2\/pages\/313","targetHints":{"allow":["GET"]}}],"collection":[{"href":"https:\/\/grupos.unileon.es\/ingenieria-y-agricultura-sostenible\/wp-json\/wp\/v2\/pages"}],"about":[{"href":"https:\/\/grupos.unileon.es\/ingenieria-y-agricultura-sostenible\/wp-json\/wp\/v2\/types\/page"}],"author":[{"embeddable":true,"href":"https:\/\/grupos.unileon.es\/ingenieria-y-agricultura-sostenible\/wp-json\/wp\/v2\/users\/56"}],"replies":[{"embeddable":true,"href":"https:\/\/grupos.unileon.es\/ingenieria-y-agricultura-sostenible\/wp-json\/wp\/v2\/comments?post=313"}],"version-history":[{"count":36,"href":"https:\/\/grupos.unileon.es\/ingenieria-y-agricultura-sostenible\/wp-json\/wp\/v2\/pages\/313\/revisions"}],"predecessor-version":[{"id":1112,"href":"https:\/\/grupos.unileon.es\/ingenieria-y-agricultura-sostenible\/wp-json\/wp\/v2\/pages\/313\/revisions\/1112"}],"wp:attachment":[{"href":"https:\/\/grupos.unileon.es\/ingenieria-y-agricultura-sostenible\/wp-json\/wp\/v2\/media?parent=313"}],"curies":[{"name":"wp","href":"https:\/\/api.w.org\/{rel}","templated":true}]}}