{"id":319,"date":"2016-06-09T14:57:22","date_gmt":"2016-06-09T14:57:22","guid":{"rendered":"http:\/\/grupos.unileon.es\/ingenieria-y-agricultura-sostenible\/?page_id=319"},"modified":"2026-02-12T08:12:22","modified_gmt":"2026-02-12T08:12:22","slug":"miembros-del-grupo","status":"publish","type":"page","link":"https:\/\/grupos.unileon.es\/ingenieria-y-agricultura-sostenible\/miembros-del-grupo\/","title":{"rendered":"Miembros del grupo"},"content":{"rendered":"<h3 style=\"text-align: center;\">Investigador Principal y persona de contacto<\/h3>\n<table style=\"width: 22.2827%;\" border=\"1\">\n<tbody>\n<tr>\n<td style=\"text-align: center; width: 100%;\">\u00a0<img loading=\"lazy\" decoding=\"async\" class=\"alignnone size-medium wp-image-1002\" src=\"http:\/\/grupos.unileon.es\/ingenieria-y-agricultura-sostenible\/files\/2018\/01\/IMG-20180109-WA0002-e1515499208851-237x300.jpg\" alt=\"\" width=\"115\" height=\"150\" \/><\/td>\n<\/tr>\n<tr>\n<td style=\"text-align: center; width: 100%;\">\n<p style=\"text-align: center;\">PEDRO ANTONIO<\/p>\n<p style=\"text-align: center;\">CASQUERO LUELMO<\/p>\n<p><a href=\"https:\/\/grupos.unileon.es\/ingenieria-y-agricultura-sostenible\/files\/2025\/06\/CVA_Pedro-A.-Casquero-2025-12-6-2025.pdf\" target=\"_blank\" rel=\"noopener\">CVA<\/a><\/p>\n<p style=\"text-align: center;\"><a href=\"mailto:pacasl@unileon.es\">pacasl@unileon.es<\/a><\/p>\n<\/td>\n<\/tr>\n<\/tbody>\n<\/table>\n<h3>Miembros del grupo<\/h3>\n<table style=\"height: 559px; width: 88.3443%; border-style: none;\">\n<tbody>\n<tr>\n<td style=\"width: 30.0371%; text-align: center;\"><img loading=\"lazy\" decoding=\"async\" class=\"wp-image-730 size-medium aligncenter\" src=\"http:\/\/grupos.unileon.es\/ingenieria-y-agricultura-sostenible\/files\/2016\/07\/Santi-e1469627054745-234x300.jpg\" width=\"115\" height=\"150\" \/><\/td>\n<td style=\"width: 37.4536%; text-align: center;\"><img loading=\"lazy\" decoding=\"async\" class=\"size-medium wp-image-1030 aligncenter\" src=\"http:\/\/grupos.unileon.es\/ingenieria-y-agricultura-sostenible\/files\/2018\/01\/A.Lorenzana-e1515759956611-262x300.png\" alt=\"\" width=\"130\" height=\"150\" srcset=\"https:\/\/grupos.unileon.es\/ingenieria-y-agricultura-sostenible\/files\/2018\/01\/A.Lorenzana-e1515759956611-262x300.png 262w, https:\/\/grupos.unileon.es\/ingenieria-y-agricultura-sostenible\/files\/2018\/01\/A.Lorenzana-e1515759956611.png 399w\" sizes=\"auto, (max-width: 130px) 100vw, 130px\" \/><\/td>\n<td style=\"width: 31.644%; text-align: center;\"><img loading=\"lazy\" decoding=\"async\" class=\"wp-image-468 size-medium aligncenter\" src=\"http:\/\/grupos.unileon.es\/ingenieria-y-agricultura-sostenible\/files\/2016\/07\/Alvaro-e1467650097245-232x300.jpg\" width=\"115\" height=\"150\" srcset=\"https:\/\/grupos.unileon.es\/ingenieria-y-agricultura-sostenible\/files\/2016\/07\/Alvaro-e1467650097245-232x300.jpg 232w, https:\/\/grupos.unileon.es\/ingenieria-y-agricultura-sostenible\/files\/2016\/07\/Alvaro-e1467650097245.jpg 539w\" sizes=\"auto, (max-width: 115px) 100vw, 115px\" \/><\/td>\n<\/tr>\n<tr>\n<td style=\"width: 30.0371%; text-align: center;\">\n<p>SANTIAGO<\/p>\n<p>GUTI\u00c9RREZ MART\u00cdN<\/p>\n<p><a href=\"https:\/\/grupos.unileon.es\/ingenieria-y-agricultura-sostenible\/files\/2025\/06\/CVA_Santiago_Gutierrez_Martin_2025.pdf\" target=\"_blank\" rel=\"noopener\">CVA<\/a><\/p>\n<p><a href=\"mailto:s.gutierrez@unileon.es\">s.gutierrez@unileon.es<\/a><\/p>\n<\/td>\n<td style=\"width: 37.4536%; text-align: center;\">\n<p>ALICIA<\/p>\n<p>LORENZANA DE LA VARGA<\/p>\n<p><a href=\"https:\/\/grupos.unileon.es\/ingenieria-y-agricultura-sostenible\/files\/2025\/06\/CVA-A.Lorenzana_jn_25.pdf\" target=\"_blank\" rel=\"noopener\">CVA<\/a><\/p>\n<p><a href=\"mailto:alorv@unileon.es\">alorv@unileon.es<\/a><\/p>\n<\/td>\n<td style=\"width: 31.644%; text-align: center;\">\n<p>\u00c1LVARO<\/p>\n<p>RODR\u00cdGUEZ GONZ\u00c1LEZ<\/p>\n<p><a href=\"https:\/\/grupos.unileon.es\/ingenieria-y-agricultura-sostenible\/files\/2025\/06\/CVA_A.Rodriguez_English_Junio-2025.pdf\" target=\"_blank\" rel=\"noopener\">CVA<\/a><\/p>\n<p><a href=\"mailto:alrog@unileon.es\">alrog@unileon.es<\/a><\/p>\n<\/td>\n<\/tr>\n<tr>\n<td style=\"width: 30.0371%; text-align: center;\"><img loading=\"lazy\" decoding=\"async\" class=\"size-medium wp-image-396 aligncenter\" src=\"http:\/\/grupos.unileon.es\/ingenieria-y-agricultura-sostenible\/files\/2016\/06\/Vistas-desde-Castello-di-Sant\u00b4Elmo-51-226x300.jpg\" alt=\"Vistas desde Castello di Sant\u00b4Elmo (51)\" width=\"115\" height=\"150\" \/><\/td>\n<td style=\"width: 37.4536%; text-align: center;\"><img loading=\"lazy\" decoding=\"async\" class=\"aligncenter  wp-image-1499\" src=\"https:\/\/grupos.unileon.es\/ingenieria-y-agricultura-sostenible\/files\/2023\/05\/Rosa-E-Cardoza_100523-1.jpg\" alt=\"\" width=\"113\" height=\"151\" \/><\/td>\n<td style=\"width: 31.644%; text-align: center;\"><img loading=\"lazy\" decoding=\"async\" class=\"size-full wp-image-704 aligncenter\" src=\"http:\/\/grupos.unileon.es\/ingenieria-y-agricultura-sostenible\/files\/2016\/07\/guzman-e1469626757826.jpg\" alt=\"guzman\" width=\"120\" height=\"150\" \/><\/td>\n<\/tr>\n<tr>\n<td style=\"width: 30.0371%; text-align: center;\">\n<p>SARA<\/p>\n<p>MAYO PRIETO<\/p>\n<p><a href=\"https:\/\/grupos.unileon.es\/ingenieria-y-agricultura-sostenible\/files\/2025\/06\/CVA-S.-Mayo_Prieto_English_2025-Jn.pdf\">CVA<\/a><\/p>\n<p><a href=\"mailto:smayp@unileon.es\">smayp@unileon.es<\/a><\/p>\n<\/td>\n<td style=\"width: 37.4536%; text-align: center;\">\n<p>ROSA E.<\/p>\n<p>CARDOZA SILVA<\/p>\n<p><a href=\"https:\/\/grupos.unileon.es\/ingenieria-y-agricultura-sostenible\/files\/2025\/06\/CVA-RE-Cardoza_120625.pdf\" target=\"_blank\" rel=\"noopener\">CVA<\/a><\/p>\n<p><a href=\"mailto:re.cardoza@unileon.es\">re.cardoza@unileon.es<\/a><\/p>\n<\/td>\n<td style=\"width: 31.644%; text-align: center;\">\n<p>GUZM\u00c1N<\/p>\n<p>CARRO HUERGA<\/p>\n<p><a href=\"https:\/\/grupos.unileon.es\/ingenieria-y-agricultura-sostenible\/files\/2025\/10\/guzman_cva-actualizado.pdf\" target=\"_blank\" rel=\"noopener\">CVA<\/a><\/p>\n<p><a href=\"mailto:gcarh@unileon.es\">gcarh@unileon.es<\/a><\/p>\n<\/td>\n<\/tr>\n<tr>\n<td style=\"width: 30.0371%; text-align: center;\"><img loading=\"lazy\" decoding=\"async\" class=\"wp-image-554 size-full aligncenter\" src=\"http:\/\/grupos.unileon.es\/ingenieria-y-agricultura-sostenible\/files\/2016\/07\/Captura-e1469627124358.png\" width=\"120\" height=\"150\" \/><\/td>\n<td style=\"height: 107px; width: 37.4536%; text-align: center;\"><img loading=\"lazy\" decoding=\"async\" class=\"wp-image-753 size-medium aligncenter\" src=\"http:\/\/grupos.unileon.es\/ingenieria-y-agricultura-sostenible\/files\/2016\/10\/Luis-Fernando-001-e1476788240993-239x300.jpg\" alt=\"luis-fernando-001\" width=\"115\" height=\"150\" \/><\/td>\n<td style=\"height: 107px; width: 31.644%; text-align: center;\"><img loading=\"lazy\" decoding=\"async\" class=\"size-medium wp-image-1051 aligncenter\" src=\"http:\/\/grupos.unileon.es\/ingenieria-y-agricultura-sostenible\/files\/2018\/04\/Marcos-001-209x300.jpg\" alt=\"\" width=\"110\" height=\"150\" \/><\/td>\n<\/tr>\n<tr>\n<td style=\"width: 30.0371%; text-align: center;\">\n<p style=\"text-align: center;\">ANA ISABEL<\/p>\n<p style=\"text-align: center;\">GARC\u00cdA P\u00c9REZ<\/p>\n<p style=\"text-align: center;\"><a href=\"mailto:aigarp@unileon.es\">aigarp@unileon.es<\/a><\/p>\n<\/td>\n<td style=\"width: 37.4536%; height: 40px; text-align: center;\">\n<p>LUIS FERNANDO<\/p>\n<p>CALVO PRIETO<\/p>\n<p><a href=\"mailto:lfcalp@unileon.es\">lfcalp@unileon.es<\/a><\/p>\n<\/td>\n<td style=\"width: 31.644%; height: 40px; text-align: center;\">\n<p>MARCOS<\/p>\n<p>GUERRA S\u00c1NCHEZ<\/p>\n<p><a href=\"mailto:mgues@unileon.es\">mgues@unileon.es<\/a><\/p>\n<\/td>\n<\/tr>\n<tr style=\"height: 150px;\">\n<td style=\"height: 47px; width: 30.0371%; text-align: center;\"><img loading=\"lazy\" decoding=\"async\" class=\"aligncenter wp-image-1011 size-medium\" src=\"http:\/\/grupos.unileon.es\/ingenieria-y-agricultura-sostenible\/files\/2018\/01\/Foto-Piedad-Campelo-300x300.jpg\" alt=\"\" width=\"145\" height=\"150\" \/><\/td>\n<td style=\"width: 37.4536%; text-align: center;\"><img loading=\"lazy\" decoding=\"async\" class=\"aligncenter size-medium wp-image-1174\" src=\"http:\/\/grupos.unileon.es\/ingenieria-y-agricultura-sostenible\/files\/2019\/03\/Rita-Robles-Robles_w385_h580-199x300.jpg\" alt=\"\" width=\"120\" height=\"150\" \/><\/td>\n<td style=\"width: 31.644%; text-align: center;\">\u00a0<\/td>\n<\/tr>\n<tr style=\"height: 150px;\">\n<td style=\"width: 30.0371%; height: 40px; text-align: center;\">\n<p>M\u00aa PIEDAD<\/p>\n<p>CAMPELO RODR\u00cdGUEZ<\/p>\n<p><a href=\"https:\/\/grupos.unileon.es\/ingenieria-y-agricultura-sostenible\/files\/2023\/05\/CVA-P.-Campelo-2023.pdf\" target=\"_blank\" rel=\"noopener\">CVA<\/a><\/p>\n<p><a href=\"mailto:mpcamr@unileon.es\">mpcamr@unileon.es<\/a><\/p>\n<\/td>\n<td style=\"width: 37.4536%; text-align: center;\">\n<p style=\"text-align: center;\">RITA M\u00aa<\/p>\n<p style=\"text-align: center;\">ROBLES ROBLES<\/p>\n<p style=\"text-align: center;\"><a href=\"mailto:rita.robles@unileon.es\">rita.robles@unileon.es<\/a><\/p>\n<\/td>\n<td style=\"width: 31.644%; text-align: center;\">\u00a0<\/td>\n<\/tr>\n<tr style=\"height: 157px;\">\n<td style=\"height: 82px; width: 30.0371%; text-align: center;\"><img loading=\"lazy\" decoding=\"async\" class=\"aligncenter size-full wp-image-1339\" src=\"https:\/\/grupos.unileon.es\/ingenieria-y-agricultura-sostenible\/files\/2020\/10\/IMG-20201019-WA0005.jpg\" alt=\"\" width=\"140\" height=\"150\" \/><\/td>\n<td style=\"height: 82px; width: 37.4536%; text-align: center;\"><img loading=\"lazy\" decoding=\"async\" class=\"aligncenter wp-image-1425\" src=\"https:\/\/grupos.unileon.es\/ingenieria-y-agricultura-sostenible\/files\/2022\/01\/natalia-foto.jpg\" alt=\"\" width=\"115\" height=\"154\" \/><\/td>\n<td style=\"height: 82px; width: 31.644%; text-align: center;\"><img loading=\"lazy\" decoding=\"async\" class=\"aligncenter wp-image-1416\" src=\"https:\/\/grupos.unileon.es\/ingenieria-y-agricultura-sostenible\/files\/2021\/06\/20210618_083119.jpg\" alt=\"\" width=\"121\" height=\"144\" \/><\/td>\n<\/tr>\n<tr style=\"height: 150px;\">\n<td style=\"width: 30.0371%; height: 40px; text-align: center;\">\n<p>LAURA<\/p>\n<p>ZANFA\u00d1O GONZ\u00c1LEZ<\/p>\n<p><a href=\"mailto:lzang@unileon.es\">lzang@unileon.es<\/a><\/p>\n<\/td>\n<td style=\"width: 37.4536%; height: 40px; text-align: center;\">\n<p>NATALIA<\/p>\n<p>MART\u00cdNEZ REYES<\/p>\n<p><a href=\"mailto:nmarr@unileon.es\">nmarr@unileon.e<\/a><strong><a href=\"mailto:nmarr@unileon.es\">s<\/a><\/strong><\/p>\n<\/td>\n<td style=\"width: 31.644%; height: 40px; text-align: center;\">\n<p>DANIELA<\/p>\n<p>RAM\u00cdREZ LOZANO<\/p>\n<p><a href=\"mailto:draml@unileon.es\"><span class=\"gI\"><span class=\"qu\" tabindex=\"-1\" role=\"gridcell\" translate=\"no\"><span class=\"go\">draml<\/span><\/span><\/span>@unileon.es<\/a><\/p>\n<\/td>\n<\/tr>\n<tr>\n<td style=\"width: 30.0371%; text-align: center;\">\n<h3><img loading=\"lazy\" decoding=\"async\" class=\"aligncenter wp-image-1492\" src=\"https:\/\/grupos.unileon.es\/ingenieria-y-agricultura-sostenible\/files\/2023\/05\/Rocio-Montes.jpg\" alt=\"\" width=\"104\" height=\"156\" \/><\/h3>\n<\/td>\n<td style=\"width: 37.4536%; text-align: center;\">\n<h3><img loading=\"lazy\" decoding=\"async\" class=\"aligncenter wp-image-1560\" src=\"https:\/\/grupos.unileon.es\/ingenieria-y-agricultura-sostenible\/files\/2026\/02\/IMG_7776-copia-2-242x300.jpg\" alt=\"\" width=\"126\" height=\"156\" srcset=\"https:\/\/grupos.unileon.es\/ingenieria-y-agricultura-sostenible\/files\/2026\/02\/IMG_7776-copia-2-242x300.jpg 242w, https:\/\/grupos.unileon.es\/ingenieria-y-agricultura-sostenible\/files\/2026\/02\/IMG_7776-copia-2-826x1024.jpg 826w, https:\/\/grupos.unileon.es\/ingenieria-y-agricultura-sostenible\/files\/2026\/02\/IMG_7776-copia-2-768x953.jpg 768w, https:\/\/grupos.unileon.es\/ingenieria-y-agricultura-sostenible\/files\/2026\/02\/IMG_7776-copia-2.jpg 903w\" sizes=\"auto, (max-width: 126px) 100vw, 126px\" \/><\/h3>\n<\/td>\n<td style=\"width: 31.644%; text-align: center;\">\n<p><img loading=\"lazy\" decoding=\"async\" class=\"aligncenter wp-image-1555\" src=\"https:\/\/grupos.unileon.es\/ingenieria-y-agricultura-sostenible\/files\/2026\/01\/IMG_20230729_204244-150x150.jpg\" alt=\"\" width=\"136\" height=\"156\" srcset=\"https:\/\/grupos.unileon.es\/ingenieria-y-agricultura-sostenible\/files\/2026\/01\/IMG_20230729_204244-262x300.jpg 262w, https:\/\/grupos.unileon.es\/ingenieria-y-agricultura-sostenible\/files\/2026\/01\/IMG_20230729_204244-893x1024.jpg 893w, https:\/\/grupos.unileon.es\/ingenieria-y-agricultura-sostenible\/files\/2026\/01\/IMG_20230729_204244-768x880.jpg 768w, https:\/\/grupos.unileon.es\/ingenieria-y-agricultura-sostenible\/files\/2026\/01\/IMG_20230729_204244.jpg 1314w\" sizes=\"auto, (max-width: 136px) 100vw, 136px\" \/><\/p>\n<\/td>\n<\/tr>\n<tr>\n<td style=\"width: 30.0371%; text-align: center;\">\n<p>ROC\u00cdO<\/p>\n<p>MONTES RUIZ<\/p>\n<p><a href=\"mailto:rmonr@unileon.es\">rmonr@unileon.es<\/a><\/p>\n<\/td>\n<td style=\"width: 37.4536%; vertical-align: middle; text-align: center;\">\n<p>LUC\u00cdA<\/p>\n<p>DELGADO SAL\u00c1N<\/p>\n<p><a href=\"mailto:ldelgs@unileon.es\">ldelgs@unileon.es<\/a><\/p>\n<p>&nbsp;<\/p>\n<\/td>\n<td style=\"width: 31.644%; text-align: center;\">\n<p>CARMEN<\/p>\n<p>VEGA VALD\u00c9S<\/p>\n<p><a href=\"mailto:cvegv@unileon.es\">cvegc@unileon.es<\/a><\/p>\n<\/td>\n<\/tr>\n<\/tbody>\n<\/table>\n<p><\/p>\n<h3>Colaboradores del grupo<\/h3>\n<p>JOS\u00c9 \u00c1LVAREZ RODR\u00cdGUEZ<\/p>\n<p>ALEJANDRA J. PORTEOUS \u00c1LVAREZ<\/p>\n<p>SERGIO PANIAGUA BERMEJO<\/p>\n<p>&nbsp;<\/p>\n<p>&nbsp;<\/p>\n<p><\/p>\n<p><\/p>\n","protected":false},"excerpt":{"rendered":"<p>Investigador Principal y persona de contacto \u00a0 PEDRO ANTONIO CASQUERO LUELMO CVA pacasl@unileon.es Miembros del grupo SANTIAGO GUTI\u00c9RREZ MART\u00cdN CVA s.gutierrez@unileon.es ALICIA LORENZANA DE LA VARGA CVA alorv@unileon.es \u00c1LVARO RODR\u00cdGUEZ GONZ\u00c1LEZ CVA alrog@unileon.es SARA MAYO PRIETO CVA smayp@unileon.es ROSA E. CARDOZA SILVA CVA re.cardoza@unileon.es GUZM\u00c1N CARRO HUERGA CVA gcarh@unileon.es ANA ISABEL GARC\u00cdA P\u00c9REZ aigarp@unileon.es LUIS [&hellip;]<\/p>\n","protected":false},"author":56,"featured_media":0,"parent":0,"menu_order":0,"comment_status":"closed","ping_status":"closed","template":"","meta":{"footnotes":""},"class_list":["post-319","page","type-page","status-publish","hentry"],"_links":{"self":[{"href":"https:\/\/grupos.unileon.es\/ingenieria-y-agricultura-sostenible\/wp-json\/wp\/v2\/pages\/319","targetHints":{"allow":["GET"]}}],"collection":[{"href":"https:\/\/grupos.unileon.es\/ingenieria-y-agricultura-sostenible\/wp-json\/wp\/v2\/pages"}],"about":[{"href":"https:\/\/grupos.unileon.es\/ingenieria-y-agricultura-sostenible\/wp-json\/wp\/v2\/types\/page"}],"author":[{"embeddable":true,"href":"https:\/\/grupos.unileon.es\/ingenieria-y-agricultura-sostenible\/wp-json\/wp\/v2\/users\/56"}],"replies":[{"embeddable":true,"href":"https:\/\/grupos.unileon.es\/ingenieria-y-agricultura-sostenible\/wp-json\/wp\/v2\/comments?post=319"}],"version-history":[{"count":264,"href":"https:\/\/grupos.unileon.es\/ingenieria-y-agricultura-sostenible\/wp-json\/wp\/v2\/pages\/319\/revisions"}],"predecessor-version":[{"id":1561,"href":"https:\/\/grupos.unileon.es\/ingenieria-y-agricultura-sostenible\/wp-json\/wp\/v2\/pages\/319\/revisions\/1561"}],"wp:attachment":[{"href":"https:\/\/grupos.unileon.es\/ingenieria-y-agricultura-sostenible\/wp-json\/wp\/v2\/media?parent=319"}],"curies":[{"name":"wp","href":"https:\/\/api.w.org\/{rel}","templated":true}]}}