{"id":321,"date":"2016-06-09T14:57:35","date_gmt":"2016-06-09T14:57:35","guid":{"rendered":"http:\/\/grupos.unileon.es\/ingenieria-y-agricultura-sostenible\/?page_id=321"},"modified":"2025-06-16T06:54:56","modified_gmt":"2025-06-16T06:54:56","slug":"proyectos","status":"publish","type":"page","link":"https:\/\/grupos.unileon.es\/ingenieria-y-agricultura-sostenible\/proyectos-2\/proyectos\/","title":{"rendered":"Proyectos con entidades p\u00fablicas"},"content":{"rendered":"<ul>\n<li>\n<h4><strong>T\u00edtulo: Aislamiento de cepas bacterianas capaces de de-epoxidar trichotecenos a partir de cultivos de jud\u00eda y l\u00fapulo colonizados por cepas <em>Trichoderma<\/em> productoras de estas micotoxinas<\/strong><\/h4>\n<\/li>\n<\/ul>\n<p>Entidad financiadora: Ministerio de Ciencia e Innovaci\u00f3n<\/p>\n<p>Duraci\u00f3n: 2022-2025<\/p>\n<ul>\n<li>\n<h4>T\u00edtulo: Ensayo de poblaciones de ma\u00edz en riego deficitario<\/h4>\n<\/li>\n<\/ul>\n<p>Entidad financiadora: CSIC &#8211; MISI\u00d3N BIOL\u00d3GICA DE GALICIA<\/p>\n<p>Duraci\u00f3n, 2023-2025<\/p>\n<ul>\n<li><strong>T\u00edtulo: Ensayo de h\u00edbridos de ma\u00edz con germoplasma espa\u00f1ol<\/strong><\/li>\n<\/ul>\n<p>Entidad financiadora: Consejo Superior de Investigaciones Cient\u00edficas (CSIC) &#8211;\u00a0 Misi\u00f3n Biol\u00f3gica de Galicia<\/p>\n<p>Duraci\u00f3n: 2022-2024<\/p>\n<ul>\n<li>\n<h4><strong>T\u00edtulo: Vers la transition agro\u00e9cologique en viticulture DEMAIN<\/strong><\/h4>\n<\/li>\n<\/ul>\n<p>Entidad financiadora: Comisi\u00f3n Europea<\/p>\n<p>Duraci\u00f3n: 2021-2024<\/p>\n<ul>\n<li>\n<h4><strong>T\u00edtulo: Grupo operativo L\u00fapulos de Calidad.<\/strong><\/h4>\n<\/li>\n<\/ul>\n<p>Entidad financiadora: Ministerio de Agricultura, Pesca y Alimentaci\u00f3n<\/p>\n<p>Entidades participantes: Universidad de Le\u00f3n, SAT, Hopsteiner, ITACyL, Lutega, L\u00fapulos De Le\u00f3n, Universidad de Santiago de Compostela \u2013 Campus Terra, Agacal, Neiker, Hopsteiner, Mari\u00f1as-Betanzos, Poeda, Cerveceros de Espa\u00f1a, Ecourban, Geodilab<\/p>\n<p>Duraci\u00f3n: 2019-2021<\/p>\n<ul>\n<li>\n<h4><strong>T\u00edtulo: An\u00e1lisis de la evoluci\u00f3n del estado de madurez peritecas de moteado en manzano.<\/strong><\/h4>\n<\/li>\n<\/ul>\n<p>Entidad financiadora: Dir. Gral. de Producci\u00f3n Agropecuaria e Infraestructuras Agrarias de la Junta de Castilla y Le\u00f3n<\/p>\n<p>Entidades participantes: Universidad de Le\u00f3n \u2013 Laboratorio de Diagn\u00f3stico de Plagas y Enfermedades Vegetales<\/p>\n<p>Duraci\u00f3n: 2029-2021<\/p>\n<ul>\n<li>\n<h4><strong>T\u00edtulo: An\u00e1lisis de la evoluci\u00f3n del estado de madurez peritecas de moteado en peral.<\/strong><\/h4>\n<\/li>\n<\/ul>\n<p>Entidad financiadora: Dir. Gral. de Producci\u00f3n Agropecuaria e Infraestructuras Agrarias de la\u00a0 Junta de Castilla y Le\u00f3n<\/p>\n<p>Entidades participantes: Universidad de Le\u00f3n \u2013 Laboratorio de Diagn\u00f3stico de Plagas y Enfermedades Vegetales<\/p>\n<p>Duraci\u00f3n: 2019-2021<\/p>\n<ul>\n<li>\n<h4><strong>T\u00edtulo: Evaluaci\u00f3n del estado selv\u00edcola y sanitario de las masas forestales de la Confederaci\u00f3n Hidrogr\u00e1fica Mi\u00f1o-Sil en el entorno del pantano de B\u00e1rcena. Propuestas de actuaci\u00f3n y cartograf\u00eda asociada<\/strong><\/h4>\n<\/li>\n<\/ul>\n<p>Entidad financiadora: Confederaci\u00f3n Hidrogr\u00e1fica Mi\u00f1o Sil<\/p>\n<p>Entidades participantes: Universidad de Le\u00f3n<\/p>\n<p>Duraci\u00f3n: 2019<\/p>\n<ul>\n<li>\n<h4><strong>T\u00edtulo: Problemas fitosanitarios: diagn\u00f3stico y recomendaciones de control seg\u00fan principios \u00abGIP\u00bb en la provincia de Le\u00f3n<\/strong><\/h4>\n<\/li>\n<\/ul>\n<p>Entidad financiadora: Diputaci\u00f3n de Le\u00f3n<\/p>\n<p>Entidades participantes: Universidad de Le\u00f3n,<\/p>\n<p>Duraci\u00f3n: 2019-2020<\/p>\n<ul>\n<li><strong>T\u00edtulo: Grupo operativo Spanish Quality Hops<\/strong>.<\/li>\n<\/ul>\n<p>Entidad financiadora: Ministerio de Agricultura, Pesca y Alimentaci\u00f3n<\/p>\n<p>Entidades participantes: Universidad de Le\u00f3n, SAT, Hopsteiner, ITACyL<\/p>\n<p>Duraci\u00f3n: 2019<\/p>\n<ul>\n<li>\n<h4><strong>T\u00edtulo: Aplicaci\u00f3n de cepas de <em>Trichoderma<\/em> en la producci\u00f3n sostenible de jud\u00eda de calidad.<\/strong><\/h4>\n<\/li>\n<\/ul>\n<p>Entidad financiadora: Junta de Castilla y Le\u00f3n<\/p>\n<p>Entidades participantes: Universidad de Le\u00f3n<\/p>\n<p>Duraci\u00f3n: 2018-2021<\/p>\n<ul>\n<li>\n<h4><strong>T\u00edtulo: Multiplicaci\u00f3n de variedades de la colecci\u00f3n de germoplasma de jud\u00edas<\/strong>.<\/h4>\n<\/li>\n<\/ul>\n<p>Entidad financiadora: CSIC &#8211; Misi\u00f3n Biol\u00f3gica de Galicia<\/p>\n<p>Entidades participantes: Universidad de Le\u00f3n<\/p>\n<p>Duraci\u00f3n, 2018<\/p>\n<ul>\n<li>\n<h4><strong>T\u00edtulo: Control integrado del taladro de la vid (<em>Xylotrechus arvicola<\/em>) en la provincia de Le\u00f3n para el a\u00f1o 2018.<\/strong><\/h4>\n<\/li>\n<\/ul>\n<p>Entidad financiadora: Diputaci\u00f3n Provincial de Le\u00f3n<\/p>\n<p>Entidades participantes: Universidad de Le\u00f3n<\/p>\n<p>Duraci\u00f3n, 2018<\/p>\n<ul style=\"list-style-type: disc;\">\n<li>\n<h4><strong>T\u00edtulo: Actividades del CRF de conservaci\u00f3n y documentaci\u00f3n de colecciones de germoplasma vegetal.<\/strong><\/h4>\n<\/li>\n<\/ul>\n<p>Entidad financiadora: Ministerio de Econom\u00eda, Industria y Competitividad<\/p>\n<p>Entidades participantes: Universidad de Le\u00f3n. MBG, CSIC<\/p>\n<p>Duraci\u00f3n, 2017 -2020<\/p>\n<ul style=\"list-style-type: disc;\">\n<li>\n<h4><strong>T\u00edtulo: Soluci\u00f3n global para mejorar la producci\u00f3n vitivin\u00edcola frente al cambio clim\u00e1tico basada en rob\u00f3tica, en tecnolog\u00eda IR y en estrategias biotecnol\u00f3gicas y de manejo de vi\u00f1edo. Influencia de <em>Xylotrechus arvicola<\/em> en la transmisi\u00f3n de enfermedades de madera de vid: Utilizaci\u00f3n de <em>Trichoderma<\/em> en el control biol\u00f3gico de insecto y enfermedad.<\/strong><\/h4>\n<\/li>\n<\/ul>\n<p>Entidad financiadora: Centro para el desarrollo Tecnol\u00f3gico Industrial (CDTI). Programa Estrat\u00e9gico CIEN CDTI-MINECO<\/p>\n<p>Entidades participantes: Universidad de Le\u00f3n<\/p>\n<p>CONSORCIO FORMADO POR: Miguel Torres, S.A. Grupo Hispatec Informatica Empresarial S.A.; Juve Y Camps, S.A. Bodegas Martin Codax S.A.U. Pago De Carraovejas S.L. Pellenc Iberica S.L. Bodegas Ramon Bilbao S.A. Viveros Villanueva Vides S.L.<\/p>\n<p>Duraci\u00f3n, 2016 &#8211; 2020<\/p>\n<ul style=\"list-style-type: disc;\">\n<li>\n<h4><strong>T\u00edtulo: Importancia de los esteroles de membrana de <em>Trichoderma<\/em> en el uso eficiente de nitr\u00f3geno (NUE) de plantas. Clonaci\u00f3n de genes de receptores de ergosterol y escualeno en tomate.<\/strong><\/h4>\n<\/li>\n<\/ul>\n<p>Entidad financiadora: Ministerio de Econom\u00eda y Competitividad<\/p>\n<p>Entidades participantes: Universidad de Le\u00f3n<\/p>\n<p>Duraci\u00f3n, 2016 &#8211; 2018<\/p>\n<ul style=\"list-style-type: disc;\">\n<li>\n<h4><strong>T\u00edtulo: Desarrollo de m\u00e9todos moleculares para el estudio de la interacci\u00f3n <em>Trichoderma<\/em>-planta y su aplicaci\u00f3n para el ahorro de insumos nitrogenados en cultivos de Castilla y Le\u00f3n<\/strong>.<\/h4>\n<\/li>\n<\/ul>\n<p>Entidad financiadora: Junta de Castilla y Le\u00f3n<\/p>\n<p>Entidades participantes: CIALE (Universidad de Salamanca), Universidad de Le\u00f3n.<\/p>\n<p>Duraci\u00f3n, 2016 &#8211; 2018<\/p>\n<ul style=\"list-style-type: disc;\">\n<li>\n<h4><strong>T\u00edtulo: Control integrado del taladro de la vid (<em>Xylotrechus arvicola<\/em>) en la provincia de Le\u00f3n para el a\u00f1o 2017.<\/strong><\/h4>\n<\/li>\n<\/ul>\n<p>Entidad financiadora: Diputaci\u00f3n Provincial de Le\u00f3n<\/p>\n<p>Entidades participantes: Universidad de Le\u00f3n<\/p>\n<p>Duraci\u00f3n, 2017<\/p>\n<ul style=\"list-style-type: disc;\">\n<li>\n<h4><strong>T\u00edtulo: Control integrado del taladro de la vid (<em>Xylotrechus arvicola<\/em>) en la provincia de Le\u00f3n para el a\u00f1o 2016.<\/strong><\/h4>\n<\/li>\n<\/ul>\n<p>Entidad financiadora: Diputaci\u00f3n Provincial de Le\u00f3n<\/p>\n<p>Entidades participantes: Universidad de Le\u00f3n<\/p>\n<p>Duraci\u00f3n, 2016<\/p>\n<ul style=\"list-style-type: disc;\">\n<li>\n<h4><strong>T\u00edtulo: Efecto de terpenos y compuestos fisiol\u00f3gicamente relacionados producidos por <em>Trichoderma parareesei <\/em>en desarrollo de jud\u00eda com\u00fan (<em>Phaseolus vulgaris<\/em> L.) y en las respuestas defensivas de esta planta.<\/strong><\/h4>\n<\/li>\n<\/ul>\n<p>Entidad financiadora: Junta de Castilla y Le\u00f3n<\/p>\n<p>Entidades participantes: Universidad de Le\u00f3n.; CIALE (Universidad de Salamanca)<\/p>\n<p>Duraci\u00f3n, 2015 &#8211; 2017<\/p>\n<ul style=\"list-style-type: disc;\">\n<li>\n<h4><strong>T\u00edtulo: Estudio para la recuperaci\u00f3n del garbanzo en la provincia de Le\u00f3n. A\u00f1o 2015.<\/strong><\/h4>\n<\/li>\n<\/ul>\n<p>Entidad financiadora: Diputaci\u00f3n Provincial de Le\u00f3n<\/p>\n<p>Entidades participantes: Universidad de Le\u00f3n<\/p>\n<p>Duraci\u00f3n, 2015<\/p>\n<ul style=\"list-style-type: disc;\">\n<li>\n<h4><strong>T\u00edtulo: Multiplicaci\u00f3n y caracterizaci\u00f3n preliminar de la colecci\u00f3n de jud\u00eda del Centro Nacional de Recursos Fitogen\u00e9ticos (CRF).<\/strong><\/h4>\n<\/li>\n<\/ul>\n<p>Entidad financiadora: Ministerio de Econom\u00eda, Industria y Competitividad<\/p>\n<p>Entidades participantes: Universidad de Le\u00f3n. MBG, CSIC<\/p>\n<p>Duraci\u00f3n, 2014 &#8211; 2016<\/p>\n<ul style=\"list-style-type: disc;\">\n<li>\n<h4><strong>T\u00edtulo: Estudio para la recuperaci\u00f3n del garbanzo en la provincia de Le\u00f3n. A\u00f1o 2014<\/strong><\/h4>\n<\/li>\n<\/ul>\n<p>Entidad financiadora: Diputaci\u00f3n Provincial de Le\u00f3n<\/p>\n<p>Entidades participantes: Universidad de Le\u00f3n<\/p>\n<p>Duraci\u00f3n, 2014<\/p>\n<ul style=\"list-style-type: disc;\">\n<li>\n<h4><strong>T\u00edtulo: Potencial biotecnol\u00f3gico de esp\u00e9cies vegetais e de microorganismos.<\/strong><\/h4>\n<\/li>\n<\/ul>\n<p>Entidad financiadora: Ministerio de Educaci\u00f3n, Cultura y Deporte<\/p>\n<p>Entidades participantes: Universidad de Le\u00f3n; Universidade Federal do Rec\u00f4ncavo da Bahia (Brasil). Universidad de Salamanca; Universidad Federal Santana (Brasil)<\/p>\n<p>Duraci\u00f3n, 2014 &#8211; 2015<\/p>\n<ul style=\"list-style-type: disc;\">\n<li>\n<h4><strong>T\u00edtulo: Farnesol como mol\u00e9cula autorreguladora en <em>Trichoderma<\/em>. Se\u00f1alizaci\u00f3n de tirosol y farnesol en la interacci\u00f3n <em>Trichoderma<\/em>-jud\u00eda.<\/strong><\/h4>\n<\/li>\n<\/ul>\n<p>Entidad financiadora: Ministerio de Econom\u00eda y Competitividad<\/p>\n<p>Entidades participantes: Universidad de Le\u00f3n<\/p>\n<p>Duraci\u00f3n, 2013 &#8211; 2015<\/p>\n<ul style=\"list-style-type: disc;\">\n<li>\n<h4><strong>T\u00edtulo: Estudio para la mejora y selecci\u00f3n del garbanzo de la provincia de Le\u00f3n. A\u00f1o 2013.<\/strong><\/h4>\n<\/li>\n<\/ul>\n<p>Entidad financiadora: Diputaci\u00f3n Provincial de Le\u00f3n<\/p>\n<p>Entidades participantes: Universidad de Le\u00f3n<\/p>\n<p>Duraci\u00f3n, 2013<\/p>\n<ul style=\"list-style-type: disc;\">\n<li>\n<h4><strong>T\u00edtulo: Papel de trichotecenos y pironas en la interacci\u00f3n <em>Trichoderma<\/em>-planta utilizando como modelo de estudio <em>Trichoderma harzianum<\/em> T34-tomate.<\/strong><\/h4>\n<\/li>\n<\/ul>\n<p>Entidad financiadora: Junta de Castilla y Le\u00f3n<\/p>\n<p>Entidades participantes: Universidad de Le\u00f3n; CIALE (Universidad de Salamanca)<\/p>\n<p>Duraci\u00f3n, 2012 &#8211; 2014<\/p>\n<ul style=\"list-style-type: disc;\">\n<li>\n<h4><strong>T\u00edtulo: Estudio para la mejora y selecci\u00f3n del garbanzo de la provincia de Le\u00f3n. A\u00f1o 2012.<\/strong><\/h4>\n<\/li>\n<\/ul>\n<p>Entidad financiadora: Diputaci\u00f3n Provincial de Le\u00f3n<\/p>\n<p>Entidades participantes: Universidad de Le\u00f3n<\/p>\n<p>Duraci\u00f3n, 2012<\/p>\n<ul style=\"list-style-type: disc;\">\n<li>\n<h4><strong>T\u00edtulo: Estudio para la mejora y selecci\u00f3n del garbanzo de la provincia de Le\u00f3n. A\u00f1o 2011.<\/strong><\/h4>\n<\/li>\n<\/ul>\n<p>Entidad financiadora: Diputaci\u00f3n Provincial de Le\u00f3n<\/p>\n<p>Entidades participantes: Universidad de Le\u00f3n<\/p>\n<p>Duraci\u00f3n, 2011<\/p>\n<ul style=\"list-style-type: disc;\">\n<li>\n<h4><strong>T\u00edtulo: Regeneraci\u00f3n y documentaci\u00f3n de las colecciones nacionales de jud\u00eda para su conservaci\u00f3n: Caracterizaci\u00f3n de la Colecci\u00f3n Natural del CRF, dise\u00f1o e implementaci\u00f3n de p\u00e1gina web para su difusi\u00f3n<\/strong>.<\/h4>\n<\/li>\n<\/ul>\n<p>Entidad financiadora: Ministerio de Ciencia e Innovaci\u00f3n<\/p>\n<p>Entidades participantes: Universidad de Le\u00f3n. Consejo Superior de Investigaciones Cient\u00edficas. Instituto Nacional de Investigaci\u00f3n y tecnolog\u00eda Agraria y Alimentaria. Principado de Asturias. Universidad Polit\u00e9cnica de Catalu\u00f1a<\/p>\n<p>Duraci\u00f3n, 2010 \u2013 2013<\/p>\n<ul style=\"list-style-type: disc;\">\n<li>\n<h4><strong>T\u00edtulo: Estudio para la mejora y selecci\u00f3n del garbanzo de la provincia de Le\u00f3n<\/strong>.<\/h4>\n<\/li>\n<\/ul>\n<p>Entidad financiadora: Diputaci\u00f3n Provincial de Le\u00f3n<\/p>\n<p>Entidades participantes: Universidad de Le\u00f3n<\/p>\n<p>Duraci\u00f3n, 2010 &#8211; 2011<\/p>\n<ul style=\"list-style-type: disc;\">\n<li>\n<h4><strong>T\u00edtulo: Convenio de colaboraci\u00f3n entre la Diputaci\u00f3n de Le\u00f3n, la Universidad de Le\u00f3n y el Consejo Regulador de la Indicaci\u00f3n Geogr\u00e1fica Protegida \u00abAlubia de la Ba\u00f1eza-Le\u00f3n\u201d, para la ejecuci\u00f3n de un programa de selecci\u00f3n y mejora del cultivo de la alubia en Le\u00f3n.<\/strong><\/h4>\n<\/li>\n<\/ul>\n<p>Entidad financiadora: Diputaci\u00f3n Provincial de Le\u00f3n<\/p>\n<p>Entidades participantes: Universidad de Le\u00f3n<\/p>\n<p>Duraci\u00f3n, 2009 &#8211; 2013<\/p>\n<ul style=\"list-style-type: disc;\">\n<li>\n<h4><strong>T\u00edtulo: Convenio para la realizaci\u00f3n de estudios de la genciana en la monta\u00f1a occidental de Le\u00f3n, con vistas a su gesti\u00f3n integral.<\/strong><\/h4>\n<\/li>\n<\/ul>\n<p>Entidad financiadora: Junta de Castilla y Le\u00f3n<\/p>\n<p>Entidades participantes: Asociaci\u00f3n Promotora de la Genciana (APROGEN); Universidad Polit\u00e9cnica de Madrid; Instituto. Nacional de Investigaci\u00f3n y Tecnolog\u00eda Agraria y Alimentaria (INIA); Universidad de Le\u00f3n<\/p>\n<p>Duraci\u00f3n, 2008 &#8211; 2013<\/p>\n<ul style=\"list-style-type: disc;\">\n<li>\n<h4><strong>T\u00edtulo: Valoraci\u00f3n de los da\u00f1os en cultivos herb\u00e1ceos causados por poblaciones de gansos<\/strong>.<\/h4>\n<\/li>\n<\/ul>\n<p>Entidad financiadora: Junta de Castilla y Le\u00f3n<\/p>\n<p>Entidades participantes: Universidad de Le\u00f3n. Junta de Castilla y Le\u00f3n<\/p>\n<p>Duraci\u00f3n, 2008 &#8211; 2011<\/p>\n<ul style=\"list-style-type: disc;\">\n<li>\n<h4><strong>T\u00edtulo: Fabricaci\u00f3n de biofertilizantes para frijol (<em>Phaseolus vulgaris<\/em> L.) con cepas de rizobios aut\u00f3ctonos, como estrategia de fertilizaci\u00f3n racional<\/strong>.<\/h4>\n<\/li>\n<\/ul>\n<p>Entidad financiadora: Junta de Castilla y Le\u00f3n<\/p>\n<p>Entidades participantes: Universidad de Le\u00f3n (Espa\u00f1a). Universidad de Valladolid. Espa\u00f1a). Universidad Aut\u00f3noma de Santo Domingo (Rep\u00fablica Dominicana)<\/p>\n<p>Duraci\u00f3n, 2008 &#8211; 2009<\/p>\n<ul style=\"list-style-type: disc;\">\n<li>\n<h4><strong>T\u00edtulo: Influencia de factores agron\u00f3micos y de post-cosecha sobre la calidad de la manzana.<\/strong><\/h4>\n<\/li>\n<\/ul>\n<p>Entidad financiadora: Junta de Castilla y Le\u00f3n<\/p>\n<p>Entidades participantes: Universidad de Le\u00f3n. Asociaci\u00f3n Berciana de Agricultores. Consejo Regulador de la Denominaci\u00f3n de Origen Manzana Reineta del Bierzo<\/p>\n<p>Duraci\u00f3n, 2008 &#8211; 2009<\/p>\n<ul style=\"list-style-type: disc;\">\n<li>\n<h4><strong>T\u00edtulo: Programa de selecci\u00f3n y mejora del cultivo de la alubia en la provincia de Le\u00f3n<\/strong>.<\/h4>\n<\/li>\n<\/ul>\n<p>Entidad financiadora: Diputaci\u00f3n Provincial de Le\u00f3n<\/p>\n<p>Entidades participantes: Universidad de Le\u00f3n<\/p>\n<p>Duraci\u00f3n, 2008<\/p>\n<ul style=\"list-style-type: disc;\">\n<li>\n<h4><strong>T\u00edtulo: Optimizaci\u00f3n de la biofertilizaci\u00f3n de la alubia de calidad \u00abIGP La Ba\u00f1eza-Le\u00f3n\u00bb con rizobios aut\u00f3ctonos, en sistemas agrarios mejorantes de la fertilidad org\u00e1nica<\/strong>.<\/h4>\n<\/li>\n<\/ul>\n<p>Entidad financiadora: Junta de Castilla y Le\u00f3n<\/p>\n<p>Entidades participantes: Universidad de Le\u00f3n. Universidad de Salamanca<\/p>\n<p>Duraci\u00f3n, 2007 &#8211; 2009<\/p>\n<ul style=\"list-style-type: disc;\">\n<li>\n<h4><strong>T\u00edtulo: Multiplicaci\u00f3n, caracterizaci\u00f3n y documentaci\u00f3n de las accesiones espa\u00f1olas de jud\u00eda<\/strong>.<\/h4>\n<\/li>\n<\/ul>\n<p>Entidad financiadora: Ministerio de Educaci\u00f3n y Ciencia<\/p>\n<p>Entidades participantes: Universidad de Le\u00f3n. Consejo Superior de Investigaciones<\/p>\n<p>Cient\u00edficas. Junta de Castilla y Le\u00f3n. Principado de Asturias. Universidad Polit\u00e9cnica de Catalu\u00f1a<\/p>\n<p>Duraci\u00f3n, 2007 \u2013 2010<\/p>\n<ul style=\"list-style-type: disc;\">\n<li>\n<h4><strong>T\u00edtulo: Sistemas de mantenimiento del suelo en cultivo ecol\u00f3gico.<\/strong><\/h4>\n<\/li>\n<\/ul>\n<p>Entidad financiadora: Junta de Castilla y Le\u00f3n<\/p>\n<p>Entidades participantes: Universidad de Le\u00f3n. Instituto Tecnol\u00f3gico Agrario de Castilla y Le\u00f3n<\/p>\n<p>Duraci\u00f3n, 2007 &#8211; 2009<\/p>\n<ul style=\"list-style-type: disc;\">\n<li>\n<h4><strong>T\u00edtulo: Programa de selecci\u00f3n y mejora del cultivo de la alubia en la provincia de Le\u00f3n a\u00f1o 2007<\/strong>.<\/h4>\n<\/li>\n<\/ul>\n<p>Entidad financiadora: Diputaci\u00f3n Provincial de Le\u00f3n<\/p>\n<p>Entidades participantes: Universidad de Le\u00f3n<\/p>\n<p>Duraci\u00f3n, 2007<\/p>\n<ul style=\"list-style-type: disc;\">\n<li>\n<h4><strong>T\u00edtulo: Evaluaci\u00f3n agron\u00f3mica de la siembra sin laboreo en cultivo de colza (<em>Brassica napus<\/em> L.)<\/strong>.<\/h4>\n<\/li>\n<\/ul>\n<p>Entidad financiadora: Junta de Castilla y Le\u00f3n<\/p>\n<p>Entidades participantes: Universidad de Le\u00f3n<\/p>\n<p>Duraci\u00f3n, 2006 &#8211; 2007<\/p>\n<ul style=\"list-style-type: disc;\">\n<li>\n<h4><strong>T\u00edtulo: Valoraci\u00f3n de los da\u00f1os en cultivos herb\u00e1ceos causados por poblaciones de gansos<\/strong>.<\/h4>\n<\/li>\n<\/ul>\n<p>Entidad financiadora: Junta de Castilla y Le\u00f3n<\/p>\n<p>Entidades participantes: Universidad de Le\u00f3n. Junta de Castilla y Le\u00f3n<\/p>\n<p>Duraci\u00f3n, 2006 &#8211; 2009<\/p>\n<ul style=\"list-style-type: disc;\">\n<li>\n<h4><strong>T\u00edtulo: Mejora ambiental del cultivo de la alubia-grano (<em>Phaseolus vulgaris<\/em> L.) de calidad en el noroeste de Castilla y Le\u00f3n: selecci\u00f3n de cepas aut\u00f3ctonas de <em>Rhizobium<\/em> spp. Para biofertilizaci\u00f3n en sistemas siembra directa.<\/strong><\/h4>\n<\/li>\n<\/ul>\n<p>Entidad financiadora: Junta de Castilla y Le\u00f3n<\/p>\n<p>Entidades participantes: Universidad de Le\u00f3n. Universidad de Salamanca<\/p>\n<p>Duraci\u00f3n, 2005 &#8211; 2006<\/p>\n<ul style=\"list-style-type: disc;\">\n<li>\n<h4><strong>T\u00edtulo: Estudio de mercado para la marca de calidad de indicaci\u00f3n geogr\u00e1fica protegida de la alubia Ba\u00f1eza-Le\u00f3n: L\u00edneas de acci\u00f3n.<\/strong><\/h4>\n<\/li>\n<\/ul>\n<p>Entidad financiadora: Diputaci\u00f3n Provincial de Le\u00f3n<\/p>\n<p>Entidades participantes: Universidad de Le\u00f3n<\/p>\n<p>Duraci\u00f3n, 2005 &#8211; 2006<\/p>\n<ul style=\"list-style-type: disc;\">\n<li>\n<h4><strong>T\u00edtulo: Programa de selecci\u00f3n y mejora del cultivo de la alubia en la provincia de Le\u00f3n.<\/strong><\/h4>\n<\/li>\n<\/ul>\n<p>Entidad financiadora: Diputaci\u00f3n Provincial de Le\u00f3n<\/p>\n<p>Entidades participantes: Universidad de Le\u00f3n.<\/p>\n<p>Duraci\u00f3n, 2005 &#8211; 2007<\/p>\n<ul style=\"list-style-type: disc;\">\n<li>\n<h4><strong>T\u00edtulo: Mejora del cultivo y comercializaci\u00f3n del tomate de Mansilla de la Mulas (Le\u00f3n)<\/strong>.<\/h4>\n<\/li>\n<\/ul>\n<p>Entidad financiadora: Junta de Castilla y Le\u00f3n<\/p>\n<p>Entidades participantes: Universidad de Le\u00f3n. Instituto Tecnol\u00f3gico Agrario de Castilla y Le\u00f3n. Promotora Pro-Denominaci\u00f3n de Origen Tomate de Mansilla de las Mulas<\/p>\n<p>Duraci\u00f3n, 2005 &#8211; 2007<\/p>\n<ul style=\"list-style-type: disc;\">\n<li>\n<h4><strong>T\u00edtulo: Evoluci\u00f3n de la madurez durante la conservaci\u00f3n frigor\u00edfica de las principales variedades de manzana y pera de El Bierzo.<\/strong><\/h4>\n<\/li>\n<\/ul>\n<p>Entidad financiadora: Universidad de Le\u00f3n<\/p>\n<p>Entidades participantes: Universidad de Le\u00f3n. Asociaci\u00f3n Berciana de Agricultores<\/p>\n<p>Duraci\u00f3n, 2004 &#8211; 2007<\/p>\n<ul style=\"list-style-type: disc;\">\n<li>\n<h4><strong>T\u00edtulo: Cultivo de la alubia en la provincia de Le\u00f3n<\/strong>.<\/h4>\n<\/li>\n<\/ul>\n<p>Entidad financiadora: Diputaci\u00f3n Provincial de Le\u00f3n<\/p>\n<p>Entidades participantes: Universidad de Le\u00f3n<\/p>\n<p>Duraci\u00f3n, 2004 &#8211; 2007<\/p>\n<ul style=\"list-style-type: disc;\">\n<li>\n<h4><strong>T\u00edtulo: Multiplicaci\u00f3n, caracterizaci\u00f3n y evaluaci\u00f3n de las poblaciones espa\u00f1olas de jud\u00eda<\/strong>.<\/h4>\n<\/li>\n<\/ul>\n<p>Entidad financiadora: Ministerio de Ciencia y Tecnolog\u00eda<\/p>\n<p>Entidades participantes: Universidad de Le\u00f3n. Consejo Superior de Investigaciones Cient\u00edficas. Junta de Castilla y Le\u00f3n. Gobierno Vasco. Principado de Asturias. Universidad Polit\u00e9cnica de Catalu\u00f1a<\/p>\n<p>Duraci\u00f3n, 2004 &#8211; 2007<\/p>\n<ul style=\"list-style-type: disc;\">\n<li>\n<h4><strong>T\u00edtulo: Mejora del cultivo del Pimiento de El Bierzo<\/strong><\/h4>\n<\/li>\n<\/ul>\n<p>Entidad financiadora: Diputaci\u00f3n Provincial de Le\u00f3n<\/p>\n<p>Entidades participantes: Universidad de Le\u00f3n<\/p>\n<p>Duraci\u00f3n, 2004 &#8211; 2006<\/p>\n<ul style=\"list-style-type: disc;\">\n<li>\n<h4><strong>T\u00edtulo: Determinaci\u00f3n de umbrales de tratamiento contra el pulg\u00f3n de l\u00fapulo (<em>Phorodon humuli<\/em> Schrank) e importancia de los enemigos naturales como elementos de control.<\/strong><\/h4>\n<\/li>\n<\/ul>\n<p>Entidad financiadora: Junta de Castilla y Le\u00f3n<\/p>\n<p>Entidades participantes: Universidad de Le\u00f3n. Sociedad An\u00f3nima Espa\u00f1ola de Fomento del L\u00fapulo<\/p>\n<p>Duraci\u00f3n, 2002 &#8211; 2004<\/p>\n<ul style=\"list-style-type: disc;\">\n<li>\n<h4><strong>T\u00edtulo: Mejora e intensificaci\u00f3n del cultivo del casta\u00f1o en El Bierzo (Le\u00f3n).<\/strong><\/h4>\n<\/li>\n<\/ul>\n<p>Entidad financiadora: Junta de Castilla y Le\u00f3n<\/p>\n<p>Entidades participantes: Sociedad Cooperativa Agraria Gistredo; Junta de Castilla y Le\u00f3n; Universidad de Le\u00f3n<\/p>\n<p>Duraci\u00f3n, 2001 &#8211; 2003<\/p>\n<ul style=\"list-style-type: disc;\">\n<li>\n<h4><strong>T\u00edtulo: Multiplicaci\u00f3n, caracterizaci\u00f3n y evaluaci\u00f3n de las poblaciones espa\u00f1olas de jud\u00eda<\/strong>.<\/h4>\n<\/li>\n<\/ul>\n<p>Entidad financiadora: Ministerio de Agricultura, Pesca y Alimentaci\u00f3n<\/p>\n<p>Entidades participantes: Universidad de Le\u00f3n. Consejo Superior de Investigaciones<\/p>\n<p>Cient\u00edficas. Junta de Castilla y Le\u00f3n. Gobierno Vasco. Principado de Asturias<\/p>\n<p>Duraci\u00f3n: 1999 &#8211; 2002<\/p>\n<ul style=\"list-style-type: disc;\">\n<li>\n<h4>T<strong>\u00edtulo: Gesti\u00f3n de lodos de depuradora. Utilizaci\u00f3n en agricultura. Fabricaci\u00f3n de adsorbentes.<\/strong><\/h4>\n<\/li>\n<\/ul>\n<p>Entidad financiadora: Ministerio Educaci\u00f3n, Cultura y Deportes<\/p>\n<p>Entidades participantes: Universidad de Le\u00f3n<\/p>\n<p>Duraci\u00f3n, 1999 &#8211; 2001<\/p>\n<ul style=\"list-style-type: disc;\">\n<li>\n<h4><strong>T\u00edtulo: Proyecto para la selecci\u00f3n y caracterizaci\u00f3n del Pimiento del Bierzo.<\/strong><\/h4>\n<\/li>\n<\/ul>\n<p>Entidad financiadora: Diputaci\u00f3n Provincial de Le\u00f3n<\/p>\n<p>Entidades participantes: Universidad de Le\u00f3n<\/p>\n<p>Duraci\u00f3n, 1998 &#8211; 1999<\/p>\n","protected":false},"excerpt":{"rendered":"<p>T\u00edtulo: Aislamiento de cepas bacterianas capaces de de-epoxidar trichotecenos a partir de cultivos de jud\u00eda y l\u00fapulo colonizados por cepas Trichoderma productoras de estas micotoxinas Entidad financiadora: Ministerio de Ciencia e Innovaci\u00f3n Duraci\u00f3n: 2022-2025 T\u00edtulo: Ensayo de poblaciones de ma\u00edz en riego deficitario Entidad financiadora: CSIC &#8211; MISI\u00d3N BIOL\u00d3GICA DE GALICIA Duraci\u00f3n, 2023-2025 T\u00edtulo: Ensayo [&hellip;]<\/p>\n","protected":false},"author":56,"featured_media":0,"parent":968,"menu_order":0,"comment_status":"closed","ping_status":"closed","template":"","meta":{"footnotes":""},"class_list":["post-321","page","type-page","status-publish","hentry"],"_links":{"self":[{"href":"https:\/\/grupos.unileon.es\/ingenieria-y-agricultura-sostenible\/wp-json\/wp\/v2\/pages\/321","targetHints":{"allow":["GET"]}}],"collection":[{"href":"https:\/\/grupos.unileon.es\/ingenieria-y-agricultura-sostenible\/wp-json\/wp\/v2\/pages"}],"about":[{"href":"https:\/\/grupos.unileon.es\/ingenieria-y-agricultura-sostenible\/wp-json\/wp\/v2\/types\/page"}],"author":[{"embeddable":true,"href":"https:\/\/grupos.unileon.es\/ingenieria-y-agricultura-sostenible\/wp-json\/wp\/v2\/users\/56"}],"replies":[{"embeddable":true,"href":"https:\/\/grupos.unileon.es\/ingenieria-y-agricultura-sostenible\/wp-json\/wp\/v2\/comments?post=321"}],"version-history":[{"count":16,"href":"https:\/\/grupos.unileon.es\/ingenieria-y-agricultura-sostenible\/wp-json\/wp\/v2\/pages\/321\/revisions"}],"predecessor-version":[{"id":1544,"href":"https:\/\/grupos.unileon.es\/ingenieria-y-agricultura-sostenible\/wp-json\/wp\/v2\/pages\/321\/revisions\/1544"}],"up":[{"embeddable":true,"href":"https:\/\/grupos.unileon.es\/ingenieria-y-agricultura-sostenible\/wp-json\/wp\/v2\/pages\/968"}],"wp:attachment":[{"href":"https:\/\/grupos.unileon.es\/ingenieria-y-agricultura-sostenible\/wp-json\/wp\/v2\/media?parent=321"}],"curies":[{"name":"wp","href":"https:\/\/api.w.org\/{rel}","templated":true}]}}