{"id":333,"date":"2016-06-09T14:59:03","date_gmt":"2016-06-09T14:59:03","guid":{"rendered":"http:\/\/grupos.unileon.es\/ingenieria-y-agricultura-sostenible\/?page_id=333"},"modified":"2022-04-04T12:17:36","modified_gmt":"2022-04-04T12:17:36","slug":"tesis","status":"publish","type":"page","link":"https:\/\/grupos.unileon.es\/ingenieria-y-agricultura-sostenible\/tesis\/","title":{"rendered":"Tesis realizadas en nuestro grupo"},"content":{"rendered":"<h4>T\u00edtulo: Control biol\u00f3gico de <em>Phaeoacremonium minimum<\/em> mediante el uso de <em>Trichoderma<\/em> spp. en plantas de vid<\/h4>\n<p>Doctorando: <strong>D. Guzm\u00e1n Carro Huerga**<br \/>\n<\/strong><\/p>\n<p>Universidad: Universidad de Le\u00f3n<\/p>\n<p>FECHA: 2022<\/p>\n<p><strong>**.- Menci\u00f3n Internacional<\/strong><\/p>\n<h4><\/h4>\n<h4>T\u00edtulo: Valorizaci\u00f3n energ\u00e9tica de un cultivo energ\u00e9tico tras la aplicaci\u00f3n de abonado org\u00e1nico<\/h4>\n<p>Doctorando: <strong>D. Sergio Paniagua Bermejo***<\/strong><\/p>\n<p>Universidad: Universidad de Le\u00f3n<\/p>\n<p>FECHA: 2019<\/p>\n<p><strong>*.- Premio extraordinario de doctorado de la Rama de Ingenier\u00eda y Arquitectura<\/strong><\/p>\n<p><strong>**.- Menci\u00f3n Internacional<\/strong><\/p>\n<h4>T\u00edtulo: Caracterizaci\u00f3n evolutiva y molecular de la bios\u00edntesis de trichotecenos y an\u00e1lisis del papel de los esteroles de membrana de <em>T<\/em><em>richoderma<\/em> en la interacci\u00f3n con plantas<\/h4>\n<p>Doctorando: <strong>D\u00f1a. Laura Lindo Yugueros<br \/>\n<\/strong><\/p>\n<p>Universidad: Universidad de Le\u00f3n<\/p>\n<p>FECHA: 2019<\/p>\n<h4>T\u00edtulo: Evaluaci\u00f3n de <em>Trichoderma<\/em> spp. en el control biol\u00f3gico de <em>Rhizoctonia solani<\/em> y la respuesta defensiva en plantas de alubia pertenecientes a la IGP Alubia de La Ba\u00f1eza-Le\u00f3n.<\/h4>\n<p>Doctorando: <strong>D\u00f1a Sara Mayo Prieto**<\/strong><\/p>\n<p>Universidad: Universidad de Le\u00f3n<\/p>\n<p>FECHA: 2017<\/p>\n<p><strong>**.- Menci\u00f3n Internacional<\/strong><\/p>\n<h4>T\u00edtulo: Biorrelaci\u00f3n de aguas contaminadas con nutrientes y f\u00e1rmacos mediante microalgas<\/h4>\n<p>Doctorando: <strong>D\u00f1a Carla Escapa Santos**<\/strong><\/p>\n<p>Universidad: Universidad de Le\u00f3n<\/p>\n<p>FECHA: 2017<\/p>\n<p><strong>**.- Menci\u00f3n Internacional<\/strong><\/p>\n<h4>T\u00edtulo: Control biol\u00f3gico del gorgojo de la jud\u00eda <em>Acanthoscelides obtectus<\/em> (Say) (Coleoptera: Chrysomelidae: Bruchinae) en la regi\u00f3n de Castilla y Le\u00f3n &#8211; Espa\u00f1a<\/h4>\n<p>Doctorando: <strong>D. Paulo Henrique da Silva<\/strong><\/p>\n<p>Universidad: Universidad de Le\u00f3n<\/p>\n<p>FECHA: 2017<\/p>\n<h4>T\u00edtulo: <span class=\"Z3988\" title=\"ctx_ver=Z39.88-2004&amp;rft_val_fmt=info%3Aofi%2Ffmt%3Akev%3Amtx%3Adc&amp;rft_id=http%3A%2F%2Fhdl.handle.net%2F10612%2F6912&amp;rfr_id=info%3Asid%2Fdspace.org%3Arepository&amp;\">Tratamiento t\u00e9rmico de lodos de la industria papelera: utilizaci\u00f3n de subproductos para la adsorci\u00f3n de contaminantes emergentes del agua<\/span><\/h4>\n<p>Doctorando: <strong>D. Ricardo Nuno de Coimbra Sampaio Gomes<br \/>\n<\/strong><\/p>\n<p>Universidad: Universidad de Le\u00f3n<\/p>\n<p>FECHA: 2017<\/p>\n<h4>T\u00edtulo: Evaluaci\u00f3n de sistemas de mantenimiento del suelo en jud\u00eda (<em>Phaseolus vulgaris,<\/em> L.).<\/h4>\n<p>Doctorando: <strong>D\u00f1a M\u00aa Fe Marcos Fern\u00e1ndez<\/strong><\/p>\n<p>Universidad: Universidad de Le\u00f3n<\/p>\n<p>FECHA: 2015<\/p>\n<h4>T\u00edtulo: Mejora de las estrategias de control de ceramb\u00edcidos en el cultivo de la vid.<\/h4>\n<p>Doctorando: <strong>D. \u00c1lvaro Rodr\u00edguez Gonz\u00e1lez***<\/strong><\/p>\n<p>Universidad: Universidad de Le\u00f3n<\/p>\n<p>FECHA: 2014<\/p>\n<p><strong>*.- Premio extraordinario de doctorado de la Rama de Ingenier\u00eda y Arquitectura<\/strong><\/p>\n<p><strong>**.- Menci\u00f3n Internacional<\/strong><\/p>\n<h4>T\u00edtulo: Biodiversidad y comportamiento agron\u00f3mico en Le\u00f3n de <em>Gentiana lutea<\/em> L. var <em>aurantiaca.<\/em><\/h4>\n<p>Doctorando: <strong>D. \u00d3scar Gonz\u00e1lez L\u00f3pez**<\/strong><\/p>\n<p>Universidad: Universidad de Le\u00f3n<\/p>\n<p>FECHA: 2014<\/p>\n<p><strong>**.- Menci\u00f3n Internacional<\/strong><\/p>\n<h4>T\u00edtulo: Bios\u00edntesis del harzianum A y su papel en la fisiolog\u00eda y en la actividad de biocontrol ejercida por <em>Trichoderma arundinaceum.<\/em><\/h4>\n<p>Doctorando: <strong>D\u00f1a. M\u00f3nica G\u00f3mez Malmierca<\/strong><\/p>\n<p>Universidad: Universidad de Le\u00f3n<\/p>\n<p>FECHA: 2013<\/p>\n<p>T\u00edtulo: Influencia del ambiente y la t\u00e9cnica de conservaci\u00f3n sobre la calidad del pimiento asado del Bierzo.<\/p>\n<p>Doctorando: <strong>D. Ricardo Magdaleno Barrientos<\/strong><\/p>\n<p>Universidad: Universidad de Le\u00f3n<\/p>\n<p>FECHA: 2011<\/p>\n<h4>T\u00edtulo: Caracterizaci\u00f3n y selecci\u00f3n de rizobios que nodulan alubia (<em>Phaseolus vulgaris<\/em>, L.) en la I.G.P. \u00abAlubia de La Ba\u00f1eza-Le\u00f3n.<\/h4>\n<p>Doctorando: <strong>D. Daniel Mulas Garc\u00eda<\/strong><\/p>\n<p>Universidad: Universidad de Le\u00f3n<\/p>\n<p>FECHA: 2010<\/p>\n<h4>T\u00edtulo: <span class=\"Z3988\" title=\"ctx_ver=Z39.88-2004&amp;rft_val_fmt=info%3Aofi%2Ffmt%3Akev%3Amtx%3Adc&amp;rft_id=http%3A%2F%2Fhdl.handle.net%2F10612%2F1414&amp;rfr_id=info%3Asid%2Fdspace.org%3Arepository&amp;\">Eliminaci\u00f3n de CO2 con microalgas aut\u00f3ctonas.<\/span><\/h4>\n<p>Doctorando: <strong>D\u00f1a. Lorena Mart\u00ednez Garc\u00eda<br \/>\n<\/strong><\/p>\n<p>Universidad: Universidad de Le\u00f3n<\/p>\n<p>FECHA: 2009<\/p>\n<h4>T\u00edtulo:\u00a0<span class=\"Z3988\" title=\"ctx_ver=Z39.88-2004&amp;rft_val_fmt=info%3Aofi%2Ffmt%3Akev%3Amtx%3Adc&amp;rft_id=http%3A%2F%2Fhdl.handle.net%2F10612%2F1066&amp;rfr_id=info%3Asid%2Fdspace.org%3Arepository&amp;\">Tratamiento biol\u00f3gico aerobio-anaerobio-aerobio de residuos ganaderos para la obtenci\u00f3n de biog\u00e1s y compost<\/span><\/h4>\n<p>Doctorando: <strong>D. Daniel Blanco Cobi\u00e1n<br \/>\n<\/strong><\/p>\n<p>Universidad: Universidad de Le\u00f3n<\/p>\n<p>FECHA: 2009<\/p>\n<h4>T\u00edtulo: <span class=\"Z3988\" title=\"ctx_ver=Z39.88-2004&amp;rft_val_fmt=info%3Aofi%2Ffmt%3Akev%3Amtx%3Adc&amp;rft_id=http%3A%2F%2Fhdl.handle.net%2F10612%2F6977&amp;rfr_id=info%3Asid%2Fdspace.org%3Arepository&amp;\">Energ\u00edas renovables y MIX Energ\u00e9tico<\/span><\/h4>\n<p>Doctorando: <strong>D. Marcos \u00c1lvarez D\u00edez<br \/>\n<\/strong><\/p>\n<p>Universidad: Universidad de Le\u00f3n<\/p>\n<p>FECHA: 2008<\/p>\n<h4>T\u00edtulo: Siembra sin laboreo en cebada y ma\u00edz: influencia de la regulaci\u00f3n de la sembradora y de la cantidad de rastrojo sobre suelo y cultivo.<\/h4>\n<p>Doctorando<strong> D.<\/strong> <strong>Francisco Javier L\u00f3pez D\u00edez<\/strong><\/p>\n<p>Universidad: Universidad de Le\u00f3n<\/p>\n<p>FECHA: 2005<\/p>\n<h4>T\u00edtulo: Clonaci\u00f3n y caracterizaci\u00f3n de un gen que codifica un p\u00e9ptido sintetasa en <em>Trichoderma<\/em>.<\/h4>\n<p>Doctorando: <strong>D. Juan Antonio Vizca\u00edno Gonz\u00e1lez<\/strong><\/p>\n<p>Universidad: Universidad de Salamanca<\/p>\n<p>FECHA: 2005<\/p>\n<h4>T\u00edtulo: An\u00e1lisis del pimiento asado del Bierzo: selecci\u00f3n, transformaci\u00f3n y calidad organol\u00e9ptica.<\/h4>\n<p>Doctorando<strong>: D. Marcos Guerra S\u00e1nchez<\/strong><\/p>\n<p>Universidad: Universidad de Le\u00f3n<\/p>\n<p>FECHA: 2004<\/p>\n<h4>T\u00edtulo: Detecci\u00f3n, clonaci\u00f3n y caracterizaci\u00f3n de genes regulados catab\u00f3licamente en <em>Penicillium chrysogenum<\/em>.<\/h4>\n<p>Doctorando: <strong>D\u00f1a. Nancy I. Castillo Orjuela<\/strong><\/p>\n<p>Universidad: Universidad de Le\u00f3n<\/p>\n<p>FECHA: 2004<\/p>\n<h4>T\u00edtulo: Estudio y an\u00e1lisis de la siembra de la alubia (<em>Phaseolus vulgaris,<\/em> L.) en la provincia de Le\u00f3n: evaluaci\u00f3n y comparaci\u00f3n de t\u00e9cnicas de siembra.<\/h4>\n<p>Doctorando: <strong>D. Jos\u00e9 Benito Valenciano Montenegro<\/strong><\/p>\n<p>Universidad: Universidad de Le\u00f3n<\/p>\n<p>FECHA: 2001<\/p>\n<h4>T\u00edtulo: An\u00e1lisis de la regulaci\u00f3n de la expresi\u00f3n del gen <em>pcb<\/em>AB de <em>Penicillium chrysogenum<\/em>, el primer gen de la v\u00eda biosint\u00e9tica de la penicilina.<\/h4>\n<p>Doctorando: <strong>D\u00f1a. Katarina Kosalkova<\/strong><\/p>\n<p>Universidad: Universidad de Le\u00f3n<\/p>\n<p>FECHA: 2000<\/p>\n<h4>T\u00edtulo: Genes y enzimas implicados en los \u00faltimos pasos de la bios\u00edntesis de Cefalosporina C.<\/h4>\n<p>Doctorando: <strong>D. Javier Velasco \u00c1lvarez<\/strong><\/p>\n<p>Universidad: Universidad de Le\u00f3n<\/p>\n<p>FECHA: 1997<\/p>\n<h4>T\u00edtulo: Caracterizaci\u00f3n de la expresi\u00f3n de los genes implicados en la bios\u00edntesis de penicilina: reacci\u00f3n enzim\u00e1tica catalizada por el producto del \u00faltimo gen (<em>pen<\/em>DE) de la ruta de bios\u00edntesis de penicilina.<\/h4>\n<p>Doctorando<strong>: D. Francisco Jos\u00e9 Fern\u00e1ndez Perrino*<\/strong><\/p>\n<p>Universidad: Universidad de Le\u00f3n<\/p>\n<p>FECHA: 1997<\/p>\n<p><strong>*.- Premio extraordinario de doctorado.<\/strong><\/p>\n<h4>T\u00edtulo: Caracterizaci\u00f3n de la ruta biosint\u00e9tica de lisina en <em>Penicillium chrysogenum<\/em>: clonaci\u00f3n, secuenciaci\u00f3n, an\u00e1lisis y disrupci\u00f3n g\u00e9nica del locus <em>lys<\/em>2.<\/h4>\n<p>Doctorando: <strong>D. Javier Casqueiro Blanco<\/strong><\/p>\n<p>Universidad: Universidad de Le\u00f3n<\/p>\n<p>FECHA: 1997<\/p>\n","protected":false},"excerpt":{"rendered":"<p>T\u00edtulo: Control biol\u00f3gico de Phaeoacremonium minimum mediante el uso de Trichoderma spp. en plantas de vid Doctorando: D. Guzm\u00e1n Carro Huerga** Universidad: Universidad de Le\u00f3n FECHA: 2022 **.- Menci\u00f3n Internacional T\u00edtulo: Valorizaci\u00f3n energ\u00e9tica de un cultivo energ\u00e9tico tras la aplicaci\u00f3n de abonado org\u00e1nico Doctorando: D. Sergio Paniagua Bermejo*** Universidad: Universidad de Le\u00f3n FECHA: 2019 *.- [&hellip;]<\/p>\n","protected":false},"author":56,"featured_media":0,"parent":0,"menu_order":0,"comment_status":"closed","ping_status":"closed","template":"","meta":{"footnotes":""},"class_list":["post-333","page","type-page","status-publish","hentry"],"_links":{"self":[{"href":"https:\/\/grupos.unileon.es\/ingenieria-y-agricultura-sostenible\/wp-json\/wp\/v2\/pages\/333","targetHints":{"allow":["GET"]}}],"collection":[{"href":"https:\/\/grupos.unileon.es\/ingenieria-y-agricultura-sostenible\/wp-json\/wp\/v2\/pages"}],"about":[{"href":"https:\/\/grupos.unileon.es\/ingenieria-y-agricultura-sostenible\/wp-json\/wp\/v2\/types\/page"}],"author":[{"embeddable":true,"href":"https:\/\/grupos.unileon.es\/ingenieria-y-agricultura-sostenible\/wp-json\/wp\/v2\/users\/56"}],"replies":[{"embeddable":true,"href":"https:\/\/grupos.unileon.es\/ingenieria-y-agricultura-sostenible\/wp-json\/wp\/v2\/comments?post=333"}],"version-history":[{"count":17,"href":"https:\/\/grupos.unileon.es\/ingenieria-y-agricultura-sostenible\/wp-json\/wp\/v2\/pages\/333\/revisions"}],"predecessor-version":[{"id":1451,"href":"https:\/\/grupos.unileon.es\/ingenieria-y-agricultura-sostenible\/wp-json\/wp\/v2\/pages\/333\/revisions\/1451"}],"wp:attachment":[{"href":"https:\/\/grupos.unileon.es\/ingenieria-y-agricultura-sostenible\/wp-json\/wp\/v2\/media?parent=333"}],"curies":[{"name":"wp","href":"https:\/\/api.w.org\/{rel}","templated":true}]}}