{"id":469,"date":"2016-07-04T16:32:12","date_gmt":"2016-07-04T16:32:12","guid":{"rendered":"http:\/\/grupos.unileon.es\/ingenieria-y-agricultura-sostenible\/?page_id=469"},"modified":"2025-06-17T12:07:53","modified_gmt":"2025-06-17T12:07:53","slug":"noticias","status":"publish","type":"page","link":"https:\/\/grupos.unileon.es\/ingenieria-y-agricultura-sostenible\/noticias\/","title":{"rendered":"Noticias"},"content":{"rendered":"<h2>2025<\/h2>\n<h3><a href=\"https:\/\/www.unileon.es\/noticias\/la-ule-demuestra-que-el-manejo-ecologico-mejora-la-calidad-de-la-pera-conferencia\">La ULE demuestra que el manejo ecol\u00f3gico mejora la calidad de la pera &#8216;Conferencia&#8217;, potenciando el russeting y su perfil sensorial<\/a><\/h3>\n<h3 class=\"c-detail__title\"><a href=\"https:\/\/www.diariodeleon.es\/monograficos\/innova\/250429\/2007835\/vid-inmortal-ule.html\">La vid inmortal<\/a><\/h3>\n<h3><a href=\"https:\/\/www.unileon.es\/noticias\/un-equipo-cientifico-de-la-ule-analiza-el-impacto-del-insecto-xylotrechus-arvicola-en-la\">Un equipo cient\u00edfico de la ULE analiza el impacto del insecto\u00a0<em>Xylotrechus arvicola<\/em>\u00a0en la resistencia de la vid<\/a><\/h3>\n<h2>2024<\/h2>\n<h3><a href=\"https:\/\/www.unileon.es\/noticias\/recubrimientos-comestibles-a-base-de-aceites-esenciales-preservan-la-calidad-de-la-manzana\">Recubrimientos comestibles a base de aceites esenciales preservan la calidad de la manzana ecol\u00f3gica &#8216;Golden Delicious&#8217;<\/a><\/h3>\n<h3><a href=\"https:\/\/www.unileon.es\/noticias-de-investigacion\/una-investigacion-de-la-ule-destaca-la-importancia-de-los-acolchados\">Una investigaci\u00f3n de la ULE destaca la importancia de los acolchados biodegradables en la mejora de la calidad de los pimientos asados\u00a0<\/a><\/h3>\n<h3><a href=\"https:\/\/www.unileon.es\/noticias-de-investigacion\/investigadores-del-campus-de-ponferrada-de-la-ule-identifican-un-gen\">Investigadores del campus de Ponferrada de la ULE identifican un gen clave para evitar da\u00f1os de un tipo de micotoxinas en cultivos agr\u00edcolas<\/a><\/h3>\n<h2>2023<\/h2>\n<h3><a href=\"https:\/\/www.unileon.es\/noticias\/una-camara-de-cultivo-creada-en-la-ule-finalista-de-los-premios-nacionales-a-la-mejor\">Una c\u00e1mara de cultivo creada en la ULE, finalista de los premios nacionales a la mejor invenci\u00f3n 2023<\/a><\/h3>\n<h3><a href=\"https:\/\/eiaf.unileon.es\/publicada-la-guia-de-gestion-integrada-de-plagas-de-lupulo-elaborada-por-profesores-de-la-eiaf\/\">Publicada la Gu\u00eda de Gesti\u00f3n Integrada de Plagas de l\u00fapulo, elaborada por profesores de la EIAF<\/a><\/h3>\n<h2>2022<\/h2>\n<h3 class=\"title text-center\"><a href=\"https:\/\/www.diariodeleon.es\/articulo\/sociedad\/gran-nevera-espana-que-preserva-1400-semillas-leon\/202203112043522200665.html\" target=\"_blank\" rel=\"noopener\">La gran nevera de Espa\u00f1a que preserva 1.400 semillas de Le\u00f3n<\/a><\/h3>\n<h2>2021<\/h2>\n<h3>Publicada una Gu\u00eda de Gesti\u00f3n Integrada de Plagas de Leguminosas, elaborada por profesores de la ULE &#8211; <a href=\"https:\/\/www.unileon.es\/noticias\/publicada-una-guia-de-gestion-integrada-de-plagas-de-leguminosas-elaborada-por-profesores\" target=\"_blank\" rel=\"noopener\">Unileon<\/a> &#8211; <a href=\"https:\/\/noticiascyl.elespanol.com\/t\/2868675\/leon-sociedad-leon-ministerio-publica-guia-gestion-integrada-plagas-leguminosas-elaborada-profesores\" target=\"_blank\" rel=\"noopener\">Noticias Castilla y Le\u00f3n<\/a> &#8211; <a href=\"https:\/\/www.ileon.com\/universidad\/118144\/agricultura-publica-una-guia-de-gestion-de-plagas-de-leguminosas-hecha-por-profesores-de-la-universidad-de-leon\" target=\"_blank\" rel=\"noopener\">ILe\u00f3n<\/a> &#8211; <a href=\"https:\/\/www.leonoticias.com\/universidad\/publicada-guia-gestion-20210503120415-nt.html\" target=\"_blank\" rel=\"noopener\">Leonoticias<\/a> &#8211; <a href=\"https:\/\/www.diariodeleon.es\/articulo\/provincia\/ministerio-agricultura-publica-guia-ule-leguminosas\/202105040133172110057.html\" target=\"_blank\" rel=\"noopener\">Diario de Le\u00f3n<\/a> &#8211; <a href=\"https:\/\/www.leon7dias.com\/2021\/05\/04\/publicada-una-guia-de-gestion-integrada-de-plagas-de-leguminosas-elaborada-por-profesores-de-la-ule\/\" target=\"_blank\" rel=\"noopener\">Le\u00f3n 7 d\u00edas<\/a> &#8211; <a href=\"https:\/\/www.agronewscastillayleon.com\/publicada-una-guia-de-gestion-integrada-de-plagas-de-leguminosas-elaborada-por-profesores-de-la\" target=\"_blank\" rel=\"noopener\">Agronews Castilla y Le\u00f3n<\/a><\/h3>\n<h3><a href=\"https:\/\/www.diariodeleon.es\/articulo\/bierzo\/do-bierzo-es-reducto-frente-avance-tornillo-vid\/202104190132172105592.html\" target=\"_blank\" rel=\"noopener\">La DO Bierzo es un reducto frente al avance del tornillo de la vid<\/a><\/h3>\n<h3 class=\"title style-scope ytd-video-primary-info-renderer\"><a href=\"https:\/\/www.youtube.com\/watch?v=JqgptwO3SLE\" target=\"_blank\" rel=\"noopener\">Al servicio del campo &#8211; Objetivo Bierzo 11 Marzo 2021 &#8211; La 8 Bierzo<\/a><\/h3>\n<h2>2020<\/h2>\n<h3><a href=\"https:\/\/www.lanuevacronica.com\/convenio-ule-diputacion-leon-control-plagas\" target=\"_blank\" rel=\"noopener noreferrer\">Uni\u00f3n de la ULE y la Diputaci\u00f3n para controlar las plagas<\/a><\/h3>\n<h3><a href=\"https:\/\/www.unileon.es\/noticias\/la-ule-y-la-diputacion-de-leon-renovaran-en-breve-su-convenio-para-el-control-de-plagas\" target=\"_blank\" rel=\"noopener noreferrer\">La ULE y la Diputaci\u00f3n de Le\u00f3n renovar\u00e1n en breve su convenio para el control de plagas<\/a><\/h3>\n<h3><a href=\"https:\/\/www.lanuevacronica.com\/agricolas-trampea-al-taladro-de-la-vid\" target=\"_blank\" rel=\"noopener noreferrer\">Agr\u00edcolas trampea al &#8216;taladro&#8217; de la vid<\/a><\/h3>\n<h3 class=\"title text-center\"><a href=\"https:\/\/www.diariodeleon.es\/articulo\/sociedad\/la-batalla-de-las-trichodermas\/202002110232301985406.html\" target=\"_blank\" rel=\"noopener noreferrer\">La batalla de <em>Trichoderma<\/em><\/a><\/h3>\n<h3><a href=\"https:\/\/www.unileon.es\/noticias\/la-plataforma-tecnologica-del-vino-premia-el-trabajo-de-un-joven-investigador-de-la-ule\">La Plataforma Tecnol\u00f3gica del Vino premia el trabajo de un joven investigador de la ULE<\/a><\/h3>\n<h2>2019<\/h2>\n<h3><a href=\"https:\/\/www.ileon.com\/universidad\/094511\/el-grupo-guiias-de-la-ule-premiado-por-una-idea-innovadora-de-negocio\">El Grupo GUIIAS de la ULE, premiado por una idea innovadora de negocio<\/a><\/h3>\n<h3 class=\"title\"><a href=\"https:\/\/www.unileon.es\/noticias\/entregado-al-grupo-guiias-de-la-ule-un-premio-por-su-idea-innovadora-de-negocio\">Entregado al Grupo GUIIAS de la ULE un premio por su idea innovadora de negocio<\/a><\/h3>\n<h2><strong>2018<\/strong><\/h2>\n<h3 class=\"TitularEnNoticia\"><a href=\"http:\/\/www.diariodevalladolid.es\/noticias\/innovadores\/hongo-liberar-alubia-fertilizante_125382.html\" target=\"_blank\" rel=\"noopener noreferrer\">Un hongo para liberar a la alubia del fertilizante<\/a><\/h3>\n<h3 class=\"TitularDeNoticia\"><a href=\"http:\/\/www.diariodeleon.es\/noticias\/provincia\/diputacion-financia-control-taladro-vid_1266050.html\" target=\"_blank\" rel=\"noopener noreferrer\">La Diputaci\u00f3n financia el control del taladro de la vid<\/a><\/h3>\n<h3 class=\"view headline\"><a href=\"http:\/\/www.dicyt.com\/noticias\/revelada-la-evolucion-genetica-de-toxinas-producidas-por-hongos-que-afectan-a-importantes-cultivos?platform=hootsuite\" target=\"_blank\" rel=\"noopener noreferrer\">Revelada la evoluci\u00f3n gen\u00e9tica de toxinas producidas por hongos que afectan a importantes cultivos<\/a><\/h3>\n<h3>Universidad y Diputaci\u00f3n de Le\u00f3n avanzan en el control sostenible del &#8216;taladro de la vid&#8217; &#8211;<a href=\"http:\/\/www.ileon.com\/universidad\/084044\/universidad-y-diputacion-de-leon-avanzan-en-el-control-sostenible-del-taladro-de-la-vid\" target=\"_blank\" rel=\"noopener noreferrer\"> ILeon<\/a> &#8211; <a href=\"http:\/\/www.dicyt.com\/noticias\/universidad-y-diputacion-de-leon-avanzan-en-el-control-sostenible-del-taladro-de-la-vid\" target=\"_blank\" rel=\"noopener noreferrer\">Agencia DICYT <\/a>&#8211; <a href=\"http:\/\/www.leonoticias.com\/universidad\/universidad-diputacion-leon-20180322125920-nt.html\" target=\"_blank\" rel=\"noopener noreferrer\">Leonoticias<\/a> &#8211; <a href=\"http:\/\/www.europapress.es\/castilla-y-leon\/noticia-universidad-diputacion-leon-avanzan-control-sostenible-taladro-vid-20180322142408.html\" target=\"_blank\" rel=\"noopener noreferrer\">Europa Press<\/a><\/h3>\n<h3 class=\"TitularEnNoticia\"><a href=\"http:\/\/www.diariodeleon.es\/noticias\/provincia\/prueban-hongo-tratamiento-ecologico-taladro-vid_1236417.html\" target=\"_blank\" rel=\"noopener noreferrer\">Prueban un hongo como tratamiento ecol\u00f3gico contra el taladro de la vid<\/a><\/h3>\n<h3 class=\"entry-title\"><a href=\"http:\/\/www.estia.unileon.es\/premios-a-la-innovacion-en-la-ensenanza-del-consejo-social-de-la-ule\/\" target=\"_blank\" rel=\"noopener noreferrer\">Premios a la Innovaci\u00f3n en la Ense\u00f1anza del Consejo Social de la ULE<\/a><\/h3>\n<h3 class=\"TitularEnNoticia\"><a href=\"http:\/\/www.diariodeleon.es\/noticias\/innova\/felices-conectados-aula_1226437.html\" target=\"_blank\" rel=\"noopener noreferrer\">Felices y conectados en el aula<\/a><\/h3>\n<h2><strong>2017<\/strong><\/h2>\n<h3 class=\"view headline\"><a href=\"http:\/\/www.dicyt.com\/noticias\/la-universidad-de-leon-estudia-combatir-con-metodos-biologicos-el-tornillo-de-la-vid\" target=\"_blank\" rel=\"noopener noreferrer\">La Universidad de Le\u00f3n estudia combatir con m\u00e9todos biol\u00f3gicos el \u2018tornillo de la vid\u2019<\/a><\/h3>\n<h3><a href=\"http:\/\/www.diariodeleon.es\/noticias\/leon\/encontrar-hongo-bueno_1166294.html\" target=\"_blank\" rel=\"noopener noreferrer\">Premios INNOVA de Agroalimentaci\u00f3n<\/a><\/h3>\n<h3 class=\"title\"><a href=\"http:\/\/www.unileon.es\/noticias\/universidad-y-diputacion-de-leon-avanzan-en-el-control-del-insecto-xylotrechus-arvicola-que-afecta-l\" target=\"_blank\" rel=\"noopener noreferrer\">Universidad y Diputaci\u00f3n de Le\u00f3n avanzan en el control del insecto <em>Xylotrechus arvicola<\/em>, que afecta a los vi\u00f1edos<\/a><\/h3>\n<h3><a href=\"http:\/\/www.unileon.es\/noticias\/premiada-una-investigacion-de-la-ule-sobre-control-biologico-de-enfermedades-de-la-vid\" target=\"_blank\" rel=\"noopener noreferrer\">Premiada una investigaci\u00f3n de la ULE sobre control biol\u00f3gico de enfermedades de la vid<\/a><\/h3>\n<h2><strong>2016<\/strong><\/h2>\n<h3><a href=\"http:\/\/play.cadenaser.com\/audio\/1479750732_319056\/\" target=\"_blank\" rel=\"noopener noreferrer\">Nuevas l\u00edneas de investigaci\u00f3n en la lucha contra enfermedades que afectan a las vides de la DO Tierra de Le\u00f3n<\/a><\/h3>\n<h3><a href=\"http:\/\/www.leonoticias.com\/comarcas\/201611\/11\/conocimiento-financiacion-diputacion-alian-20161111134447.html?ns_campaign=rrss&amp;ns_mchannel=boton&amp;ns_fee=0&amp;ns_source=fb&amp;ns_linkname=comarcas\" target=\"_blank\" rel=\"noopener noreferrer\">El conocimiento de la ULE y la financiaci\u00f3n de la Diputaci\u00f3n se al\u00edan para impulsar el desarrollo econ\u00f3mico y social de Le\u00f3n<\/a><\/h3>\n<h3 id=\"Top2\" class=\"Banner\"><a href=\"http:\/\/www.unileon.es\/noticias\/la-ule-acogera-el-vi-congreso-de-microbiologia-industrial-y-biotecnologia-microbiana\" target=\"_blank\" rel=\"noopener noreferrer\">La ULE acoger\u00e1 el VI Congreso de Microbiolog\u00eda Industrial y Biotecnolog\u00eda Microbiana<\/a><\/h3>\n<h3 class=\"TitularEnNoticia\"><a href=\"http:\/\/www.diariodeleon.es\/noticias\/innova\/solucion-estaba-hongo_1084870.html\" target=\"_blank\" rel=\"noopener noreferrer\">La soluci\u00f3n estaba en un hongo<\/a><\/h3>\n<h3 class=\"title\"><a href=\"http:\/\/www.unileon.es\/noticias\/la-ule-investiga-una-solucion-biologica-las-enfermedades-de-madera-de-vid\" target=\"_blank\" rel=\"noopener noreferrer\">La ULE investiga una soluci\u00f3n biol\u00f3gica a las enfermedades de madera de vid<\/a><\/h3>\n<h3 class=\"title\"><a href=\"http:\/\/www.unileon.es\/noticias\/investigadores-del-campus-de-ponferrada-de-la-ule-expertos-en-el-estudio-del-trichoderma\">Investigadores del Campus de Ponferrada de la ULE, expertos en el estudio del &#8216;<em>Trichoderma<\/em>&#8216;<\/a><\/h3>\n","protected":false},"excerpt":{"rendered":"<p>2025 La ULE demuestra que el manejo ecol\u00f3gico mejora la calidad de la pera &#8216;Conferencia&#8217;, potenciando el russeting y su perfil sensorial La vid inmortal Un equipo cient\u00edfico de la ULE analiza el impacto del insecto\u00a0Xylotrechus arvicola\u00a0en la resistencia de la vid 2024 Recubrimientos comestibles a base de aceites esenciales preservan la calidad de la [&hellip;]<\/p>\n","protected":false},"author":54,"featured_media":0,"parent":0,"menu_order":0,"comment_status":"closed","ping_status":"closed","template":"","meta":{"footnotes":""},"class_list":["post-469","page","type-page","status-publish","hentry"],"_links":{"self":[{"href":"https:\/\/grupos.unileon.es\/ingenieria-y-agricultura-sostenible\/wp-json\/wp\/v2\/pages\/469","targetHints":{"allow":["GET"]}}],"collection":[{"href":"https:\/\/grupos.unileon.es\/ingenieria-y-agricultura-sostenible\/wp-json\/wp\/v2\/pages"}],"about":[{"href":"https:\/\/grupos.unileon.es\/ingenieria-y-agricultura-sostenible\/wp-json\/wp\/v2\/types\/page"}],"author":[{"embeddable":true,"href":"https:\/\/grupos.unileon.es\/ingenieria-y-agricultura-sostenible\/wp-json\/wp\/v2\/users\/54"}],"replies":[{"embeddable":true,"href":"https:\/\/grupos.unileon.es\/ingenieria-y-agricultura-sostenible\/wp-json\/wp\/v2\/comments?post=469"}],"version-history":[{"count":35,"href":"https:\/\/grupos.unileon.es\/ingenieria-y-agricultura-sostenible\/wp-json\/wp\/v2\/pages\/469\/revisions"}],"predecessor-version":[{"id":1550,"href":"https:\/\/grupos.unileon.es\/ingenieria-y-agricultura-sostenible\/wp-json\/wp\/v2\/pages\/469\/revisions\/1550"}],"wp:attachment":[{"href":"https:\/\/grupos.unileon.es\/ingenieria-y-agricultura-sostenible\/wp-json\/wp\/v2\/media?parent=469"}],"curies":[{"name":"wp","href":"https:\/\/api.w.org\/{rel}","templated":true}]}}