{"id":489,"date":"2016-07-06T13:08:23","date_gmt":"2016-07-06T13:08:23","guid":{"rendered":"http:\/\/grupos.unileon.es\/ingenieria-y-agricultura-sostenible\/?page_id=489"},"modified":"2018-10-04T11:38:28","modified_gmt":"2018-10-04T11:38:28","slug":"publicaciones","status":"publish","type":"page","link":"https:\/\/grupos.unileon.es\/ingenieria-y-agricultura-sostenible\/publicaciones\/","title":{"rendered":"Publicaciones"},"content":{"rendered":"<p style=\"text-align: right;\"><div id=\"metaslider-id-96\" style=\"max-width: 1800px;\" class=\"ml-slider-3-100-1 metaslider metaslider-flex metaslider-96 ml-slider ms-theme-default\" role=\"region\" aria-label=\"Presentaci\u00f3n\" data-height=\"600\" data-width=\"1800\">\n    <div id=\"metaslider_container_96\">\n        <div id=\"metaslider_96\">\n            <ul class='slides'>\n                <li style=\"display: block; width: 100%;\" class=\"slide-1423 ms-image \" aria-roledescription=\"slide\" data-date=\"2021-07-22 06:47:17\"><img loading=\"lazy\" decoding=\"async\" src=\"https:\/\/grupos.unileon.es\/ingenieria-y-agricultura-sostenible\/files\/2021\/07\/IMG-20210719-WA0015-1024x341.jpg\" height=\"600\" width=\"1800\" alt=\"\" class=\"slider-96 slide-1423 msDefaultImage\" title=\"Foto de grupo 19-07-2021\" \/><div class=\"caption-wrap\"><div class=\"caption\">Grupo GUIIAS. Escuela de Ingenier\u00eda Agraria y Forestal. Campus de Le\u00f3n.<\/div><\/div><\/li>\n                <li style=\"display: none; width: 100%;\" class=\"slide-1039 ms-image \" aria-roledescription=\"slide\" data-date=\"2018-02-16 08:17:19\"><a href=\"http:\/\/docdevelopments.blogspot.com\/2017\/10\/binqui.html\" target=\"_self\" aria-label=\"View Slide Details\" class=\"metaslider_image_link\"><img loading=\"lazy\" decoding=\"async\" src=\"https:\/\/grupos.unileon.es\/ingenieria-y-agricultura-sostenible\/files\/2018\/02\/IMG_20161031_170800-001-1800x600.jpg\" height=\"600\" width=\"1800\" alt=\"\" class=\"slider-96 slide-1039 msDefaultImage\" \/><\/a><div class=\"caption-wrap\"><div class=\"caption\">BINQUI, la app de Bases de Ingenier\u00eda Qu\u00edmica<\/div><\/div><\/li>\n                <li style=\"display: none; width: 100%;\" class=\"slide-1119 ms-image \" aria-roledescription=\"slide\" data-date=\"2018-08-21 08:48:13\"><img loading=\"lazy\" decoding=\"async\" src=\"https:\/\/grupos.unileon.es\/ingenieria-y-agricultura-sostenible\/files\/2017\/02\/Ponferrada-e1534841380666-1800x600.jpg\" height=\"600\" width=\"1800\" alt=\"\" class=\"slider-96 slide-1119 msDefaultImage\" title=\"Ponferrada\" \/><div class=\"caption-wrap\"><div class=\"caption\">Grupo GUIIAS. \u00c1rea de Microbiolog\u00eda. Campus de Ponferrada.<\/div><\/div><\/li>\n                <li style=\"display: none; width: 100%;\" class=\"slide-995 ms-image \" aria-roledescription=\"slide\" data-date=\"2018-01-08 13:00:21\"><img loading=\"lazy\" decoding=\"async\" src=\"https:\/\/grupos.unileon.es\/ingenieria-y-agricultura-sostenible\/files\/2017\/02\/DSC06289-1800x600.jpg\" height=\"600\" width=\"1800\" alt=\"\" class=\"slider-96 slide-995 msDefaultImage\" \/><\/li>\n                <li style=\"display: none; width: 100%;\" class=\"slide-1040 ms-image \" aria-roledescription=\"slide\" data-date=\"2018-02-16 08:17:19\"><img loading=\"lazy\" decoding=\"async\" src=\"https:\/\/grupos.unileon.es\/ingenieria-y-agricultura-sostenible\/files\/2018\/02\/IMG-20180215-WA0000-1136x378.jpg\" height=\"600\" width=\"1800\" alt=\"\" class=\"slider-96 slide-1040 msDefaultImage\" \/><div class=\"caption-wrap\"><div class=\"caption\">Grupo GUIIAS. Escuela de Ingenier\u00eda Agraria y Forestal. Campus de Le\u00f3n.<\/div><\/div><\/li>\n                <li style=\"display: none; width: 100%;\" class=\"slide-51 ms-image \" aria-roledescription=\"slide\" data-date=\"2016-06-07 14:53:58\"><img loading=\"lazy\" decoding=\"async\" src=\"https:\/\/grupos.unileon.es\/ingenieria-y-agricultura-sostenible\/files\/2016\/06\/P1030523-1800x600.jpg\" height=\"600\" width=\"1800\" alt=\"\" class=\"slider-96 slide-51 msDefaultImage\" \/><\/li>\n                <li style=\"display: none; width: 100%;\" class=\"slide-1164 ms-image \" aria-roledescription=\"slide\" data-date=\"2019-02-13 08:44:17\"><img loading=\"lazy\" decoding=\"async\" src=\"https:\/\/grupos.unileon.es\/ingenieria-y-agricultura-sostenible\/files\/2019\/02\/Premio-120219-960x320.jpg\" height=\"600\" width=\"1800\" alt=\"\" class=\"slider-96 slide-1164 msDefaultImage\" title=\"Premio Iniciativa Campus Emprendedro\" \/><div class=\"caption-wrap\"><div class=\"caption\">2\u00ba Premio del Concurso Iniciativa Campus Emprendedor 2018<\/div><\/div><\/li>\n                <li style=\"display: none; width: 100%;\" class=\"slide-1338 ms-image \" aria-roledescription=\"slide\" data-date=\"2020-10-19 11:33:39\"><img loading=\"lazy\" decoding=\"async\" src=\"https:\/\/grupos.unileon.es\/ingenieria-y-agricultura-sostenible\/files\/2020\/10\/IMG_20170726_115939-1800x600.jpg\" height=\"600\" width=\"1800\" alt=\"\" class=\"slider-96 slide-1338 msDefaultImage\" title=\"IMG_20170726_115939\" \/><div class=\"caption-wrap\"><div class=\"caption\">Vid (<i>Vitis vinifera<\/i> L.)<\/div><\/div><\/li>\n                <li style=\"display: none; width: 100%;\" class=\"slide-996 ms-image \" aria-roledescription=\"slide\" data-date=\"2018-01-08 13:03:24\"><img loading=\"lazy\" decoding=\"async\" src=\"https:\/\/grupos.unileon.es\/ingenieria-y-agricultura-sostenible\/files\/2016\/07\/cropped-foto-1-512x170.jpg\" height=\"600\" width=\"1800\" alt=\"\" class=\"slider-96 slide-996 msDefaultImage\" \/><div class=\"caption-wrap\"><div class=\"caption\"><i>Trichoderma<\/i> spp.<\/div><\/div><\/li>\n                <li style=\"display: none; width: 100%;\" class=\"slide-372 ms-image \" aria-roledescription=\"slide\" data-date=\"2016-06-13 15:24:35\"><img loading=\"lazy\" decoding=\"async\" src=\"https:\/\/grupos.unileon.es\/ingenieria-y-agricultura-sostenible\/files\/2016\/06\/DSCN0245-1800x600.jpg\" height=\"600\" width=\"1800\" alt=\"\" class=\"slider-96 slide-372 msDefaultImage\" \/><\/li>\n                <li style=\"display: none; width: 100%;\" class=\"slide-1291 ms-image \" aria-roledescription=\"slide\" data-date=\"2020-06-03 08:31:32\"><img loading=\"lazy\" decoding=\"async\" src=\"https:\/\/grupos.unileon.es\/ingenieria-y-agricultura-sostenible\/files\/2020\/06\/IMG-20200220-WA0028-1024x341.jpg\" height=\"600\" width=\"1800\" alt=\"\" class=\"slider-96 slide-1291 msDefaultImage\" title=\"IMG-20200220-WA0028\" \/><div class=\"caption-wrap\"><div class=\"caption\">Grupo GUIIAS. Escuela de Ingenier\u00eda Agraria y Forestal. Campus de Le\u00f3n.<\/div><\/div><\/li>\n                <li style=\"display: none; width: 100%;\" class=\"slide-1336 ms-image \" aria-roledescription=\"slide\" data-date=\"2020-10-19 11:31:45\"><img loading=\"lazy\" decoding=\"async\" src=\"https:\/\/grupos.unileon.es\/ingenieria-y-agricultura-sostenible\/files\/2020\/10\/IMG_20200907_173127-1800x600.jpg\" height=\"600\" width=\"1800\" alt=\"\" class=\"slider-96 slide-1336 msDefaultImage\" title=\"IMG_20200907_173127\" \/><div class=\"caption-wrap\"><div class=\"caption\">Conos de l\u00fapulo (<i>Humulus lupulus<\/i> L.)<\/div><\/div><\/li>\n            <\/ul>\n        <\/div>\n        \n    <\/div>\n<\/div><\/p>\n<p style=\"text-align: justify;\">Todas las investigaciones realizadas por el grupo GUIIAS son plasmadas en art\u00edculos, comunicaciones, tesis etc.. para su difusi\u00f3n al mundo cient\u00edfico y permitir el avance de la ciencia con el fin de profundizar\u00a0en el conocimiento de nuestro entorno. Aqu\u00ed presentadas en las diferentes l\u00edneas de investigaci\u00f3n<\/p>\n","protected":false},"excerpt":{"rendered":"<p>Todas las investigaciones realizadas por el grupo GUIIAS son plasmadas en art\u00edculos, comunicaciones, tesis etc.. para su difusi\u00f3n al mundo cient\u00edfico y permitir el avance de la ciencia con el fin de profundizar\u00a0en el conocimiento de nuestro entorno. Aqu\u00ed presentadas en las diferentes l\u00edneas de investigaci\u00f3n<\/p>\n","protected":false},"author":56,"featured_media":0,"parent":0,"menu_order":0,"comment_status":"closed","ping_status":"closed","template":"","meta":{"footnotes":""},"class_list":["post-489","page","type-page","status-publish","hentry"],"_links":{"self":[{"href":"https:\/\/grupos.unileon.es\/ingenieria-y-agricultura-sostenible\/wp-json\/wp\/v2\/pages\/489","targetHints":{"allow":["GET"]}}],"collection":[{"href":"https:\/\/grupos.unileon.es\/ingenieria-y-agricultura-sostenible\/wp-json\/wp\/v2\/pages"}],"about":[{"href":"https:\/\/grupos.unileon.es\/ingenieria-y-agricultura-sostenible\/wp-json\/wp\/v2\/types\/page"}],"author":[{"embeddable":true,"href":"https:\/\/grupos.unileon.es\/ingenieria-y-agricultura-sostenible\/wp-json\/wp\/v2\/users\/56"}],"replies":[{"embeddable":true,"href":"https:\/\/grupos.unileon.es\/ingenieria-y-agricultura-sostenible\/wp-json\/wp\/v2\/comments?post=489"}],"version-history":[{"count":22,"href":"https:\/\/grupos.unileon.es\/ingenieria-y-agricultura-sostenible\/wp-json\/wp\/v2\/pages\/489\/revisions"}],"predecessor-version":[{"id":1134,"href":"https:\/\/grupos.unileon.es\/ingenieria-y-agricultura-sostenible\/wp-json\/wp\/v2\/pages\/489\/revisions\/1134"}],"wp:attachment":[{"href":"https:\/\/grupos.unileon.es\/ingenieria-y-agricultura-sostenible\/wp-json\/wp\/v2\/media?parent=489"}],"curies":[{"name":"wp","href":"https:\/\/api.w.org\/{rel}","templated":true}]}}