{"id":902,"date":"2018-01-03T15:09:41","date_gmt":"2018-01-03T15:09:41","guid":{"rendered":"http:\/\/grupos.unileon.es\/ingenieria-y-agricultura-sostenible\/?page_id=902"},"modified":"2020-06-03T07:32:01","modified_gmt":"2020-06-03T07:32:01","slug":"libros-y-capitulos-de-libros","status":"publish","type":"page","link":"https:\/\/grupos.unileon.es\/ingenieria-y-agricultura-sostenible\/publicaciones\/libros-y-capitulos-de-libros\/","title":{"rendered":"Libros y Cap\u00edtulos de libros"},"content":{"rendered":"<h3><strong>Libros<\/strong><\/h3>\n<h5>T\u00cdTULO: <strong><em>Xylotrechus arvicola<\/em>: Una nueva amenaza para los vi\u00f1edos de la provincia de Le\u00f3n<\/strong>.<\/h5>\n<p>AUTOR: Rodr\u00edguez-Gonz\u00e1lez, \u00c1.<\/p>\n<p>XXII Premio \u00abMariano Rodr\u00edguez para J\u00f3venes Investigadores\u00bb<\/p>\n<p>FECHA: 2018<\/p>\n<p>EDITORIAL: Universidad de Le\u00f3n<\/p>\n<p>I.S.B.N.: 987-84-9773-931-3<\/p>\n<h5>T\u00cdTULO: <strong>Caracterizaci\u00f3n del cultivo del ajo en la Ribera del \u00d3rbigo<\/strong>, 99 p.<\/h5>\n<p>AUTORES: Mayo, S; Guerra, M; Casquero, PA<\/p>\n<p>FECHA: 2008<\/p>\n<p>EDITORIAL: G.A.L. POEDA<\/p>\n<p>I.S.B.N.: 13:978-84-691-8472-1<\/p>\n<h5>T\u00cdTULO: <strong>Actas de Horticultura 41, publicado con motivo del II Congreso de Mejora Gen\u00e9tica de Plantas incluyendo las comunicaciones presentadas.<\/strong> 459 p.<\/h5>\n<p>EDITORES: P\u00e9rez de la Vega, M, Casquero PA, Polanco, C, Gonz\u00e1lez-Andr\u00e9s, F<\/p>\n<p>FECHA: 2004<\/p>\n<p>EDITORIAL: Sociedad Espa\u00f1ola de Ciencias Hort\u00edcolas. Universidad de Le\u00f3n.<\/p>\n<p>I.S.B.N.: 84-9773-141-7<\/p>\n<h3><strong>Cap\u00edtulos en Libros<\/strong><\/h3>\n<h5>CAP\u00cdTULO: <strong>Common Bean Genetics, Breeding, and Genomics for Adaptation to Changing to New Agri-environmental Conditions<\/strong>. pp 23-106<\/h5>\n<p>AUTORES: A. M. De Ron, V. (K.) Kalavacharla, S. \u00c1lvarez-Garc\u00eda, P. A. Casquero, G. Carro-Huelga, S. Guti\u00e9rrez, A. Lorenzana, S. Mayo-Prieto, A. Rodr\u00edguez-Gonz\u00e1lez, V. Su\u00e1rez-Villanueva, A. P. Rodi\u00f1o, J. S. Beaver, T. Porch, M. Z. Galv\u00e1n, M. C. Gon\u00e7alves Vidigal, M. Dworkin, A. Bedmar, V. Villanueva and L. De la Rosa<\/p>\n<p>LIBRO: Genomic Designing of Climate-Smart Pulse Crops. 490 p.<\/p>\n<p>EDITORIAL: Springer Nature Switzerland AG<\/p>\n<p>FECHA: 2019<\/p>\n<p>ISBN: 978-3-319-96931-2<\/p>\n<h5>CAP\u00cdTULO: <strong><em>Trichoderma<\/em> Species as Biocontrol Agents in Legumes<\/strong>. pp 73-100<\/h5>\n<p>AUTORES: Mayo, S; Guti\u00e9rrez, S: Cardoza, RE; Hermosa, R; Monte, E; Casquero, PA<\/p>\n<p>LIBRO: Legumes for Global Food Security. 286 p.<\/p>\n<p>EDITORIAL: Nova Science Publishers, Inc. (Nueva York)<\/p>\n<p>FECHA: 2017<\/p>\n<p>ISBN: 978-1-53612-279-4<\/p>\n<h5>CAP\u00cdTULO: <strong>Common Bean<\/strong>. pp 1-38<\/h5>\n<p>AUTORES: De Ron, AM; Papa, R; Bitocchi, E; Gonz\u00e1lez, AM; Debouck, DG; Brick, MA; Fourie, D; Marsolais, F; Beaver, J; Geffroy, V; McClean, P; Santalla, M; Lozano, R; Yuste-Lisbona FJ; Casquero, PA<\/p>\n<p>LIBRO: Grain Legumes. 486 p.<\/p>\n<p>EDITORIAL: Springer (Nueva York)<\/p>\n<p>FECHA: 2015<\/p>\n<p>ISBN: 978-1-4939-2796-8<\/p>\n<h5>CAP\u00cdTULO:<strong> Secondary metabolism and antimicrobial metabolites of <em>Trichoderma s<\/em>pp<\/strong>. 125-137<\/h5>\n<p>AUTORES: Hermosa, R., Cardoza, R.E., Rubio, M.B., Guti\u00e9rrez, S., Monte, E.<\/p>\n<p>LIBRO: Biotechnology and biology of <em>Trichoderma. <\/em>549 p<\/p>\n<p>EDITORIAL: Elsevier B.V<\/p>\n<p>FECHA: 2014<\/p>\n<p>ISBN: 978-044459576-8<\/p>\n<h5>CAP\u00cdTULO:<strong> Quantitative traits for the evaluation of <em>Phaseolus<\/em> germplasm<\/strong>. pp 45-60<\/h5>\n<p>AUTORES: Casquero, PA; Carnide, VP<\/p>\n<p>LIBRO: Handbook on evaluation of <em>Phaseolus<\/em> germplasm. 84 p.<\/p>\n<p>EDITORIAL: PHASELIEU-FAIR-PL97-3463. Misi\u00f3n Biol\u00f3gica de Galicia (CSIC).<\/p>\n<p>FECHA: 2001<\/p>\n<p>ISBN: Dep\u00f3sito Legal PO-232-01<\/p>\n<h5>CAP\u00cdTULO:<strong> Recursos gen\u00e9ticos y mejora de la jud\u00eda com\u00fan en Galicia<\/strong>. pp 95-99<\/h5>\n<p>AUTORES: de Ron, AM, G\u00f3mez-Ibalbucea, C, Barcala, N, Rodi\u00f1o, AP, Lidner, R, Casquero, PA, Santalla, M<\/p>\n<p>LIBRO: Situaci\u00f3n actual y perspectivas del cultivo de la jud\u00eda. 99 p.<\/p>\n<p>EDITORIAL: Universidad de Santiago de Compostela. E. P. S. Lugo.<\/p>\n<p>FECHA: 1997<\/p>\n<p>ISBN: Dep\u00f3sito Legal PO-237-97<\/p>\n<h5>CAP\u00cdTULO: <strong>Situaci\u00f3n actual del cultivo de la alubia o jud\u00eda grano en la provincia de Le\u00f3n<\/strong>. pp 69-71<\/h5>\n<p>AUTORES: Valenciano, JB, Reinoso, B, Casquero, PA<\/p>\n<p>LIBRO: Situaci\u00f3n actual y perspectivas del cultivo de la jud\u00eda. 99 p.<\/p>\n<p>EDITORIAL: Universidad de Santiago de Compostela. E. P. S. Lugo.<\/p>\n<p>FECHA: 1997<\/p>\n<p>ISBN: Dep\u00f3sito Legal PO-237-97<\/p>\n","protected":false},"excerpt":{"rendered":"<p>Libros T\u00cdTULO: Xylotrechus arvicola: Una nueva amenaza para los vi\u00f1edos de la provincia de Le\u00f3n. AUTOR: Rodr\u00edguez-Gonz\u00e1lez, \u00c1. XXII Premio \u00abMariano Rodr\u00edguez para J\u00f3venes Investigadores\u00bb FECHA: 2018 EDITORIAL: Universidad de Le\u00f3n I.S.B.N.: 987-84-9773-931-3 T\u00cdTULO: Caracterizaci\u00f3n del cultivo del ajo en la Ribera del \u00d3rbigo, 99 p. AUTORES: Mayo, S; Guerra, M; Casquero, PA FECHA: 2008 [&hellip;]<\/p>\n","protected":false},"author":56,"featured_media":0,"parent":489,"menu_order":0,"comment_status":"closed","ping_status":"closed","template":"","meta":{"footnotes":""},"class_list":["post-902","page","type-page","status-publish","hentry"],"_links":{"self":[{"href":"https:\/\/grupos.unileon.es\/ingenieria-y-agricultura-sostenible\/wp-json\/wp\/v2\/pages\/902","targetHints":{"allow":["GET"]}}],"collection":[{"href":"https:\/\/grupos.unileon.es\/ingenieria-y-agricultura-sostenible\/wp-json\/wp\/v2\/pages"}],"about":[{"href":"https:\/\/grupos.unileon.es\/ingenieria-y-agricultura-sostenible\/wp-json\/wp\/v2\/types\/page"}],"author":[{"embeddable":true,"href":"https:\/\/grupos.unileon.es\/ingenieria-y-agricultura-sostenible\/wp-json\/wp\/v2\/users\/56"}],"replies":[{"embeddable":true,"href":"https:\/\/grupos.unileon.es\/ingenieria-y-agricultura-sostenible\/wp-json\/wp\/v2\/comments?post=902"}],"version-history":[{"count":10,"href":"https:\/\/grupos.unileon.es\/ingenieria-y-agricultura-sostenible\/wp-json\/wp\/v2\/pages\/902\/revisions"}],"predecessor-version":[{"id":1273,"href":"https:\/\/grupos.unileon.es\/ingenieria-y-agricultura-sostenible\/wp-json\/wp\/v2\/pages\/902\/revisions\/1273"}],"up":[{"embeddable":true,"href":"https:\/\/grupos.unileon.es\/ingenieria-y-agricultura-sostenible\/wp-json\/wp\/v2\/pages\/489"}],"wp:attachment":[{"href":"https:\/\/grupos.unileon.es\/ingenieria-y-agricultura-sostenible\/wp-json\/wp\/v2\/media?parent=902"}],"curies":[{"name":"wp","href":"https:\/\/api.w.org\/{rel}","templated":true}]}}