{"id":963,"date":"2018-01-04T12:15:50","date_gmt":"2018-01-04T12:15:50","guid":{"rendered":"http:\/\/grupos.unileon.es\/ingenieria-y-agricultura-sostenible\/?page_id=963"},"modified":"2025-06-16T06:54:18","modified_gmt":"2025-06-16T06:54:18","slug":"proyectos-con-entidades-privadas","status":"publish","type":"page","link":"https:\/\/grupos.unileon.es\/ingenieria-y-agricultura-sostenible\/proyectos-2\/proyectos-con-entidades-privadas\/","title":{"rendered":"Proyectos con entidades privadas"},"content":{"rendered":"<ul>\n<li><strong>T\u00edtulo:\u00a0An\u00e1lisis de la influencia de las condiciones clim\u00e1ticas en el rendimiento de la veza forrajera.<\/strong><\/li>\n<\/ul>\n<p>Entidad financiadora: AGRUPACI\u00d3N ESPA\u00d1OLA DE ENTIDADES ASEGURADORAS DE LOS SEGUROS AGRARIOS COMBINADOS, S.A.<\/p>\n<p>Duraci\u00f3n, 2025<\/p>\n<ul>\n<li><strong>T\u00edtulo: Adaptaci\u00f3n de los modelos predictivos para el control del <em>Stemphylium vesicarium<\/em> en plantaciones de frutales de Cefrubierzo.<\/strong><\/li>\n<\/ul>\n<p>Entidad financiadora: CENTRAL HORTOFRUT\u00cdCOLA DEL BIERZO SOC. COOPERATIVA<\/p>\n<p>Duraci\u00f3n, 2024-2026<\/p>\n<ul>\n<li><strong>T\u00edtulo: Impacto agron\u00f3mico y medioambiental de la gesti\u00f3n de los restos de cosecha del ma\u00edz de regad\u00edo en la provincia de Le\u00f3n<\/strong><\/li>\n<\/ul>\n<p>Entidad financiadora: RECURSOS IB\u00c9RICOS DE BIOMASA, S.L.<\/p>\n<p>Duraci\u00f3n, 2024-2027<\/p>\n<ul>\n<li>\n<h4>T\u00edtulo: Control de calidad de conos de l\u00fapulo<\/h4>\n<\/li>\n<\/ul>\n<p>Entidad financiadora: S.A.T. L\u00fapulos de Le\u00f3n<\/p>\n<p>Duraci\u00f3n, 2021-2025<\/p>\n<ul>\n<li>\n<h4>T\u00edtulo: Estudio de nuevos factores relacionados con el suelo, la planta y la microbiota enol\u00f3gica que influyen en el equilibrio de la acidez de los vinos y en su garant\u00eda de calidad y estabilidad en climas c\u00e1lidos &#8211; LOWPH-WINE 2020<\/h4>\n<\/li>\n<\/ul>\n<p>Entidad financiadora: PAGO DE CARRAOVEJAS, S.L.U.<\/p>\n<p>Duraci\u00f3n, 2020-2024<\/p>\n<ul style=\"list-style-type: disc;\">\n<li>\n<h4>T\u00edtulo: An\u00e1lisis de la efectividad de trampas y semioqu\u00edmicos para la captura masiva de trampas y semioqu\u00edmicos para la captura masiva de <em>Xyleborus dispar<\/em> como m\u00e9todo de control sostenible de sus poblaciones en plantaciones de frutales<\/h4>\n<\/li>\n<\/ul>\n<p>Entidad financiadora: FRUTIBIERZO.<\/p>\n<p>Entidades participantes: Universidad de Le\u00f3n.<\/p>\n<p>Duraci\u00f3n, 2021<\/p>\n<ul style=\"list-style-type: disc;\">\n<li>\n<h4>T\u00edtulo: Aplicaci\u00f3n de bacteri\u00f3fagos en el control de la grasa (<em>Pseudomonas syringae<\/em> pv. <em>phaseolicola<\/em>) de la jud\u00eda (<em>Phaseolus<\/em> <em>vulgaris<\/em>).<\/h4>\n<\/li>\n<\/ul>\n<p>Entidad financiadora: INSTITUTO BIOMAR, S.A.<\/p>\n<p>Entidades participantes: Universidad de Le\u00f3n.<\/p>\n<p>Duraci\u00f3n, 2020<\/p>\n<ul style=\"list-style-type: disc;\">\n<li>\n<h4>T\u00edtulo: Evaluaci\u00f3n agron\u00f3mica de NUTRAGREEN<\/h4>\n<\/li>\n<\/ul>\n<p>Entidad financiadora: Nutragreen<\/p>\n<p>Entidades participantes: Universidad de Le\u00f3n.<\/p>\n<p>Duraci\u00f3n, 2015 \u2013 2016<\/p>\n<ul style=\"list-style-type: disc;\">\n<li>\n<h4>T\u00edtulo: An\u00e1lisis de la influencia de las condiciones clim\u00e1ticas sobre el ciclo de cultivo de la jud\u00eda com\u00fan <em>(Phaseolus vulgaris)<\/em><\/h4>\n<\/li>\n<\/ul>\n<p>Entidad financiadora: Agrupaci\u00f3n Espa\u00f1ola de Entidades Aseguradoras de los Seguros Agrarios Combinados, S.A.<\/p>\n<p>Entidades participantes: Universidad de Le\u00f3n.<\/p>\n<p>Duraci\u00f3n, 2015<\/p>\n<ul style=\"list-style-type: disc;\">\n<li>\n<h4>T\u00edtulo: Selecci\u00f3n y multiplicaci\u00f3n de semilla para la IGP \u00abAlubia de la Ba\u00f1eza-Le\u00f3n\u00bb.<\/h4>\n<\/li>\n<\/ul>\n<p>Entidad financiadora: Consejo Regulador de la Identificaci\u00f3n Geogr\u00e1fica Protegida \u00abAlubia de La Ba\u00f1eza-Le\u00f3n\u00bb<\/p>\n<p>Entidades participantes: Universidad de Le\u00f3n<\/p>\n<p>Duraci\u00f3n, 2014 &#8211; 2017<\/p>\n<ul style=\"list-style-type: disc;\">\n<li>\n<h4>T\u00edtulo: Adaptaci\u00f3n de cruc\u00edferas y compuestas al cultivo \u00abBaby Leaf\u00bb y dise\u00f1o de su procesado industrial para la obtenci\u00f3n de Ensaladas de IV Gama.<\/h4>\n<\/li>\n<\/ul>\n<p>Entidad financiadora: Ensaladas Verdes, S.A.<\/p>\n<p>Entidades participantes: Universidad de Le\u00f3n<\/p>\n<p>Duraci\u00f3n, 2013 &#8211; 2014<\/p>\n<ul style=\"list-style-type: disc;\">\n<li>\n<h4>T\u00edtulo: Seguimiento de cultivos energ\u00e9ticos para producci\u00f3n de biomasa y aprovechamiento de subproductos textiles y pl\u00e1sticos como sustrato en cultivo hidrop\u00f3nico.<\/h4>\n<\/li>\n<\/ul>\n<p>Entidad financiadora: RMD S.A:<\/p>\n<p>Entidades participantes: Universidad de Le\u00f3n<\/p>\n<p>Duraci\u00f3n, 2011 &#8211; 2013<\/p>\n<ul style=\"list-style-type: disc;\">\n<li>\n<h4>T\u00edtulo: <em>Xylotrechus arvicola<\/em>, t\u00e9cnicas de seguimiento y control en el cultivo de la vid.<\/h4>\n<\/li>\n<\/ul>\n<p>Entidad financiadora: Pago de Carraovejas<\/p>\n<p>Entidades participantes: Universidad de Le\u00f3n<\/p>\n<p>Duraci\u00f3n, 2011 &#8211; 2012<\/p>\n<ul style=\"list-style-type: disc;\">\n<li>\n<h4>T\u00edtulo: \u00abCRUISER 340 FS(A9700b): Eficacia contra <em>Delia platura<\/em> en <em>Phaseolus<\/em>.<\/h4>\n<\/li>\n<\/ul>\n<p>Entidad financiadora: Syngenta Agro, S.A.<\/p>\n<p>Entidades participantes: Universidad de Le\u00f3n<\/p>\n<p>Duraci\u00f3n, 2010<\/p>\n<ul style=\"list-style-type: disc;\">\n<li>\n<h4>T\u00edtulo: Desarrollo y puesta a punto de t\u00e9cnicas de cultivo para la producci\u00f3n de hortalizas j\u00f3venes (BABY) con destino a su comercializaci\u00f3n en cuarta gama.<\/h4>\n<\/li>\n<\/ul>\n<p>Entidad financiadora: Ensaladas Verdes, S.A.<\/p>\n<p>Entidades participantes: Universidad de Le\u00f3n<\/p>\n<p>Duraci\u00f3n, 2009 &#8211; 2012<\/p>\n<ul style=\"list-style-type: disc;\">\n<li>\n<h4>T\u00edtulo: Caracterizaci\u00f3n del cultivo del ajo en la Ribera del \u00d3rbigo y posibilidades del desarrollo de un sello de calidad<\/h4>\n<\/li>\n<\/ul>\n<p>Entidad financiadora: Asociaci\u00f3n POEDA<\/p>\n<p>Entidades participantes: Universidad de Le\u00f3n<\/p>\n<p>Duraci\u00f3n, 2008 &#8211; 2009<\/p>\n<ul style=\"list-style-type: disc;\">\n<li>\n<h4>T\u00edtulo: Control del Bitter Pit en la manzana reineta del Bierzo.<\/h4>\n<\/li>\n<\/ul>\n<p>Entidad financiadora: Asociaci\u00f3n Berciana de Agricultores<\/p>\n<p>Entidades participantes: Universidad de Le\u00f3n<\/p>\n<p>Duraci\u00f3n, 2006 &#8211; 2008<\/p>\n<ul style=\"list-style-type: disc;\">\n<li>\n<h4>T\u00edtulo: Tipificaci\u00f3n del Tomate de Mansilla de las Mulas<\/h4>\n<\/li>\n<\/ul>\n<p>Entidad financiadora: Asociaci\u00f3n Promotora Pro-Denominaci\u00f3n de Origen del Tomate de Mansilla de las Mulas<\/p>\n<p>Entidades participantes: Universidad de Le\u00f3n<\/p>\n<p>Duraci\u00f3n, 2003 &#8211; 2005<\/p>\n<ul style=\"list-style-type: disc;\">\n<li>\n<h4>T\u00edtulo: Tipificaci\u00f3n del Pimiento del Bierzo.<\/h4>\n<\/li>\n<\/ul>\n<p>Entidad financiadora: Promotora del Pimiento Asado del Bierzo<\/p>\n<p>Entidades participantes: Universidad de Le\u00f3n<\/p>\n<p>Duraci\u00f3n, 2000 \u2013 2001<\/p>\n<ul style=\"list-style-type: disc;\">\n<li>\n<h4>T\u00edtulo: La alubia o jud\u00eda grano en la provincia de Le\u00f3n.<\/h4>\n<\/li>\n<\/ul>\n<p>Entidad financiadora: Consejo Regulador de la Identificaci\u00f3n Geogr\u00e1fica Protegida \u00abAlubia de La Ba\u00f1eza-Le\u00f3n\u00bb<\/p>\n<p>Entidades participantes: Universidad de Le\u00f3n<\/p>\n<p>Duraci\u00f3n, 1997 &#8211; 2002<\/p>\n","protected":false},"excerpt":{"rendered":"<p>T\u00edtulo:\u00a0An\u00e1lisis de la influencia de las condiciones clim\u00e1ticas en el rendimiento de la veza forrajera. Entidad financiadora: AGRUPACI\u00d3N ESPA\u00d1OLA DE ENTIDADES ASEGURADORAS DE LOS SEGUROS AGRARIOS COMBINADOS, S.A. Duraci\u00f3n, 2025 T\u00edtulo: Adaptaci\u00f3n de los modelos predictivos para el control del Stemphylium vesicarium en plantaciones de frutales de Cefrubierzo. Entidad financiadora: CENTRAL HORTOFRUT\u00cdCOLA DEL BIERZO SOC. [&hellip;]<\/p>\n","protected":false},"author":56,"featured_media":0,"parent":968,"menu_order":0,"comment_status":"closed","ping_status":"closed","template":"","meta":{"footnotes":""},"class_list":["post-963","page","type-page","status-publish","hentry"],"_links":{"self":[{"href":"https:\/\/grupos.unileon.es\/ingenieria-y-agricultura-sostenible\/wp-json\/wp\/v2\/pages\/963","targetHints":{"allow":["GET"]}}],"collection":[{"href":"https:\/\/grupos.unileon.es\/ingenieria-y-agricultura-sostenible\/wp-json\/wp\/v2\/pages"}],"about":[{"href":"https:\/\/grupos.unileon.es\/ingenieria-y-agricultura-sostenible\/wp-json\/wp\/v2\/types\/page"}],"author":[{"embeddable":true,"href":"https:\/\/grupos.unileon.es\/ingenieria-y-agricultura-sostenible\/wp-json\/wp\/v2\/users\/56"}],"replies":[{"embeddable":true,"href":"https:\/\/grupos.unileon.es\/ingenieria-y-agricultura-sostenible\/wp-json\/wp\/v2\/comments?post=963"}],"version-history":[{"count":12,"href":"https:\/\/grupos.unileon.es\/ingenieria-y-agricultura-sostenible\/wp-json\/wp\/v2\/pages\/963\/revisions"}],"predecessor-version":[{"id":1543,"href":"https:\/\/grupos.unileon.es\/ingenieria-y-agricultura-sostenible\/wp-json\/wp\/v2\/pages\/963\/revisions\/1543"}],"up":[{"embeddable":true,"href":"https:\/\/grupos.unileon.es\/ingenieria-y-agricultura-sostenible\/wp-json\/wp\/v2\/pages\/968"}],"wp:attachment":[{"href":"https:\/\/grupos.unileon.es\/ingenieria-y-agricultura-sostenible\/wp-json\/wp\/v2\/media?parent=963"}],"curies":[{"name":"wp","href":"https:\/\/api.w.org\/{rel}","templated":true}]}}