{"id":20,"date":"2013-10-15T09:47:41","date_gmt":"2013-10-15T09:47:41","guid":{"rendered":"http:\/\/grupos.unileon.es\/itra\/?page_id=20"},"modified":"2013-10-15T09:55:21","modified_gmt":"2013-10-15T09:55:21","slug":"inicio","status":"publish","type":"page","link":"https:\/\/grupos.unileon.es\/itra\/","title":{"rendered":"Inicio"},"content":{"rendered":"<p>Bienvenido a la p\u00e1gina web del Grupo de Investigaci\u00f3n <strong>ITRA-ULE<\/strong> (T\u00c9CNICAS DE REPRODUCCI\u00d3N ASISTIDA)<\/p>\n","protected":false},"excerpt":{"rendered":"<p>Bienvenido a la p\u00e1gina web del Grupo de Investigaci\u00f3n ITRA-ULE (T\u00c9CNICAS DE REPRODUCCI\u00d3N ASISTIDA)<\/p>\n","protected":false},"author":17,"featured_media":0,"parent":0,"menu_order":0,"comment_status":"closed","ping_status":"open","template":"","meta":{"footnotes":""},"class_list":["post-20","page","type-page","status-publish","hentry"],"_links":{"self":[{"href":"https:\/\/grupos.unileon.es\/itra\/wp-json\/wp\/v2\/pages\/20","targetHints":{"allow":["GET"]}}],"collection":[{"href":"https:\/\/grupos.unileon.es\/itra\/wp-json\/wp\/v2\/pages"}],"about":[{"href":"https:\/\/grupos.unileon.es\/itra\/wp-json\/wp\/v2\/types\/page"}],"author":[{"embeddable":true,"href":"https:\/\/grupos.unileon.es\/itra\/wp-json\/wp\/v2\/users\/17"}],"replies":[{"embeddable":true,"href":"https:\/\/grupos.unileon.es\/itra\/wp-json\/wp\/v2\/comments?post=20"}],"version-history":[{"count":3,"href":"https:\/\/grupos.unileon.es\/itra\/wp-json\/wp\/v2\/pages\/20\/revisions"}],"predecessor-version":[{"id":29,"href":"https:\/\/grupos.unileon.es\/itra\/wp-json\/wp\/v2\/pages\/20\/revisions\/29"}],"wp:attachment":[{"href":"https:\/\/grupos.unileon.es\/itra\/wp-json\/wp\/v2\/media?parent=20"}],"curies":[{"name":"wp","href":"https:\/\/api.w.org\/{rel}","templated":true}]}}