{"id":1297,"date":"2017-03-14T10:37:05","date_gmt":"2017-03-14T10:37:05","guid":{"rendered":"http:\/\/grupos.unileon.es\/jeanmonnetule\/?page_id=1297"},"modified":"2017-03-14T18:40:28","modified_gmt":"2017-03-14T18:40:28","slug":"service-learning","status":"publish","type":"page","link":"https:\/\/grupos.unileon.es\/jeanmonnetule\/service-learning\/","title":{"rendered":"SERVICE LEARNING"},"content":{"rendered":"<p style=\"text-align: justify;\">A group of students enrolled in the subject of European Economy and Integration has started an innovative initiative linked to the Jean Monnet Project: Service Learning.<\/p>\n<p style=\"text-align: justify;\">Service Learning is a way to encourage University students to learn through a practical approach and to give back to the community the efforts that it has made to allow them to be who they are today. Students visit Schools and High Schools to teach the European integration process, focusing on civic values, to younger fellows.<\/p>\n<p style=\"text-align: justify;\">Below, you can see a few photos taken during their conferences and the educational materials that they used to support their presentations:<\/p>\n<ul>\n<li style=\"text-align: justify;\"><strong>Session at Nuestra Se\u00f1ora del Carmen Carmelitas School<\/strong>:<\/li>\n<\/ul>\n<div id='gallery-1' class='gallery galleryid-1297 gallery-columns-3 gallery-size-medium'><figure class='gallery-item'>\n\t\t\t<div class='gallery-icon landscape'>\n\t\t\t\t<a href='https:\/\/grupos.unileon.es\/jeanmonnetule\/service-learning\/whatsapp-image-2017-03-13-at-19-02-59\/'><img loading=\"lazy\" decoding=\"async\" width=\"300\" height=\"168\" src=\"https:\/\/grupos.unileon.es\/jeanmonnetule\/files\/2017\/03\/WhatsApp-Image-2017-03-13-at-19.02.59-300x168.jpeg\" class=\"attachment-medium size-medium\" alt=\"\" srcset=\"https:\/\/grupos.unileon.es\/jeanmonnetule\/files\/2017\/03\/WhatsApp-Image-2017-03-13-at-19.02.59-300x168.jpeg 300w, https:\/\/grupos.unileon.es\/jeanmonnetule\/files\/2017\/03\/WhatsApp-Image-2017-03-13-at-19.02.59-768x431.jpeg 768w, https:\/\/grupos.unileon.es\/jeanmonnetule\/files\/2017\/03\/WhatsApp-Image-2017-03-13-at-19.02.59-1024x575.jpeg 1024w, https:\/\/grupos.unileon.es\/jeanmonnetule\/files\/2017\/03\/WhatsApp-Image-2017-03-13-at-19.02.59.jpeg 1600w\" sizes=\"auto, (max-width: 300px) 100vw, 300px\" \/><\/a>\n\t\t\t<\/div><\/figure><figure class='gallery-item'>\n\t\t\t<div class='gallery-icon landscape'>\n\t\t\t\t<a href='https:\/\/grupos.unileon.es\/jeanmonnetule\/service-learning\/whatsapp-image-2017-03-13-at-19-02-57\/'><img loading=\"lazy\" decoding=\"async\" width=\"300\" height=\"168\" src=\"https:\/\/grupos.unileon.es\/jeanmonnetule\/files\/2017\/03\/WhatsApp-Image-2017-03-13-at-19.02.57-300x168.jpeg\" class=\"attachment-medium size-medium\" alt=\"\" srcset=\"https:\/\/grupos.unileon.es\/jeanmonnetule\/files\/2017\/03\/WhatsApp-Image-2017-03-13-at-19.02.57-300x168.jpeg 300w, https:\/\/grupos.unileon.es\/jeanmonnetule\/files\/2017\/03\/WhatsApp-Image-2017-03-13-at-19.02.57-768x431.jpeg 768w, https:\/\/grupos.unileon.es\/jeanmonnetule\/files\/2017\/03\/WhatsApp-Image-2017-03-13-at-19.02.57-1024x575.jpeg 1024w, https:\/\/grupos.unileon.es\/jeanmonnetule\/files\/2017\/03\/WhatsApp-Image-2017-03-13-at-19.02.57.jpeg 1600w\" sizes=\"auto, (max-width: 300px) 100vw, 300px\" \/><\/a>\n\t\t\t<\/div><\/figure><figure class='gallery-item'>\n\t\t\t<div class='gallery-icon landscape'>\n\t\t\t\t<a href='https:\/\/grupos.unileon.es\/jeanmonnetule\/service-learning\/whatsapp-image-2017-03-13-at-19-02-58\/'><img loading=\"lazy\" decoding=\"async\" width=\"300\" height=\"168\" src=\"https:\/\/grupos.unileon.es\/jeanmonnetule\/files\/2017\/03\/WhatsApp-Image-2017-03-13-at-19.02.58-300x168.jpeg\" class=\"attachment-medium size-medium\" alt=\"\" srcset=\"https:\/\/grupos.unileon.es\/jeanmonnetule\/files\/2017\/03\/WhatsApp-Image-2017-03-13-at-19.02.58-300x168.jpeg 300w, https:\/\/grupos.unileon.es\/jeanmonnetule\/files\/2017\/03\/WhatsApp-Image-2017-03-13-at-19.02.58-768x431.jpeg 768w, https:\/\/grupos.unileon.es\/jeanmonnetule\/files\/2017\/03\/WhatsApp-Image-2017-03-13-at-19.02.58-1024x575.jpeg 1024w, https:\/\/grupos.unileon.es\/jeanmonnetule\/files\/2017\/03\/WhatsApp-Image-2017-03-13-at-19.02.58.jpeg 1600w\" sizes=\"auto, (max-width: 300px) 100vw, 300px\" \/><\/a>\n\t\t\t<\/div><\/figure><figure class='gallery-item'>\n\t\t\t<div class='gallery-icon landscape'>\n\t\t\t\t<a href='https:\/\/grupos.unileon.es\/jeanmonnetule\/service-learning\/whatsapp-image-2017-03-13-at-2\/'><img loading=\"lazy\" decoding=\"async\" width=\"300\" height=\"168\" src=\"https:\/\/grupos.unileon.es\/jeanmonnetule\/files\/2017\/03\/WhatsApp-Image-2017-03-13-at-2-300x168.jpeg\" class=\"attachment-medium size-medium\" alt=\"\" srcset=\"https:\/\/grupos.unileon.es\/jeanmonnetule\/files\/2017\/03\/WhatsApp-Image-2017-03-13-at-2-300x168.jpeg 300w, https:\/\/grupos.unileon.es\/jeanmonnetule\/files\/2017\/03\/WhatsApp-Image-2017-03-13-at-2-768x431.jpeg 768w, https:\/\/grupos.unileon.es\/jeanmonnetule\/files\/2017\/03\/WhatsApp-Image-2017-03-13-at-2-1024x575.jpeg 1024w, https:\/\/grupos.unileon.es\/jeanmonnetule\/files\/2017\/03\/WhatsApp-Image-2017-03-13-at-2.jpeg 1600w\" sizes=\"auto, (max-width: 300px) 100vw, 300px\" \/><\/a>\n\t\t\t<\/div><\/figure>\n\t\t<\/div>\n\n<p style=\"text-align: justify;\"><em>The following presentation was made by our students and service learning speakers Andrea Fern\u00e1ndez Garc\u00eda and Judith Vi\u00f1uela Rodr\u00edguez to support their conference.<\/em><\/p>\n<div style=\"width: 640px;\" class=\"wp-video\"><!--[if lt IE 9]><script>document.createElement('video');<\/script><![endif]-->\n<video class=\"wp-video-shortcode\" id=\"video-1297-1\" width=\"640\" height=\"360\" preload=\"metadata\" controls=\"controls\"><source type=\"video\/mp4\" src=\"http:\/\/grupos.unileon.es\/jeanmonnetule\/files\/2017\/03\/PPT-de-las-alumnas.mp4?_=1\" \/><a href=\"http:\/\/grupos.unileon.es\/jeanmonnetule\/files\/2017\/03\/PPT-de-las-alumnas.mp4\">http:\/\/grupos.unileon.es\/jeanmonnetule\/files\/2017\/03\/PPT-de-las-alumnas.mp4<\/a><\/video><\/div>\n<p>&nbsp;<\/p>\n<p style=\"text-align: justify;\">\n","protected":false},"excerpt":{"rendered":"<p>A group of students enrolled in the subject of European Economy and Integration has started an innovative initiative linked to the Jean Monnet Project: Service Learning. Service Learning is a way to encourage University students to learn through a practical approach and to give back to the community the efforts that it has made to [&hellip;]<\/p>\n","protected":false},"author":36,"featured_media":0,"parent":0,"menu_order":0,"comment_status":"closed","ping_status":"closed","template":"","meta":{"footnotes":""},"class_list":["post-1297","page","type-page","status-publish","hentry"],"_links":{"self":[{"href":"https:\/\/grupos.unileon.es\/jeanmonnetule\/wp-json\/wp\/v2\/pages\/1297","targetHints":{"allow":["GET"]}}],"collection":[{"href":"https:\/\/grupos.unileon.es\/jeanmonnetule\/wp-json\/wp\/v2\/pages"}],"about":[{"href":"https:\/\/grupos.unileon.es\/jeanmonnetule\/wp-json\/wp\/v2\/types\/page"}],"author":[{"embeddable":true,"href":"https:\/\/grupos.unileon.es\/jeanmonnetule\/wp-json\/wp\/v2\/users\/36"}],"replies":[{"embeddable":true,"href":"https:\/\/grupos.unileon.es\/jeanmonnetule\/wp-json\/wp\/v2\/comments?post=1297"}],"version-history":[{"count":10,"href":"https:\/\/grupos.unileon.es\/jeanmonnetule\/wp-json\/wp\/v2\/pages\/1297\/revisions"}],"predecessor-version":[{"id":1318,"href":"https:\/\/grupos.unileon.es\/jeanmonnetule\/wp-json\/wp\/v2\/pages\/1297\/revisions\/1318"}],"wp:attachment":[{"href":"https:\/\/grupos.unileon.es\/jeanmonnetule\/wp-json\/wp\/v2\/media?parent=1297"}],"curies":[{"name":"wp","href":"https:\/\/api.w.org\/{rel}","templated":true}]}}