{"id":154,"date":"2015-02-20T16:36:51","date_gmt":"2015-02-20T16:36:51","guid":{"rendered":"http:\/\/grupos.unileon.es\/jeanmonnetule\/?page_id=154"},"modified":"2017-02-21T15:30:13","modified_gmt":"2017-02-21T15:30:13","slug":"pictures-of-jean-monnet-module-presentation","status":"publish","type":"page","link":"https:\/\/grupos.unileon.es\/jeanmonnetule\/pictures-of-jean-monnet-module-presentation\/","title":{"rendered":"Jean Monnet EUFICH Module MEDIA IMPACT"},"content":{"rendered":"<p style=\"text-align: center;\"><strong>Wellcome to press book of the EU project. In links below you can find references and news in Media about EUFUCH project<\/strong><\/p>\n<p>Here you can find <strong>links<\/strong> to the media with\u00a0 press news about <strong>opening ceremony:<\/strong><\/p>\n<ul>\n<li><a title=\"Proyecto Jean Monnet\" href=\"http:\/\/www.unileon.es\/noticias\/presentado-el-proyecto-jean-monnet-concedido-la-ule-por-la-comision-europea\" target=\"_blank\">Web site <\/a>of Univeristy of Le\u00f3n<\/li>\n<li><a title=\"OPENING 19TH february 2015\" href=\"http:\/\/www.diariodeleon.es\/noticias\/leon\/tres-anos-actividades-formacion-divulgacion_958401.html\" target=\"_blank\">Diario de Le\u00f3n<\/a> Web<\/li>\n<li><a title=\"Proyecto Jean Monnet\" href=\"http:\/\/www.leonoticias.com\/frontend\/leonoticias\/La-ULE-Inicia-El-Proyecto-Educativo-Europeo-Avalado-Por-El-vn167638-vst383\" target=\"_blank\">Le\u00f3n Noticias<\/a> Media &amp; WEB<\/li>\n<li><a title=\"Jean Monnet Ule \" href=\"http:\/\/www.abc.es\/agencias\/noticia.asp?noticia=1796276\" target=\"_blank\">ABC <\/a>on line<\/li>\n<li><a title=\"Jean Monnet Ule\" href=\"http:\/\/www.icalnews.com\/Mostrar.cfm\/noticias\/I\/\/modulo\/jean\/monnet\/ule\/permitira\/difundir\/realidad\/europa\/actividades\/desarrollar\/tres\/a%C3%B1os\/329244\" target=\"_blank\">Ical <\/a>noticias<\/li>\n<li>La <a title=\"Proyecto Jean Monnet\" href=\"http:\/\/www.lanuevacronica.com\/la-comision-europea-selecciona-para-sus-proyectos-jean-monnet-una-propuesta-de-la-universidad-de-leon\" target=\"_blank\">Nueva Cr\u00f3nica<\/a> de Le\u00f3n<\/li>\n<li><a title=\"Proyecto Jean Monnet\" href=\"http:\/\/www.leonrss.com\/la-ule-inicia-el-proyecto-educativo-europeo-avalado-por-el-jean-monnet\/\" target=\"_blank\">Noticias <\/a>Le\u00f3n<\/li>\n<li><a title=\"Proyecto Jean Monnet\" href=\"http:\/\/web.notinet.org\/la-realidad-de-europa-sera-analizada-en-la-universidad-de-leon-en-un-programa-trianual\/\" target=\"_blank\">Notinet<\/a> org<\/li>\n<li><a title=\"Proyecto Jean Monnet\" href=\"http:\/\/www.diariodigitaldeleon.com\/educacion\/universidad\/59716-presentado-el-modulo-jean-monnet-concedido-por-la-comision-europea-a-la-ule.html\">Diario Digital<\/a> Le\u00f3n<\/li>\n<li><a title=\"Proyecto Jean Monnet\" href=\"http:\/\/www.ileon.com\/universidad\">Ileon<\/a> informa<\/li>\n<\/ul>\n<p>These are the <strong>links<\/strong> related to the <strong>conferences held in May-June 2015<\/strong>:<\/p>\n<ul>\n<li><a href=\"https:\/\/www.unileon.es\/noticias\/la-seguridad-interior-y-la-politica-antiterrorista-en-europa-debate-hoy-en-el-palacio-conde-luna\" target=\"_blank\">Web site<\/a> of University of Le\u00f3n<\/li>\n<li><a href=\"http:\/\/extensionuniversitaria.unileon.es\/euniversitaria\/curso.aspx?id=644\" target=\"_blank\">Extensi\u00f3n universitaria<\/a><\/li>\n<li><a href=\"http:\/\/www.ileon.com\/universidad\/051132\/los-retos-de-espana-en-la-union-europea-protagonizan-un-ciclo-en-la-universidad-de-leon\" target=\"_blank\">ILe\u00f3n<\/a><\/li>\n<li><a href=\"http:\/\/www.noticiascastillayleon.com\/noticia\/La-seguridad-interior-y-la-politica-antiterrorista-en-Europa-a-debate-hoy-en-el-Palacio-Conde-Luna\/83943\/1\" target=\"_blank\">Noticias Castilla y Le\u00f3n<\/a><\/li>\n<li><a href=\"http:\/\/web.notinet.org\/los-retos-de-espana-en-la-union-europea-protagonizan-un-ciclo-en-la-universidad-de-leon\/\" target=\"_blank\">Notinet<\/a> org<\/li>\n<li><a href=\"http:\/\/www.leonoticias.com\/frontend\/movil\/Los-Retos-De-Espana--A-Debate-vn174170-vst383\" target=\"_blank\">Le\u00f3n Noticias<\/a><\/li>\n<li><a href=\"http:\/\/www.europapress.es\/castilla-y-leon\/noticia-ule-organiza-partir-manana-ciclo-conferencias-retos-espana-europa-20150513170051.html\" target=\"_blank\">EuropaPress<\/a><\/li>\n<li><a href=\"http:\/\/www.20minutos.es\/noticia\/2452384\/0\/ule-organiza-partir-14-mayo-ciclo-conferencias-sobre-retos-espana-europa\/\" target=\"_blank\">20 minutos<\/a><\/li>\n<li><a href=\"http:\/\/www.diariodigitaldeleon.com\/educacion\/universidad\/la-seguridad-interior-y-la-politica-antiterrorista-en-europa-a-debate-hoy-en-el-palacio-conde- luna\/\" target=\"_blank\">Diario Digital de Le\u00f3n<\/a><\/li>\n<li>Diario de Le\u00f3n:\n<ul>\n<li><a href=\"http:\/\/www.diariodeleon.es\/noticias\/leon\/conferencia-union-monetaria_979824.html\" target=\"_blank\">Piece of news 1<\/a><\/li>\n<li><a href=\"http:\/\/www.diariodeleon.es\/noticias\/leon\/justicia-europea-es-muy-intuitiva-clientes-bancarios-concepcion_984442.html\" target=\"_blank\">Piece of news 2<\/a><\/li>\n<li><a href=\"http:\/\/www.diariodeleon.es\/noticias\/leon\/clausura-jornadas-europa-conde-luna_98611.html\" target=\"_blank\">Piece of news 3<\/a><\/li>\n<\/ul>\n<\/li>\n<li><a href=\"http:\/\/www.leon7dias.com\/2015\/06\/10\/el-secretario-de-estado-de-seguridad-habla-en-la-universidad-de-leon-sobre-los-retos-en-materia-de-seguridad-interior-en-la-union-europea\/\" target=\"_blank\">Le\u00f3n 7 D\u00edas<\/a><\/li>\n<\/ul>\n<p>These are the <strong>links<\/strong> related to the <strong>Summer Course 2016<\/strong> Edition:<\/p>\n<ul>\n<li>Diario de Le\u00f3n:\n<ul>\n<li><a href=\"http:\/\/www.diariodeleon.es\/noticias\/leon\/modelo-urbano-retos-europa-cursos-verano-ule_1084774.html\">Piece of news 1<\/a><\/li>\n<li><a href=\"http:\/\/www.diariodeleon.es\/noticias\/leon\/especialistas-economia-derecho-analizan-nuevos-retos-europa_1084979.html\">Piece of news 2<\/a><\/li>\n<li><a href=\"http:\/\/www.diariodeleon.es\/noticias\/leon\/realidad-europea-cursos-ule_1083053.html\">Piece of news 3<\/a><\/li>\n<\/ul>\n<\/li>\n<li><a href=\"http:\/\/www.unileon.es\/noticias\/expertos-en-economia-y-derecho-participan-en-un-curso-de-verano-de-la-ule-sobre-los-nuevos-retos-par\">University of Le\u00f3n Press Release<\/a><\/li>\n<li><a href=\"http:\/\/www.leonoticias.com\/leon\/201607\/08\/expertos-economia-derecho-analizan-20160708172318.html\">Le\u00f3n Noticias<\/a><\/li>\n<li><a href=\"http:\/\/www.ileon.com\/universidad\/064332\/un-curso-estival-de-la-ule-analiza-los-nuevos-retos-europeos\">ILe\u00f3n<\/a><\/li>\n<\/ul>\n<p>The following links concern the <strong>Conference of Mr Enrique Bar\u00f3n<\/strong> (February 2017):<\/p>\n<ul>\n<li>\n<div><b><u>Secci\u00f3n de NOTICIAS de la web institucional de la ULE (15-02-2017)<\/u><\/b><\/div>\n<div><a href=\"https:\/\/www.unileon.es\/noticias\/el-proyecto-jean-monnet-de-la-ule-trae-leon-enrique-baron-para-hablar-de-europa\" target=\"_blank\" data-saferedirecturl=\"https:\/\/www.google.com\/url?hl=es&amp;q=https:\/\/www.unileon.es\/noticias\/el-proyecto-jean-monnet-de-la-ule-trae-leon-enrique-baron-para-hablar-de-europa&amp;source=gmail&amp;ust=1487774947930000&amp;usg=AFQjCNGFi0xX0nzMt7KuZJtkS5vFcJCgwg\">https:\/\/www.unileon.es\/noticia<wbr \/>s\/el-proyecto-jean-monnet-de-<wbr \/>la-ule-trae-leon-enrique-<wbr \/>baron-para-hablar-de-europa<\/a><\/div>\n<div><\/div>\n<div><b>&#8211; <u>Agencia EUROPA PRESS (15-02-2017)<\/u><\/b><\/div>\n<div><a href=\"http:\/\/www.europapress.es\/castilla-y-leon\/noticia-enrique-baron-manana-ule-hablar-europa-20170215112312.html\" target=\"_blank\" data-saferedirecturl=\"https:\/\/www.google.com\/url?hl=es&amp;q=http:\/\/www.europapress.es\/castilla-y-leon\/noticia-enrique-baron-manana-ule-hablar-europa-20170215112312.html&amp;source=gmail&amp;ust=1487774947931000&amp;usg=AFQjCNFQGtlSs9DyN7XS2gY_icWczT-CwQ\">http:\/\/www.europapress.es\/cast<wbr \/>illa-y-leon\/noticia-enrique-<wbr \/>baron-manana-ule-hablar-<wbr \/>europa-20170215112312.html<\/a><\/div>\n<div><\/div>\n<div><b>&#8211; <u>Agencia ICAL (15-02-2017)<\/u><\/b><\/div>\n<div><a href=\"http:\/\/www.icalnews.com\/Mostrar.cfm\/noticias\/I\/expresidente\/parlamento\/europeo\/pronuncia\/manana\/conferencia\/leon\/dentro\/proyecto\/jean\/monnet\/ule\/387300\" target=\"_blank\" data-saferedirecturl=\"https:\/\/www.google.com\/url?hl=es&amp;q=http:\/\/www.icalnews.com\/Mostrar.cfm\/noticias\/I\/expresidente\/parlamento\/europeo\/pronuncia\/manana\/conferencia\/leon\/dentro\/proyecto\/jean\/monnet\/ule\/387300&amp;source=gmail&amp;ust=1487774947931000&amp;usg=AFQjCNHfEFGm4bvlKzEriIzgdRaqS5P1Ew\">http:\/\/www.icalnews.com\/Mostra<wbr \/>r.cfm\/noticias\/I\/expresidente\/<wbr \/>parlamento\/europeo\/pronuncia\/<wbr \/>manana\/conferencia\/leon\/<wbr \/>dentro\/proyecto\/jean\/monnet\/<wbr \/>ule\/387300<\/a><\/div>\n<div><\/div>\n<div><b>&#8211; <u>Diario digital 20 MINUTOS (15-02-2017)<\/u><\/b><\/div>\n<div><a href=\"http:\/\/www.20minutos.es\/noticia\/2960773\/0\/enrique-baron-manana-ule-para-hablar-europa\/\" target=\"_blank\" data-saferedirecturl=\"https:\/\/www.google.com\/url?hl=es&amp;q=http:\/\/www.20minutos.es\/noticia\/2960773\/0\/enrique-baron-manana-ule-para-hablar-europa\/&amp;source=gmail&amp;ust=1487774947931000&amp;usg=AFQjCNEEzrCDMWOtHqn2WYG8T23ittyNcQ\">http:\/\/www.20minutos.es\/notici<wbr \/>a\/2960773\/0\/enrique-baron-<wbr \/>manana-ule-para-hablar-europa\/<\/a><\/div>\n<div><\/div>\n<div><b>&#8211; <u>Diario digital LEONOTICIAS<\/u><\/b><\/div>\n<div><a href=\"http:\/\/www.leonoticias.com\/universidad\/201702\/15\/proyecto-jean-monnet-trae-20170215111345.html\" target=\"_blank\" data-saferedirecturl=\"https:\/\/www.google.com\/url?hl=es&amp;q=http:\/\/www.leonoticias.com\/universidad\/201702\/15\/proyecto-jean-monnet-trae-20170215111345.html&amp;source=gmail&amp;ust=1487774947931000&amp;usg=AFQjCNEbyAd9nnkgBvjxxSYb1W2oKZxozg\">http:\/\/www.leonoticias.com\/uni<wbr \/>versidad\/201702\/15\/proyecto-<wbr \/>jean-monnet-trae-2017021511134<wbr \/>5.html<\/a><\/div>\n<div><\/div>\n<div><b>&#8211; <u>Diario digital GENTE LE\u00d3N<\/u><\/b><\/div>\n<div><a href=\"http:\/\/www.gentedigital.es\/leon\/noticia\/2085347\/enrique-baron-manana-en-la-ule-para-hablar-de-europa\/\" target=\"_blank\" data-saferedirecturl=\"https:\/\/www.google.com\/url?hl=es&amp;q=http:\/\/www.gentedigital.es\/leon\/noticia\/2085347\/enrique-baron-manana-en-la-ule-para-hablar-de-europa\/&amp;source=gmail&amp;ust=1487774947931000&amp;usg=AFQjCNEp_IdeaVL6g2yrQmjsDEhgQhj0AQ\">http:\/\/www.gentedigital.es\/leo<wbr \/>n\/noticia\/2085347\/enrique-baro<wbr \/>n-manana-en-la-ule-para-hablar<wbr \/>-de-europa\/<\/a><\/div>\n<div><\/div>\n<div><b>&#8211; <u>Diario digital ES LEON<\/u><\/b><\/div>\n<div><a href=\"http:\/\/www.esleondiario.com\/2017\/02\/15\/el-proyecto-jean-monnet-de-la-ule-trae-a-leon-a-enrique-baron-para-hablar-de-europa\/\" target=\"_blank\" data-saferedirecturl=\"https:\/\/www.google.com\/url?hl=es&amp;q=http:\/\/www.esleondiario.com\/2017\/02\/15\/el-proyecto-jean-monnet-de-la-ule-trae-a-leon-a-enrique-baron-para-hablar-de-europa\/&amp;source=gmail&amp;ust=1487774947931000&amp;usg=AFQjCNFK2v1XyVjSJPCp5nKs4R3f6cfkSg\">http:\/\/www.esleondiario.com\/20<wbr \/>17\/02\/15\/el-proyecto-jean-monn<wbr \/>et-de-la-ule-trae-a-leon-a-<wbr \/>enrique-baron-para-hablar-de-<wbr \/>europa\/<\/a><\/div>\n<div><\/div>\n<div>\n<div><b>&#8211;\u00a0<u>LA NUEVA CR\u00d3NICA DE LE\u00d3N (15-02-2017)<\/u><\/b><\/div>\n<div><a href=\"http:\/\/www.lanuevacronica.com\/enrique-baron-expresidente-del-parlamento-europeo-participa-este-jueves-en-el-proyecto-jean-monnet-de-la-ule\" target=\"_blank\" data-saferedirecturl=\"https:\/\/www.google.com\/url?hl=es&amp;q=http:\/\/www.lanuevacronica.com\/enrique-baron-expresidente-del-parlamento-europeo-participa-este-jueves-en-el-proyecto-jean-monnet-de-la-ule&amp;source=gmail&amp;ust=1487774947931000&amp;usg=AFQjCNH3mXl29zZD4nYEWk8J5sVP8uCGSw\">http:\/\/www.lanuevacronica.com\/<wbr \/>enrique-baron-expresidente-del<wbr \/>-parlamento-europeo-participa-<wbr \/>este-jueves-en-el-proyecto-<wbr \/>jean-monnet-de-la-ule<\/a>\u00a0(Se acompa\u00f1a recorte)<\/div>\n<\/div>\n<div><\/div>\n<div><b>&#8211; <u>DIARIO DE LE\u00d3N (16-02-2017)<\/u><\/b><\/div>\n<div><a href=\"http:\/\/www.diariodeleon.es\/noticias\/leon\/enrique-baron-aborda-sierra-pambley-proyecto-europeo_1138239.html\" target=\"_blank\" data-saferedirecturl=\"https:\/\/www.google.com\/url?hl=es&amp;q=http:\/\/www.diariodeleon.es\/noticias\/leon\/enrique-baron-aborda-sierra-pambley-proyecto-europeo_1138239.html&amp;source=gmail&amp;ust=1487774947931000&amp;usg=AFQjCNHILSV6S05sY6gwOH6sFnA82IU4Hw\">http:\/\/www.diariodeleon.es\/not<wbr \/>icias\/leon\/enrique-baron-abord<wbr \/>a-sierra-pambley-proyecto-<wbr \/>europeo_1138239.html<\/a>\u00a0(Se acompa\u00f1a recorte)<\/div>\n<div><\/div>\n<div><b>&#8211; <u>LA NUEVA CR\u00d3NICA (17-02-2017)<\/u><\/b><\/div>\n<div>Se acompa\u00f1a recorte<\/div>\n<div><\/div>\n<div><b>&#8211; <u>DIARIO DE LE\u00d3N (17-02-2017)<\/u><\/b><\/div>\n<div><a href=\"http:\/\/www.diariodeleon.es\/noticias\/leon\/baron-los-populismos-no-son-alternativa-union-europea_1138512.html\" target=\"_blank\" data-saferedirecturl=\"https:\/\/www.google.com\/url?hl=es&amp;q=http:\/\/www.diariodeleon.es\/noticias\/leon\/baron-los-populismos-no-son-alternativa-union-europea_1138512.html&amp;source=gmail&amp;ust=1487774947931000&amp;usg=AFQjCNHAzV4tNgjdF-Ysnjd-9Qb1S8HELg\">http:\/\/www.diariodeleon.es\/not<wbr \/>icias\/leon\/baron-los-populismo<wbr \/>s-no-son-alternativa-union-<wbr \/>europea_1138512.html<\/a>\u00a0(Se acompa\u00f1a recorte)<\/div>\n<div><\/div>\n<p><a href=\"https:\/\/www.google.es\/url?sa=t&amp;rct=j&amp;q=&amp;esrc=s&amp;source=web&amp;cd=2&amp;cad=rja&amp;uact=8&amp;ved=0ahUKEwih2tXpqpTSAhUFPRoKHRaTD98QFggfMAE&amp;url=http%3A%2F%2Fwww.20minutos.es%2Fnoticia%2F2960773%2F0%2Fenrique-baron-manana-ule-para-hablar-europa%2F&amp;usg=AFQjCNFbdQPuw9x0nFD_MO7lMa3NT5QP0Q\">20 minutos<\/a><\/li>\n<li>La Nueva Cr\u00f3nica\n<ul>\n<li><a href=\"https:\/\/www.google.es\/url?sa=t&amp;rct=j&amp;q=&amp;esrc=s&amp;source=web&amp;cd=3&amp;cad=rja&amp;uact=8&amp;ved=0ahUKEwih2tXpqpTSAhUFPRoKHRaTD98QFgglMAI&amp;url=http%3A%2F%2Fwww.lanuevacronica.com%2Fenrique-baron-expresidente-del-parlamento-europeo-participa-este-jueves-en-el-proyecto-jean-monnet-de-la-ule&amp;usg=AFQjCNHdBSJuCCcZ_i81l-shcFHzecKGlg\">Piece of news 1<\/a><\/li>\n<li><a href=\"http:\/\/www.lanuevacronica.com\/enrique-baron-los-europeos-vivimos-en-una-casa-que-esta-a-medio-hacer\">Piece of news 2<\/a><\/li>\n<\/ul>\n<\/li>\n<li><a href=\"https:\/\/www.google.es\/url?sa=t&amp;rct=j&amp;q=&amp;esrc=s&amp;source=web&amp;cd=4&amp;cad=rja&amp;uact=8&amp;ved=0ahUKEwih2tXpqpTSAhUFPRoKHRaTD98QFggrMAM&amp;url=http%3A%2F%2Fwww.diariodeleon.es%2Fnoticias%2Fleon%2Fenrique-baron-aborda-sierra-pambley-proyecto-europeo_1138239.html&amp;usg=AFQjCNFGIJ5aUFXE8Ce4HSKWBAROgtCeXA\">Diario de Le\u00f3n<\/a><\/li>\n<li><a href=\"http:\/\/www.lainformacion.com\/educacion\/universidad\/Enrique-Baron-manana-ULE-Europa_0_999800396.html\">La Informaci\u00f3n<\/a><\/li>\n<\/ul>\n","protected":false},"excerpt":{"rendered":"<p>Wellcome to press book of the EU project. In links below you can find references and news in Media about EUFUCH project Here you can find links to the media with\u00a0 press news about opening ceremony: Web site of Univeristy of Le\u00f3n Diario de Le\u00f3n Web Le\u00f3n Noticias Media &amp; WEB ABC on line Ical [&hellip;]<\/p>\n","protected":false},"author":32,"featured_media":0,"parent":0,"menu_order":0,"comment_status":"closed","ping_status":"closed","template":"","meta":{"footnotes":""},"class_list":["post-154","page","type-page","status-publish","hentry"],"_links":{"self":[{"href":"https:\/\/grupos.unileon.es\/jeanmonnetule\/wp-json\/wp\/v2\/pages\/154","targetHints":{"allow":["GET"]}}],"collection":[{"href":"https:\/\/grupos.unileon.es\/jeanmonnetule\/wp-json\/wp\/v2\/pages"}],"about":[{"href":"https:\/\/grupos.unileon.es\/jeanmonnetule\/wp-json\/wp\/v2\/types\/page"}],"author":[{"embeddable":true,"href":"https:\/\/grupos.unileon.es\/jeanmonnetule\/wp-json\/wp\/v2\/users\/32"}],"replies":[{"embeddable":true,"href":"https:\/\/grupos.unileon.es\/jeanmonnetule\/wp-json\/wp\/v2\/comments?post=154"}],"version-history":[{"count":26,"href":"https:\/\/grupos.unileon.es\/jeanmonnetule\/wp-json\/wp\/v2\/pages\/154\/revisions"}],"predecessor-version":[{"id":1259,"href":"https:\/\/grupos.unileon.es\/jeanmonnetule\/wp-json\/wp\/v2\/pages\/154\/revisions\/1259"}],"wp:attachment":[{"href":"https:\/\/grupos.unileon.es\/jeanmonnetule\/wp-json\/wp\/v2\/media?parent=154"}],"curies":[{"name":"wp","href":"https:\/\/api.w.org\/{rel}","templated":true}]}}