{"id":210,"date":"2015-03-09T10:43:44","date_gmt":"2015-03-09T10:43:44","guid":{"rendered":"http:\/\/grupos.unileon.es\/jeanmonnetule\/?page_id=210"},"modified":"2015-07-28T12:18:44","modified_gmt":"2015-07-28T12:18:44","slug":"annual-course-for-elderly-students-201415-edition","status":"publish","type":"page","link":"https:\/\/grupos.unileon.es\/jeanmonnetule\/annual-course-for-elderly-students-201415-edition\/","title":{"rendered":"ANNUAL COURSE FOR ELDERLY STUDENTS. 2014\/15 Edition"},"content":{"rendered":"<figure id=\"attachment_208\" aria-describedby=\"caption-attachment-208\" style=\"width: 456px\" class=\"wp-caption aligncenter\"><img loading=\"lazy\" decoding=\"async\" class=\"  wp-image-208\" src=\"http:\/\/grupos.unileon.es\/jeanmonnetule\/files\/2015\/03\/P3030700-300x225.jpg\" alt=\"OLYMPUS DIGITAL CAMERA\" width=\"456\" height=\"342\" srcset=\"https:\/\/grupos.unileon.es\/jeanmonnetule\/files\/2015\/03\/P3030700-300x225.jpg 300w, https:\/\/grupos.unileon.es\/jeanmonnetule\/files\/2015\/03\/P3030700-1024x768.jpg 1024w\" sizes=\"auto, (max-width: 456px) 100vw, 456px\" \/><figcaption id=\"caption-attachment-208\" class=\"wp-caption-text\">Course picture with most part of student&#8217;s<\/figcaption><\/figure>\n<p style=\"text-align: justify;\">\n<p style=\"text-align: justify;\">Last 3rd, 4th and 5th of March it took place the first<strong> Annual Introductory Course \u00a0for elderly students<\/strong> of the University of Le\u00f3n, under the title of: <em><span style=\"color: #0000ff;\">\u00abKnow the European Union: You are a European citizen too!\u00bb<\/span> <\/em><\/p>\n<p style=\"text-align: justify;\"><em>The duration of the course was 7 hours in which students could be in touch with the reality of European Union<\/em><\/p>\n<p style=\"text-align: justify;\">Thanks to these seminars course, participants are aware of the history, policies and \u00a0law of the EU.<\/p>\n<ul>\n<li style=\"text-align: justify;\">\u00a0\u00ab\u00bfQui\u00e9n es qui\u00e9n en la Uni\u00f3n Europea? Historia y personajes fundamentales\u00bb \u00a0Mrs. Nuria Gonz\u00e1lez Rabanal<\/li>\n<li style=\"text-align: justify;\">\u201cConoce qui\u00e9nes formamos y formaremos la Uni\u00f3n Europea: tratados y procesos de ampliaci\u00f3n\u201d. Mr. Roberto Fern\u00e1ndez Fern\u00e1ndez<\/li>\n<li style=\"text-align: justify;\">&#8211;\u00a0\u201c\u00bfQui\u00e9nes hacen posible que la Uni\u00f3n Europea funcione? Instituciones fundamentales de la Uni\u00f3n Europea\u201d. Mrs. Aurelia\u00a0\u00c1lvarez Rodr\u00edguez<\/li>\n<\/ul>\n<p style=\"text-align: justify;\"><strong>To all elderly students&#8230;&#8230; thank\u00a0you very much for your assistance and active participation!!!<\/strong><\/p>\n<p style=\"text-align: justify;\">\n","protected":false},"excerpt":{"rendered":"<p>Last 3rd, 4th and 5th of March it took place the first Annual Introductory Course \u00a0for elderly students of the University of Le\u00f3n, under the title of: \u00abKnow the European Union: You are a European citizen too!\u00bb The duration of the course was 7 hours in which students could be in touch with the reality [&hellip;]<\/p>\n","protected":false},"author":36,"featured_media":0,"parent":0,"menu_order":0,"comment_status":"closed","ping_status":"closed","template":"","meta":{"footnotes":""},"class_list":["post-210","page","type-page","status-publish","hentry"],"_links":{"self":[{"href":"https:\/\/grupos.unileon.es\/jeanmonnetule\/wp-json\/wp\/v2\/pages\/210","targetHints":{"allow":["GET"]}}],"collection":[{"href":"https:\/\/grupos.unileon.es\/jeanmonnetule\/wp-json\/wp\/v2\/pages"}],"about":[{"href":"https:\/\/grupos.unileon.es\/jeanmonnetule\/wp-json\/wp\/v2\/types\/page"}],"author":[{"embeddable":true,"href":"https:\/\/grupos.unileon.es\/jeanmonnetule\/wp-json\/wp\/v2\/users\/36"}],"replies":[{"embeddable":true,"href":"https:\/\/grupos.unileon.es\/jeanmonnetule\/wp-json\/wp\/v2\/comments?post=210"}],"version-history":[{"count":8,"href":"https:\/\/grupos.unileon.es\/jeanmonnetule\/wp-json\/wp\/v2\/pages\/210\/revisions"}],"predecessor-version":[{"id":473,"href":"https:\/\/grupos.unileon.es\/jeanmonnetule\/wp-json\/wp\/v2\/pages\/210\/revisions\/473"}],"wp:attachment":[{"href":"https:\/\/grupos.unileon.es\/jeanmonnetule\/wp-json\/wp\/v2\/media?parent=210"}],"curies":[{"name":"wp","href":"https:\/\/api.w.org\/{rel}","templated":true}]}}