{"id":346,"date":"2015-05-19T13:55:26","date_gmt":"2015-05-19T13:55:26","guid":{"rendered":"http:\/\/grupos.unileon.es\/jeanmonnetule\/?page_id=346"},"modified":"2015-07-28T12:15:07","modified_gmt":"2015-07-28T12:15:07","slug":"i-ciclo-de-conferencias-sobre-europa-los-retos-de-espana-en-la-ue-hacia-una-nueva-encrucijada","status":"publish","type":"page","link":"https:\/\/grupos.unileon.es\/jeanmonnetule\/i-ciclo-de-conferencias-sobre-europa-los-retos-de-espana-en-la-ue-hacia-una-nueva-encrucijada\/","title":{"rendered":"1ST EUROPEAN UNION CONFERENCE: SPANISH GOALS IN UE TOWARDS A NEW WAY?"},"content":{"rendered":"<p style=\"text-align: justify;\">With the aim to show to students and civil society EU reality, this conference has the aim to discuss about the main goals for Spain in EU.\u00a0All sessions will be taught by institutional profesional representants from political, military, economic and judicial institutions.<\/p>\n<p style=\"text-align: justify;\">Conferences will be held each Thursday from 14th on May to 11 th on June.<\/p>\n<p style=\"text-align: justify;\">Conference has been supported by Colegio de Economistas de Le\u00f3n.\u00a0\u00a0\u00a0\u00a0\u00a0\u00a0\u00a0\u00a0\u00a0<img loading=\"lazy\" decoding=\"async\" class=\"alignnone  wp-image-173\" src=\"http:\/\/grupos.unileon.es\/jeanmonnetule\/files\/2015\/02\/colegio-economistas.gif\" alt=\"colegio economistas\" width=\"126\" height=\"31\" \/><\/p>\n<p style=\"text-align: justify;\">Place of Conference will be <a href=\"http:\/\/www.visitaleon.com\/palacio-conde-luna\">Conde Luna Palace <\/a>an emblematic historical place in the city of Le\u00f3n<\/p>\n<p><strong>Program:<\/strong><\/p>\n<ul>\n<li><span style=\"color: #000080;\"><strong><span style=\"color: #000080;\">Thursdat 14th on May at 19.30 hours: round table:<\/span><em> New aims and scope in the field of security policy: towards\u00a0a Schengen space redefinition?<\/em><\/strong><\/span><\/li>\n<\/ul>\n<p style=\"padding-left: 30px;\">Participants:<\/p>\n<p style=\"padding-left: 90px;\">PhD Mr. Luis Manuel Mart\u00ednez Meijide. General of Artillery Command: NATO spanish goberment consultant.\u00a0PhD in \u00a0polemology.<\/p>\n<p style=\"padding-left: 90px;\">Mr. Juan \u00c1ngel Trece\u00f1o Garc\u00eda. Air forc\u00e9 Coronel and Director of Air Academy La Virgen del Camino.<\/p>\n<p style=\"padding-left: 90px;\">Mr.\u00a0Francisco Pulido Catal\u00e1n. Lieutenant Coronel of Guardia Civil, member of International\u00a0 Department Office.<\/p>\n<ul>\n<li><strong><span style=\"color: #000080;\">Jueves 21 de Mayo, 19:30 horas: Conferencia: <em>Monetary Union: the problems of an unfinished uni\u00f3n<\/em><\/span><\/strong><\/li>\n<\/ul>\n<p style=\"padding-left: 90px;\">Ponente:<\/p>\n<p style=\"padding-left: 90px;\">D. Jaime Requeijo Gonz\u00e1lez. Emerit full profesor in UNED, State Economist and expert consultant\u00a0 of Spanish Goberment.<\/p>\n<ul>\n<li><span style=\"color: #000080;\"><strong><span style=\"color: #000080;\">Jueves 4 de Junio, 19:30 horas: <\/span><em><span style=\"color: #000080;\">Round table: European Uni\u00f3n and <\/span>Judicial cooperation<\/em><\/strong><\/span><\/li>\n<\/ul>\n<p style=\"padding-left: 90px;\">Mr Juan Carlos Su\u00e1rez-Qui\u00f1ones Fern\u00e1ndez. Spanish Goberment Delegate to the regi\u00f3n of Castilla y Le\u00f3n<\/p>\n<p style=\"padding-left: 90px;\">Mr.\u00a0Jos\u00e9 Luis Concepci\u00f3n Rodr\u00edguez. Regional Superior Court of Castilla and Leon President<\/p>\n<p style=\"padding-left: 90px;\">Mr Luis Alberto G\u00f3mez Garc\u00eda. Leon court of Justice Head<\/p>\n<ul>\n<li><span style=\"color: #000080;\"><strong>Jueves 11 de Junio, 19:30 horas: Conferencia: Taxation cooperation at EU level &amp; EU: unfinished Union<\/strong><\/span><\/li>\n<\/ul>\n<p style=\"padding-left: 60px;\">Ponentes:<\/p>\n<p style=\"padding-left: 60px;\">\u00a0PhD. Mr Nicol\u00e1s Hern\u00e1ndez Castilla.\u00a0State Economist. Teacher of ICADE master&#8217;s program about EU.<\/p>\n<p style=\"padding-left: 60px;\">Mr. \u00a0Antonio Montero Dom\u00ednguez.\u00a0\u00a0Subdirector General de Tributos del Ministerio de Hacienda<\/p>\n<p style=\"padding-left: 60px;\">Closing ceremony: <a href=\"http:\/\/www.interior.gob.es\/el-ministerio\/funciones-y-estructura\/secretaria-de-estado-de-seguridad\">Security State Secretary <\/a>Mr. Francisco Mart\u00ednez V\u00e1zquez-<\/p>\n<p>&nbsp;<\/p>\n","protected":false},"excerpt":{"rendered":"<p>With the aim to show to students and civil society EU reality, this conference has the aim to discuss about the main goals for Spain in EU.\u00a0All sessions will be taught by institutional profesional representants from political, military, economic and judicial institutions. Conferences will be held each Thursday from 14th on May to 11 th [&hellip;]<\/p>\n","protected":false},"author":36,"featured_media":0,"parent":0,"menu_order":0,"comment_status":"closed","ping_status":"closed","template":"","meta":{"footnotes":""},"class_list":["post-346","page","type-page","status-publish","hentry"],"_links":{"self":[{"href":"https:\/\/grupos.unileon.es\/jeanmonnetule\/wp-json\/wp\/v2\/pages\/346","targetHints":{"allow":["GET"]}}],"collection":[{"href":"https:\/\/grupos.unileon.es\/jeanmonnetule\/wp-json\/wp\/v2\/pages"}],"about":[{"href":"https:\/\/grupos.unileon.es\/jeanmonnetule\/wp-json\/wp\/v2\/types\/page"}],"author":[{"embeddable":true,"href":"https:\/\/grupos.unileon.es\/jeanmonnetule\/wp-json\/wp\/v2\/users\/36"}],"replies":[{"embeddable":true,"href":"https:\/\/grupos.unileon.es\/jeanmonnetule\/wp-json\/wp\/v2\/comments?post=346"}],"version-history":[{"count":4,"href":"https:\/\/grupos.unileon.es\/jeanmonnetule\/wp-json\/wp\/v2\/pages\/346\/revisions"}],"predecessor-version":[{"id":471,"href":"https:\/\/grupos.unileon.es\/jeanmonnetule\/wp-json\/wp\/v2\/pages\/346\/revisions\/471"}],"wp:attachment":[{"href":"https:\/\/grupos.unileon.es\/jeanmonnetule\/wp-json\/wp\/v2\/media?parent=346"}],"curies":[{"name":"wp","href":"https:\/\/api.w.org\/{rel}","templated":true}]}}