{"id":396,"date":"2015-06-23T09:18:48","date_gmt":"2015-06-23T09:18:48","guid":{"rendered":"http:\/\/grupos.unileon.es\/jeanmonnetule\/?page_id=396"},"modified":"2015-07-28T12:07:32","modified_gmt":"2015-07-28T12:07:32","slug":"new-challenges-in-european-security-and-anti-terrorist-policy-the-schengen-space-redefinition","status":"publish","type":"page","link":"https:\/\/grupos.unileon.es\/jeanmonnetule\/new-challenges-in-european-security-and-anti-terrorist-policy-the-schengen-space-redefinition\/","title":{"rendered":"New challenges in European Security and Anti-terrorist Policy: The Schengen Space redefinition?"},"content":{"rendered":"<p style=\"text-align: center;\"><strong>ROUND TABLE ABOUT\u00a0EU SECURITY<\/strong><\/p>\n<p style=\"text-align: center;\"><img loading=\"lazy\" decoding=\"async\" class=\"  wp-image-397 alignnone\" src=\"http:\/\/grupos.unileon.es\/jeanmonnetule\/files\/2015\/06\/noticias_97_1432714700-300x129.jpg\" alt=\"noticias_97_1432714700\" width=\"665\" height=\"286\" srcset=\"https:\/\/grupos.unileon.es\/jeanmonnetule\/files\/2015\/06\/noticias_97_1432714700-300x129.jpg 300w, https:\/\/grupos.unileon.es\/jeanmonnetule\/files\/2015\/06\/noticias_97_1432714700.jpg 800w\" sizes=\"auto, (max-width: 665px) 100vw, 665px\" \/><\/p>\n<p style=\"text-align: justify;\">On the 14th of May 2015 we had the honour to count on<\/p>\n<p style=\"text-align: justify;\"><a id=\"irc_mil\" href=\"http:\/\/www.google.es\/url?sa=i&amp;rct=j&amp;q=&amp;esrc=s&amp;source=images&amp;cd=&amp;cad=rja&amp;uact=8&amp;ved=0CAcQjRxqFQoTCLzmhfHj_cYCFQkJ2wodrJADIw&amp;url=http%3A%2F%2Fwww.leonoticias.com%2Ffrontend%2Fleonoticias%2FEl-Maca-Quiere-Ser-ejemplo-De-Espana-vn125993-vst217&amp;ei=Tm-3VbyHBomS7AasoY6YAg&amp;bvm=bv.98717601,d.ZGU&amp;psig=AFQjCNGHw5eMkkxT3V6LQfpDRcVNJUOAkg&amp;ust=1438171313353554\" data-ved=\"0CAcQjRxqFQoTCLzmhfHj_cYCFQkJ2wodrJADIw\"><img loading=\"lazy\" decoding=\"async\" id=\"irc_mi\" class=\" alignleft\" src=\"http:\/\/www.leonoticias.com\/adjuntos\/maca1.JPG\" alt=\"\" width=\"163\" height=\"99\" \/><\/a>Mr. Luis Manuel Mart\u00ednez Meijide, General of the Artillery Command,<\/p>\n<p style=\"text-align: justify;\">\n<p style=\"text-align: justify;\">\n<p style=\"text-align: justify;\"><a id=\"irc_mil\" href=\"http:\/\/www.google.es\/url?sa=i&amp;rct=j&amp;q=&amp;esrc=s&amp;source=images&amp;cd=&amp;cad=rja&amp;uact=8&amp;ved=0CAcQjRxqFQoTCMTa3bTk_cYCFZEq2wodyBwM0w&amp;url=http%3A%2F%2Fwww.ejercitodelaire.mde.es%2Fea%2Fpag%3FidDoc%3DD5D672DC318F6625C1257DB20050DC0A%26idImg%3DFCE2C83410C33136C1257DB20051EA7C%26idPlantilla%3D20NL&amp;ei=3G-3VcT8ApHV7AbIubCYDQ&amp;bvm=bv.98717601,d.ZGU&amp;psig=AFQjCNHPuo6RWa7MB2jqRaN0uNwPBdpsJQ&amp;ust=1438171471855826\" data-ved=\"0CAcQjRxqFQoTCMTa3bTk_cYCFZEq2wodyBwM0w\"><img loading=\"lazy\" decoding=\"async\" id=\"irc_mi\" class=\" alignleft\" src=\"http:\/\/www.ejercitodelaire.mde.es\/stweb\/ea\/ficheros\/jpg\/FCE2C83410C33136C1257DB20051EA7CT20.jpg\" alt=\"\" width=\"163\" height=\"111\" \/><\/a>Mr. Juan \u00c1ngel Trece\u00f1o Garc\u00eda, Air Force Colonel and Mr.<\/p>\n<p style=\"text-align: justify;\">\n<p style=\"text-align: justify;\">\n<p style=\"text-align: justify;\">\u00a0Mr. Francisco Pulido Catal\u00e1n ,Head of international cooperation on business security to learn and to be concern of the new challenges that the European Union is facing in terms of security and terrorism and the mechanisms that were used and that are being implemented currently to fight against those threats.<\/p>\n<p><a href=\"http:\/\/grupos.unileon.es\/jeanmonnetule\/files\/2015\/06\/noticias_97_1432714700.jpg\">\u00a0<\/a><\/p>\n","protected":false},"excerpt":{"rendered":"<p>ROUND TABLE ABOUT\u00a0EU SECURITY On the 14th of May 2015 we had the honour to count on Mr. Luis Manuel Mart\u00ednez Meijide, General of the Artillery Command, Mr. Juan \u00c1ngel Trece\u00f1o Garc\u00eda, Air Force Colonel and Mr. \u00a0Mr. Francisco Pulido Catal\u00e1n ,Head of international cooperation on business security to learn and to be concern of [&hellip;]<\/p>\n","protected":false},"author":36,"featured_media":0,"parent":0,"menu_order":0,"comment_status":"closed","ping_status":"closed","template":"","meta":{"footnotes":""},"class_list":["post-396","page","type-page","status-publish","hentry"],"_links":{"self":[{"href":"https:\/\/grupos.unileon.es\/jeanmonnetule\/wp-json\/wp\/v2\/pages\/396","targetHints":{"allow":["GET"]}}],"collection":[{"href":"https:\/\/grupos.unileon.es\/jeanmonnetule\/wp-json\/wp\/v2\/pages"}],"about":[{"href":"https:\/\/grupos.unileon.es\/jeanmonnetule\/wp-json\/wp\/v2\/types\/page"}],"author":[{"embeddable":true,"href":"https:\/\/grupos.unileon.es\/jeanmonnetule\/wp-json\/wp\/v2\/users\/36"}],"replies":[{"embeddable":true,"href":"https:\/\/grupos.unileon.es\/jeanmonnetule\/wp-json\/wp\/v2\/comments?post=396"}],"version-history":[{"count":3,"href":"https:\/\/grupos.unileon.es\/jeanmonnetule\/wp-json\/wp\/v2\/pages\/396\/revisions"}],"predecessor-version":[{"id":467,"href":"https:\/\/grupos.unileon.es\/jeanmonnetule\/wp-json\/wp\/v2\/pages\/396\/revisions\/467"}],"wp:attachment":[{"href":"https:\/\/grupos.unileon.es\/jeanmonnetule\/wp-json\/wp\/v2\/media?parent=396"}],"curies":[{"name":"wp","href":"https:\/\/api.w.org\/{rel}","templated":true}]}}