{"id":606,"date":"2015-11-16T10:51:11","date_gmt":"2015-11-16T10:51:11","guid":{"rendered":"http:\/\/grupos.unileon.es\/jeanmonnetule\/?page_id=606"},"modified":"2016-08-10T14:59:02","modified_gmt":"2016-08-10T14:59:02","slug":"assistants-20142015","status":"publish","type":"page","link":"https:\/\/grupos.unileon.es\/jeanmonnetule\/assistants-20142015\/","title":{"rendered":"Assistants 2014\/2015"},"content":{"rendered":"<p><a href=\"http:\/\/grupos.unileon.es\/jeanmonnetule\/files\/2015\/11\/34fda22.jpg\"><img loading=\"lazy\" decoding=\"async\" class=\"aligncenter size-full wp-image-1061\" src=\"http:\/\/grupos.unileon.es\/jeanmonnetule\/files\/2015\/11\/34fda22.jpg\" alt=\"34fda22\" width=\"200\" height=\"200\" srcset=\"https:\/\/grupos.unileon.es\/jeanmonnetule\/files\/2015\/11\/34fda22.jpg 200w, https:\/\/grupos.unileon.es\/jeanmonnetule\/files\/2015\/11\/34fda22-150x150.jpg 150w\" sizes=\"auto, (max-width: 200px) 100vw, 200px\" \/><\/a><\/p>\n<p>Ms Guiomar Gonz\u00e1lez Cuende, Bachelor in International Trade. <a href=\"https:\/\/www.linkedin.com\/in\/guiomar-gonz\u00e1lez-cuende-20700376\" target=\"_blank\">LinkedIn Profile<\/a>.<\/p>\n<p><a href=\"http:\/\/grupos.unileon.es\/jeanmonnetule\/files\/2015\/11\/AAEAAQAAAAAAAAfcAAAAJDE3NWI2M2M0LTE3YWItNGU0MS04MzFjLWZhNWY4MzU2NDA2Zg.jpg\"><img loading=\"lazy\" decoding=\"async\" class=\"aligncenter size-full wp-image-1057\" src=\"http:\/\/grupos.unileon.es\/jeanmonnetule\/files\/2015\/11\/AAEAAQAAAAAAAAfcAAAAJDE3NWI2M2M0LTE3YWItNGU0MS04MzFjLWZhNWY4MzU2NDA2Zg.jpg\" alt=\"AAEAAQAAAAAAAAfcAAAAJDE3NWI2M2M0LTE3YWItNGU0MS04MzFjLWZhNWY4MzU2NDA2Zg\" width=\"200\" height=\"200\" srcset=\"https:\/\/grupos.unileon.es\/jeanmonnetule\/files\/2015\/11\/AAEAAQAAAAAAAAfcAAAAJDE3NWI2M2M0LTE3YWItNGU0MS04MzFjLWZhNWY4MzU2NDA2Zg.jpg 200w, https:\/\/grupos.unileon.es\/jeanmonnetule\/files\/2015\/11\/AAEAAQAAAAAAAAfcAAAAJDE3NWI2M2M0LTE3YWItNGU0MS04MzFjLWZhNWY4MzU2NDA2Zg-150x150.jpg 150w\" sizes=\"auto, (max-width: 200px) 100vw, 200px\" \/><\/a><\/p>\n<p>Mr Jorge Miguel Gonz\u00e1lez S\u00e1nchez, Bachelor in International Trade. <a href=\"https:\/\/www.linkedin.com\/in\/jorgemiguelgs\" target=\"_blank\">LinkedIn Profile<\/a>.<\/p>\n","protected":false},"excerpt":{"rendered":"<p>Ms Guiomar Gonz\u00e1lez Cuende, Bachelor in International Trade. LinkedIn Profile. Mr Jorge Miguel Gonz\u00e1lez S\u00e1nchez, Bachelor in International Trade. LinkedIn Profile.<\/p>\n","protected":false},"author":36,"featured_media":0,"parent":0,"menu_order":0,"comment_status":"closed","ping_status":"closed","template":"","meta":{"footnotes":""},"class_list":["post-606","page","type-page","status-publish","hentry"],"_links":{"self":[{"href":"https:\/\/grupos.unileon.es\/jeanmonnetule\/wp-json\/wp\/v2\/pages\/606","targetHints":{"allow":["GET"]}}],"collection":[{"href":"https:\/\/grupos.unileon.es\/jeanmonnetule\/wp-json\/wp\/v2\/pages"}],"about":[{"href":"https:\/\/grupos.unileon.es\/jeanmonnetule\/wp-json\/wp\/v2\/types\/page"}],"author":[{"embeddable":true,"href":"https:\/\/grupos.unileon.es\/jeanmonnetule\/wp-json\/wp\/v2\/users\/36"}],"replies":[{"embeddable":true,"href":"https:\/\/grupos.unileon.es\/jeanmonnetule\/wp-json\/wp\/v2\/comments?post=606"}],"version-history":[{"count":8,"href":"https:\/\/grupos.unileon.es\/jeanmonnetule\/wp-json\/wp\/v2\/pages\/606\/revisions"}],"predecessor-version":[{"id":1062,"href":"https:\/\/grupos.unileon.es\/jeanmonnetule\/wp-json\/wp\/v2\/pages\/606\/revisions\/1062"}],"wp:attachment":[{"href":"https:\/\/grupos.unileon.es\/jeanmonnetule\/wp-json\/wp\/v2\/media?parent=606"}],"curies":[{"name":"wp","href":"https:\/\/api.w.org\/{rel}","templated":true}]}}