{"id":609,"date":"2015-11-16T10:51:49","date_gmt":"2015-11-16T10:51:49","guid":{"rendered":"http:\/\/grupos.unileon.es\/jeanmonnetule\/?page_id=609"},"modified":"2016-08-10T14:51:40","modified_gmt":"2016-08-10T14:51:40","slug":"assistants-20152016","status":"publish","type":"page","link":"https:\/\/grupos.unileon.es\/jeanmonnetule\/assistants-20152016\/","title":{"rendered":"Assistants 2015\/2016"},"content":{"rendered":"<p><a href=\"http:\/\/grupos.unileon.es\/jeanmonnetule\/files\/2015\/11\/AAEAAQAAAAAAAAfcAAAAJDE3NWI2M2M0LTE3YWItNGU0MS04MzFjLWZhNWY4MzU2NDA2Zg.jpg\"><img loading=\"lazy\" decoding=\"async\" class=\"aligncenter size-full wp-image-1057\" src=\"http:\/\/grupos.unileon.es\/jeanmonnetule\/files\/2015\/11\/AAEAAQAAAAAAAAfcAAAAJDE3NWI2M2M0LTE3YWItNGU0MS04MzFjLWZhNWY4MzU2NDA2Zg.jpg\" alt=\"AAEAAQAAAAAAAAfcAAAAJDE3NWI2M2M0LTE3YWItNGU0MS04MzFjLWZhNWY4MzU2NDA2Zg\" width=\"200\" height=\"200\" srcset=\"https:\/\/grupos.unileon.es\/jeanmonnetule\/files\/2015\/11\/AAEAAQAAAAAAAAfcAAAAJDE3NWI2M2M0LTE3YWItNGU0MS04MzFjLWZhNWY4MzU2NDA2Zg.jpg 200w, https:\/\/grupos.unileon.es\/jeanmonnetule\/files\/2015\/11\/AAEAAQAAAAAAAAfcAAAAJDE3NWI2M2M0LTE3YWItNGU0MS04MzFjLWZhNWY4MzU2NDA2Zg-150x150.jpg 150w\" sizes=\"auto, (max-width: 200px) 100vw, 200px\" \/><\/a><\/p>\n<p style=\"text-align: justify;\">Mr Jorge Miguel Gonz\u00e1lez S\u00e1nchez, Bachelor in International Trade. <a href=\"https:\/\/www.linkedin.com\/in\/jorgemiguelgs\" target=\"_blank\">LinkedIn Profile<\/a>.<\/p>\n<p><a href=\"http:\/\/grupos.unileon.es\/jeanmonnetule\/files\/2015\/11\/Pablo-Garc\u00eda-Garc\u00eda.jpg\"><img loading=\"lazy\" decoding=\"async\" class=\"aligncenter wp-image-1058\" src=\"http:\/\/grupos.unileon.es\/jeanmonnetule\/files\/2015\/11\/Pablo-Garc\u00eda-Garc\u00eda.jpg\" alt=\"Pablo Garc\u00eda Garc\u00eda\" width=\"200\" height=\"201\" srcset=\"https:\/\/grupos.unileon.es\/jeanmonnetule\/files\/2015\/11\/Pablo-Garc\u00eda-Garc\u00eda.jpg 293w, https:\/\/grupos.unileon.es\/jeanmonnetule\/files\/2015\/11\/Pablo-Garc\u00eda-Garc\u00eda-150x150.jpg 150w\" sizes=\"auto, (max-width: 200px) 100vw, 200px\" \/><\/a><\/p>\n<p style=\"text-align: justify;\">Mr Pablo Garc\u00eda Garc\u00eda, BSc(Econ). <a href=\"https:\/\/www.linkedin.com\/in\/garciagarciapablo\" target=\"_blank\">LinkedIn Profile<\/a>.<\/p>\n<p>&nbsp;<\/p>\n","protected":false},"excerpt":{"rendered":"<p>Mr Jorge Miguel Gonz\u00e1lez S\u00e1nchez, Bachelor in International Trade. LinkedIn Profile. Mr Pablo Garc\u00eda Garc\u00eda, BSc(Econ). LinkedIn Profile. &nbsp;<\/p>\n","protected":false},"author":36,"featured_media":0,"parent":0,"menu_order":0,"comment_status":"closed","ping_status":"closed","template":"","meta":{"footnotes":""},"class_list":["post-609","page","type-page","status-publish","hentry"],"_links":{"self":[{"href":"https:\/\/grupos.unileon.es\/jeanmonnetule\/wp-json\/wp\/v2\/pages\/609","targetHints":{"allow":["GET"]}}],"collection":[{"href":"https:\/\/grupos.unileon.es\/jeanmonnetule\/wp-json\/wp\/v2\/pages"}],"about":[{"href":"https:\/\/grupos.unileon.es\/jeanmonnetule\/wp-json\/wp\/v2\/types\/page"}],"author":[{"embeddable":true,"href":"https:\/\/grupos.unileon.es\/jeanmonnetule\/wp-json\/wp\/v2\/users\/36"}],"replies":[{"embeddable":true,"href":"https:\/\/grupos.unileon.es\/jeanmonnetule\/wp-json\/wp\/v2\/comments?post=609"}],"version-history":[{"count":8,"href":"https:\/\/grupos.unileon.es\/jeanmonnetule\/wp-json\/wp\/v2\/pages\/609\/revisions"}],"predecessor-version":[{"id":1060,"href":"https:\/\/grupos.unileon.es\/jeanmonnetule\/wp-json\/wp\/v2\/pages\/609\/revisions\/1060"}],"wp:attachment":[{"href":"https:\/\/grupos.unileon.es\/jeanmonnetule\/wp-json\/wp\/v2\/media?parent=609"}],"curies":[{"name":"wp","href":"https:\/\/api.w.org\/{rel}","templated":true}]}}