{"id":61,"date":"2014-11-24T14:24:54","date_gmt":"2014-11-24T14:24:54","guid":{"rendered":"http:\/\/grupos.unileon.es\/jeanmonnetule\/?page_id=61"},"modified":"2014-11-24T14:25:42","modified_gmt":"2014-11-24T14:25:42","slug":"phd-eduardo-cuenca","status":"publish","type":"page","link":"https:\/\/grupos.unileon.es\/jeanmonnetule\/phd-eduardo-cuenca\/","title":{"rendered":"PhD. Eduardo Cuenca"},"content":{"rendered":"<figure id=\"attachment_53\" aria-describedby=\"caption-attachment-53\" style=\"width: 134px\" class=\"wp-caption alignleft\"><a href=\"http:\/\/grupos.unileon.es\/jeanmonnetule\/files\/2014\/11\/eDUARDO-CUENCA.jpg\"><img loading=\"lazy\" decoding=\"async\" class=\"wp-image-53\" src=\"http:\/\/grupos.unileon.es\/jeanmonnetule\/files\/2014\/11\/eDUARDO-CUENCA.jpg\" alt=\"eDUARDO CUENCA\" width=\"134\" height=\"196\" \/><\/a><figcaption id=\"caption-attachment-53\" class=\"wp-caption-text\">Full Professor Mr. Eduardo Cuenca Garc\u00eda<\/figcaption><\/figure>\n<ul>\n<li>\n<h5>PhD in economics by the University of Malaga<\/h5>\n<\/li>\n<li>\n<h5>Lecturer in de University of Malaga and La Laguna in The University of Tenerife.<\/h5>\n<\/li>\n<li>\n<h5>Bachelor in the Institut Agronomique M\u00e9diterran\u00e9en de Montpellier (1976-799.France<\/h5>\n<\/li>\n<li>\n<h5>Bachelor in Centre Europ\u00e9en Universitaire de Nancy (1977-78). (Francia)<\/h5>\n<\/li>\n<li>\n<h5>Diplomado del Brujas European College of Brujas (1978-79). (B\u00e9lgium).<\/h5>\n<ul>\n<ul>\n<li>\n<h5>Full professor in the University of Granada in European Union Economy<\/h5>\n<\/li>\n<li>\n<h5>Reseacher in OCDE, CEPAL and<\/h5>\n<\/li>\n<li>\n<h5>Researcher in the University of Carlos Marx, in Budapest. 1983.<\/h5>\n<\/li>\n<li>\n<h5>Reaarcher in the Institute for Word Economy in Berlin.<\/h5>\n<\/li>\n<li>\n<h5>Head of the Documentary European Centre in La Laguna.<\/h5>\n<\/li>\n<\/ul>\n<\/ul>\n<\/li>\n<\/ul>\n","protected":false},"excerpt":{"rendered":"<p>PhD in economics by the University of Malaga Lecturer in de University of Malaga and La Laguna in The University of Tenerife. Bachelor in the Institut Agronomique M\u00e9diterran\u00e9en de Montpellier (1976-799.France Bachelor in Centre Europ\u00e9en Universitaire de Nancy (1977-78). (Francia) Diplomado del Brujas European College of Brujas (1978-79). (B\u00e9lgium). Full professor in the University of [&hellip;]<\/p>\n","protected":false},"author":32,"featured_media":0,"parent":0,"menu_order":0,"comment_status":"closed","ping_status":"closed","template":"","meta":{"footnotes":""},"class_list":["post-61","page","type-page","status-publish","hentry"],"_links":{"self":[{"href":"https:\/\/grupos.unileon.es\/jeanmonnetule\/wp-json\/wp\/v2\/pages\/61","targetHints":{"allow":["GET"]}}],"collection":[{"href":"https:\/\/grupos.unileon.es\/jeanmonnetule\/wp-json\/wp\/v2\/pages"}],"about":[{"href":"https:\/\/grupos.unileon.es\/jeanmonnetule\/wp-json\/wp\/v2\/types\/page"}],"author":[{"embeddable":true,"href":"https:\/\/grupos.unileon.es\/jeanmonnetule\/wp-json\/wp\/v2\/users\/32"}],"replies":[{"embeddable":true,"href":"https:\/\/grupos.unileon.es\/jeanmonnetule\/wp-json\/wp\/v2\/comments?post=61"}],"version-history":[{"count":2,"href":"https:\/\/grupos.unileon.es\/jeanmonnetule\/wp-json\/wp\/v2\/pages\/61\/revisions"}],"predecessor-version":[{"id":63,"href":"https:\/\/grupos.unileon.es\/jeanmonnetule\/wp-json\/wp\/v2\/pages\/61\/revisions\/63"}],"wp:attachment":[{"href":"https:\/\/grupos.unileon.es\/jeanmonnetule\/wp-json\/wp\/v2\/media?parent=61"}],"curies":[{"name":"wp","href":"https:\/\/api.w.org\/{rel}","templated":true}]}}