{"id":630,"date":"2015-11-16T11:43:48","date_gmt":"2015-11-16T11:43:48","guid":{"rendered":"http:\/\/grupos.unileon.es\/jeanmonnetule\/?page_id=630"},"modified":"2015-11-16T11:43:48","modified_gmt":"2015-11-16T11:43:48","slug":"jean-monnet-module-ule","status":"publish","type":"page","link":"https:\/\/grupos.unileon.es\/jeanmonnetule\/jean-monnet-module-ule\/","title":{"rendered":"Jean Monnet Module ULe"},"content":{"rendered":"<h2><span style=\"color: #0000ff;\">Decisi\u00f3n Nr-2014-1268\/001-001 of the Education, Audovisual and Culture Executive Agency<\/span><\/h2>\n<p style=\"text-align: justify;\"><span style=\"color: #0000ff;\">ERASMUS+ PROGRAMME-Jean Monnet Activities EAC\/S11\/13<\/span><\/p>\n<p style=\"text-align: justify;\"><span style=\"color: #0000ff;\">Reference: 553238-EPP-1-2014-1-ES-EPPJMO-MODULE<\/span><\/p>\n<h3 style=\"text-align: justify;\">Welcome to the official \u00a0web- site of Jean Monnet Module organized by the Departmet of Economy and Statistics of the University of Le\u00f3n, Spain. The aim of Jean Monnet Module is the promotion of EU knoweledge and active participation of civil society in EU.<\/h3>\n<p style=\"text-align: justify;\">Our Project has the aim to promote and discuss about the main aims of EU focusing in topics like: welfare state, citizens mobility and security, migration, european integration and cooperation.<\/p>\n<p style=\"text-align: justify;\">Here you can find usefull information about the project and activities programmed under the financial support of Erasmus + European Union Programme, Fundacion Banco Sabadell, Fundaci\u00f3n Montele\u00f3n and Colegio de Economistas de Le\u00f3n.<\/p>\n","protected":false},"excerpt":{"rendered":"<p>Decisi\u00f3n Nr-2014-1268\/001-001 of the Education, Audovisual and Culture Executive Agency ERASMUS+ PROGRAMME-Jean Monnet Activities EAC\/S11\/13 Reference: 553238-EPP-1-2014-1-ES-EPPJMO-MODULE Welcome to the official \u00a0web- site of Jean Monnet Module organized by the Departmet of Economy and Statistics of the University of Le\u00f3n, Spain. The aim of Jean Monnet Module is the promotion of EU knoweledge and active [&hellip;]<\/p>\n","protected":false},"author":36,"featured_media":0,"parent":0,"menu_order":0,"comment_status":"closed","ping_status":"closed","template":"","meta":{"footnotes":""},"class_list":["post-630","page","type-page","status-publish","hentry"],"_links":{"self":[{"href":"https:\/\/grupos.unileon.es\/jeanmonnetule\/wp-json\/wp\/v2\/pages\/630","targetHints":{"allow":["GET"]}}],"collection":[{"href":"https:\/\/grupos.unileon.es\/jeanmonnetule\/wp-json\/wp\/v2\/pages"}],"about":[{"href":"https:\/\/grupos.unileon.es\/jeanmonnetule\/wp-json\/wp\/v2\/types\/page"}],"author":[{"embeddable":true,"href":"https:\/\/grupos.unileon.es\/jeanmonnetule\/wp-json\/wp\/v2\/users\/36"}],"replies":[{"embeddable":true,"href":"https:\/\/grupos.unileon.es\/jeanmonnetule\/wp-json\/wp\/v2\/comments?post=630"}],"version-history":[{"count":1,"href":"https:\/\/grupos.unileon.es\/jeanmonnetule\/wp-json\/wp\/v2\/pages\/630\/revisions"}],"predecessor-version":[{"id":632,"href":"https:\/\/grupos.unileon.es\/jeanmonnetule\/wp-json\/wp\/v2\/pages\/630\/revisions\/632"}],"wp:attachment":[{"href":"https:\/\/grupos.unileon.es\/jeanmonnetule\/wp-json\/wp\/v2\/media?parent=630"}],"curies":[{"name":"wp","href":"https:\/\/api.w.org\/{rel}","templated":true}]}}