{"id":74,"date":"2014-11-24T14:48:36","date_gmt":"2014-11-24T14:48:36","guid":{"rendered":"http:\/\/grupos.unileon.es\/jeanmonnetule\/?page_id=74"},"modified":"2014-11-24T14:55:59","modified_gmt":"2014-11-24T14:55:59","slug":"74-2","status":"publish","type":"page","link":"https:\/\/grupos.unileon.es\/jeanmonnetule\/74-2\/","title":{"rendered":"PhD. Mr. Fernando Rueda Junquera"},"content":{"rendered":"<figure id=\"attachment_55\" aria-describedby=\"caption-attachment-55\" style=\"width: 126px\" class=\"wp-caption alignleft\"><a href=\"http:\/\/grupos.unileon.es\/jeanmonnetule\/files\/2014\/11\/Fernando-Rueda-Junquera-foto.jpg\"><img loading=\"lazy\" decoding=\"async\" class=\"wp-image-55\" src=\"http:\/\/grupos.unileon.es\/jeanmonnetule\/files\/2014\/11\/Fernando-Rueda-Junquera-foto-176x300.jpg\" alt=\"Fernando Rueda Junquera (foto)\" width=\"126\" height=\"215\" srcset=\"https:\/\/grupos.unileon.es\/jeanmonnetule\/files\/2014\/11\/Fernando-Rueda-Junquera-foto-176x300.jpg 176w, https:\/\/grupos.unileon.es\/jeanmonnetule\/files\/2014\/11\/Fernando-Rueda-Junquera-foto.jpg 187w\" sizes=\"auto, (max-width: 126px) 100vw, 126px\" \/><\/a><figcaption id=\"caption-attachment-55\" class=\"wp-caption-text\">Mr. Fernando Rueda Junquera. Lecturer in the Department of Applied Economy. University of Burgos<\/figcaption><\/figure>\n<ul>\n<li>1997 &#8211; <em>Doctor of Philosophy (Ph.D.) in Economics; University of London<\/em> (London, United Kingdom)<\/li>\n<li>1992 &#8211; <em>Sc. in Economics (LA): Master of Science in Economics (with special reference to Latin America); University of London<\/em> (London, United Kingdom)<\/li>\n<li>MSc Dissertation: \u201cSingle European Market and Latin America\u201d<\/li>\n<li>1988 &#8211; <em>United Nations Postgraduate Diploma in Development, Planning and Public Policies<\/em> <em>(Pass with Distinction); United Nations Economic Commission for Latin America and Caribbean \u2013 ECLA<\/em> (Santiago, Chile).<\/li>\n<li>Dissertation: \u201cCreation of a Macroeconomic Programme for Brazil: Analysis of MACROBRAS Model\u201d.<\/li>\n<li>1987 \u2013<em> Licentiate in Economicss<\/em>;<em> University of Valladolid<\/em><\/li>\n<li><strong>Participation<\/strong> in<strong> International Congresses <\/strong>(International Congress of Americanists \u2013 ICA, International Conference on Applied Economics \u2013 ICOAE, Latin American Studies Association \u2013 LASA, Finance and Economics Conference \u2013 LCBR, International Conference on Interdisciplinary Social Sciences) and in <strong>Spanish Congresses<\/strong> (Encuentros de Latinoamericanistas Espa\u00f1oles, Encuentros de Econom\u00eda Aplicada, Reuniones ASEPELT-ESPA\u00d1A, Reuniones de Econom\u00eda Mundial, Congresos de REEDES \u2013 Red Espa\u00f1ola de Estudios del Desarrollo).<\/li>\n<li><strong>External assessor of research projects<\/strong> (IDRC-Ford Foundation \u201cCentroam\u00e9rica en la Econom\u00eda Mundial del Siglo XXI\u201d, Red Universitaria de Investigaci\u00f3n sobre Cooperaci\u00f3n para el Desarrollo \u2013 Ayuntamiento de Madrid,\u2026) <strong>and of articles for academic journals<\/strong> (Revista de Econom\u00eda Mundial, Am\u00e9rica Latina Hoy, Estudios de Econom\u00eda Aplicada,\u2026)<\/li>\n<li><strong>Seminars and conferences<\/strong> <strong>delivered<\/strong> in the Association of Economics Science Professionals of Costa Rica (San Jos\u00e9, Costa Rica), Central American Customs and Tax School (San Pedro Sula, Honduras), College of Europe (Brugge Campus, Belgium), International University of Andalusia (La R\u00e1bida &#8211; Huelva, Spain), Miami-Florida European Union Center of Excellence (Miami, United States), Ortega y Gasset Research University Institute (Madrid, Spain), Spanish Cooperation\u2013Centre for Formation in La Antigua (La Antigua, Guatemala), University Auton\u00f3ma of Madrid (Madrid, Spain), University Externado of Colombia (Bogot\u00e1, Colombia), University of Burgos (Burgos, Spain), University of C\u00f3rdoba (C\u00f3rdoba, Spain), University of Rosario (Bogot\u00e1, Colombia) and University of Salamanca (Salamanca, Spain).<\/li>\n<\/ul>\n<p>&nbsp;<\/p>\n<p>&nbsp;<\/p>\n","protected":false},"excerpt":{"rendered":"<p>1997 &#8211; Doctor of Philosophy (Ph.D.) in Economics; University of London (London, United Kingdom) 1992 &#8211; Sc. in Economics (LA): Master of Science in Economics (with special reference to Latin America); University of London (London, United Kingdom) MSc Dissertation: \u201cSingle European Market and Latin America\u201d 1988 &#8211; United Nations Postgraduate Diploma in Development, Planning and [&hellip;]<\/p>\n","protected":false},"author":32,"featured_media":0,"parent":0,"menu_order":0,"comment_status":"closed","ping_status":"closed","template":"","meta":{"footnotes":""},"class_list":["post-74","page","type-page","status-publish","hentry"],"_links":{"self":[{"href":"https:\/\/grupos.unileon.es\/jeanmonnetule\/wp-json\/wp\/v2\/pages\/74","targetHints":{"allow":["GET"]}}],"collection":[{"href":"https:\/\/grupos.unileon.es\/jeanmonnetule\/wp-json\/wp\/v2\/pages"}],"about":[{"href":"https:\/\/grupos.unileon.es\/jeanmonnetule\/wp-json\/wp\/v2\/types\/page"}],"author":[{"embeddable":true,"href":"https:\/\/grupos.unileon.es\/jeanmonnetule\/wp-json\/wp\/v2\/users\/32"}],"replies":[{"embeddable":true,"href":"https:\/\/grupos.unileon.es\/jeanmonnetule\/wp-json\/wp\/v2\/comments?post=74"}],"version-history":[{"count":4,"href":"https:\/\/grupos.unileon.es\/jeanmonnetule\/wp-json\/wp\/v2\/pages\/74\/revisions"}],"predecessor-version":[{"id":84,"href":"https:\/\/grupos.unileon.es\/jeanmonnetule\/wp-json\/wp\/v2\/pages\/74\/revisions\/84"}],"wp:attachment":[{"href":"https:\/\/grupos.unileon.es\/jeanmonnetule\/wp-json\/wp\/v2\/media?parent=74"}],"curies":[{"name":"wp","href":"https:\/\/api.w.org\/{rel}","templated":true}]}}