{"id":952,"date":"2016-04-21T13:47:30","date_gmt":"2016-04-21T13:47:30","guid":{"rendered":"http:\/\/grupos.unileon.es\/jeanmonnetule\/?page_id=952"},"modified":"2016-11-25T17:08:37","modified_gmt":"2016-11-25T17:08:37","slug":"eufich-jean-monnet-essay","status":"publish","type":"page","link":"https:\/\/grupos.unileon.es\/jeanmonnetule\/eufich-jean-monnet-essay\/","title":{"rendered":"EUFICH Jean Monnet Essay"},"content":{"rendered":"<p><a href=\"http:\/\/grupos.unileon.es\/jeanmonnetule\/files\/2016\/04\/unnamed.png\"><img loading=\"lazy\" decoding=\"async\" class=\"aligncenter wp-image-1165 size-medium\" src=\"http:\/\/grupos.unileon.es\/jeanmonnetule\/files\/2016\/04\/unnamed-300x106.png\" alt=\"unnamed\" width=\"300\" height=\"106\" srcset=\"https:\/\/grupos.unileon.es\/jeanmonnetule\/files\/2016\/04\/unnamed-300x106.png 300w, https:\/\/grupos.unileon.es\/jeanmonnetule\/files\/2016\/04\/unnamed-768x271.png 768w, https:\/\/grupos.unileon.es\/jeanmonnetule\/files\/2016\/04\/unnamed.png 996w\" sizes=\"auto, (max-width: 300px) 100vw, 300px\" \/><\/a><\/p>\n<p>Mr. Jorge Miguel Gonz\u00e1lez S\u00e1nchez and Mr. Pablo Garc\u00eda Garc\u00eda have participated with their essay to EU Global Strategy Essay. You can find the article in this link:<\/p>\n<p><a href=\"http:\/\/grupos.unileon.es\/jeanmonnetule\/files\/2016\/04\/EUFICH-WINNER-ESSAY.docx\">EUFICH WINNER ESSAY<\/a><\/p>\n","protected":false},"excerpt":{"rendered":"<p>Mr. Jorge Miguel Gonz\u00e1lez S\u00e1nchez and Mr. Pablo Garc\u00eda Garc\u00eda have participated with their essay to EU Global Strategy Essay. You can find the article in this link: EUFICH WINNER ESSAY<\/p>\n","protected":false},"author":36,"featured_media":0,"parent":0,"menu_order":0,"comment_status":"closed","ping_status":"closed","template":"","meta":{"footnotes":""},"class_list":["post-952","page","type-page","status-publish","hentry"],"_links":{"self":[{"href":"https:\/\/grupos.unileon.es\/jeanmonnetule\/wp-json\/wp\/v2\/pages\/952","targetHints":{"allow":["GET"]}}],"collection":[{"href":"https:\/\/grupos.unileon.es\/jeanmonnetule\/wp-json\/wp\/v2\/pages"}],"about":[{"href":"https:\/\/grupos.unileon.es\/jeanmonnetule\/wp-json\/wp\/v2\/types\/page"}],"author":[{"embeddable":true,"href":"https:\/\/grupos.unileon.es\/jeanmonnetule\/wp-json\/wp\/v2\/users\/36"}],"replies":[{"embeddable":true,"href":"https:\/\/grupos.unileon.es\/jeanmonnetule\/wp-json\/wp\/v2\/comments?post=952"}],"version-history":[{"count":4,"href":"https:\/\/grupos.unileon.es\/jeanmonnetule\/wp-json\/wp\/v2\/pages\/952\/revisions"}],"predecessor-version":[{"id":1168,"href":"https:\/\/grupos.unileon.es\/jeanmonnetule\/wp-json\/wp\/v2\/pages\/952\/revisions\/1168"}],"wp:attachment":[{"href":"https:\/\/grupos.unileon.es\/jeanmonnetule\/wp-json\/wp\/v2\/media?parent=952"}],"curies":[{"name":"wp","href":"https:\/\/api.w.org\/{rel}","templated":true}]}}