{"id":12,"date":"2023-01-26T12:48:23","date_gmt":"2023-01-26T12:48:23","guid":{"rendered":"https:\/\/grupos.unileon.es\/junta-pas\/?page_id=12"},"modified":"2026-02-12T10:10:17","modified_gmt":"2026-02-12T10:10:17","slug":"representantes","status":"publish","type":"page","link":"https:\/\/grupos.unileon.es\/junta-pas\/representantes\/","title":{"rendered":"Representantes"},"content":{"rendered":"<div class=\"content\">\n<div class=\"field field--name-body field--type-text-with-summary field--label-hidden field--item\">\n<h2>Delegados de la Junta de PTGAS<\/h2>\n<table class=\"directory\">\n<thead>\n<tr>\n<th>Nombre y Apellidos<\/th>\n<th>Sindicato<\/th>\n<th>Correo Electr\u00f3nico<\/th>\n<th>Tel\u00e9fono<\/th>\n<\/tr>\n<\/thead>\n<tbody>\n<tr>\n<th colspan=\"4\" style=\"background-color: #eee;\">Presidenta<\/th>\n<\/tr>\n<tr>\n<td>M\u00aa Piedad Vidal Fern\u00e1ndez<\/td>\n<td>FETE-UGT<\/td>\n<td><a href=\"mailto:piedad.vidal@unileon.es\">piedad.vidal@unileon.es<\/a><\/td>\n<td>1329<\/td>\n<\/tr>\n<tr>\n<th colspan=\"4\" style=\"background-color: #eee;\">Vicepresidenta<\/th>\n<\/tr>\n<tr>\n<td>Lorena Llamas Garc\u00eda<\/td>\n<td>FETE-UGT<\/td>\n<td><a href=\"mailto:gerllg@unileon.es\">gerllg@unileon.es<\/a><\/td>\n<td>1688<\/td>\n<\/tr>\n<tr>\n<th colspan=\"4\" style=\"background-color: #eee;\">Secretaria<\/th>\n<\/tr>\n<tr>\n<td>Naiara Guti\u00e9rrez Rodr\u00edguez<\/td>\n<td>FETE-UGT<\/td>\n<td><a href=\"mailto:ngutr@unileon.es\">ngutr@unileon.es<\/a><\/td>\n<td>1730<\/td>\n<\/tr>\n<tr>\n<th colspan=\"4\" style=\"background-color: #eee;\">Vocales<\/th>\n<\/tr>\n<tr>\n<td>Alexandre Vega Blanco<\/td>\n<td>FETE-UGT<\/td>\n<td><a href=\"mailto:avegb@unileon.es\">avegb@unileon.es<\/a><\/td>\n<td>3334<\/td>\n<\/tr>\n<tr>\n<td>M\u00aa Nieves Garc\u00eda Fern\u00e1ndez<\/td>\n<td>FETE-UGT<\/td>\n<td><a href=\"mailto:gerngf@unileon.es\">gerngf@unileon.es<\/a><\/td>\n<td>1166<\/td>\n<\/tr>\n<tr>\n<td>Carolina Isabel Bermejo L\u00f3pez<\/td>\n<td>CSI-F<\/td>\n<td><a href=\"mailto:gercbl@unileon.es\">gercbl@unileon.es<\/a><\/td>\n<td>1583<\/td>\n<\/tr>\n<tr>\n<td>M. \u00c1ngeles Villamediana Polantinos<\/td>\n<td>CSI-F<\/td>\n<td><a href=\"mailto:mavilp@unileon.es\">mavilp@unileon.es<\/a><\/td>\n<td>3064<\/td>\n<\/tr>\n<tr>\n<td>Emilio Fern\u00e1ndez Delgado<\/td>\n<td>CSI-F<\/td>\n<td><a href=\"mailto:emilio.fernandez@unileon.es\">emilio.fernandez@unileon.es<\/a><\/td>\n<td>&#8211;<\/td>\n<\/tr>\n<tr>\n<td>Javier \u00c1lvarez Alonso<\/td>\n<td>CC.OO.<\/td>\n<td><a href=\"mailto:javier.alvarez@unileon.es\">javier.alvarez@unileon.es<\/a><\/td>\n<td>3569<\/td>\n<\/tr>\n<\/tbody>\n<\/table>\n<p>&nbsp;<\/p>\n<h2>Delegados Sindicales<\/h2>\n<table class=\"directory\">\n<thead>\n<tr>\n<th>Nombre y Apellidos<\/th>\n<th>Sindicato<\/th>\n<th>Correo Electr\u00f3nico<\/th>\n<th>Tel\u00e9fono<\/th>\n<\/tr>\n<\/thead>\n<tbody>\n<tr>\n<td>Lucas Fl\u00f3rez Mesuro<\/td>\n<td>FETE-UGT<\/td>\n<td><a href=\"mailto:lflom@unileon.es\">lflom@unileon.es<\/a><\/td>\n<td>1170<\/td>\n<\/tr>\n<tr>\n<td>Natacha del Valle Fern\u00e1ndez<\/td>\n<td>CSI-F<\/td>\n<td><a href=\"mailto:nvalf@unileon.es\">nvalf@unileon.es<\/a><\/td>\n<td>3573<\/td>\n<\/tr>\n<tr>\n<td>Antonio Casta\u00f1eda Hern\u00e1ndez<\/td>\n<td>CC.OO.<\/td>\n<td><a href=\"mailto:acash@unileon.es\">acash@unileon.es<\/a><\/td>\n<td>1659<\/td>\n<\/tr>\n<\/tbody>\n<\/table>\n<\/div>\n<\/div>\n","protected":false},"excerpt":{"rendered":"<p>Delegados de la Junta de PTGAS Nombre y Apellidos Sindicato Correo Electr\u00f3nico Tel\u00e9fono Presidenta M\u00aa Piedad Vidal Fern\u00e1ndez FETE-UGT piedad.vidal@unileon.es 1329 Vicepresidenta Lorena Llamas Garc\u00eda FETE-UGT gerllg@unileon.es 1688 Secretaria Naiara Guti\u00e9rrez Rodr\u00edguez FETE-UGT ngutr@unileon.es 1730 Vocales Alexandre Vega Blanco FETE-UGT avegb@unileon.es 3334 M\u00aa Nieves Garc\u00eda Fern\u00e1ndez FETE-UGT gerngf@unileon.es 1166 Carolina Isabel Bermejo L\u00f3pez CSI-F gercbl@unileon.es [&hellip;]<\/p>\n","protected":false},"author":50,"featured_media":0,"parent":0,"menu_order":0,"comment_status":"closed","ping_status":"closed","template":"","meta":{"footnotes":""},"class_list":["post-12","page","type-page","status-publish","hentry"],"_links":{"self":[{"href":"https:\/\/grupos.unileon.es\/junta-pas\/wp-json\/wp\/v2\/pages\/12","targetHints":{"allow":["GET"]}}],"collection":[{"href":"https:\/\/grupos.unileon.es\/junta-pas\/wp-json\/wp\/v2\/pages"}],"about":[{"href":"https:\/\/grupos.unileon.es\/junta-pas\/wp-json\/wp\/v2\/types\/page"}],"author":[{"embeddable":true,"href":"https:\/\/grupos.unileon.es\/junta-pas\/wp-json\/wp\/v2\/users\/50"}],"replies":[{"embeddable":true,"href":"https:\/\/grupos.unileon.es\/junta-pas\/wp-json\/wp\/v2\/comments?post=12"}],"version-history":[{"count":15,"href":"https:\/\/grupos.unileon.es\/junta-pas\/wp-json\/wp\/v2\/pages\/12\/revisions"}],"predecessor-version":[{"id":148,"href":"https:\/\/grupos.unileon.es\/junta-pas\/wp-json\/wp\/v2\/pages\/12\/revisions\/148"}],"wp:attachment":[{"href":"https:\/\/grupos.unileon.es\/junta-pas\/wp-json\/wp\/v2\/media?parent=12"}],"curies":[{"name":"wp","href":"https:\/\/api.w.org\/{rel}","templated":true}]}}