{"id":15,"date":"2023-01-26T12:49:43","date_gmt":"2023-01-26T12:49:43","guid":{"rendered":"https:\/\/grupos.unileon.es\/junta-pas\/?page_id=15"},"modified":"2026-02-12T10:11:24","modified_gmt":"2026-02-12T10:11:24","slug":"comisiones","status":"publish","type":"page","link":"https:\/\/grupos.unileon.es\/junta-pas\/comisiones\/","title":{"rendered":"Comisiones"},"content":{"rendered":"<div class=\"content\">\n<div class=\"field field--name-body field--type-text-with-summary field--label-hidden field--item\">\n<table class=\"directory\">\n<thead>\n<tr>\n<th colspan=\"4\" style=\"background-color: #bababa;\">Comit\u00e9 de Seguridad y Salud<\/th>\n<\/tr>\n<\/thead>\n<tbody>\n<tr>\n<th>Nombre y Apellidos<\/th>\n<th>Sindicato<\/th>\n<th>Correo Electr\u00f3nico<\/th>\n<th>Tel\u00e9fono<\/th>\n<\/tr>\n<tr>\n<td>M\u00aa Nieves Garc\u00eda Fern\u00e1ndez<\/td>\n<td>FETE-UGT<\/td>\n<td><a href=\"mailto:gerngf@unileon.es\">gerngf@unileon.es<\/a><\/td>\n<td>1166<\/td>\n<\/tr>\n<tr>\n<td>M\u00aa Piedad Vidal Fern\u00e1ndez<\/td>\n<td>FETE-UGT<\/td>\n<td><a href=\"mailto:piedad.vidal@unileon.es\">piedad.vidal@unileon.es<\/a><\/td>\n<td>1329<\/td>\n<\/tr>\n<tr>\n<td>Alexandre Vega Blanco<\/td>\n<td>FETE-UGT<\/td>\n<td><a href=\"mailto:avegb@unileon.es\">avegb@unileon.es<\/a><\/td>\n<td>3334<\/td>\n<\/tr>\n<tr>\n<th colspan=\"4\">Suplentes<\/th>\n<\/tr>\n<tr>\n<td>Lorena Llamas Garc\u00eda<\/td>\n<td>FETE-UGT<\/td>\n<td><a href=\"mailto:gerllg@unileon.es\">gerllg@unileon.es<\/a><\/td>\n<td>1688<\/td>\n<\/tr>\n<tr>\n<td>Naiara Guti\u00e9rrez Rodr\u00edguez<\/td>\n<td>FETE-UGT<\/td>\n<td><a href=\"mailto:ngutr@unileon.es\">ngutr@unileon.es<\/a><\/td>\n<td>1730<\/td>\n<\/tr>\n<\/tbody>\n<\/table>\n<p>&nbsp;<\/p>\n<table class=\"directory\">\n<thead>\n<tr>\n<th colspan=\"4\" style=\"background-color: #bababa;\">Comisi\u00f3n de Formaci\u00f3n<\/th>\n<\/tr>\n<\/thead>\n<tbody>\n<tr>\n<th>Nombre y Apellidos<\/th>\n<th>Sindicato<\/th>\n<th>Correo Electr\u00f3nico<\/th>\n<th>Tel\u00e9fono<\/th>\n<\/tr>\n<tr>\n<td>M\u00aa Piedad Vidal Fern\u00e1ndez<\/td>\n<td>FETE-UGT<\/td>\n<td><a href=\"mailto:piedad.vidal@unileon.es\">piedad.vidal@unileon.es<\/a><\/td>\n<td>1329<\/td>\n<\/tr>\n<tr>\n<th colspan=\"4\">Suplente<\/th>\n<\/tr>\n<tr>\n<td>Naiara Guti\u00e9rrez Rodr\u00edguez<\/td>\n<td>FETE-UGT<\/td>\n<td><a href=\"mailto:ngutr@unileon.es\">ngutr@unileon.es<\/a><\/td>\n<td>1730<\/td>\n<\/tr>\n<\/tbody>\n<\/table>\n<p>&nbsp;<\/p>\n<table class=\"directory\">\n<thead>\n<tr>\n<th colspan=\"4\" style=\"background-color: #bababa;\">Comisi\u00f3n de Productividad<\/th>\n<\/tr>\n<\/thead>\n<tbody>\n<tr>\n<th>Nombre y Apellidos<\/th>\n<th>Sindicato<\/th>\n<th>Correo Electr\u00f3nico<\/th>\n<th>Tel\u00e9fono<\/th>\n<\/tr>\n<tr>\n<td>M\u00aa Piedad Vidal Fern\u00e1ndez<\/td>\n<td>FETE-UGT<\/td>\n<td><a href=\"mailto:piedad.vidal@unileon.es\">piedad.vidal@unileon.es<\/a><\/td>\n<td>1329<\/td>\n<\/tr>\n<tr>\n<td>Lorena Llamas Garc\u00eda<\/td>\n<td>FETE-UGT<\/td>\n<td><a href=\"mailto:gerllg@unileon.es\">gerllg@unileon.es<\/a><\/td>\n<td>1688<\/td>\n<\/tr>\n<tr>\n<th colspan=\"4\">Suplentes<\/th>\n<\/tr>\n<tr>\n<td>M\u00aa Nieves Garc\u00eda Fern\u00e1ndez<\/td>\n<td>FETE-UGT<\/td>\n<td><a href=\"mailto:gerngf@unileon.es\">gerngf@unileon.es<\/a><\/td>\n<td>1166<\/td>\n<\/tr>\n<tr>\n<td>Naiara Guti\u00e9rrez Rodr\u00edguez<\/td>\n<td>FETE-UGT<\/td>\n<td><a href=\"mailto:ngutr@unileon.es\">ngutr@unileon.es<\/a><\/td>\n<td>1730<\/td>\n<\/tr>\n<\/tbody>\n<\/table>\n<table class=\"directory\">\n<thead>\n<tr>\n<th colspan=\"4\" style=\"background-color: #bababa;\">Comisi\u00f3n de Anticipos Reintegrables<\/th>\n<\/tr>\n<\/thead>\n<tbody>\n<tr>\n<th>Nombre y Apellidos<\/th>\n<th>Sindicato<\/th>\n<th>Correo Electr\u00f3nico<\/th>\n<th>Tel\u00e9fono<\/th>\n<\/tr>\n<tr>\n<td>Lorena Llamas Garc\u00eda<\/td>\n<td>FETE-UGT<\/td>\n<td><a href=\"mailto:gerllg@unileon.es\">gerllg@unileon.es<\/a><\/td>\n<td>1688<\/td>\n<\/tr>\n<tr>\n<th colspan=\"4\">Suplente<\/th>\n<\/tr>\n<tr>\n<td>Lucas Fl\u00f3rez Mesuro<\/td>\n<td>FETE-UGT<\/td>\n<td><a href=\"mailto:lflom@unileon.es\">lflom@unileon.es<\/a><\/td>\n<td>3461<\/td>\n<\/tr>\n<\/tbody>\n<\/table>\n<table class=\"directory\">\n<thead>\n<tr>\n<th colspan=\"4\" style=\"background-color: #bababa;\">Comisi\u00f3n de Medio Ambiente<\/th>\n<\/tr>\n<\/thead>\n<tbody>\n<tr>\n<td>Lorena Llamas Garc\u00eda<\/td>\n<td>FETE-UGT<\/td>\n<td><a href=\"mailto:gerllg@unileon.es\">gerllg@unileon.es<\/a><\/td>\n<td>1688<\/td>\n<\/tr>\n<tr>\n<th colspan=\"4\">Suplente<\/th>\n<\/tr>\n<tr>\n<td>Naiara Guti\u00e9rrez Rodr\u00edguez<\/td>\n<td>FETE-UGT<\/td>\n<td><a href=\"mailto:ngutr@unileon.es\">ngutr@unileon.es<\/a><\/td>\n<td>1730<\/td>\n<\/tr>\n<\/tbody>\n<\/table>\n<table class=\"directory\">\n<thead>\n<tr>\n<th colspan=\"4\" style=\"background-color: #bababa;\">Comisi\u00f3n de Igualdad<\/th>\n<\/tr>\n<\/thead>\n<tbody>\n<tr>\n<th>Nombre y Apellidos<\/th>\n<th>Sindicato<\/th>\n<th>Correo Electr\u00f3nico<\/th>\n<th>Tel\u00e9fono<\/th>\n<\/tr>\n<tr>\n<td>Lorena Llamas Garc\u00eda<\/td>\n<td>FETE-UGT<\/td>\n<td><a href=\"mailto:gerllg@unileon.es\">gerllg@unileon.es<\/a><\/td>\n<td>1688<\/td>\n<\/tr>\n<tr>\n<th colspan=\"4\">Suplente<\/th>\n<\/tr>\n<tr>\n<td>Naiara Guti\u00e9rrez Rodr\u00edguez<\/td>\n<td>FETE-UGT<\/td>\n<td><a href=\"mailto:ngutr@unileon.es\">ngutr@unileon.es<\/a><\/td>\n<td>1730<\/td>\n<\/tr>\n<\/tbody>\n<\/table>\n<table class=\"directory\">\n<thead>\n<tr>\n<th colspan=\"4\" style=\"background-color: #bababa;\">Comisi\u00f3n de Calidad<\/th>\n<\/tr>\n<\/thead>\n<tbody>\n<tr>\n<th>Nombre y Apellidos<\/th>\n<th>Sindicato<\/th>\n<th>Correo Electr\u00f3nico<\/th>\n<th>Tel\u00e9fono<\/th>\n<\/tr>\n<tr>\n<td>Naiara Guti\u00e9rrez Rodr\u00edguez<\/td>\n<td>FETE-UGT<\/td>\n<td><a href=\"mailto:ngutr@unileon.es\">ngutr@unileon.es<\/a><\/td>\n<td>1730<\/td>\n<\/tr>\n<tr>\n<th colspan=\"4\">Suplente<\/th>\n<\/tr>\n<tr>\n<td>M\u00aa Piedad Vidal Fern\u00e1ndez<\/td>\n<td>FETE-UGT<\/td>\n<td><a href=\"mailto:piedad.vidal@unileon.es\">piedad.vidal@unileon.es<\/a><\/td>\n<td>1329<\/td>\n<\/tr>\n<\/tbody>\n<\/table>\n<table class=\"directory\">\n<thead>\n<tr>\n<th colspan=\"4\" style=\"background-color: #bababa;\">Delegados de Prevenci\u00f3n<\/th>\n<\/tr>\n<\/thead>\n<tbody>\n<tr>\n<th>Nombre y Apellidos<\/th>\n<th>Sindicato<\/th>\n<th>Correo Electr\u00f3nico<\/th>\n<th>Tel\u00e9fono<\/th>\n<\/tr>\n<tr>\n<td>Lorena Llamas Garc\u00eda<\/td>\n<td>FETE-UGT<\/td>\n<td><a href=\"mailto:gerllg@unileon.es\">gerllg@unileon.es<\/a><\/td>\n<td>1688<\/td>\n<\/tr>\n<tr>\n<td>M\u00aa Piedad Vidal Fern\u00e1ndez<\/td>\n<td>FETE-UGT<\/td>\n<td><a href=\"mailto:piedad.vidal@unileon.es\">piedad.vidal@unileon.es<\/a><\/td>\n<td>1329<\/td>\n<\/tr>\n<tr>\n<td>Naiara Guti\u00e9rrez Rodr\u00edguez<\/td>\n<td>FETE-UGT<\/td>\n<td><a href=\"mailto:ngutr@unileon.es\">ngutr@unileon.es<\/a><\/td>\n<td>1730<\/td>\n<\/tr>\n<\/tbody>\n<\/table>\n<\/div>\n<\/div>\n","protected":false},"excerpt":{"rendered":"<p>Comit\u00e9 de Seguridad y Salud Nombre y Apellidos Sindicato Correo Electr\u00f3nico Tel\u00e9fono M\u00aa Nieves Garc\u00eda Fern\u00e1ndez FETE-UGT gerngf@unileon.es 1166 M\u00aa Piedad Vidal Fern\u00e1ndez FETE-UGT piedad.vidal@unileon.es 1329 Alexandre Vega Blanco FETE-UGT avegb@unileon.es 3334 Suplentes Lorena Llamas Garc\u00eda FETE-UGT gerllg@unileon.es 1688 Naiara Guti\u00e9rrez Rodr\u00edguez FETE-UGT ngutr@unileon.es 1730 &nbsp; Comisi\u00f3n de Formaci\u00f3n Nombre y Apellidos Sindicato Correo Electr\u00f3nico [&hellip;]<\/p>\n","protected":false},"author":50,"featured_media":0,"parent":0,"menu_order":0,"comment_status":"closed","ping_status":"closed","template":"","meta":{"footnotes":""},"class_list":["post-15","page","type-page","status-publish","hentry"],"_links":{"self":[{"href":"https:\/\/grupos.unileon.es\/junta-pas\/wp-json\/wp\/v2\/pages\/15","targetHints":{"allow":["GET"]}}],"collection":[{"href":"https:\/\/grupos.unileon.es\/junta-pas\/wp-json\/wp\/v2\/pages"}],"about":[{"href":"https:\/\/grupos.unileon.es\/junta-pas\/wp-json\/wp\/v2\/types\/page"}],"author":[{"embeddable":true,"href":"https:\/\/grupos.unileon.es\/junta-pas\/wp-json\/wp\/v2\/users\/50"}],"replies":[{"embeddable":true,"href":"https:\/\/grupos.unileon.es\/junta-pas\/wp-json\/wp\/v2\/comments?post=15"}],"version-history":[{"count":8,"href":"https:\/\/grupos.unileon.es\/junta-pas\/wp-json\/wp\/v2\/pages\/15\/revisions"}],"predecessor-version":[{"id":149,"href":"https:\/\/grupos.unileon.es\/junta-pas\/wp-json\/wp\/v2\/pages\/15\/revisions\/149"}],"wp:attachment":[{"href":"https:\/\/grupos.unileon.es\/junta-pas\/wp-json\/wp\/v2\/media?parent=15"}],"curies":[{"name":"wp","href":"https:\/\/api.w.org\/{rel}","templated":true}]}}