{"id":29,"date":"2023-01-26T13:08:26","date_gmt":"2023-01-26T13:08:26","guid":{"rendered":"https:\/\/grupos.unileon.es\/junta-pas\/?page_id=29"},"modified":"2023-01-26T13:08:26","modified_gmt":"2023-01-26T13:08:26","slug":"ventajas-colectivas","status":"publish","type":"page","link":"https:\/\/grupos.unileon.es\/junta-pas\/ventajas-colectivas\/","title":{"rendered":"Ventajas colectivas"},"content":{"rendered":"<div class=\"content\">\n<div class=\"field field--name-body field--type-text-with-summary field--label-hidden field--item\" property=\"schema:text\">\n<h3>CAJA ESPA\u00d1A<\/h3>\n<p><a href=\"http:\/\/www.cajaespana.es\">http:\/\/www.cajaespana.es<\/a><\/p>\n<p>El PAS funcionario de la ULE, dispone de condiciones y productos bancarios especiales. Acudir a la oficina m\u00e1s cercana.<\/p>\n<p>&nbsp;<\/p>\n<h3>DKV &#8211; SEGURO MEDICO<\/h3>\n<p><a href=\"http:\/\/www.dkvseguros.com\/\">http:\/\/www.dkvseguros.com\/<\/a><\/p>\n<p>El PAS funcionario de la ULE, dispone de un precio especial en la contrataci\u00f3n de un seguro m\u00e9dico con esta compa\u00f1\u00eda. Informaci\u00f3n: DKV &#8211; Marques de San Isidro 16. Tfno: 987 208 711 (Frente Clinica S. Francisco).<\/p>\n<p>&nbsp;<\/p>\n<h3>CARN\u00c9 INTELIGENTE-UNIVERSIDAD<\/h3>\n<p><a href=\"\/universidad\/carne-universitario-inteligente\">http:\/\/www.unileon.es\/universidad\/carne-universitario-inteligente<\/a><\/p>\n<\/p><\/div>\n<\/div>\n","protected":false},"excerpt":{"rendered":"<p>CAJA ESPA\u00d1A http:\/\/www.cajaespana.es El PAS funcionario de la ULE, dispone de condiciones y productos bancarios especiales. Acudir a la oficina m\u00e1s cercana. &nbsp; DKV &#8211; SEGURO MEDICO http:\/\/www.dkvseguros.com\/ El PAS funcionario de la ULE, dispone de un precio especial en la contrataci\u00f3n de un seguro m\u00e9dico con esta compa\u00f1\u00eda. Informaci\u00f3n: DKV &#8211; Marques de San [&hellip;]<\/p>\n","protected":false},"author":50,"featured_media":0,"parent":0,"menu_order":0,"comment_status":"closed","ping_status":"closed","template":"","meta":{"footnotes":""},"class_list":["post-29","page","type-page","status-publish","hentry"],"_links":{"self":[{"href":"https:\/\/grupos.unileon.es\/junta-pas\/wp-json\/wp\/v2\/pages\/29","targetHints":{"allow":["GET"]}}],"collection":[{"href":"https:\/\/grupos.unileon.es\/junta-pas\/wp-json\/wp\/v2\/pages"}],"about":[{"href":"https:\/\/grupos.unileon.es\/junta-pas\/wp-json\/wp\/v2\/types\/page"}],"author":[{"embeddable":true,"href":"https:\/\/grupos.unileon.es\/junta-pas\/wp-json\/wp\/v2\/users\/50"}],"replies":[{"embeddable":true,"href":"https:\/\/grupos.unileon.es\/junta-pas\/wp-json\/wp\/v2\/comments?post=29"}],"version-history":[{"count":1,"href":"https:\/\/grupos.unileon.es\/junta-pas\/wp-json\/wp\/v2\/pages\/29\/revisions"}],"predecessor-version":[{"id":30,"href":"https:\/\/grupos.unileon.es\/junta-pas\/wp-json\/wp\/v2\/pages\/29\/revisions\/30"}],"wp:attachment":[{"href":"https:\/\/grupos.unileon.es\/junta-pas\/wp-json\/wp\/v2\/media?parent=29"}],"curies":[{"name":"wp","href":"https:\/\/api.w.org\/{rel}","templated":true}]}}