{"id":4,"date":"2023-01-26T12:43:57","date_gmt":"2023-01-26T12:43:57","guid":{"rendered":"https:\/\/grupos.unileon.es\/junta-pas\/?page_id=4"},"modified":"2026-02-12T10:14:27","modified_gmt":"2026-02-12T10:14:27","slug":"junta-de-personal-de-administracion-y-servicios","status":"publish","type":"page","link":"https:\/\/grupos.unileon.es\/junta-pas\/","title":{"rendered":"Junta de Personal T\u00e9cnico, de Gesti\u00f3n y de Administraci\u00f3n y Servicios"},"content":{"rendered":"<div class=\"content ule-content-list-check\">\n<div property=\"schema:text\" class=\"field field--name-body field--type-text-with-summary field--label-hidden field--item\">\n<ul class=\"big\">\n<li><a href=\"\/junta-pas\/representantes\">Representantes<\/a><\/li>\n<li><a href=\"\/junta-pas\/comisiones\">Comisiones<\/a><\/li>\n<li><a href=\"\/junta-pas\/actas\">Actas<\/a><\/li>\n<li><a href=\"\/junta-pas\/comunicaciones-y-otras-informaciones\">Comunicaciones y otras informaciones<\/a><\/li>\n<li><a href=\"\/junta-pas\/ventajas-colectivas\">Ventajas colectivas<\/a><\/li>\n<li><a href=\"\/junta-pas\/accion-social\">Acci\u00f3n Social<\/a><\/li>\n<li><a href=\"\/junta-pas\/normativa-y-legislacion\">Normativa y Legislaci\u00f3n<\/a><\/li>\n<li><a href=\"\/junta-pas\/enlaces\">Enlaces<\/a><\/li>\n<li><a href=\"https:\/\/www.unileon.es\/files\/2023-06\/reglamento_junta_pas.pdf\">Reglamento de la Junta de PTGAS funcionario<\/a><\/li>\n<li><strong>Buz\u00f3n de Sugerencias:<\/strong> <em><a href=\"mailto:ulejunfu@unileon.es\">ulejunfu@unileon.es<\/a><\/em><\/li>\n<\/ul><\/div>\n<\/div>\n","protected":false},"excerpt":{"rendered":"<p>Representantes Comisiones Actas Comunicaciones y otras informaciones Ventajas colectivas Acci\u00f3n Social Normativa y Legislaci\u00f3n Enlaces Reglamento de la Junta de PTGAS funcionario Buz\u00f3n de Sugerencias: ulejunfu@unileon.es<\/p>\n","protected":false},"author":50,"featured_media":0,"parent":0,"menu_order":0,"comment_status":"closed","ping_status":"closed","template":"","meta":{"footnotes":""},"class_list":["post-4","page","type-page","status-publish","hentry"],"_links":{"self":[{"href":"https:\/\/grupos.unileon.es\/junta-pas\/wp-json\/wp\/v2\/pages\/4","targetHints":{"allow":["GET"]}}],"collection":[{"href":"https:\/\/grupos.unileon.es\/junta-pas\/wp-json\/wp\/v2\/pages"}],"about":[{"href":"https:\/\/grupos.unileon.es\/junta-pas\/wp-json\/wp\/v2\/types\/page"}],"author":[{"embeddable":true,"href":"https:\/\/grupos.unileon.es\/junta-pas\/wp-json\/wp\/v2\/users\/50"}],"replies":[{"embeddable":true,"href":"https:\/\/grupos.unileon.es\/junta-pas\/wp-json\/wp\/v2\/comments?post=4"}],"version-history":[{"count":8,"href":"https:\/\/grupos.unileon.es\/junta-pas\/wp-json\/wp\/v2\/pages\/4\/revisions"}],"predecessor-version":[{"id":152,"href":"https:\/\/grupos.unileon.es\/junta-pas\/wp-json\/wp\/v2\/pages\/4\/revisions\/152"}],"wp:attachment":[{"href":"https:\/\/grupos.unileon.es\/junta-pas\/wp-json\/wp\/v2\/media?parent=4"}],"curies":[{"name":"wp","href":"https:\/\/api.w.org\/{rel}","templated":true}]}}