{"id":101,"date":"2025-02-28T07:56:40","date_gmt":"2025-02-28T07:56:40","guid":{"rendered":"https:\/\/grupos.unileon.es\/junta-pdi\/?page_id=101"},"modified":"2025-02-28T07:57:19","modified_gmt":"2025-02-28T07:57:19","slug":"actas","status":"publish","type":"page","link":"https:\/\/grupos.unileon.es\/junta-pdi\/actas\/","title":{"rendered":"Actas"},"content":{"rendered":"<h3>A\u00d1O 2024<\/h3>\n<ul call=\"big\">\n<li><a href=\"https:\/\/grupos.unileon.es\/junta-pdi\/files\/2025\/02\/20240708_Acta_8Jul2024.report.pdf\">Acta de la Sesi\u00f3n del Pleno, celebrada el 8 de julio de 2024<\/a><\/li>\n<li><a href=\"https:\/\/grupos.unileon.es\/junta-pdi\/files\/2025\/02\/20240603_Acta_3Jun2024.report.pdf\">Acta de la Sesi\u00f3n del Pleno, celebrada el 3 de junio de 2024<\/a><\/li>\n<li><a href=\"https:\/\/grupos.unileon.es\/junta-pdi\/files\/2025\/02\/20240521_Acta_21Mayo2024.report.pdf\">Acta de la Sesi\u00f3n del Pleno, celebrada el 21 de mayo de 2024<\/a><\/li>\n<li><a href=\"https:\/\/grupos.unileon.es\/junta-pdi\/files\/2025\/02\/20240416_Acta_16Abr2024.report.pdf\">Acta de la Sesi\u00f3n del Pleno, celebrada el 16 de abril de 2024<\/a><\/li>\n<li><a href=\"https:\/\/grupos.unileon.es\/junta-pdi\/files\/2025\/02\/20240220_Acta_20Feb2024.report.pdf\">Acta de la Sesi\u00f3n del Pleno, celebrada el 20 de febrero de 2024<\/a><\/li>\n<li><a href=\"https:\/\/grupos.unileon.es\/junta-pdi\/files\/2025\/02\/20240205_Acta_5Feb2024.report.pdf\">Acta de la Sesi\u00f3n del Pleno, celebrada el 5 de febrero de 2024<\/a><\/li>\n<li><a href=\"https:\/\/grupos.unileon.es\/junta-pdi\/files\/2025\/02\/20240123_Acta_23Ene2024.report.pdf\">Acta de la Sesi\u00f3n del Pleno, celebrada el 23 de enero de 2024<\/a><\/li>\n<\/ul>\n<h3>A\u00d1O 2023<\/h3>\n<ul call=\"big\">\n<li><a href=\"https:\/\/grupos.unileon.es\/junta-pdi\/files\/2025\/02\/20231215_Acta_15Dic2023.report.pdf\">Acta de la Sesi\u00f3n del Pleno, celebrada el 15 de diciembre de 2023<\/a><\/li>\n<li><a href=\"https:\/\/grupos.unileon.es\/junta-pdi\/files\/2025\/02\/20231113_ActaConstitucionJDPI_13Nov2023.report.pdf\">Acta de Constituci\u00f3n de la Junta de PDI, celebrada el 13 de noviembre de 2023<\/a><\/li>\n<\/ul>\n","protected":false},"excerpt":{"rendered":"<p>A\u00d1O 2024 Acta de la Sesi\u00f3n del Pleno, celebrada el 8 de julio de 2024 Acta de la Sesi\u00f3n del Pleno, celebrada el 3 de junio de 2024 Acta de la Sesi\u00f3n del Pleno, celebrada el 21 de mayo de 2024 Acta de la Sesi\u00f3n del Pleno, celebrada el 16 de abril de 2024 Acta [&hellip;]<\/p>\n","protected":false},"author":50,"featured_media":0,"parent":0,"menu_order":0,"comment_status":"closed","ping_status":"closed","template":"","meta":{"footnotes":""},"class_list":["post-101","page","type-page","status-publish","hentry"],"_links":{"self":[{"href":"https:\/\/grupos.unileon.es\/junta-pdi\/wp-json\/wp\/v2\/pages\/101","targetHints":{"allow":["GET"]}}],"collection":[{"href":"https:\/\/grupos.unileon.es\/junta-pdi\/wp-json\/wp\/v2\/pages"}],"about":[{"href":"https:\/\/grupos.unileon.es\/junta-pdi\/wp-json\/wp\/v2\/types\/page"}],"author":[{"embeddable":true,"href":"https:\/\/grupos.unileon.es\/junta-pdi\/wp-json\/wp\/v2\/users\/50"}],"replies":[{"embeddable":true,"href":"https:\/\/grupos.unileon.es\/junta-pdi\/wp-json\/wp\/v2\/comments?post=101"}],"version-history":[{"count":3,"href":"https:\/\/grupos.unileon.es\/junta-pdi\/wp-json\/wp\/v2\/pages\/101\/revisions"}],"predecessor-version":[{"id":114,"href":"https:\/\/grupos.unileon.es\/junta-pdi\/wp-json\/wp\/v2\/pages\/101\/revisions\/114"}],"wp:attachment":[{"href":"https:\/\/grupos.unileon.es\/junta-pdi\/wp-json\/wp\/v2\/media?parent=101"}],"curies":[{"name":"wp","href":"https:\/\/api.w.org\/{rel}","templated":true}]}}