{"id":7,"date":"2014-04-07T07:48:10","date_gmt":"2014-04-07T07:48:10","guid":{"rendered":"http:\/\/grupos.unileon.es\/junta-pdi\/?page_id=7"},"modified":"2025-02-28T07:59:19","modified_gmt":"2025-02-28T07:59:19","slug":"presentacion","status":"publish","type":"page","link":"https:\/\/grupos.unileon.es\/junta-pdi\/","title":{"rendered":"Presentaci\u00f3n"},"content":{"rendered":"<p>La Junta de Personal Docente e Investigador es el \u00f3rgano espec\u00edfico de representaci\u00f3n del conjunto de funcionarios que desempe\u00f1an tareas docentes e investigadoras en la Universidad de Le\u00f3n.<\/p>\n<ul>\n<li><a href=\"https:\/\/grupos.unileon.es\/junta-pdi\/miembros\/\">Miembros<\/a><\/li>\n<li><a href=\"https:\/\/grupos.unileon.es\/junta-pdi\/representantes-de-la-jpdi-en-las-comisiones-de-la-ule\/\">Representantes de la JPDI en comisiones de la ULE<\/a><\/li>\n<li><a href=\"https:\/\/www.unileon.es\/modelos\/archivo\/norregint\/201911201415082_n_reglamento_de_la_junta_de_personal_docente_e_investigador.pdf\" target=\"_blank\" rel=\"noopener noreferrer\">Reglamento de la JPDI de la ULE<\/a><\/li>\n<li><a href=\"https:\/\/grupos.unileon.es\/junta-pdi\/actas\/\">Actas de las Reuniones<\/a><\/li>\n<li><a href=\"https:\/\/grupos.unileon.es\/junta-pdi\/contacto\/\">Contacto<\/a><\/li>\n<\/ul>\n","protected":false},"excerpt":{"rendered":"<p>La Junta de Personal Docente e Investigador es el \u00f3rgano espec\u00edfico de representaci\u00f3n del conjunto de funcionarios que desempe\u00f1an tareas docentes e investigadoras en la Universidad de Le\u00f3n. Miembros Representantes de la JPDI en comisiones de la ULE Reglamento de la JPDI de la ULE Actas de las Reuniones Contacto<\/p>\n","protected":false},"author":8,"featured_media":0,"parent":0,"menu_order":0,"comment_status":"closed","ping_status":"open","template":"","meta":{"footnotes":""},"class_list":["post-7","page","type-page","status-publish","hentry"],"_links":{"self":[{"href":"https:\/\/grupos.unileon.es\/junta-pdi\/wp-json\/wp\/v2\/pages\/7","targetHints":{"allow":["GET"]}}],"collection":[{"href":"https:\/\/grupos.unileon.es\/junta-pdi\/wp-json\/wp\/v2\/pages"}],"about":[{"href":"https:\/\/grupos.unileon.es\/junta-pdi\/wp-json\/wp\/v2\/types\/page"}],"author":[{"embeddable":true,"href":"https:\/\/grupos.unileon.es\/junta-pdi\/wp-json\/wp\/v2\/users\/8"}],"replies":[{"embeddable":true,"href":"https:\/\/grupos.unileon.es\/junta-pdi\/wp-json\/wp\/v2\/comments?post=7"}],"version-history":[{"count":5,"href":"https:\/\/grupos.unileon.es\/junta-pdi\/wp-json\/wp\/v2\/pages\/7\/revisions"}],"predecessor-version":[{"id":116,"href":"https:\/\/grupos.unileon.es\/junta-pdi\/wp-json\/wp\/v2\/pages\/7\/revisions\/116"}],"wp:attachment":[{"href":"https:\/\/grupos.unileon.es\/junta-pdi\/wp-json\/wp\/v2\/media?parent=7"}],"curies":[{"name":"wp","href":"https:\/\/api.w.org\/{rel}","templated":true}]}}