{"id":9,"date":"2014-04-07T07:49:56","date_gmt":"2014-04-07T07:49:56","guid":{"rendered":"http:\/\/grupos.unileon.es\/junta-pdi\/?page_id=9"},"modified":"2024-12-19T10:26:55","modified_gmt":"2024-12-19T10:26:55","slug":"miembros","status":"publish","type":"page","link":"https:\/\/grupos.unileon.es\/junta-pdi\/miembros\/","title":{"rendered":"Miembros"},"content":{"rendered":"<p>Los resultados de las elecciones sindicales celebradas el 13 de julio de 2023 dieron lugar a la siguiente composici\u00f3n de la Junta de Personal Docente e Investigador de la Universidad de Le\u00f3n:<\/p>\n<p><strong>UGT<\/strong><br \/>\n<em>Presidenta: <\/em>Ana Carvajal Urue\u00f1a<br \/>\nJos\u00e9 Antonio Rodr\u00edguez Marroyo<br \/>\nMar\u00eda Jos\u00e9 Cano R\u00e1bano<br \/>\nPablo Rodr\u00edguez Gonzalvez<br \/>\nAna Mar\u00eda Sahag\u00fan Prieto<\/p>\n<p><strong>CCOO<\/strong><br \/>\n<em>Secretario: <\/em>V\u00edctor Gonz\u00e1lez Castro<br \/>\nAntonio Jos\u00e9 Molina de la Torre<br \/>\nAlicia Ester Serantes G\u00f3mez<br \/>\nMar\u00eda Paz Castro Gonz\u00e1lez<br \/>\nEnrique Javier D\u00edez Guti\u00e9rrez<\/p>\n<p><strong>CSIF<\/strong><br \/>\nRoberto Fern\u00e1ndez Fern\u00e1ndez<br \/>\nJos\u00e9 Ramiro Gonz\u00e1lez Monta\u00f1a<\/p>\n<p><strong>STELE<\/strong><br \/>\nMar\u00eda Carmen Acedo Casado<\/p>\n<p><strong>Delegados Sindicales:<\/strong><br \/>\nLuis Anel L\u00f3pez (UGT)<br \/>\nAntonio Bernardo (UGT)<br \/>\nAna Isabel Neira Campos (CCOO)<br \/>\nMar\u00eda Jos\u00e9 Ranilla Garc\u00eda (STELE-STECyL-i)<\/p>\n","protected":false},"excerpt":{"rendered":"<p>Los resultados de las elecciones sindicales celebradas el 13 de julio de 2023 dieron lugar a la siguiente composici\u00f3n de la Junta de Personal Docente e Investigador de la Universidad de Le\u00f3n: UGT Presidenta: Ana Carvajal Urue\u00f1a Jos\u00e9 Antonio Rodr\u00edguez Marroyo Mar\u00eda Jos\u00e9 Cano R\u00e1bano Pablo Rodr\u00edguez Gonzalvez Ana Mar\u00eda Sahag\u00fan Prieto CCOO Secretario: V\u00edctor [&hellip;]<\/p>\n","protected":false},"author":8,"featured_media":0,"parent":0,"menu_order":0,"comment_status":"closed","ping_status":"open","template":"","meta":{"footnotes":""},"class_list":["post-9","page","type-page","status-publish","hentry"],"_links":{"self":[{"href":"https:\/\/grupos.unileon.es\/junta-pdi\/wp-json\/wp\/v2\/pages\/9","targetHints":{"allow":["GET"]}}],"collection":[{"href":"https:\/\/grupos.unileon.es\/junta-pdi\/wp-json\/wp\/v2\/pages"}],"about":[{"href":"https:\/\/grupos.unileon.es\/junta-pdi\/wp-json\/wp\/v2\/types\/page"}],"author":[{"embeddable":true,"href":"https:\/\/grupos.unileon.es\/junta-pdi\/wp-json\/wp\/v2\/users\/8"}],"replies":[{"embeddable":true,"href":"https:\/\/grupos.unileon.es\/junta-pdi\/wp-json\/wp\/v2\/comments?post=9"}],"version-history":[{"count":21,"href":"https:\/\/grupos.unileon.es\/junta-pdi\/wp-json\/wp\/v2\/pages\/9\/revisions"}],"predecessor-version":[{"id":98,"href":"https:\/\/grupos.unileon.es\/junta-pdi\/wp-json\/wp\/v2\/pages\/9\/revisions\/98"}],"wp:attachment":[{"href":"https:\/\/grupos.unileon.es\/junta-pdi\/wp-json\/wp\/v2\/media?parent=9"}],"curies":[{"name":"wp","href":"https:\/\/api.w.org\/{rel}","templated":true}]}}