{"id":26,"date":"2016-06-10T09:13:47","date_gmt":"2016-06-10T09:13:47","guid":{"rendered":"http:\/\/grupos.unileon.es\/master-en-adicciones\/?page_id=26"},"modified":"2016-06-10T09:13:47","modified_gmt":"2016-06-10T09:13:47","slug":"salidas-profesionales","status":"publish","type":"page","link":"https:\/\/grupos.unileon.es\/master-en-adicciones\/salidas-profesionales\/","title":{"rendered":"Salidas profesionales"},"content":{"rendered":"<p>Los estudios del M\u00e1ster en Adicciones capacitan al alumno para trabajar en cualquier \u00e1mbito de las adicciones:<\/p>\n<p>Centros asistenciales de drogodependencias, comunidades terap\u00e9ticas y centros residenciales. Centros escolares y educativos como agentes de prevenci\u00f3n. Centros de acci\u00f3n social, pisos tutelados de menores, puntos de informaci\u00f3n y asesoramiento en juzgados etc<\/p>\n<p>Seg\u00fan la capacitaci\u00f3n profesional del alumno pueden ejercer la asistencia sanitaria, psicol\u00f3gica o social de personas adictas<\/p>\n<p>&nbsp;<\/p>\n","protected":false},"excerpt":{"rendered":"<p>Los estudios del M\u00e1ster en Adicciones capacitan al alumno para trabajar en cualquier \u00e1mbito de las adicciones: Centros asistenciales de drogodependencias, comunidades terap\u00e9ticas y centros residenciales. Centros escolares y educativos como agentes de prevenci\u00f3n. Centros de acci\u00f3n social, pisos tutelados de menores, puntos de informaci\u00f3n y asesoramiento en juzgados etc Seg\u00fan la capacitaci\u00f3n profesional del [&hellip;]<\/p>\n","protected":false},"author":65,"featured_media":0,"parent":0,"menu_order":0,"comment_status":"closed","ping_status":"closed","template":"","meta":{"footnotes":""},"class_list":["post-26","page","type-page","status-publish","hentry"],"_links":{"self":[{"href":"https:\/\/grupos.unileon.es\/master-en-adicciones\/wp-json\/wp\/v2\/pages\/26","targetHints":{"allow":["GET"]}}],"collection":[{"href":"https:\/\/grupos.unileon.es\/master-en-adicciones\/wp-json\/wp\/v2\/pages"}],"about":[{"href":"https:\/\/grupos.unileon.es\/master-en-adicciones\/wp-json\/wp\/v2\/types\/page"}],"author":[{"embeddable":true,"href":"https:\/\/grupos.unileon.es\/master-en-adicciones\/wp-json\/wp\/v2\/users\/65"}],"replies":[{"embeddable":true,"href":"https:\/\/grupos.unileon.es\/master-en-adicciones\/wp-json\/wp\/v2\/comments?post=26"}],"version-history":[{"count":1,"href":"https:\/\/grupos.unileon.es\/master-en-adicciones\/wp-json\/wp\/v2\/pages\/26\/revisions"}],"predecessor-version":[{"id":27,"href":"https:\/\/grupos.unileon.es\/master-en-adicciones\/wp-json\/wp\/v2\/pages\/26\/revisions\/27"}],"wp:attachment":[{"href":"https:\/\/grupos.unileon.es\/master-en-adicciones\/wp-json\/wp\/v2\/media?parent=26"}],"curies":[{"name":"wp","href":"https:\/\/api.w.org\/{rel}","templated":true}]}}