{"id":29,"date":"2016-06-10T11:23:50","date_gmt":"2016-06-10T11:23:50","guid":{"rendered":"http:\/\/grupos.unileon.es\/master-en-adicciones\/?page_id=29"},"modified":"2025-09-22T14:19:07","modified_gmt":"2025-09-22T12:19:07","slug":"profesorado","status":"publish","type":"page","link":"https:\/\/grupos.unileon.es\/master-en-adicciones\/profesorado\/","title":{"rendered":"Profesorado"},"content":{"rendered":"<table>\n<tbody>\n<tr>\n<td><strong>Directora Acad\u00e9mica<\/strong>: Mar\u00eda Lourdes \u00c1lvarez Fern\u00e1ndez ULE .<\/td>\n<td>mlalvf@unileon.es<\/td>\n<\/tr>\n<tr>\n<td><strong>Coordinadora<\/strong>: Tania Paz Ram\u00f3n Psic\u00f3loga cl\u00ednica y crimin\u00f3loga<\/td>\n<td>Directora Proyecto Hombre Leon<\/td>\n<\/tr>\n<tr>\n<td><strong>Coordinadora<\/strong>: M\u00aa Jes\u00fas Gonz\u00e1lez Gonz\u00e1lez .M\u00e9dico especialista en adicciones UCM<\/td>\n<td>ulemadic@unileon.es<\/td>\n<\/tr>\n<tr>\n<td>Yolanda P\u00e9rez Pertejo Area Toxicolog\u00eda ULE<\/td>\n<td>myperp@unileon.es<\/td>\n<\/tr>\n<tr>\n<td>Fernando P\u00e9rez del R\u00edo Doctor en Psicolog\u00eda<\/td>\n<td>fernandoperezdelrio@gmail.com<\/td>\n<\/tr>\n<tr>\n<td>Laura Mart\u00edn Pato Psic\u00f3loga cl\u00ednica. Especialista TCA<\/td>\n<td>martinp.laura@gmail.com<\/td>\n<\/tr>\n<tr>\n<td>Miguel D\u00edaz y Garc\u00eda-Conlledo Area Derecho Penal ULE<\/td>\n<td>mdiag@unileon.es<\/td>\n<\/tr>\n<tr>\n<td>Jos\u00e9 Luis Mauriz Guti\u00e9rrez<\/td>\n<td>jl.mauriz@unileon.es<\/td>\n<\/tr>\n<tr>\n<td>Henar Garc\u00eda Casado Psic\u00f3loga<\/td>\n<td>Directora Centro Penitenciario Le\u00f3n<\/td>\n<\/tr>\n<tr>\n<td>M\u00aa Rosario Gonz\u00e1lez Alvarez T\u00e9cnico en Prevenci\u00f3n<\/td>\n<td>centrodia@proyectohombreleon.org<\/td>\n<\/tr>\n<tr>\n<td>Ana Belen Alvarez Rodriguez<\/td>\n<td>Comunidad terapeutica Proyecto Hombre<\/td>\n<\/tr>\n<tr>\n<td>David Cortejoso Mozo Psic\u00f3logo<\/td>\n<td>Especializado en los riesgos de las nuevas tecnolog\u00edas<\/td>\n<\/tr>\n<tr>\n<td>Flora Maria Vega Fernandez Psiquiatra Infantil<\/td>\n<td>Hospital Comarcal del Bierzo<\/td>\n<\/tr>\n<tr>\n<td>Patricia Robledo Ram\u00f3n<\/td>\n<td>probr@unileon.es<\/td>\n<\/tr>\n<tr>\n<td>Cristina Gonz\u00e1lez Garc\u00eda<\/p>\n<p>Pedagoga y Educadora Social<\/td>\n<td>Incorpora Proyecto Hombre Leon<\/td>\n<\/tr>\n<\/tbody>\n<\/table>\n","protected":false},"excerpt":{"rendered":"<p>Directora Acad\u00e9mica: Mar\u00eda Lourdes \u00c1lvarez Fern\u00e1ndez ULE . mlalvf@unileon.es Coordinadora: Tania Paz Ram\u00f3n Psic\u00f3loga cl\u00ednica y crimin\u00f3loga Directora Proyecto Hombre Leon Coordinadora: M\u00aa Jes\u00fas Gonz\u00e1lez Gonz\u00e1lez .M\u00e9dico especialista en adicciones UCM ulemadic@unileon.es Yolanda P\u00e9rez Pertejo Area Toxicolog\u00eda ULE myperp@unileon.es Fernando P\u00e9rez del R\u00edo Doctor en Psicolog\u00eda fernandoperezdelrio@gmail.com Laura Mart\u00edn Pato Psic\u00f3loga cl\u00ednica. Especialista TCA martinp.laura@gmail.com [&hellip;]<\/p>\n","protected":false},"author":65,"featured_media":0,"parent":0,"menu_order":0,"comment_status":"closed","ping_status":"closed","template":"","meta":{"footnotes":""},"class_list":["post-29","page","type-page","status-publish","hentry"],"_links":{"self":[{"href":"https:\/\/grupos.unileon.es\/master-en-adicciones\/wp-json\/wp\/v2\/pages\/29","targetHints":{"allow":["GET"]}}],"collection":[{"href":"https:\/\/grupos.unileon.es\/master-en-adicciones\/wp-json\/wp\/v2\/pages"}],"about":[{"href":"https:\/\/grupos.unileon.es\/master-en-adicciones\/wp-json\/wp\/v2\/types\/page"}],"author":[{"embeddable":true,"href":"https:\/\/grupos.unileon.es\/master-en-adicciones\/wp-json\/wp\/v2\/users\/65"}],"replies":[{"embeddable":true,"href":"https:\/\/grupos.unileon.es\/master-en-adicciones\/wp-json\/wp\/v2\/comments?post=29"}],"version-history":[{"count":16,"href":"https:\/\/grupos.unileon.es\/master-en-adicciones\/wp-json\/wp\/v2\/pages\/29\/revisions"}],"predecessor-version":[{"id":133,"href":"https:\/\/grupos.unileon.es\/master-en-adicciones\/wp-json\/wp\/v2\/pages\/29\/revisions\/133"}],"wp:attachment":[{"href":"https:\/\/grupos.unileon.es\/master-en-adicciones\/wp-json\/wp\/v2\/media?parent=29"}],"curies":[{"name":"wp","href":"https:\/\/api.w.org\/{rel}","templated":true}]}}