{"id":34,"date":"2016-06-10T11:45:56","date_gmt":"2016-06-10T11:45:56","guid":{"rendered":"http:\/\/grupos.unileon.es\/master-en-adicciones\/?page_id=34"},"modified":"2022-09-01T15:05:03","modified_gmt":"2022-09-01T13:05:03","slug":"plan-de-estudios","status":"publish","type":"page","link":"https:\/\/grupos.unileon.es\/master-en-adicciones\/plan-de-estudios\/","title":{"rendered":"Plan de Estudios"},"content":{"rendered":"<p>El M\u00e1ster en Formaci\u00f3n Permanente en Adicciones es un T\u00edtulo Propio de la \u00a0Universidad de Le\u00f3n acreditado con 60 ECTS de los cuales 45 ECTS corresponden a las materias obligatorias y 15 ECTS al Trabajo Fin de Master<\/p>\n<p>El curso se imparte de forma on line y presencial.<\/p>\n<p>Las clases magistrales presenciales se imparten en la Facultad de Ciencias de la Salud.<\/p>\n<p>La formaci\u00f3n on line se realiza a trav\u00e9s del moodle externo de la Universidad de Leon<\/p>\n<div class=\"page\" title=\"Page 3\">\n<div class=\"layoutArea\">\n<div class=\"column\">\n<p><em><strong>PLAN DE ESTUDIOS:<\/strong><\/em><\/p>\n<\/div>\n<\/div>\n<\/div>\n<div class=\"page\" title=\"Page 4\">\n<div class=\"layoutArea\">\n<div class=\"column\">\n<p>Consta de 5 asignaturas:<\/p>\n<ol>\n<li>CONCEPTOS B\u00c1SICOS EN ADICCIONES\n<ol>\n<li>Adicci\u00f3n. Conceptos b\u00e1sicos. Dependencia.Tolerancia<\/li>\n<li>Teor\u00edas explicativas del fen\u00f3meno<\/li>\n<li>Drogas emergentes<\/li>\n<li>Toxicolog\u00eda<\/li>\n<li>Farmacolog\u00eda<\/li>\n<li>Neurobiolog\u00eda de las adicciones<\/li>\n<\/ol>\n<\/li>\n<li>TFM\n<ol>\n<li>Normas para la elaboraci\u00f3n del TFM<\/li>\n<li>Aprendizaje en realizaci\u00f3n de trabajos de investigaci\u00f3n<\/li>\n<\/ol>\n<\/li>\n<li>PREVENCI\u00d3N\n<ol>\n<li>Principios generales de Prevenci\u00f3n<\/li>\n<li>Programas de Prevenci\u00f3n<\/li>\n<li>Prevenci\u00f3n Indicada y laboral<\/li>\n<li>Psicopatolog\u00eda infanto juvenil<\/li>\n<li>Uso inadecuado de las TIC<\/li>\n<li>Apego<\/li>\n<\/ol>\n<\/li>\n<li>EVALUACI\u00d3N Y DIAGN\u00d3STICO. MOTIVACI\u00d3N\n<ol>\n<li>Evaluaci\u00f3n bio-psico-social<\/li>\n<li>Entrevista Motivacional<\/li>\n<\/ol>\n<\/li>\n<li>INTERVENCI\u00d3N\n<ol>\n<li>INTERVENCI\u00d3N BIOL\u00d3GICA:\n<ol>\n<li>Patolog\u00eda dual<\/li>\n<li>Patolog\u00edas asociadas<\/li>\n<li>Desintoxicaci\u00f3n. Reducci\u00f3n del da\u00f1o. Intervenci\u00f3n farmacol\u00f3gica<\/li>\n<li>Trastornos de Conducta Alimentaria<\/li>\n<li>Dopaje<\/li>\n<\/ol>\n<\/li>\n<li>INTERVENCI\u00d3N PSICOL\u00d3GICA\n<ol>\n<li>Tratamientos psicol\u00f3gicos<\/li>\n<li>Trauma<\/li>\n<li>Terapia Integrativa<\/li>\n<\/ol>\n<\/li>\n<li>INTERVENCI\u00d3N SOCIAL\n<ol>\n<li>Intervenci\u00f3n socio familiar y sociolaboral<\/li>\n<li>Perspectiva de g\u00e9nero en adicciones<\/li>\n<li>Derecho Penal<\/li>\n<li>Intervenci\u00f3n Penitenciaria<\/li>\n<\/ol>\n<\/li>\n<\/ol>\n<\/li>\n<\/ol>\n<p>PR\u00c1CTICAS: Julio. Agosto. Septiembre<\/p>\n<p>TRABAJO DE FIN DE M\u00c1STER:<\/p>\n<p>Presentaci\u00f3n Septiembre<\/p>\n<\/div>\n<\/div>\n<\/div>\n","protected":false},"excerpt":{"rendered":"<p>El M\u00e1ster en Formaci\u00f3n Permanente en Adicciones es un T\u00edtulo Propio de la \u00a0Universidad de Le\u00f3n acreditado con 60 ECTS de los cuales 45 ECTS corresponden a las materias obligatorias y 15 ECTS al Trabajo Fin de Master El curso se imparte de forma on line y presencial. Las clases magistrales presenciales se imparten en [&hellip;]<\/p>\n","protected":false},"author":65,"featured_media":0,"parent":0,"menu_order":0,"comment_status":"closed","ping_status":"closed","template":"","meta":{"footnotes":""},"class_list":["post-34","page","type-page","status-publish","hentry"],"_links":{"self":[{"href":"https:\/\/grupos.unileon.es\/master-en-adicciones\/wp-json\/wp\/v2\/pages\/34","targetHints":{"allow":["GET"]}}],"collection":[{"href":"https:\/\/grupos.unileon.es\/master-en-adicciones\/wp-json\/wp\/v2\/pages"}],"about":[{"href":"https:\/\/grupos.unileon.es\/master-en-adicciones\/wp-json\/wp\/v2\/types\/page"}],"author":[{"embeddable":true,"href":"https:\/\/grupos.unileon.es\/master-en-adicciones\/wp-json\/wp\/v2\/users\/65"}],"replies":[{"embeddable":true,"href":"https:\/\/grupos.unileon.es\/master-en-adicciones\/wp-json\/wp\/v2\/comments?post=34"}],"version-history":[{"count":9,"href":"https:\/\/grupos.unileon.es\/master-en-adicciones\/wp-json\/wp\/v2\/pages\/34\/revisions"}],"predecessor-version":[{"id":123,"href":"https:\/\/grupos.unileon.es\/master-en-adicciones\/wp-json\/wp\/v2\/pages\/34\/revisions\/123"}],"wp:attachment":[{"href":"https:\/\/grupos.unileon.es\/master-en-adicciones\/wp-json\/wp\/v2\/media?parent=34"}],"curies":[{"name":"wp","href":"https:\/\/api.w.org\/{rel}","templated":true}]}}