{"id":36,"date":"2016-06-10T12:00:04","date_gmt":"2016-06-10T12:00:04","guid":{"rendered":"http:\/\/grupos.unileon.es\/master-en-adicciones\/?page_id=36"},"modified":"2021-04-21T08:46:26","modified_gmt":"2021-04-21T06:46:26","slug":"trabajo-fin-de-master","status":"publish","type":"page","link":"https:\/\/grupos.unileon.es\/master-en-adicciones\/trabajo-fin-de-master\/","title":{"rendered":"Trabajo Fin de M\u00e1ster"},"content":{"rendered":"<p>El Trabajo de Fin de M\u00e1ster constituye 15 ECTS.<\/p>\n<p>A lo largo del curso cada estudiante realizar\u00e1 un proyecto supervisado por un tutor. \u00a0Los estudiantes deber\u00e1n indicar un orden de prioridad para cada uno de los proyectos propuestos.<\/p>\n<p>Los estudiantes presentar\u00e1n un informe final incluyendo resumen ( en espa\u00f1ol e ingl\u00e9s), introducci\u00f3n, m\u00e9todos, resultados, discusi\u00f3n, conclusiones y bibliograf\u00eda.<\/p>\n<p>Los estudiantes realizar\u00e1n una presentaci\u00f3n oral \u00a0de su proyecto con una duraci\u00f3n \u00a015 minutos. Aquellos estudiantes que cursan el m\u00e1ster en la modalidad on line , presentar\u00e1n el TFM en la misma modalidad<\/p>\n<p>Una comisi\u00f3n de profesores evaluar\u00e1 la presentaci\u00f3n oral y el informe final.<br \/>\n<a href=\"https:\/\/www.unileon.es\/modelos\/archivo\/norregint\/201510201340392_n_reglamento_trabajos_fin_de_master.pdf\">https:\/\/www.unileon.es\/modelos\/archivo\/norregint\/201510201340392_n_reglamento_trabajos_fin_de_master.pdf<\/a><\/p>\n","protected":false},"excerpt":{"rendered":"<p>El Trabajo de Fin de M\u00e1ster constituye 15 ECTS. A lo largo del curso cada estudiante realizar\u00e1 un proyecto supervisado por un tutor. \u00a0Los estudiantes deber\u00e1n indicar un orden de prioridad para cada uno de los proyectos propuestos. Los estudiantes presentar\u00e1n un informe final incluyendo resumen ( en espa\u00f1ol e ingl\u00e9s), introducci\u00f3n, m\u00e9todos, resultados, discusi\u00f3n, [&hellip;]<\/p>\n","protected":false},"author":65,"featured_media":0,"parent":0,"menu_order":0,"comment_status":"closed","ping_status":"closed","template":"","meta":{"footnotes":""},"class_list":["post-36","page","type-page","status-publish","hentry"],"_links":{"self":[{"href":"https:\/\/grupos.unileon.es\/master-en-adicciones\/wp-json\/wp\/v2\/pages\/36","targetHints":{"allow":["GET"]}}],"collection":[{"href":"https:\/\/grupos.unileon.es\/master-en-adicciones\/wp-json\/wp\/v2\/pages"}],"about":[{"href":"https:\/\/grupos.unileon.es\/master-en-adicciones\/wp-json\/wp\/v2\/types\/page"}],"author":[{"embeddable":true,"href":"https:\/\/grupos.unileon.es\/master-en-adicciones\/wp-json\/wp\/v2\/users\/65"}],"replies":[{"embeddable":true,"href":"https:\/\/grupos.unileon.es\/master-en-adicciones\/wp-json\/wp\/v2\/comments?post=36"}],"version-history":[{"count":4,"href":"https:\/\/grupos.unileon.es\/master-en-adicciones\/wp-json\/wp\/v2\/pages\/36\/revisions"}],"predecessor-version":[{"id":86,"href":"https:\/\/grupos.unileon.es\/master-en-adicciones\/wp-json\/wp\/v2\/pages\/36\/revisions\/86"}],"wp:attachment":[{"href":"https:\/\/grupos.unileon.es\/master-en-adicciones\/wp-json\/wp\/v2\/media?parent=36"}],"curies":[{"name":"wp","href":"https:\/\/api.w.org\/{rel}","templated":true}]}}