{"id":41,"date":"2016-06-10T12:23:16","date_gmt":"2016-06-10T12:23:16","guid":{"rendered":"http:\/\/grupos.unileon.es\/master-en-adicciones\/?page_id=41"},"modified":"2024-10-01T17:19:21","modified_gmt":"2024-10-01T15:19:21","slug":"acceso","status":"publish","type":"page","link":"https:\/\/grupos.unileon.es\/master-en-adicciones\/acceso\/","title":{"rendered":"Acceso"},"content":{"rendered":"<p>Normas de acceso:<\/p>\n<p>Para acceder a las ense\u00f1anzas del m\u00e1ster ser\u00e1 necesario estar en posesi\u00f3n de alg\u00fan t\u00edtulo universitario oficial : \u00a0Grado, Licenciatura, o Diplomatura .<\/p>\n<p>En el caso de titulados de otros pa\u00edses, deber\u00e1 verificarse que la titulaci\u00f3n aportada es equivalente a la correspondiente titulaci\u00f3n oficial espa\u00f1ola y que faculta en el pa\u00eds expedidor para el acceso a los estudios de posgrado.<\/p>\n<p>Podr\u00e1n establecerse, para la admisi\u00f3n a estos estudios, requisitos adicionales de formaci\u00f3n en algunas disciplinas.<\/p>\n<p>&nbsp;<\/p>\n<p>&nbsp;<\/p>\n","protected":false},"excerpt":{"rendered":"<p>Normas de acceso: Para acceder a las ense\u00f1anzas del m\u00e1ster ser\u00e1 necesario estar en posesi\u00f3n de alg\u00fan t\u00edtulo universitario oficial : \u00a0Grado, Licenciatura, o Diplomatura . En el caso de titulados de otros pa\u00edses, deber\u00e1 verificarse que la titulaci\u00f3n aportada es equivalente a la correspondiente titulaci\u00f3n oficial espa\u00f1ola y que faculta en el pa\u00eds expedidor [&hellip;]<\/p>\n","protected":false},"author":65,"featured_media":0,"parent":0,"menu_order":0,"comment_status":"closed","ping_status":"closed","template":"","meta":{"footnotes":""},"class_list":["post-41","page","type-page","status-publish","hentry"],"_links":{"self":[{"href":"https:\/\/grupos.unileon.es\/master-en-adicciones\/wp-json\/wp\/v2\/pages\/41","targetHints":{"allow":["GET"]}}],"collection":[{"href":"https:\/\/grupos.unileon.es\/master-en-adicciones\/wp-json\/wp\/v2\/pages"}],"about":[{"href":"https:\/\/grupos.unileon.es\/master-en-adicciones\/wp-json\/wp\/v2\/types\/page"}],"author":[{"embeddable":true,"href":"https:\/\/grupos.unileon.es\/master-en-adicciones\/wp-json\/wp\/v2\/users\/65"}],"replies":[{"embeddable":true,"href":"https:\/\/grupos.unileon.es\/master-en-adicciones\/wp-json\/wp\/v2\/comments?post=41"}],"version-history":[{"count":1,"href":"https:\/\/grupos.unileon.es\/master-en-adicciones\/wp-json\/wp\/v2\/pages\/41\/revisions"}],"predecessor-version":[{"id":42,"href":"https:\/\/grupos.unileon.es\/master-en-adicciones\/wp-json\/wp\/v2\/pages\/41\/revisions\/42"}],"wp:attachment":[{"href":"https:\/\/grupos.unileon.es\/master-en-adicciones\/wp-json\/wp\/v2\/media?parent=41"}],"curies":[{"name":"wp","href":"https:\/\/api.w.org\/{rel}","templated":true}]}}