{"id":43,"date":"2016-06-10T12:25:24","date_gmt":"2016-06-10T12:25:24","guid":{"rendered":"http:\/\/grupos.unileon.es\/master-en-adicciones\/?page_id=43"},"modified":"2022-04-04T12:57:37","modified_gmt":"2022-04-04T10:57:37","slug":"matricula","status":"publish","type":"page","link":"https:\/\/grupos.unileon.es\/master-en-adicciones\/matricula\/","title":{"rendered":"Matr\u00edcula"},"content":{"rendered":"<p>La preinscripci\u00f3n se realizar\u00e1 desde el 15 de mayo al 30 de junio<\/p>\n<p>La matr\u00edcula se efectuar\u00e1 del 1 de agosto al 15 de septiembre<\/p>\n<p>Pago de tasas: 1500\u20ac en la modalidad presencial que pueden abonarse en tres plazos de 500\u20ac.<\/p>\n<p>En la modalidad on line: 1300\u20ac que pueden abonarse en tres plazos, el primero de 500\u20ac y los dos siguientes de 400\u20ac<\/p>\n<p>Plazos de pago: Primer plazo : del 1 al 15 de septiembre . Segundo plazo: 1-15 de febrero. Tercer plazo: 1-15 de mayo<\/p>\n<p>Se deben adjuntar:<\/p>\n<p>DNI o Pasaporte<\/p>\n<p>T\u00edtulos acad\u00e9micos<\/p>\n<p>Foto reciente<\/p>\n<p>Resguardo del pago de las tasas<\/p>\n","protected":false},"excerpt":{"rendered":"<p>La preinscripci\u00f3n se realizar\u00e1 desde el 15 de mayo al 30 de junio La matr\u00edcula se efectuar\u00e1 del 1 de agosto al 15 de septiembre Pago de tasas: 1500\u20ac en la modalidad presencial que pueden abonarse en tres plazos de 500\u20ac. En la modalidad on line: 1300\u20ac que pueden abonarse en tres plazos, el primero [&hellip;]<\/p>\n","protected":false},"author":65,"featured_media":0,"parent":0,"menu_order":0,"comment_status":"closed","ping_status":"closed","template":"","meta":{"footnotes":""},"class_list":["post-43","page","type-page","status-publish","hentry"],"_links":{"self":[{"href":"https:\/\/grupos.unileon.es\/master-en-adicciones\/wp-json\/wp\/v2\/pages\/43","targetHints":{"allow":["GET"]}}],"collection":[{"href":"https:\/\/grupos.unileon.es\/master-en-adicciones\/wp-json\/wp\/v2\/pages"}],"about":[{"href":"https:\/\/grupos.unileon.es\/master-en-adicciones\/wp-json\/wp\/v2\/types\/page"}],"author":[{"embeddable":true,"href":"https:\/\/grupos.unileon.es\/master-en-adicciones\/wp-json\/wp\/v2\/users\/65"}],"replies":[{"embeddable":true,"href":"https:\/\/grupos.unileon.es\/master-en-adicciones\/wp-json\/wp\/v2\/comments?post=43"}],"version-history":[{"count":10,"href":"https:\/\/grupos.unileon.es\/master-en-adicciones\/wp-json\/wp\/v2\/pages\/43\/revisions"}],"predecessor-version":[{"id":106,"href":"https:\/\/grupos.unileon.es\/master-en-adicciones\/wp-json\/wp\/v2\/pages\/43\/revisions\/106"}],"wp:attachment":[{"href":"https:\/\/grupos.unileon.es\/master-en-adicciones\/wp-json\/wp\/v2\/media?parent=43"}],"curies":[{"name":"wp","href":"https:\/\/api.w.org\/{rel}","templated":true}]}}