{"id":114,"date":"2016-03-01T12:58:05","date_gmt":"2016-03-01T12:58:05","guid":{"rendered":"http:\/\/grupos.unileon.es\/masterbiologia\/?page_id=114"},"modified":"2017-10-16T07:39:07","modified_gmt":"2017-10-16T07:39:07","slug":"metodos-de-estudio-de-proteinas-protein-methods","status":"publish","type":"page","link":"https:\/\/grupos.unileon.es\/masterbiologia\/metodos-de-estudio-de-proteinas-protein-methods\/","title":{"rendered":"M\u00e9todos de estudio de prote\u00ednas"},"content":{"rendered":"<p><img loading=\"lazy\" decoding=\"async\" class=\"alignnone size-medium wp-image-115\" src=\"http:\/\/grupos.unileon.es\/masterbiologia\/files\/2016\/03\/proteinas-225x300.png\" alt=\"proteinas\" width=\"225\" height=\"300\" srcset=\"https:\/\/grupos.unileon.es\/masterbiologia\/files\/2016\/03\/proteinas-225x300.png 225w, https:\/\/grupos.unileon.es\/masterbiologia\/files\/2016\/03\/proteinas.png 239w\" sizes=\"auto, (max-width: 225px) 100vw, 225px\" \/><br \/>\nEntre las metodolog\u00edas relacionadas con la Biolog\u00eda y la Biomedicina, las dirigidas al an\u00e1lisis de diferentes aspectos de las prote\u00ednas han adquirido un papel clave para la posterior comprensi\u00f3n de los diferentes fen\u00f3menos biol\u00f3gicos y sus alteraciones. Esta asignatura tiene como objetivo, en el marco del an\u00e1lisis de mol\u00e9culas biol\u00f3gicas, el que los alumnos se familiaricen con las t\u00e9cnicas de extracci\u00f3n, purificaci\u00f3n y an\u00e1lisis de prote\u00ednas m\u00e1s frecuentemente utilizadas en la actualidad, resaltando la utilidad de las mismas en distintos tipos de estudios, tanto b\u00e1sicos como aplicados.<br \/>\nEn la asignatura de M\u00e9todos de estudio de Prote\u00ednas, los alumnos adquirir\u00e1n los conocimientos te\u00f3rico-pr\u00e1cticos necesarios para la utilizaci\u00f3n de los m\u00e9todos y t\u00e9cnicas experimentales actuales relacionados con el an\u00e1lisis proteico. Actualmente estas metodolog\u00edas resultan fundamentales en varios campos profesionales relacionados con la investigaci\u00f3n, la biotecnolog\u00eda o el diagn\u00f3stico.<\/p>\n<p>&nbsp;<\/p>\n<p><span style=\"border-radius: 2px; text-indent: 20px; width: auto; padding: 0px 4px 0px 0px; text-align: center; font: bold 11px\/20px 'Helvetica Neue',Helvetica,sans-serif; color: #ffffff; background: #bd081c no-repeat scroll 3px 50% \/ 14px 14px; position: absolute; opacity: 1; z-index: 8675309; display: none; cursor: pointer;\">Guardar<\/span><\/p>\n","protected":false},"excerpt":{"rendered":"<p>Entre las metodolog\u00edas relacionadas con la Biolog\u00eda y la Biomedicina, las dirigidas al an\u00e1lisis de diferentes aspectos de las prote\u00ednas han adquirido un papel clave para la posterior comprensi\u00f3n de los diferentes fen\u00f3menos biol\u00f3gicos y sus alteraciones. Esta asignatura tiene como objetivo, en el marco del an\u00e1lisis de mol\u00e9culas biol\u00f3gicas, el que los alumnos se [&hellip;]<\/p>\n","protected":false},"author":52,"featured_media":0,"parent":0,"menu_order":0,"comment_status":"closed","ping_status":"closed","template":"","meta":{"footnotes":""},"class_list":["post-114","page","type-page","status-publish","hentry"],"_links":{"self":[{"href":"https:\/\/grupos.unileon.es\/masterbiologia\/wp-json\/wp\/v2\/pages\/114","targetHints":{"allow":["GET"]}}],"collection":[{"href":"https:\/\/grupos.unileon.es\/masterbiologia\/wp-json\/wp\/v2\/pages"}],"about":[{"href":"https:\/\/grupos.unileon.es\/masterbiologia\/wp-json\/wp\/v2\/types\/page"}],"author":[{"embeddable":true,"href":"https:\/\/grupos.unileon.es\/masterbiologia\/wp-json\/wp\/v2\/users\/52"}],"replies":[{"embeddable":true,"href":"https:\/\/grupos.unileon.es\/masterbiologia\/wp-json\/wp\/v2\/comments?post=114"}],"version-history":[{"count":3,"href":"https:\/\/grupos.unileon.es\/masterbiologia\/wp-json\/wp\/v2\/pages\/114\/revisions"}],"predecessor-version":[{"id":314,"href":"https:\/\/grupos.unileon.es\/masterbiologia\/wp-json\/wp\/v2\/pages\/114\/revisions\/314"}],"wp:attachment":[{"href":"https:\/\/grupos.unileon.es\/masterbiologia\/wp-json\/wp\/v2\/media?parent=114"}],"curies":[{"name":"wp","href":"https:\/\/api.w.org\/{rel}","templated":true}]}}